{"id":10027,"date":"2015-10-12T13:19:25","date_gmt":"2015-10-12T18:19:25","guid":{"rendered":"http:\/\/portal.compraspublicas.gob.ec\/sercop\/?page_id=10027"},"modified":"2015-10-14T09:07:25","modified_gmt":"2015-10-14T14:07:25","slug":"ganadores-resultantes-de-este-proceso","status":"publish","type":"page","link":"https:\/\/portal.compraspublicas.gob.ec\/sercop\/ganadores-resultantes-de-este-proceso\/","title":{"rendered":"Ganadores resultantes de este proceso"},"content":{"rendered":"<p style=\"text-align: center;\"><strong>SERVICIO NACIONAL DE CONTRATACI\u00d3N P\u00daBLICA<\/strong><\/p>\n<p style=\"text-align: center;\"><strong>CONCURSO DE M\u00c9RITOS Y OPOSICI\u00d3N<\/strong><\/p>\n<p><strong>\u00a0<\/strong><\/p>\n<p><strong>La Direcci\u00f3n Nacional de Talento Humano del Servicio Nacional de Contrataci\u00f3n P\u00fablica- SERCOP tiene el agrado de comunicar que ha finalizado el Concurso de M\u00e9ritos y Oposici\u00f3n; mismo que se lo ha realizado en la PLATAFORMA DE SOCIO EMPLEO del MINISTERIO DE TRABAJO<\/strong><strong>.<\/strong><\/p>\n<p><strong>\u00a0<\/strong><\/p>\n<p>Se pone en conocimiento de los servidores del SERCOP y del p\u00fablico en general los ganadores resultantes de este proceso.<\/p>\n<p><a href=\"http:\/\/portal.compraspublicas.gob.ec\/sercop\/wp-content\/uploads\/2015\/10\/1.jpg\"><img loading=\"lazy\" class=\"alignnone wp-image-10025 size-large\" src=\"http:\/\/portal.compraspublicas.gob.ec\/sercop\/wp-content\/uploads\/2015\/10\/1-526x1024.jpg\" alt=\"Ganadores con curso\" width=\"526\" height=\"1024\" srcset=\"https:\/\/portal.compraspublicas.gob.ec\/sercop\/wp-content\/uploads\/2015\/10\/1-526x1024.jpg 526w, https:\/\/portal.compraspublicas.gob.ec\/sercop\/wp-content\/uploads\/2015\/10\/1-154x300.jpg 154w, https:\/\/portal.compraspublicas.gob.ec\/sercop\/wp-content\/uploads\/2015\/10\/1.jpg 708w\" sizes=\"(max-width: 526px) 100vw, 526px\" \/><\/a><\/p>\n<p>De igual manera se pone en conocimiento los puestos declarados desiertos los mismos que ser\u00e1n planificados en una nueva convocatoria en el per\u00edodo 2016.<\/p>\n<p><a href=\"http:\/\/portal.compraspublicas.gob.ec\/sercop\/wp-content\/uploads\/2015\/10\/2.jpg\"><img loading=\"lazy\" class=\"alignnone wp-image-10026 \" src=\"http:\/\/portal.compraspublicas.gob.ec\/sercop\/wp-content\/uploads\/2015\/10\/2.jpg\" alt=\"Ganadores  con curso\" width=\"552\" height=\"420\" \/><\/a><\/p>\n<p>La Direcci\u00f3n de Administraci\u00f3n de Recursos Humanos les da la m\u00e1s cordial BIENVENIDA y les desea los mayores \u00e9xitos en esta Gran Instituci\u00f3n.<\/p>\n<p><strong>\u00a0<\/strong><\/p>\n<p><strong>Atentamente;<\/strong><\/p>\n<p><strong>DIRECCI\u00d3N DE ADMINISTRACI\u00d3N DE RECURSOS HUMANOS<\/strong><\/p>\n<p><strong>SERVICIO NACIONAL DE CONTRATACI\u00d3N P\u00daBLICA<\/strong><\/p>\n<p><strong>\u00a0<\/strong><\/p>\n<p>&nbsp;<\/p>\n","protected":false},"excerpt":{"rendered":"<p class=\"excerpt\">SERVICIO NACIONAL DE CONTRATACI\u00d3N P\u00daBLICA CONCURSO DE M\u00c9RITOS Y OPOSICI\u00d3N \u00a0 La Direcci\u00f3n Nacional de Talento Humano del Servicio Nacional de Contrataci\u00f3n P\u00fablica- SERCOP tiene el agrado de comunicar que ha finalizado el Concurso de M\u00e9ritos y Oposici\u00f3n; mismo que se lo ha realizado en la PLATAFORMA DE SOCIO EMPLEO del MINISTERIO DE TRABAJO. \u00a0 Se pone en conocimiento de&hellip; <a href=\"https:\/\/portal.compraspublicas.gob.ec\/sercop\/ganadores-resultantes-de-este-proceso\/\">Read more &rarr;<\/a><\/p>\n","protected":false},"author":1,"featured_media":0,"parent":0,"menu_order":0,"comment_status":"closed","ping_status":"closed","template":"meritos.php","meta":[],"_links":{"self":[{"href":"https:\/\/portal.compraspublicas.gob.ec\/sercop\/wp-json\/wp\/v2\/pages\/10027"}],"collection":[{"href":"https:\/\/portal.compraspublicas.gob.ec\/sercop\/wp-json\/wp\/v2\/pages"}],"about":[{"href":"https:\/\/portal.compraspublicas.gob.ec\/sercop\/wp-json\/wp\/v2\/types\/page"}],"author":[{"embeddable":true,"href":"https:\/\/portal.compraspublicas.gob.ec\/sercop\/wp-json\/wp\/v2\/users\/1"}],"replies":[{"embeddable":true,"href":"https:\/\/portal.compraspublicas.gob.ec\/sercop\/wp-json\/wp\/v2\/comments?post=10027"}],"version-history":[{"count":0,"href":"https:\/\/portal.compraspublicas.gob.ec\/sercop\/wp-json\/wp\/v2\/pages\/10027\/revisions"}],"wp:attachment":[{"href":"https:\/\/portal.compraspublicas.gob.ec\/sercop\/wp-json\/wp\/v2\/media?parent=10027"}],"curies":[{"name":"wp","href":"https:\/\/api.w.org\/{rel}","templated":true}]}}