{"id":10041,"date":"2015-10-13T11:54:32","date_gmt":"2015-10-13T16:54:32","guid":{"rendered":"http:\/\/portal.compraspublicas.gob.ec\/sercop\/?page_id=10041"},"modified":"2024-11-28T12:45:14","modified_gmt":"2024-11-28T17:45:14","slug":"consejos-consultivos-nacionales","status":"publish","type":"page","link":"https:\/\/portal.compraspublicas.gob.ec\/sercop\/consejos-consultivos-nacionales\/","title":{"rendered":"Consejos Consultivos Sectoriales"},"content":{"rendered":"<h3><strong><a style=\"display:flex\"><img loading=\"lazy\" class=\"aligncenter size-full wp-image-14375\" src=\"https:\/\/portal.compraspublicas.gob.ec\/sercop\/wp-content\/uploads\/2015\/10\/DSC07868-e1467125554673.jpg\" alt=\"DSC07868\" width=\"577\" height=\"384\" \/><\/a><\/strong><\/h3>\n<p style=\"text-align: justify;\">Estos espacios de di\u00e1logo y participaci\u00f3n ciudadana congregaron\u00a0desde 2015 a Septiembre 2018 a 3.833 personas representantes de sectores productivos espec\u00edficos. Durante ese tiempo se realizaron 72 Consejos Consultivos Sectoriales en:<\/p>\n<ul style=\"text-align: justify;\">\n<li>Peque\u00f1a y Mediana Empresa, Artesanos y Econom\u00eda Popular y Solidaria<\/li>\n<li>Universidades<\/li>\n<li>Igualdades<\/li>\n<li>Alimentos<\/li>\n<li>Software Libre<\/li>\n<li>Entidades Contratantes<\/li>\n<li>Medicamentos (empresas farmac\u00e9uticas, organizaciones sociales vinculadas a temas de derechos y salud, Comit\u00e9s de Usuarios de la Salud del Ministerio de Salud P\u00fablica, Sindica de Obreros y Obreras de los Centros y Subcentros de Salud de Pichincha)<\/li>\n<li>Industria Metalmec\u00e1nica<\/li>\n<li>Industria Textil<\/li>\n<li>Importadores<\/li>\n<li>Calzado<\/li>\n<li>Alimentaci\u00f3n Escolar<\/li>\n<\/ul>\n<p style=\"text-align: justify;\"><strong>Principales temas tratados:<\/strong><\/p>\n<ul style=\"text-align: justify;\">\n<li>\u00bfQu\u00e9 son los Consejos Consultivos?<\/li>\n<li>Servicios y herramientas para potenciar la contrataci\u00f3n p\u00fablica.<\/li>\n<li>Cat\u00e1logos Din\u00e1micos Inclusivos.<\/li>\n<li>Valor Agregado Ecuatoriano (VAE).<\/li>\n<li>Estrategias para mejorar el Sistema Nacional de Contrataci\u00f3n P\u00fablica.<\/li>\n<\/ul>\n<p style=\"text-align: justify;\">\n","protected":false},"excerpt":{"rendered":"<p class=\"excerpt\">Estos espacios de di\u00e1logo y participaci\u00f3n ciudadana congregaron\u00a0desde 2015 a Septiembre 2018 a 3.833 personas representantes de sectores productivos espec\u00edficos. Durante ese tiempo se realizaron 72 Consejos Consultivos Sectoriales en: Peque\u00f1a y Mediana Empresa, Artesanos y Econom\u00eda Popular y Solidaria Universidades Igualdades Alimentos Software Libre Entidades Contratantes Medicamentos (empresas farmac\u00e9uticas, organizaciones sociales vinculadas a temas de derechos y salud, Comit\u00e9s&hellip; <a href=\"https:\/\/portal.compraspublicas.gob.ec\/sercop\/consejos-consultivos-nacionales\/\">Read more &rarr;<\/a><\/p>\n","protected":false},"author":1,"featured_media":0,"parent":0,"menu_order":0,"comment_status":"closed","ping_status":"closed","template":"menugenerico.php","meta":[],"_links":{"self":[{"href":"https:\/\/portal.compraspublicas.gob.ec\/sercop\/wp-json\/wp\/v2\/pages\/10041"}],"collection":[{"href":"https:\/\/portal.compraspublicas.gob.ec\/sercop\/wp-json\/wp\/v2\/pages"}],"about":[{"href":"https:\/\/portal.compraspublicas.gob.ec\/sercop\/wp-json\/wp\/v2\/types\/page"}],"author":[{"embeddable":true,"href":"https:\/\/portal.compraspublicas.gob.ec\/sercop\/wp-json\/wp\/v2\/users\/1"}],"replies":[{"embeddable":true,"href":"https:\/\/portal.compraspublicas.gob.ec\/sercop\/wp-json\/wp\/v2\/comments?post=10041"}],"version-history":[{"count":9,"href":"https:\/\/portal.compraspublicas.gob.ec\/sercop\/wp-json\/wp\/v2\/pages\/10041\/revisions"}],"predecessor-version":[{"id":60367,"href":"https:\/\/portal.compraspublicas.gob.ec\/sercop\/wp-json\/wp\/v2\/pages\/10041\/revisions\/60367"}],"wp:attachment":[{"href":"https:\/\/portal.compraspublicas.gob.ec\/sercop\/wp-json\/wp\/v2\/media?parent=10041"}],"curies":[{"name":"wp","href":"https:\/\/api.w.org\/{rel}","templated":true}]}}