{"id":10043,"date":"2015-10-13T11:59:05","date_gmt":"2015-10-13T16:59:05","guid":{"rendered":"http:\/\/portal.compraspublicas.gob.ec\/sercop\/?page_id=10043"},"modified":"2024-11-28T12:45:28","modified_gmt":"2024-11-28T17:45:28","slug":"consejos-consultivos-nacionales-2","status":"publish","type":"page","link":"https:\/\/portal.compraspublicas.gob.ec\/sercop\/consejos-consultivos-nacionales-2\/","title":{"rendered":"Consejos Consultivos Territoriales"},"content":{"rendered":"<p><a style=\"display:flex\"><img loading=\"lazy\" class=\"aligncenter size-full wp-image-14377\" src=\"https:\/\/portal.compraspublicas.gob.ec\/sercop\/wp-content\/uploads\/2015\/10\/DSC02220-e1467126251293.jpg\" alt=\"DSC02220\" width=\"577\" height=\"350\" \/><\/a><\/p>\n<p style=\"text-align: justify;\">Est\u00e1n dirigidos a todos los proveedores del Estado, de acuerdo a su ubicaci\u00f3n geogr\u00e1fica y su \u00e1mbito productivo. Desde marzo de 2015 hasta Septiembre de 2018 se han realizado 141 encuentros\u00a0 en las provincias de, Carchi, Imbabura, Sucumb\u00edos, Napo, Orellana, Lago Agrio, Cotopaxi, Chimborazo, Pastaza, Morona Santiago, Manab\u00ed, Santo Domingo de los Ts\u00e1chilas, Santa Elena, Guayas, Bol\u00edvar, Austro, El Oro, Los R\u00edos, Esmeraldas, Loja, Zamora, Tungurahua-Ba\u00f1os de Agua Santa, Pichincha-Cayambe \u00a0con la participaci\u00f3n de 28.135 personas.<\/p>\n<h4><strong>Principales temas tratados:<\/strong><\/h4>\n<ul>\n<li>\u00bfQu\u00e9 son los Consejos Consultivos?<\/li>\n<li>Cat\u00e1logos Din\u00e1micos Inclusivos.<\/li>\n<li>\u00bfC\u00f3mo ser proveedor del Estado?<\/li>\n<li>Mecanismos de alerta, denuncias, reclamos, sugerencias y propuestas para profundizar la transparencia en la contrataci\u00f3n p\u00fablica.<\/li>\n<li>Proyecto de Liquidez para peque\u00f1os proveedores.<\/li>\n<\/ul>\n","protected":false},"excerpt":{"rendered":"<p class=\"excerpt\">Est\u00e1n dirigidos a todos los proveedores del Estado, de acuerdo a su ubicaci\u00f3n geogr\u00e1fica y su \u00e1mbito productivo. Desde marzo de 2015 hasta Septiembre de 2018 se han realizado 141 encuentros\u00a0 en las provincias de, Carchi, Imbabura, Sucumb\u00edos, Napo, Orellana, Lago Agrio, Cotopaxi, Chimborazo, Pastaza, Morona Santiago, Manab\u00ed, Santo Domingo de los Ts\u00e1chilas, Santa Elena, Guayas, Bol\u00edvar, Austro, El Oro,&hellip; <a href=\"https:\/\/portal.compraspublicas.gob.ec\/sercop\/consejos-consultivos-nacionales-2\/\">Read more &rarr;<\/a><\/p>\n","protected":false},"author":1,"featured_media":0,"parent":0,"menu_order":0,"comment_status":"closed","ping_status":"closed","template":"menugenerico.php","meta":[],"_links":{"self":[{"href":"https:\/\/portal.compraspublicas.gob.ec\/sercop\/wp-json\/wp\/v2\/pages\/10043"}],"collection":[{"href":"https:\/\/portal.compraspublicas.gob.ec\/sercop\/wp-json\/wp\/v2\/pages"}],"about":[{"href":"https:\/\/portal.compraspublicas.gob.ec\/sercop\/wp-json\/wp\/v2\/types\/page"}],"author":[{"embeddable":true,"href":"https:\/\/portal.compraspublicas.gob.ec\/sercop\/wp-json\/wp\/v2\/users\/1"}],"replies":[{"embeddable":true,"href":"https:\/\/portal.compraspublicas.gob.ec\/sercop\/wp-json\/wp\/v2\/comments?post=10043"}],"version-history":[{"count":11,"href":"https:\/\/portal.compraspublicas.gob.ec\/sercop\/wp-json\/wp\/v2\/pages\/10043\/revisions"}],"predecessor-version":[{"id":60368,"href":"https:\/\/portal.compraspublicas.gob.ec\/sercop\/wp-json\/wp\/v2\/pages\/10043\/revisions\/60368"}],"wp:attachment":[{"href":"https:\/\/portal.compraspublicas.gob.ec\/sercop\/wp-json\/wp\/v2\/media?parent=10043"}],"curies":[{"name":"wp","href":"https:\/\/api.w.org\/{rel}","templated":true}]}}