{"id":10046,"date":"2015-10-13T12:21:46","date_gmt":"2015-10-13T17:21:46","guid":{"rendered":"http:\/\/portal.compraspublicas.gob.ec\/sercop\/?page_id=10046"},"modified":"2018-10-10T14:38:42","modified_gmt":"2018-10-10T19:38:42","slug":"resultados","status":"publish","type":"page","link":"https:\/\/portal.compraspublicas.gob.ec\/sercop\/resultados\/","title":{"rendered":"Resultados"},"content":{"rendered":"<p>Desde marzo de 2015 a Septiembre de 2018, el Servicio Nacional de Contrataci\u00f3n P\u00fablica ejecuta Consejos Consultivos a trav\u00e9s de la Direcci\u00f3n de Control Participativo y con la activaci\u00f3n permanente de las siete Coordinaciones Zonales. Con gran satisfacci\u00f3n presentamos los siguientes resultados:<\/p>\n<p>&nbsp;<\/p>\n<p>&nbsp;<\/p>\n<table style=\"height: 242px;\" border=\"1\" width=\"767\" cellspacing=\"0\" cellpadding=\"0\">\n<tbody>\n<tr>\n<td rowspan=\"2\" valign=\"top\" bgcolor=\"#1070B5\" width=\"113\">\n<p align=\"center\"><span style=\"color: #000000;\"><b>CONSEJOS CONSULTIVOS REALIZADOS<\/b><\/span><\/p>\n<\/td>\n<td colspan=\"5\" valign=\"top\" bgcolor=\"#1070B5\" width=\"376\">\n<p style=\"text-align: center;\" align=\"center\"><span style=\"color: #000000;\"><strong>A\u00d1OS<\/strong><\/span><\/p>\n<\/td>\n<td rowspan=\"2\" valign=\"top\" bgcolor=\"#1070B5\" width=\"105\">\n<p align=\"center\"><span style=\"color: #000000;\"><b>TOTAL PARTICIPANTES<\/b><\/span><\/p>\n<\/td>\n<\/tr>\n<tr>\n<td valign=\"top\" bgcolor=\"#1070B5\" width=\"90\">\n<p style=\"text-align: center;\" align=\"center\"><span style=\"color: #ffffff;\"><b>2015<\/b><\/span><\/p>\n<\/td>\n<td valign=\"top\" bgcolor=\"#1070B5\" width=\"102\">\n<p style=\"text-align: center;\" align=\"center\"><span style=\"color: #ffffff;\"><b>2016<\/b><\/span><\/p>\n<\/td>\n<td valign=\"top\" bgcolor=\"#1070B5\" width=\"109\">\n<p style=\"text-align: center;\" align=\"center\"><span style=\"color: #ffffff;\"><b><span id=\"OBJ_PREFIX_DWT1892_com_zimbra_date\" class=\"Object\">2017<\/span><\/b><\/span><\/p>\n<\/td>\n<td valign=\"top\" bgcolor=\"#1070B5\" width=\"75\">\n<p style=\"text-align: center;\" align=\"center\"><span style=\"color: #ffffff;\"><b>A Septiembre 2018<\/b><\/span><\/p>\n<\/td>\n<td valign=\"top\" bgcolor=\"#1070B5\" width=\"75\">\n<p style=\"text-align: center;\" align=\"center\"><span style=\"color: #ffffff;\"><b>TOTAL<\/b><\/span><\/p>\n<\/td>\n<\/tr>\n<tr>\n<td valign=\"top\" width=\"113\">TERRITORIALES<\/td>\n<td valign=\"top\" width=\"90\">\n<p style=\"text-align: center;\" align=\"center\">48<\/p>\n<\/td>\n<td valign=\"top\" width=\"102\">\n<p style=\"text-align: center;\" align=\"center\">32<\/p>\n<\/td>\n<td valign=\"top\" width=\"109\">\n<p style=\"text-align: center;\" align=\"center\">37<\/p>\n<\/td>\n<td valign=\"top\" width=\"75\">\n<p style=\"text-align: center;\" align=\"center\">24<\/p>\n<\/td>\n<td valign=\"top\" width=\"75\">\n<p style=\"text-align: center;\" align=\"center\">141<\/p>\n<\/td>\n<td valign=\"top\" width=\"105\">\n<p style=\"text-align: center;\"><span lang=\"ES\">28.135<\/span><\/p>\n<\/td>\n<\/tr>\n<tr>\n<td valign=\"top\" width=\"113\">SECTORIALES<\/td>\n<td valign=\"top\" width=\"90\">\n<p style=\"text-align: center;\" align=\"center\">16<\/p>\n<\/td>\n<td valign=\"top\" width=\"102\">\n<p style=\"text-align: center;\" align=\"center\">22<\/p>\n<\/td>\n<td valign=\"top\" width=\"109\">\n<p style=\"text-align: center;\" align=\"center\">32<\/p>\n<\/td>\n<td valign=\"top\" width=\"75\">\n<p style=\"text-align: center;\" align=\"center\">02<\/p>\n<\/td>\n<td valign=\"top\" width=\"75\">\n<p style=\"text-align: center;\" align=\"center\">72<\/p>\n<\/td>\n<td valign=\"top\" width=\"105\">\n<p style=\"text-align: center;\">3.833<\/p>\n<\/td>\n<\/tr>\n<tr bgcolor=\"#1B97C4\">\n<td valign=\"top\" width=\"113\"><b>TOTALES<\/b><\/td>\n<td valign=\"top\" width=\"90\">\n<p style=\"text-align: center;\" align=\"center\"><b>64<\/b><\/p>\n<\/td>\n<td valign=\"top\" width=\"102\">\n<p style=\"text-align: center;\" align=\"center\"><b>54<\/b><\/p>\n<\/td>\n<td valign=\"top\" width=\"109\">\n<p style=\"text-align: center;\" align=\"center\"><b>69<\/b><\/p>\n<\/td>\n<td valign=\"top\" width=\"75\">\n<p style=\"text-align: center;\" align=\"center\"><b>26<\/b><\/p>\n<\/td>\n<td valign=\"top\" width=\"75\">\n<p style=\"text-align: center;\" align=\"center\"><b>213<\/b><\/p>\n<\/td>\n<td valign=\"bottom\" width=\"105\">\n<p style=\"text-align: center;\"><strong><b><span lang=\"ES\">31.968<\/span><\/b><\/strong><\/p>\n<\/td>\n<\/tr>\n<\/tbody>\n<\/table>\n<p>&nbsp;<\/p>\n<p>Desde el 2015 hasta Septiembre 2018 se realizaron\u00a0<strong>213<\/strong><strong> Consejos Consultivos<\/strong>, con\u00a0<strong>31.968 <\/strong><strong>participantes<\/strong> entre los que constan\u00a0 entidades contratantes y proveedores del Estado: emprendedores de la Econom\u00eda\u00a0 Popular y Solidaria, micro, peque\u00f1a y mediana empresa, artesanos, y, dem\u00e1s actores involucrados en la contrataci\u00f3n p\u00fablica.<\/p>\n<p>&nbsp;<\/p>\n<p style=\"text-align: justify;\">Existen provincias en las cuales los proveedores del Estado, organizaciones productivas, sociales participaron en los Consejos Consultivos en m\u00e1s de una ocasi\u00f3n. La valiosa participaci\u00f3n ciudadana y sus propuestas, le permitieron al SERCOP mejorar los servicios institucionales, implementar correctivos para eliminar barreras de acceso y profundizar la transparencia de la contrataci\u00f3n p\u00fablica.<\/p>\n<p style=\"text-align: justify;\">A continuaci\u00f3n se detallan los logros:<\/p>\n<p>&nbsp;<\/p>\n<p><img loading=\"lazy\" class=\"aligncenter wp-image-14283 size-full\" src=\"https:\/\/portal.compraspublicas.gob.ec\/sercop\/wp-content\/uploads\/2015\/10\/consejos.png\" alt=\"consejos\" width=\"1132\" height=\"1076\" srcset=\"https:\/\/portal.compraspublicas.gob.ec\/sercop\/wp-content\/uploads\/2015\/10\/consejos.png 1132w, https:\/\/portal.compraspublicas.gob.ec\/sercop\/wp-content\/uploads\/2015\/10\/consejos-300x285.png 300w, https:\/\/portal.compraspublicas.gob.ec\/sercop\/wp-content\/uploads\/2015\/10\/consejos-1024x973.png 1024w\" sizes=\"(max-width: 1132px) 100vw, 1132px\" \/><\/p>\n<p>&nbsp;<\/p>\n<p><a href=\"https:\/\/portal.compraspublicas.gob.ec\/sercop\/wp-content\/uploads\/downloads\/2015\/08\/Manual-de-Buenas-Pr%C3%A1cticas-en-la-Contrataci%C3%B3n-P%C3%BAblica-versi%C3%B3n-1.pdf\"><img loading=\"lazy\" class=\"aligncenter size-full wp-image-14294\" src=\"https:\/\/portal.compraspublicas.gob.ec\/sercop\/wp-content\/uploads\/2015\/10\/banner_manual_sercop_junio1.jpg\" alt=\"banner_manual_sercop_junio\" width=\"2463\" height=\"196\" srcset=\"https:\/\/portal.compraspublicas.gob.ec\/sercop\/wp-content\/uploads\/2015\/10\/banner_manual_sercop_junio1.jpg 2463w, https:\/\/portal.compraspublicas.gob.ec\/sercop\/wp-content\/uploads\/2015\/10\/banner_manual_sercop_junio1-300x24.jpg 300w, https:\/\/portal.compraspublicas.gob.ec\/sercop\/wp-content\/uploads\/2015\/10\/banner_manual_sercop_junio1-1024x81.jpg 1024w\" sizes=\"(max-width: 2463px) 100vw, 2463px\" \/><\/a><\/p>\n<p><a href=\"https:\/\/portal.compraspublicas.gob.ec\/sercop\/realza-tu-denuncia-ciudadana\/\"><img loading=\"lazy\" class=\"aligncenter wp-image-14290 size-full\" src=\"https:\/\/portal.compraspublicas.gob.ec\/sercop\/wp-content\/uploads\/2015\/10\/banner_formulario_sercop_junio.jpg\" alt=\"Formulario Electr\u00f3nico para receptar alertas de malas pr\u00e1cticas de la contrataci\u00f3n p\u00fablica\" width=\"2463\" height=\"196\" srcset=\"https:\/\/portal.compraspublicas.gob.ec\/sercop\/wp-content\/uploads\/2015\/10\/banner_formulario_sercop_junio.jpg 2463w, https:\/\/portal.compraspublicas.gob.ec\/sercop\/wp-content\/uploads\/2015\/10\/banner_formulario_sercop_junio-300x24.jpg 300w, https:\/\/portal.compraspublicas.gob.ec\/sercop\/wp-content\/uploads\/2015\/10\/banner_formulario_sercop_junio-1024x81.jpg 1024w\" sizes=\"(max-width: 2463px) 100vw, 2463px\" \/><\/a><\/p>\n","protected":false},"excerpt":{"rendered":"<p class=\"excerpt\">Desde marzo de 2015 a Septiembre de 2018, el Servicio Nacional de Contrataci\u00f3n P\u00fablica ejecuta Consejos Consultivos a trav\u00e9s de la Direcci\u00f3n de Control Participativo y con la activaci\u00f3n permanente de las siete Coordinaciones Zonales. Con gran satisfacci\u00f3n presentamos los siguientes resultados: &nbsp; &nbsp; CONSEJOS CONSULTIVOS REALIZADOS A\u00d1OS TOTAL PARTICIPANTES 2015 2016 2017 A Septiembre 2018 TOTAL TERRITORIALES 48 32&hellip; <a href=\"https:\/\/portal.compraspublicas.gob.ec\/sercop\/resultados\/\">Read more &rarr;<\/a><\/p>\n","protected":false},"author":1,"featured_media":0,"parent":0,"menu_order":0,"comment_status":"closed","ping_status":"closed","template":"menugenerico.php","meta":[],"_links":{"self":[{"href":"https:\/\/portal.compraspublicas.gob.ec\/sercop\/wp-json\/wp\/v2\/pages\/10046"}],"collection":[{"href":"https:\/\/portal.compraspublicas.gob.ec\/sercop\/wp-json\/wp\/v2\/pages"}],"about":[{"href":"https:\/\/portal.compraspublicas.gob.ec\/sercop\/wp-json\/wp\/v2\/types\/page"}],"author":[{"embeddable":true,"href":"https:\/\/portal.compraspublicas.gob.ec\/sercop\/wp-json\/wp\/v2\/users\/1"}],"replies":[{"embeddable":true,"href":"https:\/\/portal.compraspublicas.gob.ec\/sercop\/wp-json\/wp\/v2\/comments?post=10046"}],"version-history":[{"count":18,"href":"https:\/\/portal.compraspublicas.gob.ec\/sercop\/wp-json\/wp\/v2\/pages\/10046\/revisions"}],"predecessor-version":[{"id":34621,"href":"https:\/\/portal.compraspublicas.gob.ec\/sercop\/wp-json\/wp\/v2\/pages\/10046\/revisions\/34621"}],"wp:attachment":[{"href":"https:\/\/portal.compraspublicas.gob.ec\/sercop\/wp-json\/wp\/v2\/media?parent=10046"}],"curies":[{"name":"wp","href":"https:\/\/api.w.org\/{rel}","templated":true}]}}