{"id":10241,"date":"2015-10-15T12:39:53","date_gmt":"2015-10-15T17:39:53","guid":{"rendered":"http:\/\/portal.compraspublicas.gob.ec\/sercop\/?page_id=10241"},"modified":"2015-10-15T14:05:38","modified_gmt":"2015-10-15T19:05:38","slug":"puestos-declarados-desiertos","status":"publish","type":"page","link":"https:\/\/portal.compraspublicas.gob.ec\/sercop\/puestos-declarados-desiertos\/","title":{"rendered":"Puestos Declarados Desiertos"},"content":{"rendered":"<p style=\"text-align: center;\">El Servicio Nacional de Contrataci\u00f3n P\u00fablica pone en conocimiento de la ciudadan\u00eda en general los puestos declarados desiertos en las convocatorias llevadas a cabo por la Instituci\u00f3n, las mismas que ser\u00e1n reprogramadas en el per\u00edodo 2016<\/p>\n<p><a href=\"http:\/\/portal.compraspublicas.gob.ec\/sercop\/wp-content\/uploads\/2015\/10\/cargos1.png\"><img loading=\"lazy\" class=\"aligncenter wp-image-10249 size-full\" title=\"Puestos Declarados Desiertos\" src=\"http:\/\/portal.compraspublicas.gob.ec\/sercop\/wp-content\/uploads\/2015\/10\/cargos1.png\" alt=\"Puestos Declarados Desiertos\" width=\"659\" height=\"1142\" srcset=\"https:\/\/portal.compraspublicas.gob.ec\/sercop\/wp-content\/uploads\/2015\/10\/cargos1.png 659w, https:\/\/portal.compraspublicas.gob.ec\/sercop\/wp-content\/uploads\/2015\/10\/cargos1-173x300.png 173w, https:\/\/portal.compraspublicas.gob.ec\/sercop\/wp-content\/uploads\/2015\/10\/cargos1-591x1024.png 591w\" sizes=\"(max-width: 659px) 100vw, 659px\" \/><\/a><\/p>\n<p>&nbsp;<\/p>\n","protected":false},"excerpt":{"rendered":"<p class=\"excerpt\">El Servicio Nacional de Contrataci\u00f3n P\u00fablica pone en conocimiento de la ciudadan\u00eda en general los puestos declarados desiertos en las convocatorias llevadas a cabo por la Instituci\u00f3n, las mismas que ser\u00e1n reprogramadas en el per\u00edodo 2016 &nbsp; <a href=\"https:\/\/portal.compraspublicas.gob.ec\/sercop\/puestos-declarados-desiertos\/\">Read more &rarr;<\/a><\/p>\n","protected":false},"author":1,"featured_media":0,"parent":0,"menu_order":0,"comment_status":"closed","ping_status":"closed","template":"meritos.php","meta":[],"_links":{"self":[{"href":"https:\/\/portal.compraspublicas.gob.ec\/sercop\/wp-json\/wp\/v2\/pages\/10241"}],"collection":[{"href":"https:\/\/portal.compraspublicas.gob.ec\/sercop\/wp-json\/wp\/v2\/pages"}],"about":[{"href":"https:\/\/portal.compraspublicas.gob.ec\/sercop\/wp-json\/wp\/v2\/types\/page"}],"author":[{"embeddable":true,"href":"https:\/\/portal.compraspublicas.gob.ec\/sercop\/wp-json\/wp\/v2\/users\/1"}],"replies":[{"embeddable":true,"href":"https:\/\/portal.compraspublicas.gob.ec\/sercop\/wp-json\/wp\/v2\/comments?post=10241"}],"version-history":[{"count":0,"href":"https:\/\/portal.compraspublicas.gob.ec\/sercop\/wp-json\/wp\/v2\/pages\/10241\/revisions"}],"wp:attachment":[{"href":"https:\/\/portal.compraspublicas.gob.ec\/sercop\/wp-json\/wp\/v2\/media?parent=10241"}],"curies":[{"name":"wp","href":"https:\/\/api.w.org\/{rel}","templated":true}]}}