{"id":10395,"date":"2015-10-30T16:38:48","date_gmt":"2015-10-30T21:38:48","guid":{"rendered":"http:\/\/portal.compraspublicas.gob.ec\/sercop\/?page_id=10395"},"modified":"2015-11-09T08:22:15","modified_gmt":"2015-11-09T13:22:15","slug":"cronograma-evaluaciones-tecnicas-y-psicometricas-3","status":"publish","type":"page","link":"https:\/\/portal.compraspublicas.gob.ec\/sercop\/cronograma-evaluaciones-tecnicas-y-psicometricas-3\/","title":{"rendered":"Cronograma Evaluaci\u00f3nes T\u00e9cnicas y Psicom\u00e9tricas"},"content":{"rendered":"<h3 style=\"text-align: center;\"><a>3ra. Convocatoria<\/a><\/h3>\n<h3 style=\"text-align: center;\">Cronograma Evaluaci\u00f3nes T\u00e9cnicas y Psicom\u00e9tricas<\/h3>\n<p>&nbsp;<\/p>\n<p><em><span style=\"color: #0000ff;\"><a style=\"color: #0000ff;\" href=\"http:\/\/portal.compraspublicas.gob.ec\/sercop\/wp-content\/uploads\/2015\/10\/analista-administrativo-2.pdf\">Analista administrativo 2<\/a><\/span><\/em><\/p>\n<p><em><span style=\"color: #0000ff;\"><a style=\"color: #0000ff;\" href=\"http:\/\/portal.compraspublicas.gob.ec\/sercop\/wp-content\/uploads\/2015\/10\/analista-de-asesoria-juridica-2.pdf\">Analista de asesor\u00eda jur\u00eddica 2<\/a><\/span><\/em><\/p>\n<p><em><span style=\"color: #0000ff;\"><a style=\"color: #0000ff;\" href=\"http:\/\/portal.compraspublicas.gob.ec\/sercop\/wp-content\/uploads\/2015\/10\/analista-de-atencion-al-usuario-2.pdf\">Analista de atenci\u00f3n al usuario 2<\/a><\/span><\/em><\/p>\n<p><em><span style=\"color: #0000ff;\"><a style=\"color: #0000ff;\" href=\"http:\/\/portal.compraspublicas.gob.ec\/sercop\/wp-content\/uploads\/2015\/10\/analista-de-capacitacion-2.pdf\">Analista de capacitaci\u00f3n 2<\/a><\/span><\/em><\/p>\n<p><span style=\"color: #0000ff;\"><em><a style=\"color: #0000ff;\" href=\"http:\/\/portal.compraspublicas.gob.ec\/sercop\/wp-content\/uploads\/2015\/10\/analista-de-catalogo-electronico.pdf\">Analista de cat\u00e1logo electr\u00f3nico<\/a><\/em><\/span><\/p>\n<p><em><span style=\"color: #0000ff;\"><a style=\"color: #0000ff;\" href=\"http:\/\/portal.compraspublicas.gob.ec\/sercop\/wp-content\/uploads\/2015\/10\/analista-de-desarrollo-2.pdf\">Analista de desarrollo 2<\/a><\/span><\/em><\/p>\n<p><em><span style=\"color: #0000ff;\"><a style=\"color: #0000ff;\" href=\"http:\/\/portal.compraspublicas.gob.ec\/sercop\/wp-content\/uploads\/2015\/10\/analista-de-e-learning.pdf\">Analista de e-learning<\/a><\/span><\/em><\/p>\n<p><span style=\"color: #0000ff;\"><em><a style=\"color: #0000ff;\" href=\"http:\/\/portal.compraspublicas.gob.ec\/sercop\/wp-content\/uploads\/2015\/10\/analista-de-supervision-de-procedimientos-2.pdf\">Analista de supervisi\u00f3n de procedimientos 2<\/a><\/em><\/span><\/p>\n<p><em><span style=\"color: #0000ff;\"><a style=\"color: #0000ff;\" href=\"http:\/\/portal.compraspublicas.gob.ec\/sercop\/wp-content\/uploads\/2015\/11\/asistente_de_capacitacion.pdf\">Asistente de capacitaci\u00f3n<\/a><\/span><\/em><\/p>\n<p><em><span style=\"color: #0000ff;\"><a style=\"color: #0000ff;\" href=\"http:\/\/portal.compraspublicas.gob.ec\/sercop\/wp-content\/uploads\/2015\/10\/asistente-de-operaciones-de-innovacion-tecnologica.pdf\">Asistente de operaciones de innovaci\u00f3n tecnol\u00f3gica<\/a><\/span><\/em><\/p>\n<p><span style=\"color: #0000ff;\"><em><a style=\"color: #0000ff;\" href=\"http:\/\/portal.compraspublicas.gob.ec\/sercop\/wp-content\/uploads\/2015\/10\/especialista-de-catalogo-electronico.pdf\">Especialista de cat\u00e1logo electr\u00f3nico<\/a><\/em><\/span><\/p>\n<p><em><span style=\"color: #0000ff;\"><a style=\"color: #0000ff;\" href=\"http:\/\/portal.compraspublicas.gob.ec\/sercop\/wp-content\/uploads\/2015\/10\/especialista-de-certificacion.pdf\">Especialista de certificaci\u00f3n<\/a><\/span><\/em><\/p>\n<p><em><span style=\"color: #0000ff;\"><a style=\"color: #0000ff;\" href=\"http:\/\/portal.compraspublicas.gob.ec\/sercop\/wp-content\/uploads\/2015\/11\/especialista-de-e-learning.pdf\">Especialista de e- learning<\/a><\/span><\/em><\/p>\n<p><em><span style=\"color: #0000ff;\"><a style=\"color: #0000ff;\" href=\"http:\/\/portal.compraspublicas.gob.ec\/sercop\/wp-content\/uploads\/2015\/10\/especialista-de-gestion-de-servicios-informaticos.pdf\">Especialista de gesti\u00f3n de servicios inform\u00e1ticos<\/a><\/span><\/em><\/p>\n<p><span style=\"color: #0000ff;\"><em><a style=\"color: #0000ff;\" href=\"http:\/\/portal.compraspublicas.gob.ec\/sercop\/wp-content\/uploads\/2015\/10\/especialista-de-herramientas-de-la-contratacion-publica.pdf\">Especialista de herramientas de la contrataci\u00f3n p\u00fablica<\/a><\/em><\/span><\/p>\n<p><em><span style=\"color: #0000ff;\"><a style=\"color: #0000ff;\" href=\"http:\/\/portal.compraspublicas.gob.ec\/sercop\/wp-content\/uploads\/2015\/11\/especialista-de-operaciones-de-innovacion-tecnologica.pdf\">Especialista de operaciones de innovaci\u00f3n tecnol\u00f3gica<\/a><\/span><\/em><\/p>\n<p><span style=\"color: #0000ff;\"><em><a style=\"color: #0000ff;\" href=\"http:\/\/portal.compraspublicas.gob.ec\/sercop\/wp-content\/uploads\/2015\/10\/especialista-de-supervision-de-procedimientos.pdf\">Especialista de supervisi\u00f3n de procedimientos<\/a><\/em><\/span><\/p>\n<p><em><span style=\"color: #0000ff;\"><a style=\"color: #0000ff;\" href=\"http:\/\/portal.compraspublicas.gob.ec\/sercop\/wp-content\/uploads\/2015\/11\/especialista_de_desarrollo_de_soluciones.pdf\">Especialista de desarrollo de soluciones<\/a><\/span><\/em><\/p>\n<p><em><span style=\"color: #0000ff;\"><a style=\"color: #0000ff;\" href=\"http:\/\/portal.compraspublicas.gob.ec\/sercop\/wp-content\/uploads\/2015\/10\/experto-administartivo.pdf\">Experto administrativo<\/a><\/span><\/em><\/p>\n<p><em><span style=\"color: #0000ff;\"><a style=\"color: #0000ff;\" href=\"http:\/\/portal.compraspublicas.gob.ec\/sercop\/wp-content\/uploads\/2015\/10\/experto-de-administracion-de-recursos-humanos.pdf\">Experto de administraci\u00f3n de recursos humanos<\/a><\/span><\/em><\/p>\n<p><em><span style=\"color: #0000ff;\"><a style=\"color: #0000ff;\" href=\"http:\/\/portal.compraspublicas.gob.ec\/sercop\/wp-content\/uploads\/2015\/10\/experto-de-asesoria-juridica.pdf\">Experto de asesor\u00eda jur\u00eddica<\/a><\/span><\/em><\/p>\n<p><em><span style=\"color: #0000ff;\"><a style=\"color: #0000ff;\" href=\"http:\/\/portal.compraspublicas.gob.ec\/sercop\/wp-content\/uploads\/2015\/10\/experto-en-planificacion-e-inversion.pdf\">Experto en planificaci\u00f3n e inversi\u00f3n<\/a><\/span><\/em><\/p>\n<p><em><span style=\"color: #0000ff;\"><a style=\"color: #0000ff;\" href=\"http:\/\/portal.compraspublicas.gob.ec\/sercop\/wp-content\/uploads\/2015\/10\/secretaria-ejecutiva-1.pdf\">Secretaria ejecutiva 1<\/a><\/span><\/em><\/p>\n<p><em><span style=\"color: #0000ff;\"><a style=\"color: #0000ff;\" href=\"http:\/\/portal.compraspublicas.gob.ec\/sercop\/wp-content\/uploads\/2015\/10\/secretaria-ejecutiva-2.pdf\">Secretaria ejecutiva 2<\/a><\/span><\/em><\/p>\n","protected":false},"excerpt":{"rendered":"<p class=\"excerpt\">3ra. Convocatoria Cronograma Evaluaci\u00f3nes T\u00e9cnicas y Psicom\u00e9tricas &nbsp; Analista administrativo 2 Analista de asesor\u00eda jur\u00eddica 2 Analista de atenci\u00f3n al usuario 2 Analista de capacitaci\u00f3n 2 Analista de cat\u00e1logo electr\u00f3nico Analista de desarrollo 2 Analista de e-learning Analista de supervisi\u00f3n de procedimientos 2 Asistente de capacitaci\u00f3n Asistente de operaciones de innovaci\u00f3n tecnol\u00f3gica Especialista de cat\u00e1logo electr\u00f3nico Especialista de certificaci\u00f3n Especialista&hellip; <a href=\"https:\/\/portal.compraspublicas.gob.ec\/sercop\/cronograma-evaluaciones-tecnicas-y-psicometricas-3\/\">Read more &rarr;<\/a><\/p>\n","protected":false},"author":1,"featured_media":0,"parent":0,"menu_order":0,"comment_status":"closed","ping_status":"closed","template":"meritos.php","meta":[],"_links":{"self":[{"href":"https:\/\/portal.compraspublicas.gob.ec\/sercop\/wp-json\/wp\/v2\/pages\/10395"}],"collection":[{"href":"https:\/\/portal.compraspublicas.gob.ec\/sercop\/wp-json\/wp\/v2\/pages"}],"about":[{"href":"https:\/\/portal.compraspublicas.gob.ec\/sercop\/wp-json\/wp\/v2\/types\/page"}],"author":[{"embeddable":true,"href":"https:\/\/portal.compraspublicas.gob.ec\/sercop\/wp-json\/wp\/v2\/users\/1"}],"replies":[{"embeddable":true,"href":"https:\/\/portal.compraspublicas.gob.ec\/sercop\/wp-json\/wp\/v2\/comments?post=10395"}],"version-history":[{"count":0,"href":"https:\/\/portal.compraspublicas.gob.ec\/sercop\/wp-json\/wp\/v2\/pages\/10395\/revisions"}],"wp:attachment":[{"href":"https:\/\/portal.compraspublicas.gob.ec\/sercop\/wp-json\/wp\/v2\/media?parent=10395"}],"curies":[{"name":"wp","href":"https:\/\/api.w.org\/{rel}","templated":true}]}}