{"id":10750,"date":"2015-11-20T15:32:17","date_gmt":"2015-11-20T20:32:17","guid":{"rendered":"http:\/\/portal.compraspublicas.gob.ec\/sercop\/?page_id=10750"},"modified":"2015-11-20T15:50:01","modified_gmt":"2015-11-20T20:50:01","slug":"cronograma-de-entrevistas-2","status":"publish","type":"page","link":"https:\/\/portal.compraspublicas.gob.ec\/sercop\/cronograma-de-entrevistas-2\/","title":{"rendered":"Cronograma de Entrevistas"},"content":{"rendered":"<h3 style=\"text-align: center;\">Cronograma de Entrevistas<\/h3>\n<p style=\"text-align: center;\">La Direcci\u00f3n de Administraci\u00f3n de Recursos Humanos del Servicio Nacional de Contrataci\u00f3n P\u00fablica, sit\u00faa para su conocimiento el cronograma de entrevistas correspondientes a la tercera convocatoria del Concurso de M\u00e9ritos y Oposici\u00f3n. <u>CIUDAD QUITO.<\/u><\/p>\n<p style=\"text-align: center;\"><span style=\"text-decoration: underline;\"><span style=\"color: #0000ff;\">&#8211;\u00a0<a style=\"color: #0000ff; text-decoration: underline;\" href=\"http:\/\/portal.compraspublicas.gob.ec\/sercop\/wp-content\/uploads\/2015\/11\/PLANIFICACIoN_ENTREVISTAS.pdf\">Cronograma<\/a><\/span><\/span><\/p>\n<p style=\"text-align: center;\">\n","protected":false},"excerpt":{"rendered":"<p class=\"excerpt\">Cronograma de Entrevistas La Direcci\u00f3n de Administraci\u00f3n de Recursos Humanos del Servicio Nacional de Contrataci\u00f3n P\u00fablica, sit\u00faa para su conocimiento el cronograma de entrevistas correspondientes a la tercera convocatoria del Concurso de M\u00e9ritos y Oposici\u00f3n. CIUDAD QUITO. &#8211;\u00a0Cronograma <a href=\"https:\/\/portal.compraspublicas.gob.ec\/sercop\/cronograma-de-entrevistas-2\/\">Read more &rarr;<\/a><\/p>\n","protected":false},"author":1,"featured_media":0,"parent":0,"menu_order":0,"comment_status":"closed","ping_status":"closed","template":"meritos.php","meta":[],"_links":{"self":[{"href":"https:\/\/portal.compraspublicas.gob.ec\/sercop\/wp-json\/wp\/v2\/pages\/10750"}],"collection":[{"href":"https:\/\/portal.compraspublicas.gob.ec\/sercop\/wp-json\/wp\/v2\/pages"}],"about":[{"href":"https:\/\/portal.compraspublicas.gob.ec\/sercop\/wp-json\/wp\/v2\/types\/page"}],"author":[{"embeddable":true,"href":"https:\/\/portal.compraspublicas.gob.ec\/sercop\/wp-json\/wp\/v2\/users\/1"}],"replies":[{"embeddable":true,"href":"https:\/\/portal.compraspublicas.gob.ec\/sercop\/wp-json\/wp\/v2\/comments?post=10750"}],"version-history":[{"count":0,"href":"https:\/\/portal.compraspublicas.gob.ec\/sercop\/wp-json\/wp\/v2\/pages\/10750\/revisions"}],"wp:attachment":[{"href":"https:\/\/portal.compraspublicas.gob.ec\/sercop\/wp-json\/wp\/v2\/media?parent=10750"}],"curies":[{"name":"wp","href":"https:\/\/api.w.org\/{rel}","templated":true}]}}