{"id":10804,"date":"2015-11-24T16:36:45","date_gmt":"2015-11-24T21:36:45","guid":{"rendered":"http:\/\/portal.compraspublicas.gob.ec\/sercop\/?page_id=10804"},"modified":"2018-01-09T12:20:11","modified_gmt":"2018-01-09T17:20:11","slug":"preguntas-frecuentes-2","status":"publish","type":"page","link":"https:\/\/portal.compraspublicas.gob.ec\/sercop\/preguntas-frecuentes-2\/","title":{"rendered":"Preguntas frecuentes IngeniaTec"},"content":{"rendered":"<div id=\"attachment_10806\" style=\"width: 601px\" class=\"wp-caption aligncenter\"><a href=\"http:\/\/portal.compraspublicas.gob.ec\/sercop\/wp-content\/uploads\/2015\/11\/min-industrias.png\"><img aria-describedby=\"caption-attachment-10806\" loading=\"lazy\" class=\"wp-image-10806 size-full\" title=\"Preguntas frecuentes IngeniaTec\" src=\"http:\/\/portal.compraspublicas.gob.ec\/sercop\/wp-content\/uploads\/2015\/11\/min-industrias.png\" alt=\"Preguntas frecuentes IngeniaTec\" width=\"591\" height=\"366\" srcset=\"https:\/\/portal.compraspublicas.gob.ec\/sercop\/wp-content\/uploads\/2015\/11\/min-industrias.png 591w, https:\/\/portal.compraspublicas.gob.ec\/sercop\/wp-content\/uploads\/2015\/11\/min-industrias-300x186.png 300w\" sizes=\"(max-width: 591px) 100vw, 591px\" \/><\/a><p id=\"caption-attachment-10806\" class=\"wp-caption-text\">Fotograf\u00eda del MIPRO<\/p><\/div>\n<p><strong>\u00bfD\u00f3nde me puedo registrar para participar en IngeniaTEC?<\/strong><\/p>\n<p><em><strong><span style=\"color: #0000ff;\"><a style=\"color: #0000ff;\" href=\"https:\/\/docs.google.com\/forms\/d\/1-u3n20IM7LGz_zR65XwkGA9wNC4Mdb5d1AM5OvC2Ots\/viewform\">Haciendo clic aqu\u00ed<\/a><\/span><\/strong><\/em><\/p>\n<p><strong>\u00bfLuego del registro qu\u00e9 debo hacer?<\/strong><\/p>\n<p>Una vez registrado, se debe enviar la propuesta a los correos electr\u00f3nicos <em><span style=\"text-decoration: underline;\"><span style=\"color: #0000ff;\"><a style=\"color: #0000ff; text-decoration: underline;\" href=\"mailto:ingeniatec@senescyt.gob.ec\">ingeniatec@senescyt.gob.ec<\/a><\/span><\/span><\/em> e <em><span style=\"text-decoration: underline;\"><span style=\"color: #0000ff;\"><a style=\"color: #0000ff; text-decoration: underline;\" href=\"mailto:ingeniatec2015@gmail.com\">ingeniatec2015@gmail.com<\/a><\/span><\/span><\/em> hasta las fechas de cierre de recepci\u00f3n de cada uno de los cortes (ver cronograma)<\/p>\n<p><strong>\u00bfQu\u00e9 deben contener las propuestas?<\/strong><\/p>\n<p>Se debe adjuntar los siguientes documentos:<\/p>\n<p style=\"padding-left: 30px;\">-Carta firmada por la autoridad, decano, jefe de \u00e1rea o cargos similares de la entidad de educaci\u00f3n superior o instituto p\u00fablico de investigaci\u00f3n en la que se exprese la voluntad de avalar t\u00e9cnicamente el proyecto.<\/p>\n<p style=\"padding-left: 30px;\">&#8211; Resumen de la experiencia y capacidad del participante af\u00edn al concurso que pueda ser comprobable.<\/p>\n<p style=\"padding-left: 30px;\">-Perfil del proyecto, en el que debe constar: t\u00edtulo del producto a desarrollar, datos de contacto del postulante, objetivo general del proyecto, descripci\u00f3n general del prototipo (caracter\u00edsticas y normativas t\u00e9cnicas), bosquejo del producto a desarrollar (se deber\u00e1 indicar la procedencia de las partes constitutivas del mismo), una propuesta de encadenamientos productivos y un cronograma del desarrollo de actividades.<\/p>\n<p style=\"padding-left: 30px;\"><em>Expertos designados por la SENESCYT y el SERCOP emitir\u00e1n un informe con las observaciones y recomendaciones necesarias para luego notificar a los postulantes si contin\u00faan o no en el proceso.<\/em><\/p>\n<p><strong>\u00bfSi cumplo con los requisitos, cu\u00e1l es la siguiente fase?<\/strong><\/p>\n<p>Luego de la aprobaci\u00f3n del perfil del proyecto, el participante expondr\u00e1 ante representantes de SENESCYT y el SERCOP los detalles de su propuesta, el dise\u00f1o y proceso de construcci\u00f3n del prototipo.<\/p>\n<p><strong>\u00bfPuedo participar con m\u00e1s de un producto?<\/strong><\/p>\n<p>S\u00ed, un postulante puede participar con uno o m\u00e1s productos pero como proyectos independientes.<\/p>\n<p><strong>\u00bfLos productos deber\u00e1n contar con una certificaci\u00f3n?<\/strong><\/p>\n<p>No, pero deben cumplir con los par\u00e1metros de calidad exigidos para poder ser catalogados y posteriormente adquiridos por el Estado. Por ello es importante tener el aval de una instituci\u00f3n de educaci\u00f3n superior o un instituto de investigaci\u00f3n. Se tomar\u00e1n en cuenta ciertas certificaciones de calidad pero no se discriminar\u00e1 la producci\u00f3n nacional.<\/p>\n<p><strong>\u00bfQu\u00e9 pasa si dos empresas ganan el concurso con el mismo producto?<\/strong><\/p>\n<p>Es posible que m\u00e1s de dos empresas est\u00e9n interesadas en desarrollar un mismo tipo de producto. En este caso, aquella que presente las mejores condiciones t\u00e9cnicas y econ\u00f3micas para el Estado, ser\u00e1 la que gane el concurso IngeniaTEC, para proveer dicho producto.<\/p>\n<p>Con este antecedente, el SERCOP catalogar\u00e1 el producto ganador y se firmar\u00e1 un Convenio Marco, para que el Estado, a trav\u00e9s de ministerios o Gobiernos Aut\u00f3nomos Descentralizados (todas las entidades que manejan fondos p\u00fablicos) compre mediante el cat\u00e1logo electr\u00f3nico, dicho producto a la empresa ganadora; esta modalidad de adquisici\u00f3n de bienes, obras y servicios, se denomina corporativa.<\/p>\n<p>Entonces no es posible que dos empresas ganen el concurso con un mismo producto.<\/p>\n","protected":false},"excerpt":{"rendered":"<p class=\"excerpt\">\u00bfD\u00f3nde me puedo registrar para participar en IngeniaTEC? Haciendo clic aqu\u00ed \u00bfLuego del registro qu\u00e9 debo hacer? Una vez registrado, se debe enviar la propuesta a los correos electr\u00f3nicos ingeniatec@senescyt.gob.ec e ingeniatec2015@gmail.com hasta las fechas de cierre de recepci\u00f3n de cada uno de los cortes (ver cronograma) \u00bfQu\u00e9 deben contener las propuestas? Se debe adjuntar los siguientes documentos: -Carta firmada&hellip; <a href=\"https:\/\/portal.compraspublicas.gob.ec\/sercop\/preguntas-frecuentes-2\/\">Read more &rarr;<\/a><\/p>\n","protected":false},"author":1,"featured_media":0,"parent":0,"menu_order":0,"comment_status":"closed","ping_status":"closed","template":"","meta":[],"_links":{"self":[{"href":"https:\/\/portal.compraspublicas.gob.ec\/sercop\/wp-json\/wp\/v2\/pages\/10804"}],"collection":[{"href":"https:\/\/portal.compraspublicas.gob.ec\/sercop\/wp-json\/wp\/v2\/pages"}],"about":[{"href":"https:\/\/portal.compraspublicas.gob.ec\/sercop\/wp-json\/wp\/v2\/types\/page"}],"author":[{"embeddable":true,"href":"https:\/\/portal.compraspublicas.gob.ec\/sercop\/wp-json\/wp\/v2\/users\/1"}],"replies":[{"embeddable":true,"href":"https:\/\/portal.compraspublicas.gob.ec\/sercop\/wp-json\/wp\/v2\/comments?post=10804"}],"version-history":[{"count":0,"href":"https:\/\/portal.compraspublicas.gob.ec\/sercop\/wp-json\/wp\/v2\/pages\/10804\/revisions"}],"wp:attachment":[{"href":"https:\/\/portal.compraspublicas.gob.ec\/sercop\/wp-json\/wp\/v2\/media?parent=10804"}],"curies":[{"name":"wp","href":"https:\/\/api.w.org\/{rel}","templated":true}]}}