{"id":11124,"date":"2015-12-09T11:09:57","date_gmt":"2015-12-09T16:09:57","guid":{"rendered":"http:\/\/portal.compraspublicas.gob.ec\/sercop\/?page_id=11124"},"modified":"2015-12-09T11:13:35","modified_gmt":"2015-12-09T16:13:35","slug":"ganadores-resultantes-de-este-proceso-2","status":"publish","type":"page","link":"https:\/\/portal.compraspublicas.gob.ec\/sercop\/ganadores-resultantes-de-este-proceso-2\/","title":{"rendered":"Ganadores resultantes de este proceso"},"content":{"rendered":"<p style=\"text-align: center;\"><strong>SERVICIO NACIONAL DE CONTRATACI\u00d3N P\u00daBLICA<\/strong><\/p>\n<p style=\"text-align: center;\"><strong>CONCURSO DE M\u00c9RITOS Y OPOSICI\u00d3N<\/strong><\/p>\n<p style=\"text-align: center;\"><strong>\u00a0<\/strong><\/p>\n<p style=\"text-align: center;\"><strong>La Direcci\u00f3n Nacional de Talento Humano del Servicio Nacional de Contrataci\u00f3n P\u00fablica- SERCOP tiene el agrado de comunicar que ha finalizado el Concurso de M\u00e9ritos y Oposici\u00f3n; mismo que se lo ha realizado en la PLATAFORMA DE SOCIO EMPLEO del MINISTERIO DE TRABAJO<\/strong><strong>.<\/strong><\/p>\n<p style=\"text-align: center;\"><strong>\u00a0<\/strong><\/p>\n<p style=\"text-align: center;\">Se pone en conocimiento de los servidores del SERCOP y del p\u00fablico en general los ganadores resultantes de este proceso.<\/p>\n<p style=\"text-align: center;\"><a href=\"http:\/\/portal.compraspublicas.gob.ec\/sercop\/wp-content\/uploads\/2015\/12\/ganadores31.jpg\"><img loading=\"lazy\" class=\"aligncenter wp-image-11129 size-full\" src=\"http:\/\/portal.compraspublicas.gob.ec\/sercop\/wp-content\/uploads\/2015\/12\/ganadores31.jpg\" alt=\"\" width=\"800\" height=\"1485\" srcset=\"https:\/\/portal.compraspublicas.gob.ec\/sercop\/wp-content\/uploads\/2015\/12\/ganadores31.jpg 800w, https:\/\/portal.compraspublicas.gob.ec\/sercop\/wp-content\/uploads\/2015\/12\/ganadores31-162x300.jpg 162w, https:\/\/portal.compraspublicas.gob.ec\/sercop\/wp-content\/uploads\/2015\/12\/ganadores31-552x1024.jpg 552w\" sizes=\"(max-width: 800px) 100vw, 800px\" \/><\/a><\/p>\n<p style=\"text-align: center;\">\n<p style=\"text-align: center;\">De igual manera se pone en conocimiento los puestos declarados desiertos los mismos que ser\u00e1n planificados en<br \/>\nuna nueva convocatoria en el per\u00edodo 2016 por lo tanto las personas que ocupan dichas partidas contin\u00faan con el<br \/>\nnombramiento provisional hasta que exista ganador de concurso.<\/p>\n<p style=\"text-align: center;\"><a href=\"http:\/\/portal.compraspublicas.gob.ec\/sercop\/wp-content\/uploads\/2015\/12\/desierto1.jpg\"><img loading=\"lazy\" class=\"aligncenter wp-image-11130 size-full\" src=\"http:\/\/portal.compraspublicas.gob.ec\/sercop\/wp-content\/uploads\/2015\/12\/desierto1.jpg\" alt=\"\" width=\"818\" height=\"395\" srcset=\"https:\/\/portal.compraspublicas.gob.ec\/sercop\/wp-content\/uploads\/2015\/12\/desierto1.jpg 818w, https:\/\/portal.compraspublicas.gob.ec\/sercop\/wp-content\/uploads\/2015\/12\/desierto1-300x145.jpg 300w\" sizes=\"(max-width: 818px) 100vw, 818px\" \/><\/a><\/p>\n","protected":false},"excerpt":{"rendered":"<p class=\"excerpt\">SERVICIO NACIONAL DE CONTRATACI\u00d3N P\u00daBLICA CONCURSO DE M\u00c9RITOS Y OPOSICI\u00d3N \u00a0 La Direcci\u00f3n Nacional de Talento Humano del Servicio Nacional de Contrataci\u00f3n P\u00fablica- SERCOP tiene el agrado de comunicar que ha finalizado el Concurso de M\u00e9ritos y Oposici\u00f3n; mismo que se lo ha realizado en la PLATAFORMA DE SOCIO EMPLEO del MINISTERIO DE TRABAJO. \u00a0 Se pone en conocimiento de&hellip; <a href=\"https:\/\/portal.compraspublicas.gob.ec\/sercop\/ganadores-resultantes-de-este-proceso-2\/\">Read more &rarr;<\/a><\/p>\n","protected":false},"author":1,"featured_media":0,"parent":0,"menu_order":0,"comment_status":"closed","ping_status":"closed","template":"meritos.php","meta":[],"_links":{"self":[{"href":"https:\/\/portal.compraspublicas.gob.ec\/sercop\/wp-json\/wp\/v2\/pages\/11124"}],"collection":[{"href":"https:\/\/portal.compraspublicas.gob.ec\/sercop\/wp-json\/wp\/v2\/pages"}],"about":[{"href":"https:\/\/portal.compraspublicas.gob.ec\/sercop\/wp-json\/wp\/v2\/types\/page"}],"author":[{"embeddable":true,"href":"https:\/\/portal.compraspublicas.gob.ec\/sercop\/wp-json\/wp\/v2\/users\/1"}],"replies":[{"embeddable":true,"href":"https:\/\/portal.compraspublicas.gob.ec\/sercop\/wp-json\/wp\/v2\/comments?post=11124"}],"version-history":[{"count":0,"href":"https:\/\/portal.compraspublicas.gob.ec\/sercop\/wp-json\/wp\/v2\/pages\/11124\/revisions"}],"wp:attachment":[{"href":"https:\/\/portal.compraspublicas.gob.ec\/sercop\/wp-json\/wp\/v2\/media?parent=11124"}],"curies":[{"name":"wp","href":"https:\/\/api.w.org\/{rel}","templated":true}]}}