{"id":11133,"date":"2015-12-09T11:41:30","date_gmt":"2015-12-09T16:41:30","guid":{"rendered":"http:\/\/portal.compraspublicas.gob.ec\/sercop\/?page_id=11133"},"modified":"2015-12-09T11:58:59","modified_gmt":"2015-12-09T16:58:59","slug":"11133-2","status":"publish","type":"page","link":"https:\/\/portal.compraspublicas.gob.ec\/sercop\/11133-2\/","title":{"rendered":"Uniformes Deportivos"},"content":{"rendered":"<p><strong><a href=\"http:\/\/portal.compraspublicas.gob.ec\/sercop\/wp-content\/uploads\/2014\/11\/hilando_al_desarrollo.jpg\"><img loading=\"lazy\" class=\"aligncenter size-full wp-image-7000\" src=\"http:\/\/portal.compraspublicas.gob.ec\/sercop\/wp-content\/uploads\/2014\/11\/hilando_al_desarrollo.jpg\" alt=\"hilando_al_desarrollo\" width=\"591\" height=\"394\" srcset=\"https:\/\/portal.compraspublicas.gob.ec\/sercop\/wp-content\/uploads\/2014\/11\/hilando_al_desarrollo.jpg 591w, https:\/\/portal.compraspublicas.gob.ec\/sercop\/wp-content\/uploads\/2014\/11\/hilando_al_desarrollo-300x200.jpg 300w\" sizes=\"(max-width: 591px) 100vw, 591px\" \/><\/a><\/strong><\/p>\n<p>Con el objetivo de adquirir banderas de diferentes tipos confeccionadas por actores de la econom\u00eda popular y solidaria o artesanos textiles, se desarroll\u00f3 el Cat\u00e1logo Inclusivo de confecci\u00f3n de estos bienes. Si\u00a0 te interesa participar en el Cat\u00e1logo Inclusivo de Banderas, descarga el pliego, revisa la condiciones y solicita tu inclusi\u00f3n: <a href=\"http:\/\/portal.compraspublicas.gob.ec\/sercop\/wp-content\/uploads\/2015\/12\/OFICIO-CIRCULAR-SERCOP-CDI-2015-0020.pdf\"><em><span style=\"text-decoration: underline;\"><span style=\"color: #0000ff; text-decoration: underline;\">Pliegos Uniformes Deportivos<\/span><\/span><\/em><\/a>.<\/p>\n<h1><strong>Pasos para incluirse en el Cat\u00e1logo Inclusivo de Uniformes Deportivos<br \/>\n<\/strong><\/h1>\n<p><strong>1.<\/strong> Descarga el pliego que se encuentra de la parte superior<br \/>\n<strong>2. <\/strong>Lee y analiza el pliego detenidamente para que conozcas qu\u00e9 producto o servicio se requiere en cada categor\u00eda<br \/>\n<strong>3. <\/strong>Llena los formularios y requisitos que se solicitan en los pliegos. Recuerda que los formularios y los requisitos deben estar sumillados y numerados<br \/>\n<strong>4.<\/strong> Elabora un oficio dirigido al Econ. Santiago V\u00e1squez, Director General del SERCOP, solicitando tu incorporaci\u00f3n al Cat\u00e1logo Din\u00e1mico Inclusivo <span style=\"text-decoration: underline;\"><span style=\"color: #0000ff; text-decoration: underline;\">(<a style=\"color: #0000ff; text-decoration: underline;\" href=\"http:\/\/portal.compraspublicas.gob.ec\/sercop\/wp-content\/uploads\/2015\/12\/Oficio-Circular-SERCOP-CDI-2015-0020-UNIFORMES-DEPROTIVOS.docx\"><em>Descarga modelo de oficio<\/em>)<\/a><\/span><\/span><br \/>\n<strong>5.<\/strong> Entrega los documentos en un sobre cerrado en la ventanilla del SERCOP m\u00e1s cercana.<span style=\"text-decoration: underline;\"><span style=\"color: #0000ff; text-decoration: underline;\"> <em><a style=\"color: #0000ff; text-decoration: underline;\" title=\"Conoce d\u00f3nde estamos ubicados\" href=\"http:\/\/portal.compraspublicas.gob.ec\/sercop\/contacto\/\" target=\"_blank\">Conoce d\u00f3nde estamos ubicados<\/a><\/em><\/span><\/span><\/p>\n","protected":false},"excerpt":{"rendered":"<p class=\"excerpt\">Con el objetivo de adquirir banderas de diferentes tipos confeccionadas por actores de la econom\u00eda popular y solidaria o artesanos textiles, se desarroll\u00f3 el Cat\u00e1logo Inclusivo de confecci\u00f3n de estos bienes. Si\u00a0 te interesa participar en el Cat\u00e1logo Inclusivo de Banderas, descarga el pliego, revisa la condiciones y solicita tu inclusi\u00f3n: Pliegos Uniformes Deportivos. Pasos para incluirse en el Cat\u00e1logo&hellip; <a href=\"https:\/\/portal.compraspublicas.gob.ec\/sercop\/11133-2\/\">Read more &rarr;<\/a><\/p>\n","protected":false},"author":1,"featured_media":0,"parent":0,"menu_order":0,"comment_status":"closed","ping_status":"closed","template":"catalogo.php","meta":[],"_links":{"self":[{"href":"https:\/\/portal.compraspublicas.gob.ec\/sercop\/wp-json\/wp\/v2\/pages\/11133"}],"collection":[{"href":"https:\/\/portal.compraspublicas.gob.ec\/sercop\/wp-json\/wp\/v2\/pages"}],"about":[{"href":"https:\/\/portal.compraspublicas.gob.ec\/sercop\/wp-json\/wp\/v2\/types\/page"}],"author":[{"embeddable":true,"href":"https:\/\/portal.compraspublicas.gob.ec\/sercop\/wp-json\/wp\/v2\/users\/1"}],"replies":[{"embeddable":true,"href":"https:\/\/portal.compraspublicas.gob.ec\/sercop\/wp-json\/wp\/v2\/comments?post=11133"}],"version-history":[{"count":0,"href":"https:\/\/portal.compraspublicas.gob.ec\/sercop\/wp-json\/wp\/v2\/pages\/11133\/revisions"}],"wp:attachment":[{"href":"https:\/\/portal.compraspublicas.gob.ec\/sercop\/wp-json\/wp\/v2\/media?parent=11133"}],"curies":[{"name":"wp","href":"https:\/\/api.w.org\/{rel}","templated":true}]}}