{"id":11230,"date":"2015-12-17T17:41:51","date_gmt":"2015-12-17T22:41:51","guid":{"rendered":"http:\/\/portal.compraspublicas.gob.ec\/sercop\/?page_id=11230"},"modified":"2018-07-09T12:53:55","modified_gmt":"2018-07-09T17:53:55","slug":"concursos-para-el-ano-2016","status":"publish","type":"page","link":"https:\/\/portal.compraspublicas.gob.ec\/sercop\/concursos-para-el-ano-2016\/","title":{"rendered":"Concursos para el a\u00f1o 2016"},"content":{"rendered":"<p style=\"text-align: center;\"><strong>INVITACI\u00d3N A PARTICIPAR EN LOS CONCURSOS DE M\u00c9RITOS Y OPOSICI\u00d3N<\/strong><\/p>\n<p>En cumplimiento a lo establecido en los Art\u00edculos 1 y 3 el Acuerdo Ministerial No. MRL 2014-0102, publicado en el Registro Oficial Suplemento 244, de 13 de mayo de 2014, el Servicio Nacional de Contrataci\u00f3n P\u00fablica- SERCOP invita a la ciudadan\u00eda en general, mayores de 18 a\u00f1os, que se encuentren legalmente habilitado\/as para el ingreso y desempe\u00f1o de un puesto, cargo, funci\u00f3n o dignidad en el sector p\u00fablico, a ser parte de nuestra Instituci\u00f3n, participando en los concursos de m\u00e9ritos y oposici\u00f3n que se llevar\u00e1n a cabo durante el per\u00edodo 2016, por lo que deber\u00e1n revisar peri\u00f3dicamente la informaci\u00f3n y cronogramas que ser\u00e1n publicados.<\/p>\n<p>Ninguna postulaci\u00f3n tendr\u00e1 costo alguno y el \u00fanico medio v\u00e1lido para hacerlo, es la p\u00e1gina web: <span style=\"text-decoration: underline;\"><span style=\"color: #0000ff;\"><strong><em><a style=\"color: #0000ff; text-decoration: underline;\" href=\"http:\/\/www.socioempleo.gob.ec\">www.socioempleo.gob.ec<\/a><\/em><\/strong><\/span><\/span><\/p>\n<p style=\"text-align: center;\"><strong>Partidas Presupuestarias Planificadas en concursos para el a\u00f1o 2016<\/strong><\/p>\n<p>&nbsp;<\/p>\n<p><a href=\"https:\/\/portal.compraspublicas.gob.ec\/sercop\/wp-content\/uploads\/2015\/12\/invitacion_2016.jpg\"><img loading=\"lazy\" class=\"aligncenter size-full wp-image-11231\" src=\"https:\/\/portal.compraspublicas.gob.ec\/sercop\/wp-content\/uploads\/2015\/12\/invitacion_2016.jpg\" alt=\"Iinvitaci\u00f3n 2016\" width=\"673\" height=\"2986\" srcset=\"https:\/\/portal.compraspublicas.gob.ec\/sercop\/wp-content\/uploads\/2015\/12\/invitacion_2016.jpg 673w, https:\/\/portal.compraspublicas.gob.ec\/sercop\/wp-content\/uploads\/2015\/12\/invitacion_2016-231x1024.jpg 231w\" sizes=\"(max-width: 673px) 100vw, 673px\" \/><\/a><\/p>\n","protected":false},"excerpt":{"rendered":"<p class=\"excerpt\">INVITACI\u00d3N A PARTICIPAR EN LOS CONCURSOS DE M\u00c9RITOS Y OPOSICI\u00d3N En cumplimiento a lo establecido en los Art\u00edculos 1 y 3 el Acuerdo Ministerial No. MRL 2014-0102, publicado en el Registro Oficial Suplemento 244, de 13 de mayo de 2014, el Servicio Nacional de Contrataci\u00f3n P\u00fablica- SERCOP invita a la ciudadan\u00eda en general, mayores de 18 a\u00f1os, que se encuentren&hellip; <a href=\"https:\/\/portal.compraspublicas.gob.ec\/sercop\/concursos-para-el-ano-2016\/\">Read more &rarr;<\/a><\/p>\n","protected":false},"author":1,"featured_media":0,"parent":0,"menu_order":0,"comment_status":"closed","ping_status":"closed","template":"","meta":[],"_links":{"self":[{"href":"https:\/\/portal.compraspublicas.gob.ec\/sercop\/wp-json\/wp\/v2\/pages\/11230"}],"collection":[{"href":"https:\/\/portal.compraspublicas.gob.ec\/sercop\/wp-json\/wp\/v2\/pages"}],"about":[{"href":"https:\/\/portal.compraspublicas.gob.ec\/sercop\/wp-json\/wp\/v2\/types\/page"}],"author":[{"embeddable":true,"href":"https:\/\/portal.compraspublicas.gob.ec\/sercop\/wp-json\/wp\/v2\/users\/1"}],"replies":[{"embeddable":true,"href":"https:\/\/portal.compraspublicas.gob.ec\/sercop\/wp-json\/wp\/v2\/comments?post=11230"}],"version-history":[{"count":1,"href":"https:\/\/portal.compraspublicas.gob.ec\/sercop\/wp-json\/wp\/v2\/pages\/11230\/revisions"}],"predecessor-version":[{"id":32975,"href":"https:\/\/portal.compraspublicas.gob.ec\/sercop\/wp-json\/wp\/v2\/pages\/11230\/revisions\/32975"}],"wp:attachment":[{"href":"https:\/\/portal.compraspublicas.gob.ec\/sercop\/wp-json\/wp\/v2\/media?parent=11230"}],"curies":[{"name":"wp","href":"https:\/\/api.w.org\/{rel}","templated":true}]}}