{"id":11597,"date":"2016-01-22T10:47:36","date_gmt":"2016-01-22T15:47:36","guid":{"rendered":"http:\/\/portal.compraspublicas.gob.ec\/sercop\/?page_id=11597"},"modified":"2016-01-22T10:56:47","modified_gmt":"2016-01-22T15:56:47","slug":"cronograma-evaluaciones-tecnicas-y-psicometricas-4","status":"publish","type":"page","link":"https:\/\/portal.compraspublicas.gob.ec\/sercop\/cronograma-evaluaciones-tecnicas-y-psicometricas-4\/","title":{"rendered":"Cronograma Evaluaci\u00f3nes T\u00e9cnicas y Psicom\u00e9tricas"},"content":{"rendered":"<h3 style=\"text-align: center;\"><a>4ra. Convocatoria<\/a><\/h3>\n<h3 style=\"text-align: center;\">Cronograma Evaluaci\u00f3nes T\u00e9cnicas y Psicom\u00e9tricas<\/h3>\n<p>&nbsp;<\/p>\n<p><span style=\"text-decoration: underline; color: #0000ff;\"><em><a style=\"color: #0000ff; text-decoration: underline;\" href=\"http:\/\/portal.compraspublicas.gob.ec\/sercop\/wp-content\/uploads\/2016\/01\/ESPECIALISTA-DE-ESTUDIOS-DE-CP.pdf\">Especialista de Estudios de Contrataci\u00f3n P\u00fablica<\/a><\/em><\/span><\/p>\n<p><span style=\"text-decoration: underline; color: #0000ff;\"><em><a style=\"color: #0000ff; text-decoration: underline;\" href=\"http:\/\/portal.compraspublicas.gob.ec\/sercop\/wp-content\/uploads\/2016\/01\/ASISTENTE-DE-SUPERVISION-DE-PROCEDIMIENTOS.pdf\">Asistente de Supervisi\u00f3n de Procedimientos <\/a><\/em><\/span><\/p>\n<p><span style=\"text-decoration: underline; color: #0000ff;\"><em><span style=\"color: #0000ff; text-decoration: underline;\"><a style=\"color: #0000ff; text-decoration: underline;\" href=\"http:\/\/portal.compraspublicas.gob.ec\/sercop\/wp-content\/uploads\/2016\/01\/ASIST_ATENCION_USUARIO_JUEVES_28.pdf\"> Asistente de Atenci\u00f3n al Usuario JUEVES_28<\/a><\/span><br \/>\n<\/em><\/span><\/p>\n<p><span style=\"text-decoration: underline; color: #0000ff;\"><em><span style=\"color: #0000ff; text-decoration: underline;\"><a style=\"color: #0000ff; text-decoration: underline;\" href=\"http:\/\/portal.compraspublicas.gob.ec\/sercop\/wp-content\/uploads\/2016\/01\/ASIST_ATENCION_USUARIO_VIERNES_29.pdf\"> Asistente de Atenci\u00f3n al Usuario VIERNES_29<\/a><\/span><br \/>\n<\/em><\/span><\/p>\n<p><span style=\"text-decoration: underline; color: #0000ff;\"><em><a style=\"color: #0000ff; text-decoration: underline;\" href=\"http:\/\/portal.compraspublicas.gob.ec\/sercop\/wp-content\/uploads\/2016\/01\/ESPECIALISTA-DE-SEGURIDAD-INFORMATICA.pdf\">Especialista de Seguridad Inform\u00e1tica<\/a><\/em><\/span><\/p>\n<p><span style=\"text-decoration: underline; color: #0000ff;\"><em><a style=\"color: #0000ff; text-decoration: underline;\" href=\"http:\/\/portal.compraspublicas.gob.ec\/sercop\/wp-content\/uploads\/2016\/01\/LISTADO_SEGURIDAD_INFORM_ANALISTA.pdf\">Analista de Seguridad Inform\u00e1tica 2<\/a><\/em><\/span><\/p>\n<p><span style=\"text-decoration: underline; color: #0000ff;\"><em><a style=\"color: #0000ff; text-decoration: underline;\" href=\"http:\/\/portal.compraspublicas.gob.ec\/sercop\/wp-content\/uploads\/2016\/01\/ASISTENTE-DE-GESTION-DE-SERVICIOS-INFORMATICOS.pdf\">Asistente de Gesti\u00f3n de Servicios Inform\u00e1ticos<\/a><\/em><\/span><\/p>\n<p><span style=\"text-decoration: underline; color: #0000ff;\"><em><a style=\"color: #0000ff; text-decoration: underline;\" href=\"http:\/\/portal.compraspublicas.gob.ec\/sercop\/wp-content\/uploads\/2016\/01\/ANALISTA-G-SERVICIOS-INF.pdf\">Analista de Gesti\u00f3n de Servicios Inform\u00e1ticos 2<\/a><\/em><\/span><\/p>\n<p><span style=\"text-decoration: underline; color: #0000ff;\"><em><a style=\"color: #0000ff; text-decoration: underline;\" href=\"http:\/\/portal.compraspublicas.gob.ec\/sercop\/wp-content\/uploads\/2016\/01\/GUARDALMACEN.pdf\">Guardalmac\u00e9n<\/a><\/em><\/span><\/p>\n<p><span style=\"text-decoration: underline; color: #0000ff;\"><em><a style=\"color: #0000ff; text-decoration: underline;\" href=\"http:\/\/portal.compraspublicas.gob.ec\/sercop\/wp-content\/uploads\/2016\/01\/RECEPCIONISTA_LUNES_25_ENVIAR.pdf\">Recepcionista LUNES_25<\/a><\/em><\/span><\/p>\n<p><span style=\"text-decoration: underline; color: #0000ff;\"><em><a style=\"color: #0000ff; text-decoration: underline;\" href=\"http:\/\/portal.compraspublicas.gob.ec\/sercop\/wp-content\/uploads\/2016\/01\/RECEPCIONISTA_MARTES_26.pdf\">Recepcionista <span class=\"title\">MARTES_26<\/span><\/a><\/em><\/span><\/p>\n<p><span style=\"text-decoration: underline; color: #0000ff;\"><em><a style=\"color: #0000ff; text-decoration: underline;\" href=\"http:\/\/portal.compraspublicas.gob.ec\/sercop\/wp-content\/uploads\/2016\/01\/RECEPCIONISTA_MIERCOLES_27.pdf\">Recepcionista MIERCOLES_27<\/a><\/em><\/span><\/p>\n<p><span class=\"title\" style=\"color: #0000ff;\"><span style=\"text-decoration: underline;\"><em><a style=\"color: #0000ff; text-decoration: underline;\" href=\"http:\/\/portal.compraspublicas.gob.ec\/sercop\/wp-content\/uploads\/2016\/01\/RECEPCIONISTA_JUEVES_28.pdf\">Recepcionista JUEVES_28<\/a><\/em><\/span><\/span><\/p>\n<p><span style=\"text-decoration: underline; color: #0000ff;\"><em><a style=\"color: #0000ff; text-decoration: underline;\" href=\"http:\/\/portal.compraspublicas.gob.ec\/sercop\/wp-content\/uploads\/2016\/01\/ASISTENTE-DE-SERVICIOS-GENERALES.pdf\">Asistente de Servicios Generales<\/a><\/em><\/span><\/p>\n<p><span style=\"text-decoration: underline; color: #0000ff;\"><em><a style=\"color: #0000ff; text-decoration: underline;\" href=\"http:\/\/portal.compraspublicas.gob.ec\/sercop\/wp-content\/uploads\/2016\/01\/LISTADO_COMPRAS_INCLUS_ESPECIALISTA.pdf\">Especialista de Compras Inclusivas<\/a><\/em><\/span><\/p>\n<p><span style=\"text-decoration: underline; color: #0000ff;\"><em><a style=\"color: #0000ff; text-decoration: underline;\" href=\"http:\/\/portal.compraspublicas.gob.ec\/sercop\/wp-content\/uploads\/2016\/01\/ANALISTA_DE_RECURSOS_HUMANOS-2.pdf\">Analista de Administraci\u00f3n de Recursos Humanos 2<\/a><\/em><\/span><\/p>\n<p><span style=\"text-decoration: underline; color: #0000ff;\"><em><a style=\"color: #0000ff; text-decoration: underline;\" href=\"http:\/\/portal.compraspublicas.gob.ec\/sercop\/wp-content\/uploads\/2016\/01\/listados-ASISTENTE-CONTABLE.pdf\">Asistente Contable<\/a><\/em><\/span><\/p>\n<p><span style=\"text-decoration: underline; color: #0000ff;\"><em><a style=\"color: #0000ff; text-decoration: underline;\" href=\"http:\/\/portal.compraspublicas.gob.ec\/sercop\/wp-content\/uploads\/2016\/01\/ASISTENTE-DE-PLANIFICACION-E-INVERSION.pdf\">Asistente en Planificaci\u00f3n e Inversi\u00f3n<\/a> <\/em><\/span><\/p>\n<p><span style=\"text-decoration: underline; color: #0000ff;\"><em><a style=\"color: #0000ff; text-decoration: underline;\" href=\"http:\/\/portal.compraspublicas.gob.ec\/sercop\/wp-content\/uploads\/2016\/01\/ASISTENTE-DE-ASESORIA-JURIDICA.pdf\">Asistente de Asesor\u00eda Juridica<\/a><\/em><\/span><\/p>\n<p><span style=\"text-decoration: underline; color: #0000ff;\"><em><a style=\"color: #0000ff; text-decoration: underline;\" href=\"http:\/\/portal.compraspublicas.gob.ec\/sercop\/wp-content\/uploads\/2016\/01\/CAPACITACION.pdf\">Especialista de Capacitaci\u00f3n<\/a><\/em><\/span><\/p>\n","protected":false},"excerpt":{"rendered":"<p class=\"excerpt\">4ra. Convocatoria Cronograma Evaluaci\u00f3nes T\u00e9cnicas y Psicom\u00e9tricas &nbsp; Especialista de Estudios de Contrataci\u00f3n P\u00fablica Asistente de Supervisi\u00f3n de Procedimientos Asistente de Atenci\u00f3n al Usuario JUEVES_28 Asistente de Atenci\u00f3n al Usuario VIERNES_29 Especialista de Seguridad Inform\u00e1tica Analista de Seguridad Inform\u00e1tica 2 Asistente de Gesti\u00f3n de Servicios Inform\u00e1ticos Analista de Gesti\u00f3n de Servicios Inform\u00e1ticos 2 Guardalmac\u00e9n Recepcionista LUNES_25 Recepcionista MARTES_26 Recepcionista MIERCOLES_27&hellip; <a href=\"https:\/\/portal.compraspublicas.gob.ec\/sercop\/cronograma-evaluaciones-tecnicas-y-psicometricas-4\/\">Read more &rarr;<\/a><\/p>\n","protected":false},"author":1,"featured_media":0,"parent":0,"menu_order":0,"comment_status":"closed","ping_status":"closed","template":"meritos.php","meta":[],"_links":{"self":[{"href":"https:\/\/portal.compraspublicas.gob.ec\/sercop\/wp-json\/wp\/v2\/pages\/11597"}],"collection":[{"href":"https:\/\/portal.compraspublicas.gob.ec\/sercop\/wp-json\/wp\/v2\/pages"}],"about":[{"href":"https:\/\/portal.compraspublicas.gob.ec\/sercop\/wp-json\/wp\/v2\/types\/page"}],"author":[{"embeddable":true,"href":"https:\/\/portal.compraspublicas.gob.ec\/sercop\/wp-json\/wp\/v2\/users\/1"}],"replies":[{"embeddable":true,"href":"https:\/\/portal.compraspublicas.gob.ec\/sercop\/wp-json\/wp\/v2\/comments?post=11597"}],"version-history":[{"count":0,"href":"https:\/\/portal.compraspublicas.gob.ec\/sercop\/wp-json\/wp\/v2\/pages\/11597\/revisions"}],"wp:attachment":[{"href":"https:\/\/portal.compraspublicas.gob.ec\/sercop\/wp-json\/wp\/v2\/media?parent=11597"}],"curies":[{"name":"wp","href":"https:\/\/api.w.org\/{rel}","templated":true}]}}