{"id":11844,"date":"2016-02-11T17:32:57","date_gmt":"2016-02-11T22:32:57","guid":{"rendered":"http:\/\/portal.compraspublicas.gob.ec\/sercop\/?page_id=11844"},"modified":"2016-02-11T17:35:11","modified_gmt":"2016-02-11T22:35:11","slug":"cronograma-de-entrevistas-3","status":"publish","type":"page","link":"https:\/\/portal.compraspublicas.gob.ec\/sercop\/cronograma-de-entrevistas-3\/","title":{"rendered":"Cronograma de Entrevistas"},"content":{"rendered":"<h3 style=\"text-align: center;\">Cronograma de Entrevistas<\/h3>\n<p><span style=\"text-decoration: underline;\"><span style=\"color: #0000ff; text-decoration: underline;\"><a style=\"color: #0000ff; text-decoration: underline;\" href=\"http:\/\/portal.compraspublicas.gob.ec\/sercop\/wp-content\/uploads\/2016\/02\/listado-entrevistas-estudios.pdf\">Especialista de Estudios de Contrataci\u00f3n P\u00fablica <\/a><\/span><\/span><\/p>\n<p><span style=\"text-decoration: underline;\"><span style=\"color: #0000ff; text-decoration: underline;\"><a style=\"color: #0000ff; text-decoration: underline;\" href=\"http:\/\/portal.compraspublicas.gob.ec\/sercop\/wp-content\/uploads\/2016\/02\/LISTADO_ENTREVISTAS_ATENC_USUA.pdf\">Asistente de Atenci\u00f3n al Usuario<\/a><\/span><\/span><\/p>\n<p><span style=\"text-decoration: underline;\"><span style=\"color: #0000ff; text-decoration: underline;\"><a style=\"color: #0000ff; text-decoration: underline;\" href=\"http:\/\/portal.compraspublicas.gob.ec\/sercop\/wp-content\/uploads\/2016\/02\/ESPECIALISTA-DE-SEGURIDAD-INFORMATICAen.pdf\">Especialista de Seguridad Inform\u00e1tica<\/a><\/span><\/span><\/p>\n<p><span style=\"text-decoration: underline;\"><span style=\"color: #0000ff; text-decoration: underline;\"><a style=\"color: #0000ff; text-decoration: underline;\" href=\"http:\/\/portal.compraspublicas.gob.ec\/sercop\/wp-content\/uploads\/2016\/02\/ANALISTA-DE-SEGURIDAD-INFORMATICA-2en.pdf\">Analista de Seguridad Inform\u00e1tica 2<\/a><\/span><\/span><\/p>\n<p><span style=\"text-decoration: underline;\"><span style=\"color: #0000ff; text-decoration: underline;\"><a style=\"color: #0000ff; text-decoration: underline;\" href=\"http:\/\/portal.compraspublicas.gob.ec\/sercop\/wp-content\/uploads\/2016\/02\/ASISTENTE-DE-GESTION-DE-SERVICIOS-INFORMATICOSen.pdf\">Asistente de Gesti\u00f3n de Servicios Inform\u00e1ticos<\/a><\/span><\/span><\/p>\n<p><span style=\"text-decoration: underline;\"><span style=\"color: #0000ff; text-decoration: underline;\"><a style=\"color: #0000ff; text-decoration: underline;\" href=\"http:\/\/portal.compraspublicas.gob.ec\/sercop\/wp-content\/uploads\/2016\/02\/ANALISTA-DE-GESTION-DE-SERVICIOS-INFORMATICOS-2en.pdf\">Analista de Gesti\u00f3n de Servicios Inform\u00e1ticos 2<\/a><\/span><\/span><\/p>\n<p><span style=\"text-decoration: underline;\"><span style=\"color: #0000ff; text-decoration: underline;\"><a style=\"color: #0000ff; text-decoration: underline;\" href=\"http:\/\/portal.compraspublicas.gob.ec\/sercop\/wp-content\/uploads\/2016\/02\/GUARDALMACENen.pdf\">Guardalmac\u00e9n<\/a><\/span><\/span><\/p>\n<p><span style=\"text-decoration: underline;\"><span style=\"color: #0000ff; text-decoration: underline;\"><a style=\"color: #0000ff; text-decoration: underline;\" href=\"http:\/\/portal.compraspublicas.gob.ec\/sercop\/wp-content\/uploads\/2016\/02\/LISTADO_ENTREVISTAS_RECP.pdf\">Recepcionista<\/a><\/span><\/span><\/p>\n<p><span style=\"text-decoration: underline;\"><span style=\"color: #0000ff; text-decoration: underline;\"><a style=\"color: #0000ff; text-decoration: underline;\" href=\"http:\/\/portal.compraspublicas.gob.ec\/sercop\/wp-content\/uploads\/2016\/02\/LISTADO_ENTREVISTAS_SERV-GENERALES.pdf\">Asistente de Servicios Generales<\/a><\/span><\/span><\/p>\n<p><span style=\"text-decoration: underline;\"><span style=\"color: #0000ff; text-decoration: underline;\"><a style=\"color: #0000ff; text-decoration: underline;\" href=\"http:\/\/portal.compraspublicas.gob.ec\/sercop\/wp-content\/uploads\/2016\/02\/listado-entrevistas-ESP.-COMPRAS-INCL.pdf\">Especialista de Compras Inclusivas<\/a><\/span><\/span><\/p>\n<p><span style=\"text-decoration: underline;\"><span style=\"color: #0000ff; text-decoration: underline;\"><a style=\"color: #0000ff; text-decoration: underline;\" href=\"http:\/\/portal.compraspublicas.gob.ec\/sercop\/wp-content\/uploads\/2016\/02\/listado-entrevistas-RRHH.pdf\">Analista de Administraci\u00f3n de Recursos Humanos 2<\/a><\/span><\/span><\/p>\n<p><span style=\"text-decoration: underline;\"><span style=\"color: #0000ff; text-decoration: underline;\"><a style=\"color: #0000ff; text-decoration: underline;\" href=\"http:\/\/portal.compraspublicas.gob.ec\/sercop\/wp-content\/uploads\/2016\/02\/listado-entrevistas-CONTABLE.pdf\">Asistente Contable<\/a><\/span><\/span><\/p>\n<p><span style=\"text-decoration: underline;\"><span style=\"color: #0000ff; text-decoration: underline;\"><a style=\"color: #0000ff; text-decoration: underline;\" href=\"http:\/\/portal.compraspublicas.gob.ec\/sercop\/wp-content\/uploads\/2016\/02\/LISTADO_ENTREVISTAS_PLANIF.pdf\">Asistente en Planificaci\u00f3n e Inversi\u00f3n<\/a><\/span><\/span><\/p>\n<p><span style=\"text-decoration: underline;\"><span style=\"color: #0000ff; text-decoration: underline;\"><a style=\"color: #0000ff; text-decoration: underline;\" href=\"http:\/\/portal.compraspublicas.gob.ec\/sercop\/wp-content\/uploads\/2016\/02\/ASISTENTE-DE-ASESORIA-JURIDICAen.pdf\">Asistente de Asesor\u00eda Jur\u00eddica<\/a><\/span><\/span><\/p>\n","protected":false},"excerpt":{"rendered":"<p class=\"excerpt\">Cronograma de Entrevistas Especialista de Estudios de Contrataci\u00f3n P\u00fablica Asistente de Atenci\u00f3n al Usuario Especialista de Seguridad Inform\u00e1tica Analista de Seguridad Inform\u00e1tica 2 Asistente de Gesti\u00f3n de Servicios Inform\u00e1ticos Analista de Gesti\u00f3n de Servicios Inform\u00e1ticos 2 Guardalmac\u00e9n Recepcionista Asistente de Servicios Generales Especialista de Compras Inclusivas Analista de Administraci\u00f3n de Recursos Humanos 2 Asistente Contable Asistente en Planificaci\u00f3n e Inversi\u00f3n&hellip; <a href=\"https:\/\/portal.compraspublicas.gob.ec\/sercop\/cronograma-de-entrevistas-3\/\">Read more &rarr;<\/a><\/p>\n","protected":false},"author":1,"featured_media":0,"parent":0,"menu_order":0,"comment_status":"closed","ping_status":"closed","template":"meritos.php","meta":[],"_links":{"self":[{"href":"https:\/\/portal.compraspublicas.gob.ec\/sercop\/wp-json\/wp\/v2\/pages\/11844"}],"collection":[{"href":"https:\/\/portal.compraspublicas.gob.ec\/sercop\/wp-json\/wp\/v2\/pages"}],"about":[{"href":"https:\/\/portal.compraspublicas.gob.ec\/sercop\/wp-json\/wp\/v2\/types\/page"}],"author":[{"embeddable":true,"href":"https:\/\/portal.compraspublicas.gob.ec\/sercop\/wp-json\/wp\/v2\/users\/1"}],"replies":[{"embeddable":true,"href":"https:\/\/portal.compraspublicas.gob.ec\/sercop\/wp-json\/wp\/v2\/comments?post=11844"}],"version-history":[{"count":0,"href":"https:\/\/portal.compraspublicas.gob.ec\/sercop\/wp-json\/wp\/v2\/pages\/11844\/revisions"}],"wp:attachment":[{"href":"https:\/\/portal.compraspublicas.gob.ec\/sercop\/wp-json\/wp\/v2\/media?parent=11844"}],"curies":[{"name":"wp","href":"https:\/\/api.w.org\/{rel}","templated":true}]}}