{"id":11986,"date":"2016-02-29T15:50:44","date_gmt":"2016-02-29T20:50:44","guid":{"rendered":"http:\/\/portal.compraspublicas.gob.ec\/sercop\/?page_id=11986"},"modified":"2016-02-29T15:51:44","modified_gmt":"2016-02-29T20:51:44","slug":"ganadores-resultantes-de-este-proceso-3","status":"publish","type":"page","link":"https:\/\/portal.compraspublicas.gob.ec\/sercop\/ganadores-resultantes-de-este-proceso-3\/","title":{"rendered":"Ganadores resultantes de este proceso"},"content":{"rendered":"<p style=\"text-align: center;\"><strong>SERVICIO NACIONAL DE CONTRATACI\u00d3N P\u00daBLICA<\/strong><\/p>\n<p style=\"text-align: center;\"><strong>CONCURSO DE M\u00c9RITOS Y OPOSICI\u00d3N<\/strong><\/p>\n<p style=\"text-align: center;\">La Direcci\u00f3n de Administraci\u00f3n de Recursos Humanos del Servicio Nacional de Contrataci\u00f3n P\u00fablica- SERCOP tiene el agrado de comunicar que ha finalizado el Concurso de M\u00e9ritos y Oposici\u00f3n (Cuarta Convocatoria); mismo que se lo ha realizado en la <strong>PLATAFORMA DE SOCIO EMPLEO del MINISTERIO DE TRABAJO.<\/strong><\/p>\n<p style=\"text-align: center;\">Se pone en conocimiento de los servidores del SERCOP y del p\u00fablico en general los ganadores resultantes de este proceso.<\/p>\n<p style=\"text-align: center;\"><a href=\"http:\/\/portal.compraspublicas.gob.ec\/sercop\/wp-content\/uploads\/2016\/02\/GANADORES-DESIERTOS-4TA-CONVOCATORIA.png\"><img loading=\"lazy\" class=\"aligncenter size-full wp-image-11987\" src=\"http:\/\/portal.compraspublicas.gob.ec\/sercop\/wp-content\/uploads\/2016\/02\/GANADORES-DESIERTOS-4TA-CONVOCATORIA.png\" alt=\"GANADORES-DESIERTOS-4TA-CONVOCATORIA\" width=\"765\" height=\"1917\" srcset=\"https:\/\/portal.compraspublicas.gob.ec\/sercop\/wp-content\/uploads\/2016\/02\/GANADORES-DESIERTOS-4TA-CONVOCATORIA.png 765w, https:\/\/portal.compraspublicas.gob.ec\/sercop\/wp-content\/uploads\/2016\/02\/GANADORES-DESIERTOS-4TA-CONVOCATORIA-120x300.png 120w, https:\/\/portal.compraspublicas.gob.ec\/sercop\/wp-content\/uploads\/2016\/02\/GANADORES-DESIERTOS-4TA-CONVOCATORIA-409x1024.png 409w\" sizes=\"(max-width: 765px) 100vw, 765px\" \/><\/a><\/p>\n<p style=\"text-align: center;\">De igual manera se pone en conocimiento los puestos declarados desiertos los mismos que ser\u00e1n planificados en una nueva convocatoria en el per\u00edodo 2016.<\/p>\n<p style=\"text-align: center;\"><a href=\"http:\/\/portal.compraspublicas.gob.ec\/sercop\/wp-content\/uploads\/2016\/02\/desierto_4ta.png\"><img loading=\"lazy\" class=\"aligncenter size-full wp-image-11988\" src=\"http:\/\/portal.compraspublicas.gob.ec\/sercop\/wp-content\/uploads\/2016\/02\/desierto_4ta.png\" alt=\"desierto_4ta\" width=\"522\" height=\"526\" srcset=\"https:\/\/portal.compraspublicas.gob.ec\/sercop\/wp-content\/uploads\/2016\/02\/desierto_4ta.png 522w, https:\/\/portal.compraspublicas.gob.ec\/sercop\/wp-content\/uploads\/2016\/02\/desierto_4ta-150x150.png 150w, https:\/\/portal.compraspublicas.gob.ec\/sercop\/wp-content\/uploads\/2016\/02\/desierto_4ta-298x300.png 298w\" sizes=\"(max-width: 522px) 100vw, 522px\" \/><\/a><\/p>\n","protected":false},"excerpt":{"rendered":"<p class=\"excerpt\">SERVICIO NACIONAL DE CONTRATACI\u00d3N P\u00daBLICA CONCURSO DE M\u00c9RITOS Y OPOSICI\u00d3N La Direcci\u00f3n de Administraci\u00f3n de Recursos Humanos del Servicio Nacional de Contrataci\u00f3n P\u00fablica- SERCOP tiene el agrado de comunicar que ha finalizado el Concurso de M\u00e9ritos y Oposici\u00f3n (Cuarta Convocatoria); mismo que se lo ha realizado en la PLATAFORMA DE SOCIO EMPLEO del MINISTERIO DE TRABAJO. Se pone en conocimiento&hellip; <a href=\"https:\/\/portal.compraspublicas.gob.ec\/sercop\/ganadores-resultantes-de-este-proceso-3\/\">Read more &rarr;<\/a><\/p>\n","protected":false},"author":1,"featured_media":0,"parent":0,"menu_order":0,"comment_status":"closed","ping_status":"closed","template":"meritos.php","meta":[],"_links":{"self":[{"href":"https:\/\/portal.compraspublicas.gob.ec\/sercop\/wp-json\/wp\/v2\/pages\/11986"}],"collection":[{"href":"https:\/\/portal.compraspublicas.gob.ec\/sercop\/wp-json\/wp\/v2\/pages"}],"about":[{"href":"https:\/\/portal.compraspublicas.gob.ec\/sercop\/wp-json\/wp\/v2\/types\/page"}],"author":[{"embeddable":true,"href":"https:\/\/portal.compraspublicas.gob.ec\/sercop\/wp-json\/wp\/v2\/users\/1"}],"replies":[{"embeddable":true,"href":"https:\/\/portal.compraspublicas.gob.ec\/sercop\/wp-json\/wp\/v2\/comments?post=11986"}],"version-history":[{"count":0,"href":"https:\/\/portal.compraspublicas.gob.ec\/sercop\/wp-json\/wp\/v2\/pages\/11986\/revisions"}],"wp:attachment":[{"href":"https:\/\/portal.compraspublicas.gob.ec\/sercop\/wp-json\/wp\/v2\/media?parent=11986"}],"curies":[{"name":"wp","href":"https:\/\/api.w.org\/{rel}","templated":true}]}}