{"id":12008,"date":"2016-03-04T13:28:58","date_gmt":"2016-03-04T18:28:58","guid":{"rendered":"http:\/\/portal.compraspublicas.gob.ec\/sercop\/?page_id=12008"},"modified":"2016-09-26T09:57:18","modified_gmt":"2016-09-26T14:57:18","slug":"fabricacion-de-mobiliario-escolar-en-madera-y-metal","status":"publish","type":"page","link":"https:\/\/portal.compraspublicas.gob.ec\/sercop\/fabricacion-de-mobiliario-escolar-en-madera-y-metal\/","title":{"rendered":"FABRICACI\u00d3N DE MOBILIARIO ESCOLAR (EN MADERA Y METAL)"},"content":{"rendered":"<p><a href=\"http:\/\/portal.compraspublicas.gob.ec\/sercop\/wp-content\/uploads\/2016\/03\/22979196222_5efec80937_o1.jpg\"><img loading=\"lazy\" class=\"aligncenter  wp-image-12009\" src=\"http:\/\/portal.compraspublicas.gob.ec\/sercop\/wp-content\/uploads\/2016\/03\/22979196222_5efec80937_o1.jpg\" alt=\"22979196222_5efec80937_o(1)\" width=\"1030\" height=\"349\" srcset=\"https:\/\/portal.compraspublicas.gob.ec\/sercop\/wp-content\/uploads\/2016\/03\/22979196222_5efec80937_o1.jpg 1476w, https:\/\/portal.compraspublicas.gob.ec\/sercop\/wp-content\/uploads\/2016\/03\/22979196222_5efec80937_o1-300x102.jpg 300w, https:\/\/portal.compraspublicas.gob.ec\/sercop\/wp-content\/uploads\/2016\/03\/22979196222_5efec80937_o1-1024x347.jpg 1024w\" sizes=\"(max-width: 1030px) 100vw, 1030px\" \/><\/a><\/p>\n<p style=\"text-align: justify;\">Mediante Resoluci\u00f3n No. <a href=\"http:\/\/portal.compraspublicas.gob.ec\/sercop\/wp-content\/uploads\/2016\/03\/OFICIO-CIRCULAR.pdf\"><span style=\"color: #0000ff;\">RE-SERCOP-2015-000025<\/span><\/a>, el Servicio Nacional de Contrataci\u00f3n P\u00fablica, notifica a los proveedores que se procedio incorporar en\u00a0 el cat\u00e1logo de Servicio de Metalmec\u00e1nica\u00a0 el producto: <strong><em>FABRICACI\u00d3N DE MOBILIARIO ESCOLAR (EN MADERA Y METAL), <\/em><\/strong>se cre\u00f3 con el prop\u00f3sito de que los Actores de la econom\u00eda popular y solidaria, proveedores micro y peque\u00f1os, asociaciones o compromisos de asociaci\u00f3n de los proveedores antes se\u00f1alados, sean contratados para proveer este servicio. Si te interesa participar en este Cat\u00e1logo Inclusivo, descarga los pliegos, revisa las condiciones y solicita tu inclusi\u00f3n:<\/p>\n<p style=\"text-align: justify;\">Los nuevos productos son:<\/p>\n<p><span style=\"color: #0000ff;\"><a style=\"color: #0000ff;\" href=\"http:\/\/portal.compraspublicas.gob.ec\/sercop\/wp-content\/uploads\/2016\/03\/Ficha-T\u00e9cnica-Kit-1-desde-2do-a-4to-cdi.pdf\">KIT 1 MOBILIARIO ESCOLAR (2do a 4to de EGB)<\/a><\/span><br \/>\n<span style=\"color: #0000ff;\"><a style=\"color: #0000ff;\" href=\"http:\/\/portal.compraspublicas.gob.ec\/sercop\/wp-content\/uploads\/2016\/03\/Ficha-T\u00e9cnica-Kit-2-desde-5to-a-7mo-cdi1.pdf\">KIT 2 MOBILIARIO ESCOLAR (5to a7mo de EGB )<\/a><\/span><br \/>\n<span style=\"color: #0000ff;\"><a style=\"color: #0000ff;\" href=\"http:\/\/portal.compraspublicas.gob.ec\/sercop\/wp-content\/uploads\/2016\/03\/Ficha-T\u00e9cnica-Kit-3-desde-8vo-a-10mo-cdi.pdf\">KIT 3 MOBILIARIO ESCOLAR (8vo a 10mo de EGB )<\/a><\/span><br \/>\n<span style=\"color: #0000ff;\"><a style=\"color: #0000ff;\" href=\"http:\/\/portal.compraspublicas.gob.ec\/sercop\/wp-content\/uploads\/2016\/03\/Ficha-T\u00e9cnica-Kit-4-1ero-a-3ero-BGU-cdi.pdf\">KIT 4 MOBILIARIO ESCOLAR (1ero a 3ro BGU)<\/a><\/span><\/p>\n<p style=\"text-align: justify;\">Esta decisi\u00f3n trascendental, es parte de un gran proyecto en marcha cuyo objetivo es promover a los diferentes sectores productivos del pa\u00eds, a trav\u00e9s de acciones como la priorizaci\u00f3n de adquisici\u00f3n de bienes y servicios de origen nacional y el impulso de la Econom\u00eda Popular y Solidaria con la inclusi\u00f3n de artesanos, micro productores, peque\u00f1os y medianos empresarios en los procedimientos de contrataci\u00f3n p\u00fablica.<\/p>\n<p style=\"text-align: justify;\">Si \u00a0te interesa participar en el Cat\u00e1logo Inclusivo de Fabricaci\u00f3n de mobiliario escolar (en madera y metal), revisa la condiciones y solicita tu inclusi\u00f3n:<span style=\"color: #0000ff;\"> <a style=\"color: #0000ff;\" href=\"http:\/\/portal.compraspublicas.gob.ec\/sercop\/wp-content\/uploads\/2016\/03\/MANIFESTACI\u00d3N-DE-INTER\u00c9S-OFICIO-CIRCULAR-SERCOP-CDI-2016-0005.docx\">Manifestaci\u00f3n de inter\u00e9s de Fabricaci\u00f3n de mobiliario escolar.<\/a><\/span><\/p>\n<p style=\"text-align: justify;\"><strong>Pasos para incluirse en el Cat\u00e1logo Inclusivo de Servicio de Metalmec\u00e1nica:<\/strong><\/p>\n<ol>\n<li style=\"text-align: justify;\">Descarga el pliego que se encuentra de la parte superior.<\/li>\n<li style=\"text-align: justify;\">Lee y analiza el pliego detenidamente para que conozcas qu\u00e9 producto o servicio se requiere en cada categor\u00eda.<\/li>\n<li style=\"text-align: justify;\">Llena los formularios y requisitos que se solicitan en los pliegos. Recuerda que los formularios y los requisitos deben estar sumillados y numerados.<\/li>\n<li style=\"text-align: justify;\">Elabora un oficio dirigido al Econ. Santiago V\u00e1squez, Director General del SERCOP, solicitando tu incorporaci\u00f3n al Cat\u00e1logo Din\u00e1mico Inclusivo (<span style=\"color: #0000ff;\"><a style=\"color: #0000ff;\" href=\"http:\/\/portal.compraspublicas.gob.ec\/sercop\/wp-content\/uploads\/2016\/03\/modelo-de-oficio.docx\">Descarga modelo de oficio<\/a><\/span>)<\/li>\n<li style=\"text-align: justify;\">Entrega los documentos en un sobre cerrado en la ventanilla del SERCOP m\u00e1s cercana.<span style=\"color: #0000ff;\"> <a style=\"color: #0000ff;\" href=\"http:\/\/portal.compraspublicas.gob.ec\/sercop\/contacto\/\">Conoce d\u00f3nde estamos ubicados<\/a><\/span><\/li>\n<\/ol>\n<p><span style=\"color: #0000ff;\"><a style=\"color: #0000ff;\" href=\"http:\/\/portal.compraspublicas.gob.ec\/sercop\/wp-content\/uploads\/2016\/06\/OFICIO_CIRCULAR_NO_CDI-2016-0034.pdf\">OFICIO DE ACLARACI\u00d3N A PRODUCTOS DE MOBILIARIO ESCOLAR SERCOP-CDI-2016-0034<\/a><\/span><\/p>\n<p><strong>OFICIOS ACLARATORIOS<\/strong><\/p>\n<p><span style=\"color: #0000ff;\"><a style=\"color: #0000ff;\" href=\"http:\/\/portal.compraspublicas.gob.ec\/sercop\/wp-content\/uploads\/2016\/09\/Oficio-circular-0076-Actualizaci\u00f3n-Fichas-T\u00e9cnicas.pdf\">&#8211; Oficio Circular No. SERCOP-CDI-2016-0076<\/a><\/span><\/p>\n","protected":false},"excerpt":{"rendered":"<p class=\"excerpt\">Mediante Resoluci\u00f3n No. RE-SERCOP-2015-000025, el Servicio Nacional de Contrataci\u00f3n P\u00fablica, notifica a los proveedores que se procedio incorporar en\u00a0 el cat\u00e1logo de Servicio de Metalmec\u00e1nica\u00a0 el producto: FABRICACI\u00d3N DE MOBILIARIO ESCOLAR (EN MADERA Y METAL), se cre\u00f3 con el prop\u00f3sito de que los Actores de la econom\u00eda popular y solidaria, proveedores micro y peque\u00f1os, asociaciones o compromisos de asociaci\u00f3n de&hellip; <a href=\"https:\/\/portal.compraspublicas.gob.ec\/sercop\/fabricacion-de-mobiliario-escolar-en-madera-y-metal\/\">Read more &rarr;<\/a><\/p>\n","protected":false},"author":1,"featured_media":0,"parent":0,"menu_order":0,"comment_status":"closed","ping_status":"closed","template":"catalogo.php","meta":[],"_links":{"self":[{"href":"https:\/\/portal.compraspublicas.gob.ec\/sercop\/wp-json\/wp\/v2\/pages\/12008"}],"collection":[{"href":"https:\/\/portal.compraspublicas.gob.ec\/sercop\/wp-json\/wp\/v2\/pages"}],"about":[{"href":"https:\/\/portal.compraspublicas.gob.ec\/sercop\/wp-json\/wp\/v2\/types\/page"}],"author":[{"embeddable":true,"href":"https:\/\/portal.compraspublicas.gob.ec\/sercop\/wp-json\/wp\/v2\/users\/1"}],"replies":[{"embeddable":true,"href":"https:\/\/portal.compraspublicas.gob.ec\/sercop\/wp-json\/wp\/v2\/comments?post=12008"}],"version-history":[{"count":0,"href":"https:\/\/portal.compraspublicas.gob.ec\/sercop\/wp-json\/wp\/v2\/pages\/12008\/revisions"}],"wp:attachment":[{"href":"https:\/\/portal.compraspublicas.gob.ec\/sercop\/wp-json\/wp\/v2\/media?parent=12008"}],"curies":[{"name":"wp","href":"https:\/\/api.w.org\/{rel}","templated":true}]}}