{"id":12039,"date":"2016-03-06T20:34:14","date_gmt":"2016-03-07T01:34:14","guid":{"rendered":"http:\/\/portal.compraspublicas.gob.ec\/sercop\/?page_id=12039"},"modified":"2016-07-15T15:58:22","modified_gmt":"2016-07-15T20:58:22","slug":"confeccion-textil","status":"publish","type":"page","link":"https:\/\/portal.compraspublicas.gob.ec\/sercop\/confeccion-textil\/","title":{"rendered":"Confecci\u00f3n textil"},"content":{"rendered":"<p><img loading=\"lazy\" class=\"alignnone\" src=\"http:\/\/portal.compraspublicas.gob.ec\/sercop\/wp-content\/uploads\/2015\/07\/confeccion-de-banderas.png\" alt=\"\" width=\"722\" height=\"244\" \/><\/p>\n<p>El Cat\u00e1logo Din\u00e1mico Inclusivo es una herramienta creada para favorecer y privilegiar la adquisici\u00f3n de bienes y servicios de producci\u00f3n nacional y que son ofertados por los actores de la Econom\u00eda Popular y Solidaria, artesanos, micro y peque\u00f1as empresas, productores de exclusiva producci\u00f3n nacional.<strong>\u00a0\u00a0\u00a0\u00a0 <\/strong><\/p>\n<p>Pliego del proceso para la selecci\u00f3n de proveedores de <span style=\"color: #0000ff;\"><a style=\"color: #0000ff;\" href=\"http:\/\/portal.compraspublicas.gob.ec\/sercop\/wp-content\/uploads\/2016\/03\/PLIEGO-CDI-SERCOP-001-2016.docx\">PROVISI\u00d3N DE \u201cPRODUCTOS DE CONFECCI\u00d3N TEXTIL\u201d<\/a><\/span><\/p>\n<p><strong>Oficio circular para los proveedores catalogados en confeccion textil <span style=\"color: #0000ff;\"><a style=\"color: #0000ff;\" href=\"http:\/\/portal.compraspublicas.gob.ec\/sercop\/wp-content\/uploads\/2016\/03\/OFICIO_CIRCULAR.pdf\">CDI-SERCOP-001-2016.<\/a><\/span><\/strong><\/p>\n<p><strong>BENEFICIOS<\/strong><br \/>\n<strong>*<\/strong> Aseguran el logro de una adecuada calidad de vida para todos los ciudadanos y ciudadanas mediante la eliminaci\u00f3n de aquellas condiciones, mecanismos o procesos que restringen la libertad de participar en la vida econ\u00f3mica y social.<br \/>\n<strong>*<\/strong> Dinamizan la econom\u00eda local y diversifica la producci\u00f3n nacional.<br \/>\n<strong>*<\/strong> Fomentan la participaci\u00f3n \u00fanica de Micro y Peque\u00f1as Empresas as\u00ed como tambi\u00e9n de Actores de la Econom\u00eda Popular y Solidaria.<br \/>\n<strong>*<\/strong> Permiten a los proveedores que deseen formar parte de estos cat\u00e1logos presentar la oferta por una sola ocasi\u00f3n.<br \/>\n<strong>*<\/strong> Permiten la contrataci\u00f3n de proveedores de forma directa a trav\u00e9s de la generaci\u00f3n de \u00f3rdenes de compra por parte de las entidades contratantes.<\/p>\n<ul>\n<li><strong>INCORPORACI\u00d3N NUEVOS PRODUCTOS Y NUEVOS PROVEEDORES<\/strong><\/li>\n<\/ul>\n<p>Como primer llamado masivo a los proveedores deber\u00e1n presentar los documentos de acuerdo al siguiente <span style=\"color: #0000ff;\"><a style=\"color: #0000ff;\" href=\"http:\/\/portal.compraspublicas.gob.ec\/sercop\/wp-content\/uploads\/2016\/03\/Cronograma.pdf\">CRONOGRAMA<\/a><\/span><\/p>\n<p>Asistir a la socializaciones a realizarse a nivel nacional <span style=\"color: #0000ff;\"><a style=\"color: #0000ff;\" href=\"http:\/\/portal.compraspublicas.gob.ec\/sercop\/wp-content\/uploads\/2016\/03\/socializacion.pdf\">(Socializaciones)<\/a><\/span><\/p>\n<ul style=\"text-align: justify;\">\n<li><strong>INCORPORACION NUEVOS PRODUCTOS<\/strong><\/li>\n<\/ul>\n<p>Los proveedores catalogados al procedimiento <span style=\"color: #0000ff;\"><a style=\"color: #0000ff;\" href=\"http:\/\/portal.compraspublicas.gob.ec\/sercop\/wp-content\/uploads\/2016\/03\/OFICIO_CIRCULAR.pdf\">CDI-SERCOP-001-2016<\/a><\/span>, deber\u00e1n presentar.<\/p>\n<ol style=\"text-align: justify;\">\n<li><span style=\"color: #0000ff;\"><a style=\"color: #0000ff;\" href=\"http:\/\/portal.compraspublicas.gob.ec\/sercop\/wp-content\/uploads\/2016\/07\/MANIFESTACI\u00d3N-DE-INTER\u00c9S-OFICIO-CIRCULAR-SERCOP-CDI-001-20161.docx\">Manifestaci\u00f3n de Inter\u00e9s<\/a><\/span><\/li>\n<li>Presentar el formulario de Maquinaria de acuerdo a la<span style=\"color: #0000ff;\"> <a style=\"color: #0000ff;\" href=\"http:\/\/portal.compraspublicas.gob.ec\/sercop\/wp-content\/uploads\/2016\/03\/TABLA-DE-EQUIPAMIENTO-Y-HERRAMIENTAS.docx\">tabla de equipamiento y herramientas<\/a><\/span><\/li>\n<li>El formulario de Maquinaria deber\u00e1 se llenado de acuerdo al<span style=\"color: #0000ff;\"><a style=\"color: #0000ff;\" href=\"http:\/\/portal.compraspublicas.gob.ec\/sercop\/wp-content\/uploads\/2016\/03\/CUADRO-DE-MAQUINARIA-M\u00cdNIMA-POR-PRODUCTO.docx\"> Cuadro de maquinaria por producto<\/a> <\/span><\/li>\n<\/ol>\n<ul style=\"text-align: justify;\">\n<li><strong>INCORPORACION NUEVOS PROVEEDORES<\/strong><\/li>\n<\/ul>\n<p>Para los nuevos proveedores presentar.<\/p>\n<ol>\n<li>Descarga el pliego que se encuentra de la parte superior<\/li>\n<li>Lee y analiza el pliego detenidamente para que conozcas qu\u00e9 producto o servicio se requiere en cada categor\u00eda<\/li>\n<li>Llena los formularios y requisitos que se solicitan en los pliegos. Recuerda que los formularios y los requisitos deben estar sumillados y numerados<\/li>\n<li>Elabora un oficio dirigido al Econ. Santiago V\u00e1squez, Director General del SERCOP, solicitando tu incorporaci\u00f3n al Cat\u00e1logo Din\u00e1mico Inclusivo (<span style=\"color: #0000ff;\"><a style=\"color: #0000ff;\" href=\"http:\/\/portal.compraspublicas.gob.ec\/sercop\/wp-content\/uploads\/2015\/07\/modelo-de-oficio.docx\">Descarga modelo de oficio<\/a><\/span>)<\/li>\n<li>Para los nuevos proveedores presentar.\n<ol style=\"text-align: justify;\">\n<li><span style=\"color: #0000ff;\"><a style=\"color: #0000ff;\" href=\"http:\/\/portal.compraspublicas.gob.ec\/sercop\/wp-content\/uploads\/2016\/07\/Formularios-nuevos-proveedores-CDI-SERCOP-001-20161.doc\">Formularios nuevos proveedores<\/a><\/span><\/li>\n<\/ol>\n<p>Entrega los documentos en un sobre cerrado en la ventanilla del SERCOP m\u00e1s cercana.<\/p>\n<p><span style=\"color: #0000ff;\"> <a style=\"color: #0000ff;\" href=\"http:\/\/portal.compraspublicas.gob.ec\/sercop\/contacto\/\">Conoce d\u00f3nde estamos ubicados<\/a><\/span><\/li>\n<\/ol>\n","protected":false},"excerpt":{"rendered":"<p class=\"excerpt\">El Cat\u00e1logo Din\u00e1mico Inclusivo es una herramienta creada para favorecer y privilegiar la adquisici\u00f3n de bienes y servicios de producci\u00f3n nacional y que son ofertados por los actores de la Econom\u00eda Popular y Solidaria, artesanos, micro y peque\u00f1as empresas, productores de exclusiva producci\u00f3n nacional.\u00a0\u00a0\u00a0\u00a0 Pliego del proceso para la selecci\u00f3n de proveedores de PROVISI\u00d3N DE \u201cPRODUCTOS DE CONFECCI\u00d3N TEXTIL\u201d Oficio&hellip; <a href=\"https:\/\/portal.compraspublicas.gob.ec\/sercop\/confeccion-textil\/\">Read more &rarr;<\/a><\/p>\n","protected":false},"author":1,"featured_media":0,"parent":0,"menu_order":0,"comment_status":"closed","ping_status":"closed","template":"catalogo.php","meta":[],"_links":{"self":[{"href":"https:\/\/portal.compraspublicas.gob.ec\/sercop\/wp-json\/wp\/v2\/pages\/12039"}],"collection":[{"href":"https:\/\/portal.compraspublicas.gob.ec\/sercop\/wp-json\/wp\/v2\/pages"}],"about":[{"href":"https:\/\/portal.compraspublicas.gob.ec\/sercop\/wp-json\/wp\/v2\/types\/page"}],"author":[{"embeddable":true,"href":"https:\/\/portal.compraspublicas.gob.ec\/sercop\/wp-json\/wp\/v2\/users\/1"}],"replies":[{"embeddable":true,"href":"https:\/\/portal.compraspublicas.gob.ec\/sercop\/wp-json\/wp\/v2\/comments?post=12039"}],"version-history":[{"count":0,"href":"https:\/\/portal.compraspublicas.gob.ec\/sercop\/wp-json\/wp\/v2\/pages\/12039\/revisions"}],"wp:attachment":[{"href":"https:\/\/portal.compraspublicas.gob.ec\/sercop\/wp-json\/wp\/v2\/media?parent=12039"}],"curies":[{"name":"wp","href":"https:\/\/api.w.org\/{rel}","templated":true}]}}