{"id":12098,"date":"2016-03-07T11:56:07","date_gmt":"2016-03-07T16:56:07","guid":{"rendered":"http:\/\/portal.compraspublicas.gob.ec\/sercop\/?page_id=12098"},"modified":"2016-11-24T17:20:34","modified_gmt":"2016-11-24T22:20:34","slug":"ropa-de-trabajo","status":"publish","type":"page","link":"https:\/\/portal.compraspublicas.gob.ec\/sercop\/ropa-de-trabajo\/","title":{"rendered":"Ropa de Trabajo"},"content":{"rendered":"<p><img loading=\"lazy\" class=\"alignnone\" src=\"http:\/\/portal.compraspublicas.gob.ec\/sercop\/wp-content\/uploads\/2015\/07\/ropa-de-trabajo.png\" alt=\"\" width=\"856\" height=\"258\" \/><\/p>\n<p style=\"text-align: center;\"><strong>\u00a0INCORPORACION PRODUCTOS AL 30 DE SEPTIEMBRE<\/strong><\/p>\n<p style=\"text-align: left;\">Si\u00a0 te interesa participar en el Cat\u00e1logo Inclusivo \u201cPRODUCTOS DE CONFECCI\u00d3N TEXTIL \u2013 PANTALON INDIGO CON CINTA REFLECTIVA\u201d, publicado mediante <span style=\"color: #0000ff;\"><a style=\"color: #0000ff;\" href=\"http:\/\/portal.compraspublicas.gob.ec\/sercop\/wp-content\/uploads\/2016\/09\/Oficio-Circular-No.-80.pdf\">Oficio Circula<\/a>r<\/span> , debes catalogarte en el procedimiento <span style=\"color: #0000ff;\"><a style=\"color: #0000ff;\" href=\"https:\/\/www.compraspublicas.gob.ec\/ProcesoContratacion\/app\/webroot\/compras\/CR\/mostrarferia.cpe?idSoliCompra=kvNYwEXten1dbiQGVJFvGcnqe5VWjS_zcQLdV78WEPE,\">CDI-SERCOP-001-2016 <\/a><\/span>, por favor revisa las fichas t\u00e9cnicas donde se encuentran los requisitos m\u00ednimos de participaci\u00f3n, del siguiente producto:<\/p>\n<p style=\"text-align: left;\"><span style=\"color: #0000ff;\"><a style=\"color: #0000ff;\" href=\"http:\/\/portal.compraspublicas.gob.ec\/sercop\/wp-content\/uploads\/2016\/09\/Pantalon-indigo-con-cinta-reflectiva.pdf\">\u2022 Pantal\u00f3n \u00edndigo con cinta reflectiva <\/a><\/span><\/p>\n<p style=\"text-align: left;\">Los proveedores catalogados al procedimiento CDI-SERCOP-001-2016\u00a0 y est\u00e9n interesados en los productos descritos deben presentar:<\/p>\n<p style=\"text-align: left;\"><span style=\"color: #0000ff;\"><a style=\"color: #0000ff;\" href=\"http:\/\/portal.compraspublicas.gob.ec\/sercop\/wp-content\/uploads\/2016\/09\/manifestacion-de-interes-pantalon-indigo-con-cinta-reflectiva.doc\">1. Manifestaci\u00f3n de Inter\u00e9s <\/a><\/span><br \/>\n2. Presentar el formulario de Maquinaria de acuerdo a la <span style=\"color: #0000ff;\"><a style=\"color: #0000ff;\" href=\"http:\/\/portal.compraspublicas.gob.ec\/sercop\/wp-content\/uploads\/2016\/09\/manifestacion-de-interes-pantalon-indigo-con-cinta-reflectiva.doc\">tabla de equipamiento y herramientas<\/a><\/span><\/p>\n<p style=\"text-align: center;\">&#8212;&#8212;&#8212;&#8212;&#8212;&#8212;&#8212;&#8212;&#8212;&#8212;&#8212;&#8212;&#8212;&#8212;&#8212;&#8212;&#8212;&#8212;&#8212;&#8212;&#8212;&#8212;&#8212;&#8212;&#8212;&#8212;&#8212;&#8212;&#8212;&#8212;&#8212;&#8212;&#8212;&#8212;&#8212;&#8212;&#8212;&#8212;&#8212;&#8212;&#8212;&#8212;&#8212;&#8212;&#8212;&#8212;&#8212;&#8212;&#8212;<\/p>\n<p style=\"text-align: center;\"><strong><em>INCORPORACI\u00d3N DE OTROS PRODUCTOS DE ROPA DE TRABAJO SEPTIEMBRE 2016<\/em><\/strong><\/p>\n<p style=\"text-align: justify;\">Con el objetivo de adquirir el \u201cPRODUCTOS DE CONFECCI\u00d3N TEXTIL\u201d a los actores de la econom\u00eda popular y solidaria y artesanos, se desarroll\u00f3 el Cat\u00e1logo Inclusivo que agrupa este tipo de servicio, con este antecedente se presenta la incorporaci\u00f3n de nuevos productos al presente cat\u00e1logo.<\/p>\n<p style=\"text-align: justify;\">Si\u00a0 te interesa participar en el Cat\u00e1logo Inclusivo \u201cPRODUCTOS DE CONFECCI\u00d3N TEXTIL\u201d, publicado mediante <span style=\"color: #0000ff;\"><a style=\"color: #0000ff;\" href=\"http:\/\/portal.compraspublicas.gob.ec\/sercop\/wp-content\/uploads\/2016\/09\/oficio-circular.pdf\">Oficio Circular<\/a><\/span> adjunto, debes catalogarte en el procedimiento CDI-SERCOP-001-2016<em>,<\/em> por favor revisa los requisitos m\u00ednimos de participaci\u00f3n de las siguientes fichas t\u00e9cnicas:<\/p>\n<p style=\"text-align: justify; padding-left: 60px;\"><span style=\"color: #0000ff;\">&#8211;<a style=\"color: #0000ff;\" href=\"http:\/\/portal.compraspublicas.gob.ec\/sercop\/wp-content\/uploads\/2016\/09\/Ficha_T\u00e9cnica_Camiseta_Manga_Corta_Fluorescente_v1.pdf\">Camiseta Manga Corta con cinta reflectiva (Cuello Redondo o en V)<\/a><\/span><br \/>\n<span style=\"color: #0000ff;\"><a style=\"color: #0000ff;\" href=\"http:\/\/portal.compraspublicas.gob.ec\/sercop\/wp-content\/uploads\/2016\/09\/Ficha_T\u00e9cnica_Camiseta_Manga_Larga_Fluorescente_v1.pdf\">&#8211; Camiseta Manga Larga con cinta reflectiva (Cuello Redondo o en V)<\/a><\/span><br \/>\n<span style=\"color: #0000ff;\"><a style=\"color: #0000ff;\" href=\"http:\/\/portal.compraspublicas.gob.ec\/sercop\/wp-content\/uploads\/2016\/09\/Ficha_T\u00e9cnica_Chaleco_Multifunci\u00f3n..pdf\">&#8211; Chaleco multifunci\u00f3n con cinta reflectiva<\/a><\/span><br \/>\n<span style=\"color: #0000ff;\"><a style=\"color: #0000ff;\" href=\"http:\/\/portal.compraspublicas.gob.ec\/sercop\/wp-content\/uploads\/2016\/09\/Ficha_T\u00e9cnica_Chompa_Impermeable_V11.pdf\">&#8211; Chompa impermeable con cinta reflectiva<\/a><\/span><br \/>\n<span style=\"color: #0000ff;\"><a style=\"color: #0000ff;\" href=\"http:\/\/portal.compraspublicas.gob.ec\/sercop\/wp-content\/uploads\/2016\/09\/Ficha_T\u00e9cnica_Terno_Impermeable_V1.pdf\">&#8211; Terno impermeable con cinta reflectiva (Chompa y Pantal\u00f3n)<\/a><\/span><\/p>\n<p style=\"text-align: justify;\">proveedores catalogados al procedimiento CDI-SERCOP-001-2016, deben presentar.<br \/>\n<span style=\"color: #0000ff;\"><a style=\"color: #0000ff;\" href=\"http:\/\/portal.compraspublicas.gob.ec\/sercop\/wp-content\/uploads\/2016\/09\/manifestaci\u00f3n-de-inter\u00e9s-de-confecci\u00f3n-textil_-5-productos-1.docx\">1. Manifestaci\u00f3n de Inter\u00e9s<\/a><\/span><br \/>\n2.\u00a0\u00a0 \u00a0Presentar el formulario de Maquinaria de acuerdo a la tabla de equipamiento y m\u00e1quinas adjunto.<\/p>\n<p style=\"text-align: justify;\"><strong>INCORPORACI\u00d3N NUEVOS PROVEEDORES<\/strong><br \/>\n1.\u00a0\u00a0 \u00a0Lee y analiza el <span style=\"color: #0000ff;\"><a style=\"color: #0000ff;\" href=\"http:\/\/portal.compraspublicas.gob.ec\/sercop\/wp-content\/uploads\/2016\/09\/PLIEGO-CONFECCION-TEXTIL.docx\">pliego <\/a><\/span>detenidamente para que conozcas acerca del proceso de confecci\u00f3n textil.<br \/>\n2.\u00a0\u00a0 \u00a0Llena los formularios y requisitos de <span style=\"color: #0000ff;\"><a style=\"color: #0000ff;\" href=\"http:\/\/portal.compraspublicas.gob.ec\/sercop\/wp-content\/uploads\/2016\/09\/TABLA-DE-EQUIPAMIENTO-Y-MAQUINAS.docx\">equipamiento y herramientas<\/a><\/span> por producto que se solicitan en los pliegos. Recuerda que los formularios y los requisitos deben estar sumillados y numerados.<br \/>\n3.\u00a0\u00a0 \u00a0Elabora un oficio dirigido al Econ. Santiago V\u00e1squez, Director General del SERCOP, solicitando tu incorporaci\u00f3n al Cat\u00e1logo Din\u00e1mico Inclusivo (<span style=\"color: #0000ff;\"><a style=\"color: #0000ff;\" href=\"http:\/\/portal.compraspublicas.gob.ec\/sercop\/wp-content\/uploads\/2016\/09\/modelo-oficio-de-solicitud.docx\">Descarga modelo de oficio<\/a><\/span>).<\/p>\n<p>Entrega los documentos en un sobre cerrado en la ventanilla del SERCOP m\u00e1s cercana. <span style=\"color: #0000ff;\"><a style=\"color: #0000ff;\" href=\"http:\/\/portal.compraspublicas.gob.ec\/sercop\/contacto\/\"><em>Conoce d\u00f3nde estamos ubicados<\/em><\/a><\/span><\/p>\n<p style=\"text-align: justify;\">&#8212;&#8212;&#8212;&#8212;&#8212;&#8212;&#8212;&#8212;&#8212;&#8212;&#8212;&#8212;&#8212;&#8212;&#8212;&#8212;&#8212;&#8212;&#8212;&#8212;&#8212;&#8212;&#8212;&#8212;&#8212;&#8212;&#8212;&#8212;&#8212;&#8212;&#8212;&#8212;&#8212;&#8212;&#8212;&#8212;&#8212;&#8212;&#8212;&#8212;&#8212;&#8212;&#8212;&#8212;&#8212;&#8212;&#8212;&#8212;&#8212;<\/p>\n<p style=\"text-align: justify;\">Con el objetivo de adquirir ropa de trabajo a los actores de la econom\u00eda popular y solidaria y artesanos de la rama de confecci\u00f3n textil, se desarroll\u00f3 el Cat\u00e1logo Inclusivo que agrupa este tipo de prendas.<\/p>\n<p style=\"text-align: justify;\">Si\u00a0 te interesa participar en el Cat\u00e1logo Inclusivo \u201cRopa de Trabajo\u201d solicita tu inclusi\u00f3n presentando la manifestaci\u00f3n de inter\u00e9s, por favor lee y analiza las <span style=\"color: #0000ff;\"><a style=\"color: #0000ff;\" href=\"http:\/\/portal.compraspublicas.gob.ec\/sercop\/wp-content\/uploads\/2016\/03\/ropa_de_trabajo.pdf\">fichas t\u00e9cnicas de Ropa de Trabajo<\/a><\/span> en cada producto se encuentran los requisitos m\u00ednimos de participaci\u00f3n.<\/p>\n<p style=\"text-align: justify;\">Los proveedores catalogados al procedimiento <span style=\"color: #0000ff;\"><a style=\"color: #0000ff;\" href=\"http:\/\/portal.compraspublicas.gob.ec\/sercop\/wp-content\/uploads\/2016\/03\/OFICIO_CIRCULAR.pdf\">CDI-SERCOP-001-2016<\/a><\/span>, deben presentar.<\/p>\n<p style=\"text-align: justify;\"><span style=\"color: #0000ff;\"><a style=\"color: #0000ff;\" href=\"http:\/\/portal.compraspublicas.gob.ec\/sercop\/wp-content\/uploads\/2016\/06\/OFICIO_CIRCULAR-_CDI-2016-0041.pdf\">Oficio Circular No. SERCOP-CDI-2016-0041<\/a><\/span><\/p>\n<ol style=\"text-align: justify;\">\n<li><span style=\"color: #0000ff;\"><a style=\"color: #0000ff;\" href=\"http:\/\/portal.compraspublicas.gob.ec\/sercop\/wp-content\/uploads\/2016\/07\/MANIFESTACI\u00d3N-DE-INTER\u00c9S-OFICIO-CIRCULAR-SERCOP-CDI-001-2016.docx\">Manifestaci\u00f3n de Inter\u00e9s<\/a><\/span><\/li>\n<li>Presentar el formulario de Maquinaria de acuerdo a la <span style=\"color: #0000ff;\"><a style=\"color: #0000ff;\" href=\"http:\/\/portal.compraspublicas.gob.ec\/sercop\/wp-content\/uploads\/2016\/03\/TABLA-DE-EQUIPAMIENTO-Y-HERRAMIENTAS.docx\">tabla de equipamiento y herramientas<\/a><\/span><\/li>\n<li>El formulario de Maquinaria deber\u00e1 se llenado de acuerdo al<span style=\"color: #0000ff;\"><a style=\"color: #0000ff;\" href=\"http:\/\/portal.compraspublicas.gob.ec\/sercop\/wp-content\/uploads\/2016\/03\/CUADRO-DE-MAQUINARIA-M%C3%8DNIMA-POR-PRODUCTO.docx\"> Cuadro de maquinaria por producto<\/a><\/span><\/li>\n<\/ol>\n<ul style=\"text-align: justify;\">\n<li><strong>INCORPORACION NUEVOS PROVEEDORES<\/strong><\/li>\n<\/ul>\n<p style=\"text-align: justify;\">Para los nuevos proveedores presentar.<\/p>\n<ol>\n<li style=\"text-align: justify;\">Lee y analiza el pliego detenidamente para que conozcas qu\u00e9 producto o servicio se requiere en cada categor\u00eda<\/li>\n<li style=\"text-align: justify;\">Llena los formularios y requisitos que se solicitan en los pliegos. Recuerda que los formularios y los requisitos deben estar sumillados y numerados<\/li>\n<li style=\"text-align: justify;\">Elabora un oficio dirigido al Econ. Santiago V\u00e1squez, Director General del SERCOP, solicitando tu incorporaci\u00f3n al Cat\u00e1logo Din\u00e1mico Inclusivo (<span style=\"color: #0000ff;\"><a style=\"color: #0000ff;\" href=\"http:\/\/portal.compraspublicas.gob.ec\/sercop\/wp-content\/uploads\/2015\/07\/modelo-de-oficio.docx\">Descarga modelo de oficio<\/a><\/span>)<\/li>\n<li>Para los nuevos proveedores presentar.\n<ol style=\"text-align: justify;\">\n<li><span style=\"color: #0000ff;\"><a style=\"color: #0000ff;\" href=\"http:\/\/portal.compraspublicas.gob.ec\/sercop\/wp-content\/uploads\/2016\/07\/Formularios-nuevos-proveedores-CDI-SERCOP-001-2016.doc\">Formularios nuevos proveedores<\/a><\/span><\/li>\n<\/ol>\n<p style=\"text-align: justify;\">Entrega los documentos en un sobre cerrado en la ventanilla del SERCOP m\u00e1s cercana.<span style=\"color: #0000ff;\"><a style=\"color: #0000ff;\" href=\"http:\/\/portal.compraspublicas.gob.ec\/sercop\/contacto\/\">Conoce d\u00f3nde estamos ubicados<\/a><\/span><\/p>\n<\/li>\n<\/ol>\n<p>&nbsp;<\/p>\n<p><strong><em>INCORPORACI\u00d3N DE OTROS PRODUCTOS DE ROPA DE TRABAJO<\/em><\/strong><\/p>\n<p>Con el objetivo de adquirir el \u201cPRODUCTOS DE CONFECCI\u00d3N TEXTIL\u201d a los actores de la econom\u00eda popular y solidaria y artesanos, se desarroll\u00f3 el Cat\u00e1logo Inclusivo que agrupa este tipo de servicio, con este antecedente se presenta la incorporaci\u00f3n de nuevos productos al presente cat\u00e1logo.<\/p>\n<p>Si\u00a0 te interesa participar en el Cat\u00e1logo Inclusivo \u201cPRODUCTOS DE CONFECCI\u00d3N TEXTIL\u201d, publicado mediante los Oficios Circulares adjuntos, debes catalogarte en el procedimiento <a href=\"http:\/\/portal.compraspublicas.gob.ec\/sercop\/wp-content\/uploads\/2016\/03\/OFICIO_CIRCULAR.pdf\">CDI-SERCOP-001-2016<em>,<\/em><\/a> por favor revisa los requisitos m\u00ednimos de participaci\u00f3n de las siguientes fichas t\u00e9cnicas:<\/p>\n<p><span style=\"color: #0000ff;\">\u00a0\u00a0 <a style=\"color: #0000ff;\" href=\"http:\/\/portal.compraspublicas.gob.ec\/sercop\/wp-content\/uploads\/2016\/08\/Oficio-circular-SERCOP-CDI-2016-0036.pdf\">Oficio Circular No. SERCOP-CDI-2016-0036 <\/a><\/span><\/p>\n<ul>\n<li><span style=\"color: #0000ff;\"><a style=\"color: #0000ff;\" href=\"http:\/\/portal.compraspublicas.gob.ec\/sercop\/wp-content\/uploads\/2016\/06\/Ficha_CAMISA_MANGA_LARGA_Gabardina_100_Algodon.pdf\">Camisa Manga Larga Gabardina 100% algod\u00f3n<\/a><\/span><\/li>\n<li><span style=\"color: #0000ff;\"><a style=\"color: #0000ff;\" href=\"http:\/\/portal.compraspublicas.gob.ec\/sercop\/wp-content\/uploads\/2016\/06\/OVEROL_Gabardina-100_Algodon.pdf\">Overol Gabardina 100% algod\u00f3n<\/a><\/span><\/li>\n<\/ul>\n<p><span style=\"color: #0000ff;\">\u00a0\u00a0 <a style=\"color: #0000ff;\" href=\"http:\/\/portal.compraspublicas.gob.ec\/sercop\/wp-content\/uploads\/2016\/08\/Oficio-circular-SERCOP-CDI-2016-0065.pdf\">Oficio Circular No. SERCOP-CDI-2016-0065 <\/a><\/span><\/p>\n<ul>\n<li><span style=\"color: #0000ff;\"><a style=\"color: #0000ff;\" href=\"http:\/\/portal.compraspublicas.gob.ec\/sercop\/wp-content\/uploads\/2016\/11\/Mandil_100X100_ALGODON.pdf\">Mandil 100% Algod\u00f3n<\/a><\/span><\/li>\n<li><span style=\"color: #0000ff;\"><a style=\"color: #0000ff;\" href=\"http:\/\/portal.compraspublicas.gob.ec\/sercop\/wp-content\/uploads\/2016\/08\/PANTAL\u00d3N-INDIGO-SIN-CINTA-REFLECTIVA-3.pdf\">Pantal\u00f3n \u00cdndigo sin Cinta Reflectiva <\/a><\/span><\/li>\n<\/ul>\n<p>Los proveedores catalogados al procedimiento CDI-SERCOP-001-2016, deben presentar.<\/p>\n<ol>\n<li><span style=\"color: #0000ff;\"><a style=\"color: #0000ff;\" href=\"http:\/\/portal.compraspublicas.gob.ec\/sercop\/wp-content\/uploads\/2016\/08\/manifestaci\u00f3n-de-inter\u00e9s-de-confecci\u00f3n-textil_-4-productos.docx\">Manifestaci\u00f3n de Inter\u00e9s<\/a><\/span><\/li>\n<li>Presentar el formulario de Maquinaria de acuerdo a la <span style=\"color: #0000ff;\"><a style=\"color: #0000ff;\" href=\"http:\/\/portal.compraspublicas.gob.ec\/sercop\/wp-content\/uploads\/2016\/06\/TABLA-DE-EQUIPAMIENTO-Y-MAQUINAS.docx\">tabla de equipamiento y m\u00e1quinas<\/a><\/span><\/li>\n<li>El formulario de Maquinaria deber\u00e1 se llenado de acuerdo al <span style=\"color: #0000ff;\"><a style=\"color: #0000ff;\" href=\"http:\/\/portal.compraspublicas.gob.ec\/sercop\/wp-content\/uploads\/2016\/08\/CUADRO-DE-MAQUINARIA-M\u00cdNIMA-POR-PRODUCTO-4.docx\">Cuadro de maquinaria por producto<\/a> <\/span><\/li>\n<\/ol>\n<p><strong>INCORPORACI\u00d3N NUEVOS PROVEEDORES<\/strong><\/p>\n<ol>\n<li>Lee y analiza el <span style=\"color: #0000ff;\"><em><a style=\"color: #0000ff;\" href=\"http:\/\/portal.compraspublicas.gob.ec\/sercop\/wp-content\/uploads\/2016\/06\/PLIEGO-CONFECCION-TEXTIL.docx\">pliego<\/a><\/em><\/span> detenidamente para que conozcas acerca del proceso de confecci\u00f3n textil.<\/li>\n<li>Llena los <a href=\"http:\/\/portal.compraspublicas.gob.ec\/sercop\/wp-content\/uploads\/2016\/06\/FORMULARIO-DE-LA-OFERTA.docx\">f<span style=\"color: #0000ff;\">ormularios<\/span><\/a> y requisitos de <span style=\"color: #0000ff;\"><a style=\"color: #0000ff;\" href=\"http:\/\/portal.compraspublicas.gob.ec\/sercop\/wp-content\/uploads\/2016\/06\/TABLA-DE-EQUIPAMIENTO-Y-MAQUINAS.docx\">equipamiento y herramientas<\/a><\/span> por producto que se solicitan en los pliegos. Recuerda que los formularios y los requisitos deben estar sumillados y numerados.<\/li>\n<li>Elabora un oficio dirigido al Econ. Santiago V\u00e1squez, Director General del SERCOP, solicitando tu incorporaci\u00f3n al Cat\u00e1logo Din\u00e1mico Inclusivo <em>(<span style=\"color: #0000ff;\"><a style=\"color: #0000ff;\" href=\"http:\/\/portal.compraspublicas.gob.ec\/sercop\/wp-content\/uploads\/2016\/06\/modelo-oficio-de-solicitud.docx\">Descarga modelo de oficio<\/a><\/span>)<\/em>.<\/li>\n<\/ol>\n<p>Entrega los documentos en un sobre cerrado en la ventanilla del SERCOP m\u00e1s cercana. <span style=\"color: #0000ff;\"><a style=\"color: #0000ff;\" href=\"http:\/\/portal.compraspublicas.gob.ec\/sercop\/contacto\/\"><em>Conoce d\u00f3nde estamos ubicados<\/em><\/a><\/span><\/p>\n","protected":false},"excerpt":{"rendered":"<p class=\"excerpt\">\u00a0INCORPORACION PRODUCTOS AL 30 DE SEPTIEMBRE Si\u00a0 te interesa participar en el Cat\u00e1logo Inclusivo \u201cPRODUCTOS DE CONFECCI\u00d3N TEXTIL \u2013 PANTALON INDIGO CON CINTA REFLECTIVA\u201d, publicado mediante Oficio Circular , debes catalogarte en el procedimiento CDI-SERCOP-001-2016 , por favor revisa las fichas t\u00e9cnicas donde se encuentran los requisitos m\u00ednimos de participaci\u00f3n, del siguiente producto: \u2022 Pantal\u00f3n \u00edndigo con cinta reflectiva Los&hellip; <a href=\"https:\/\/portal.compraspublicas.gob.ec\/sercop\/ropa-de-trabajo\/\">Read more &rarr;<\/a><\/p>\n","protected":false},"author":1,"featured_media":0,"parent":0,"menu_order":0,"comment_status":"closed","ping_status":"closed","template":"catalogo.php","meta":[],"_links":{"self":[{"href":"https:\/\/portal.compraspublicas.gob.ec\/sercop\/wp-json\/wp\/v2\/pages\/12098"}],"collection":[{"href":"https:\/\/portal.compraspublicas.gob.ec\/sercop\/wp-json\/wp\/v2\/pages"}],"about":[{"href":"https:\/\/portal.compraspublicas.gob.ec\/sercop\/wp-json\/wp\/v2\/types\/page"}],"author":[{"embeddable":true,"href":"https:\/\/portal.compraspublicas.gob.ec\/sercop\/wp-json\/wp\/v2\/users\/1"}],"replies":[{"embeddable":true,"href":"https:\/\/portal.compraspublicas.gob.ec\/sercop\/wp-json\/wp\/v2\/comments?post=12098"}],"version-history":[{"count":0,"href":"https:\/\/portal.compraspublicas.gob.ec\/sercop\/wp-json\/wp\/v2\/pages\/12098\/revisions"}],"wp:attachment":[{"href":"https:\/\/portal.compraspublicas.gob.ec\/sercop\/wp-json\/wp\/v2\/media?parent=12098"}],"curies":[{"name":"wp","href":"https:\/\/api.w.org\/{rel}","templated":true}]}}