{"id":12165,"date":"2016-03-11T14:31:12","date_gmt":"2016-03-11T19:31:12","guid":{"rendered":"http:\/\/portal.compraspublicas.gob.ec\/sercop\/?page_id=12165"},"modified":"2016-03-11T15:03:24","modified_gmt":"2016-03-11T20:03:24","slug":"servicio-de-limpieza-de-unidades-educativas","status":"publish","type":"page","link":"https:\/\/portal.compraspublicas.gob.ec\/sercop\/servicio-de-limpieza-de-unidades-educativas\/","title":{"rendered":"Servicio de limpieza de unidades educativas"},"content":{"rendered":"<p style=\"text-align: justify;\"><a href=\"http:\/\/portal.compraspublicas.gob.ec\/sercop\/wp-content\/uploads\/2016\/03\/LIMPIEZA-EDUCATIVAS.png\"><img loading=\"lazy\" class=\"aligncenter size-full wp-image-12168\" src=\"http:\/\/portal.compraspublicas.gob.ec\/sercop\/wp-content\/uploads\/2016\/03\/LIMPIEZA-EDUCATIVAS.png\" alt=\"LIMPIEZA-EDUCATIVAS\" width=\"635\" height=\"215\" srcset=\"https:\/\/portal.compraspublicas.gob.ec\/sercop\/wp-content\/uploads\/2016\/03\/LIMPIEZA-EDUCATIVAS.png 635w, https:\/\/portal.compraspublicas.gob.ec\/sercop\/wp-content\/uploads\/2016\/03\/LIMPIEZA-EDUCATIVAS-300x102.png 300w\" sizes=\"(max-width: 635px) 100vw, 635px\" \/><\/a><\/p>\n<p style=\"text-align: justify;\"><span style=\"color: #000000;\">Con el objetivo de adquirir el \u201cServicio de limpieza\u201d a los actores de la econom\u00eda popular y solidaria y artesanos, se desarroll\u00f3 el Cat\u00e1logo Inclusivo que agrupa este tipo de servicio.<\/span><\/p>\n<p style=\"text-align: justify;\">Si\u00a0 te interesa participar en el Cat\u00e1logo Inclusivo <span style=\"color: #000000;\">\u201cServicios de limpieza de unidades educativas\u201d<\/span>, debes catalogarte en el procedimiento <span style=\"text-decoration: underline; color: #0000ff;\"><em><a style=\"color: #0000ff; text-decoration: underline;\" href=\"https:\/\/www.compraspublicas.gob.ec\/ProcesoContratacion\/compras\/PC\/informacionProcesoContratacion2.cpe?idSoliCompra=UEtHb0Q-w06UkZSYdr9sdr3EH-dObmPhV4rHhsq1Lso,\" target=\"_blank\">CDI-SERCOP-006-2016<\/a><\/em><\/span>. Por favor lee y analiza la <span style=\"text-decoration: underline; color: #0000ff;\"><em><a style=\"color: #0000ff; text-decoration: underline;\" href=\"http:\/\/portal.compraspublicas.gob.ec\/sercop\/wp-content\/uploads\/2016\/03\/ficha-tecnica-limpieza-educativas.pdf\" target=\"_blank\">ficha t\u00e9cnica<\/a><\/em><\/span> donde se encuentran los requisitos m\u00ednimos de participaci\u00f3n.<\/p>\n<ul style=\"text-align: justify;\">\n<li><strong>INCORPORACION NUEVOS PROVEEDORES<\/strong><\/li>\n<\/ul>\n<ol>\n<li style=\"text-align: justify;\">Lee y analiza el <span style=\"text-decoration: underline; color: #0000ff;\"><em><a style=\"color: #0000ff; text-decoration: underline;\" href=\"https:\/\/www.compraspublicas.gob.ec\/ProcesoContratacion\/compras\/CR\/mostrarferia.cpe?idSoliCompra=oCC4YXRhkrk7onYLvqSBl2MyEuW0M2FtDYWY9upagLs,\" target=\"_blank\">pliego<\/a><\/em><\/span> detenidamente para que conozcas qu\u00e9 producto o servicio se requiere en cada categor\u00eda<\/li>\n<li style=\"text-align: justify;\">Llena los formularios y requisitos que se solicitan en los pliegos. Recuerda que los formularios y los requisitos deben estar sumillados y numerados<\/li>\n<li>Elabora un oficio dirigido al Econ. Santiago V\u00e1squez, Director General del SERCOP, solicitando tu incorporaci\u00f3n al Cat\u00e1logo Din\u00e1mico Inclusivo (<span style=\"color: #0000ff;\"><a style=\"color: #0000ff;\" href=\"http:\/\/portal.compraspublicas.gob.ec\/sercop\/wp-content\/uploads\/2015\/07\/modelo-de-oficio.docx\" target=\"_blank\"><span style=\"text-decoration: underline;\"><em>Descarga modelo de oficio<\/em><\/span><\/a><\/span>)\n<p style=\"text-align: justify;\">Entrega los documentos en un sobre cerrado en la ventanilla del SERCOP m\u00e1s cercana. <span style=\"text-decoration: underline; color: #0000ff;\"><em><a style=\"color: #0000ff; text-decoration: underline;\" href=\"http:\/\/portal.compraspublicas.gob.ec\/sercop\/contacto\/\">Conoce d\u00f3nde estamos ubicados<\/a><\/em><\/span><\/p>\n<\/li>\n<\/ol>\n","protected":false},"excerpt":{"rendered":"<p class=\"excerpt\">Con el objetivo de adquirir el \u201cServicio de limpieza\u201d a los actores de la econom\u00eda popular y solidaria y artesanos, se desarroll\u00f3 el Cat\u00e1logo Inclusivo que agrupa este tipo de servicio. Si\u00a0 te interesa participar en el Cat\u00e1logo Inclusivo \u201cServicios de limpieza de unidades educativas\u201d, debes catalogarte en el procedimiento CDI-SERCOP-006-2016. Por favor lee y analiza la ficha t\u00e9cnica donde&hellip; <a href=\"https:\/\/portal.compraspublicas.gob.ec\/sercop\/servicio-de-limpieza-de-unidades-educativas\/\">Read more &rarr;<\/a><\/p>\n","protected":false},"author":1,"featured_media":0,"parent":0,"menu_order":0,"comment_status":"closed","ping_status":"closed","template":"catalogo.php","meta":[],"_links":{"self":[{"href":"https:\/\/portal.compraspublicas.gob.ec\/sercop\/wp-json\/wp\/v2\/pages\/12165"}],"collection":[{"href":"https:\/\/portal.compraspublicas.gob.ec\/sercop\/wp-json\/wp\/v2\/pages"}],"about":[{"href":"https:\/\/portal.compraspublicas.gob.ec\/sercop\/wp-json\/wp\/v2\/types\/page"}],"author":[{"embeddable":true,"href":"https:\/\/portal.compraspublicas.gob.ec\/sercop\/wp-json\/wp\/v2\/users\/1"}],"replies":[{"embeddable":true,"href":"https:\/\/portal.compraspublicas.gob.ec\/sercop\/wp-json\/wp\/v2\/comments?post=12165"}],"version-history":[{"count":0,"href":"https:\/\/portal.compraspublicas.gob.ec\/sercop\/wp-json\/wp\/v2\/pages\/12165\/revisions"}],"wp:attachment":[{"href":"https:\/\/portal.compraspublicas.gob.ec\/sercop\/wp-json\/wp\/v2\/media?parent=12165"}],"curies":[{"name":"wp","href":"https:\/\/api.w.org\/{rel}","templated":true}]}}