{"id":12202,"date":"2016-03-16T18:45:02","date_gmt":"2016-03-16T23:45:02","guid":{"rendered":"http:\/\/portal.compraspublicas.gob.ec\/sercop\/?page_id=12202"},"modified":"2016-11-15T16:25:48","modified_gmt":"2016-11-15T21:25:48","slug":"12202-2","status":"publish","type":"page","link":"https:\/\/portal.compraspublicas.gob.ec\/sercop\/12202-2\/","title":{"rendered":"Servicios de mantenimiento de areas verdes y jardines (parques, plazas, redondeles, parterres)"},"content":{"rendered":"<p><a href=\"http:\/\/portal.compraspublicas.gob.ec\/sercop\/wp-content\/uploads\/2016\/03\/Afinando_detalle1.png\"><img loading=\"lazy\" class=\"aligncenter  wp-image-12203\" src=\"http:\/\/portal.compraspublicas.gob.ec\/sercop\/wp-content\/uploads\/2016\/03\/Afinando_detalle1.png\" alt=\"Afinando_detalle\" width=\"985\" height=\"362\" srcset=\"https:\/\/portal.compraspublicas.gob.ec\/sercop\/wp-content\/uploads\/2016\/03\/Afinando_detalle1.png 1600w, https:\/\/portal.compraspublicas.gob.ec\/sercop\/wp-content\/uploads\/2016\/03\/Afinando_detalle1-300x110.png 300w, https:\/\/portal.compraspublicas.gob.ec\/sercop\/wp-content\/uploads\/2016\/03\/Afinando_detalle1-1024x376.png 1024w\" sizes=\"(max-width: 985px) 100vw, 985px\" \/><\/a><\/p>\n<p>Con el objetivo de adquirir \u201cSERVICIOS DE MANTENIMIENTO\u201d a los actores de la econom\u00eda popular y solidaria, se desarroll\u00f3 el Cat\u00e1logo Inclusivo que agrupa este tipo de servicios.<\/p>\n<p>Si\u00a0 te interesa participar en el Cat\u00e1logo Inclusivo <span style=\"color: #333333;\">\u201cSERVICIOS DE MANTENIMIENTO DE AREAS VERDES Y JARDINES (PARQUES, PLAZAS, REDONDELES, PARTERRES)\u201d<\/span>, debes catalogarte en el procedimiento<span style=\"color: #0000ff;\"><a style=\"color: #0000ff;\" href=\"https:\/\/www.compraspublicas.gob.ec\/ProcesoContratacion\/app\/webroot\/compras\/CR\/mostrarferia.cpe?idSoliCompra=y6YlRj3bSx0Y3-3UaG9pwOf6uHKCZEMi4itEy1SM4Xc,\"><span style=\"color: #0000ff;\"> CDI-SERCOP-005-2016<\/span>.<\/a><\/span><\/p>\n<p>Por favor revisa las <span style=\"color: #0000ff;\"><em><u><a style=\"color: #0000ff;\" href=\"http:\/\/portal.compraspublicas.gob.ec\/sercop\/wp-content\/uploads\/2016\/05\/ficha_tecnica_Mant_Parques_y_Jardines.pdf\">fichas t\u00e9cnicas<\/a><\/u> <\/em><\/span>publicadas mediante <span style=\"color: #0000ff;\"><a style=\"color: #0000ff;\" href=\"http:\/\/portal.compraspublicas.gob.ec\/sercop\/wp-content\/uploads\/2016\/05\/OFICIO-CIRCULAR1.pdf\"><span style=\"color: #0000ff;\"><u>Oficio Circular No. SERCOP-CDI-2016-<\/u>0008<\/span>.<\/a><\/span><\/p>\n<p>Los proveedores catalogados al procedimiento\u00a0<a href=\"http:\/\/portal.compraspublicas.gob.ec\/sercop\/wp-content\/uploads\/2016\/03\/OFICIO_CIRCULAR.pdf\">CDI-SERCOP-005-2016<\/a>,\u00a0deben presentar:<\/p>\n<ol>\n<li><span style=\"color: #0000ff;\"><a style=\"color: #0000ff;\" href=\"http:\/\/portal.compraspublicas.gob.ec\/sercop\/wp-content\/uploads\/2016\/11\/Manifestaci\u00f3n_Interes_-Mantenimiento_Parques_jardines_publ1.docx\">Manifestaci\u00f3n de Inter\u00e9s<\/a>.<\/span><\/li>\n<li>Presentar el formulario de Maquinaria de acuerdo a la\u00a0<a href=\"http:\/\/portal.compraspublicas.gob.ec\/sercop\/wp-content\/uploads\/2016\/03\/TABLA-DE-EQUIPAMIENTO-Y-HERRAMIENTAS.docx\">tabla de equipamiento y herramientas<\/a>.<\/li>\n<li>El formulario de Maquinaria deber\u00e1 ser llenado de acuerdo al<a href=\"http:\/\/portal.compraspublicas.gob.ec\/sercop\/wp-content\/uploads\/2016\/03\/CUADRO-DE-MAQUINARIA-M%C3%8DNIMA-POR-PRODUCTO.docx\">\u00a0Cuadro de maquinaria por producto<\/a><\/li>\n<\/ol>\n<p><strong>Para los nuevos proveedores:<\/strong><\/p>\n<ol>\n<li>Lee y analiza el <span style=\"color: #0000ff;\"><a style=\"color: #0000ff;\" href=\"http:\/\/portal.compraspublicas.gob.ec\/sercop\/wp-content\/uploads\/2016\/05\/PLIEGOS.docx\">pliego<\/a><\/span> detenidamente para que conozcas qu\u00e9 producto o servicio se requiere en cada categor\u00eda<\/li>\n<li>Llena los formularios y requisitos que se solicitan en los pliegos. Recuerda que los formularios y los requisitos deben estar sumillados y numerados<\/li>\n<li>Elabora un oficio dirigido al Econ. Santiago V\u00e1squez, Director General del SERCOP, solicitando tu incorporaci\u00f3n al Cat\u00e1logo Din\u00e1mico Inclusivo (<span style=\"color: #0000ff;\"><a style=\"color: #0000ff;\" href=\"http:\/\/portal.compraspublicas.gob.ec\/sercop\/wp-content\/uploads\/2016\/05\/modelo-de-oficio.docx\">Descarga modelo de oficio<\/a><\/span>)<\/li>\n<\/ol>\n<p>Entrega los documentos en un sobre cerrado en la ventanilla del SERCOP m\u00e1s cercana.<span style=\"color: #0000ff;\"><a style=\"color: #0000ff;\" href=\"http:\/\/portal.compraspublicas.gob.ec\/sercop\/contacto\/\">Conoce d\u00f3nde estamos ubicados<\/a><\/span><\/p>\n","protected":false},"excerpt":{"rendered":"<p class=\"excerpt\">Con el objetivo de adquirir \u201cSERVICIOS DE MANTENIMIENTO\u201d a los actores de la econom\u00eda popular y solidaria, se desarroll\u00f3 el Cat\u00e1logo Inclusivo que agrupa este tipo de servicios. Si\u00a0 te interesa participar en el Cat\u00e1logo Inclusivo \u201cSERVICIOS DE MANTENIMIENTO DE AREAS VERDES Y JARDINES (PARQUES, PLAZAS, REDONDELES, PARTERRES)\u201d, debes catalogarte en el procedimiento CDI-SERCOP-005-2016. Por favor revisa las fichas t\u00e9cnicas&hellip; <a href=\"https:\/\/portal.compraspublicas.gob.ec\/sercop\/12202-2\/\">Read more &rarr;<\/a><\/p>\n","protected":false},"author":1,"featured_media":0,"parent":0,"menu_order":0,"comment_status":"closed","ping_status":"closed","template":"catalogo.php","meta":[],"_links":{"self":[{"href":"https:\/\/portal.compraspublicas.gob.ec\/sercop\/wp-json\/wp\/v2\/pages\/12202"}],"collection":[{"href":"https:\/\/portal.compraspublicas.gob.ec\/sercop\/wp-json\/wp\/v2\/pages"}],"about":[{"href":"https:\/\/portal.compraspublicas.gob.ec\/sercop\/wp-json\/wp\/v2\/types\/page"}],"author":[{"embeddable":true,"href":"https:\/\/portal.compraspublicas.gob.ec\/sercop\/wp-json\/wp\/v2\/users\/1"}],"replies":[{"embeddable":true,"href":"https:\/\/portal.compraspublicas.gob.ec\/sercop\/wp-json\/wp\/v2\/comments?post=12202"}],"version-history":[{"count":0,"href":"https:\/\/portal.compraspublicas.gob.ec\/sercop\/wp-json\/wp\/v2\/pages\/12202\/revisions"}],"wp:attachment":[{"href":"https:\/\/portal.compraspublicas.gob.ec\/sercop\/wp-json\/wp\/v2\/media?parent=12202"}],"curies":[{"name":"wp","href":"https:\/\/api.w.org\/{rel}","templated":true}]}}