{"id":12305,"date":"2016-03-24T13:00:21","date_gmt":"2016-03-24T18:00:21","guid":{"rendered":"http:\/\/portal.compraspublicas.gob.ec\/sercop\/?page_id=12305"},"modified":"2016-04-01T16:12:09","modified_gmt":"2016-04-01T21:12:09","slug":"cronograma-evaluaciones-tecnicas-y-psicometricas-5","status":"publish","type":"page","link":"https:\/\/portal.compraspublicas.gob.ec\/sercop\/cronograma-evaluaciones-tecnicas-y-psicometricas-5\/","title":{"rendered":"Cronograma Evaluaci\u00f3nes T\u00e9cnicas y Psicom\u00e9tricas"},"content":{"rendered":"<h3 style=\"text-align: center;\"><a>5ta. Convocatoria<\/a><\/h3>\n<h3 style=\"text-align: center;\">Cronograma Evaluaci\u00f3nes T\u00e9cnicas y Psicom\u00e9tricas<\/h3>\n<p>&nbsp;<\/p>\n<table style=\"height: 609px;\" width=\"646\">\n<tbody>\n<tr>\n<td width=\"243\">\n<p style=\"text-align: center;\"><span style=\"color: #0000ff;\"><a style=\"color: #0000ff;\" href=\"http:\/\/portal.compraspublicas.gob.ec\/sercop\/wp-content\/uploads\/2016\/04\/ANALISTA_DE_ASESORIA_JURIDICA_ZONAL_ESMERALDAS.pdf\">Analista de Asesor\u00eda Jur\u00eddica Zonal<\/a><\/span><\/p>\n<\/td>\n<td width=\"93\">\n<p style=\"text-align: center;\">ESMERALDAS<\/p>\n<\/td>\n<\/tr>\n<tr>\n<td width=\"243\">\n<p style=\"text-align: center;\"><span style=\"color: #0000ff;\"><a style=\"color: #0000ff;\" href=\"http:\/\/portal.compraspublicas.gob.ec\/sercop\/wp-content\/uploads\/2016\/03\/CRONOGRAMA_PRUEBAS_ANALIS_SUPERVISION_ESMERALDAS.pdf\">Analista de Supervisi\u00f3n de Procedimientos Zonal<\/a><\/span><\/p>\n<\/td>\n<td width=\"93\">\n<p style=\"text-align: center;\">ESMERALDAS<\/p>\n<\/td>\n<\/tr>\n<tr>\n<td width=\"243\">\n<p style=\"text-align: center;\"><span style=\"color: #0000ff;\"><a style=\"color: #0000ff;\" href=\"http:\/\/portal.compraspublicas.gob.ec\/sercop\/wp-content\/uploads\/2016\/03\/ANALISTA-DE-CONOCIMIENTO-ZONAL-IBARRA.pdf\">Analista de Conocimiento de la Contrataci\u00f3n P\u00fablica Zonal<\/a><\/span><\/p>\n<\/td>\n<td width=\"93\">\n<p style=\"text-align: center;\">IMBABURA<\/p>\n<\/td>\n<\/tr>\n<tr>\n<td width=\"243\">\n<p style=\"text-align: center;\"><span style=\"color: #0000ff;\"><a style=\"color: #0000ff;\" href=\"http:\/\/portal.compraspublicas.gob.ec\/sercop\/wp-content\/uploads\/2016\/03\/CRONOGRAMA_PRUEBAS_SUPERVISION_AMBATO_1.1OK.pdf\">1 Analista de Supervisi\u00f3n de Procedimientos Zonal<\/a><\/span><\/p>\n<p style=\"text-align: center;\"><span style=\"color: #0000ff;\"><a style=\"color: #0000ff;\" href=\"http:\/\/portal.compraspublicas.gob.ec\/sercop\/wp-content\/uploads\/2016\/03\/CRONOGRAMA_PRUEBAS_SUPERVISION_AMBATO_2_OK.pdf\">2 Analista de Supervisi\u00f3n de Procedimientos Zonal<\/a><\/span><\/p>\n<p style=\"text-align: center;\"><span style=\"color: #0000ff;\"><a style=\"color: #0000ff;\" href=\"http:\/\/portal.compraspublicas.gob.ec\/sercop\/wp-content\/uploads\/2016\/03\/CRONOGRAMA_PRUEBAS_SUPERVISION_AMBATO_3_OK.pdf\">3 Analista de Supervisi\u00f3n de Procedimientos Zonal<\/a><\/span><\/p>\n<\/td>\n<td width=\"93\">\n<p style=\"text-align: center;\">TUNGURAHUA<\/p>\n<\/td>\n<\/tr>\n<tr>\n<td width=\"243\">\n<p style=\"text-align: center;\"><span style=\"color: #0000ff;\"><a style=\"color: #0000ff;\" href=\"http:\/\/portal.compraspublicas.gob.ec\/sercop\/wp-content\/uploads\/2016\/03\/ANALISTA_DE_SUPERVISION_GUAYAS.pdf\">Analista de Supervisi\u00f3n de Procedimientos Zonal<\/a><\/span><\/p>\n<\/td>\n<td width=\"93\">\n<p style=\"text-align: center;\">GUAYAS<\/p>\n<\/td>\n<\/tr>\n<tr>\n<td width=\"243\">\n<p style=\"text-align: center;\"><span style=\"color: #0000ff;\"><a style=\"color: #0000ff;\" href=\"http:\/\/portal.compraspublicas.gob.ec\/sercop\/wp-content\/uploads\/2016\/03\/ANALISTA_DE_SUPERVISION_CUENCA.pdf\">Analista de Supervisi\u00f3n de Procedimientos Zonal<\/a><\/span><\/p>\n<\/td>\n<td width=\"93\">\n<p style=\"text-align: center;\">AZUAY<\/p>\n<\/td>\n<\/tr>\n<tr>\n<td width=\"243\">\n<p style=\"text-align: center;\"><span style=\"color: #0000ff;\"><a style=\"color: #0000ff;\" href=\"http:\/\/portal.compraspublicas.gob.ec\/sercop\/wp-content\/uploads\/2016\/03\/ANALISTA_DE_SUPERVISON_MANABI.pdf\">Analista de Supervisi\u00f3n de Procedimientos Zonal<\/a><\/span><\/p>\n<\/td>\n<td width=\"93\">\n<p style=\"text-align: center;\">MANABI<\/p>\n<\/td>\n<\/tr>\n<tr>\n<td width=\"243\">\n<p style=\"text-align: center;\"><span style=\"color: #0000ff;\"><a style=\"color: #0000ff;\" href=\"http:\/\/portal.compraspublicas.gob.ec\/sercop\/wp-content\/uploads\/2016\/03\/CRONOGRAMA_PRUEBAS_ASIST_ATENCION_USUARIO_LOJA_1.pdf\">1 Atenci\u00f3n al usuario<\/a><\/span><\/p>\n<p style=\"text-align: center;\"><span style=\"color: #0000ff;\"><a style=\"color: #0000ff;\" href=\"http:\/\/portal.compraspublicas.gob.ec\/sercop\/wp-content\/uploads\/2016\/03\/CRONOGRAMA_PRUEBAS_ASIST_ATENCION_USUARIO_LOJA_2.pdf\">2 Atenci\u00f3n al usuario<\/a><\/span><\/p>\n<\/td>\n<td width=\"93\">\n<p style=\"text-align: center;\">LOJA<\/p>\n<\/td>\n<\/tr>\n<tr>\n<td width=\"243\">\n<p style=\"text-align: center;\"><span style=\"color: #0000ff;\"><a style=\"color: #0000ff;\" href=\"http:\/\/portal.compraspublicas.gob.ec\/sercop\/wp-content\/uploads\/2016\/03\/ATENCION-AL-USUARIO-GUAYAQUIL.pdf\">Atenci\u00f3n al usuario<\/a><\/span><\/p>\n<\/td>\n<td width=\"93\">\n<p style=\"text-align: center;\">GUAYAS<\/p>\n<\/td>\n<\/tr>\n<\/tbody>\n<\/table>\n","protected":false},"excerpt":{"rendered":"<p class=\"excerpt\">5ta. Convocatoria Cronograma Evaluaci\u00f3nes T\u00e9cnicas y Psicom\u00e9tricas &nbsp; Analista de Asesor\u00eda Jur\u00eddica Zonal ESMERALDAS Analista de Supervisi\u00f3n de Procedimientos Zonal ESMERALDAS Analista de Conocimiento de la Contrataci\u00f3n P\u00fablica Zonal IMBABURA 1 Analista de Supervisi\u00f3n de Procedimientos Zonal 2 Analista de Supervisi\u00f3n de Procedimientos Zonal 3 Analista de Supervisi\u00f3n de Procedimientos Zonal TUNGURAHUA Analista de Supervisi\u00f3n de Procedimientos Zonal GUAYAS Analista&hellip; <a href=\"https:\/\/portal.compraspublicas.gob.ec\/sercop\/cronograma-evaluaciones-tecnicas-y-psicometricas-5\/\">Read more &rarr;<\/a><\/p>\n","protected":false},"author":1,"featured_media":0,"parent":0,"menu_order":0,"comment_status":"closed","ping_status":"closed","template":"meritos.php","meta":[],"_links":{"self":[{"href":"https:\/\/portal.compraspublicas.gob.ec\/sercop\/wp-json\/wp\/v2\/pages\/12305"}],"collection":[{"href":"https:\/\/portal.compraspublicas.gob.ec\/sercop\/wp-json\/wp\/v2\/pages"}],"about":[{"href":"https:\/\/portal.compraspublicas.gob.ec\/sercop\/wp-json\/wp\/v2\/types\/page"}],"author":[{"embeddable":true,"href":"https:\/\/portal.compraspublicas.gob.ec\/sercop\/wp-json\/wp\/v2\/users\/1"}],"replies":[{"embeddable":true,"href":"https:\/\/portal.compraspublicas.gob.ec\/sercop\/wp-json\/wp\/v2\/comments?post=12305"}],"version-history":[{"count":0,"href":"https:\/\/portal.compraspublicas.gob.ec\/sercop\/wp-json\/wp\/v2\/pages\/12305\/revisions"}],"wp:attachment":[{"href":"https:\/\/portal.compraspublicas.gob.ec\/sercop\/wp-json\/wp\/v2\/media?parent=12305"}],"curies":[{"name":"wp","href":"https:\/\/api.w.org\/{rel}","templated":true}]}}