{"id":12673,"date":"2016-04-08T13:04:43","date_gmt":"2016-04-08T18:04:43","guid":{"rendered":"http:\/\/portal.compraspublicas.gob.ec\/sercop\/?page_id=12673"},"modified":"2016-10-13T09:48:56","modified_gmt":"2016-10-13T14:48:56","slug":"fabricacion-de-mobiliario-escolar-en-madera-y-metal-2","status":"publish","type":"page","link":"https:\/\/portal.compraspublicas.gob.ec\/sercop\/fabricacion-de-mobiliario-escolar-en-madera-y-metal-2\/","title":{"rendered":"Fabricaci\u00f3n de mobiliario escolar en madera y metal"},"content":{"rendered":"<p><img loading=\"lazy\" class=\"alignnone\" src=\"http:\/\/portal.compraspublicas.gob.ec\/sercop\/wp-content\/uploads\/2016\/03\/22979196222_5efec80937_o1.jpg\" alt=\"\" width=\"685\" height=\"232\" \/><\/p>\n<p style=\"text-align: justify;\">Con el objetivo de adquirir los bienes de \u201cFABRICACI\u00d3N DE MOBILIARIO ESCOLAR EN MADERA Y METAL\u201d a los actores de la econom\u00eda popular y solidaria y artesanos, se desarroll\u00f3 el Cat\u00e1logo Inclusivo que agrupa este tipo de servicio, con este antecedente se presenta la incorporaci\u00f3n de nuevos productos al presente cat\u00e1logo.<\/p>\n<p style=\"text-align: justify;\">Si\u00a0 te interesa participar en el Cat\u00e1logo Inclusivo \u201cSERVICIO DE METALMEC\u00c1NICA\u201d en el producto \u201cFABRICACI\u00d3N DE MOBILIARIO ESCOLAR EN MADERA Y METAL\u201d, publicado mediante <span style=\"color: #0000ff;\"><a style=\"color: #0000ff;\" href=\"http:\/\/portal.compraspublicas.gob.ec\/sercop\/wp-content\/uploads\/2016\/10\/Oficio-Circular-SERCOP-CDI-2016-088.pdf\">Oficio Circular<\/a><\/span>\u00a0 adjunto, debes catalogarte en el procedimiento CDI-SERCOP-005-2015, por favor revisa los requisitos m\u00ednimos de participaci\u00f3n de las siguientes fichas t\u00e9cnicas:<\/p>\n<p style=\"text-align: justify;\"><span style=\"color: #0000ff;\"><a style=\"color: #0000ff;\" href=\"http:\/\/portal.compraspublicas.gob.ec\/sercop\/wp-content\/uploads\/2016\/10\/FICHA_TECNICA_BASURERO_ADMINISTRATIVO.pdf\">1. BASURERO INDIVIDUAL ADMINISTRATIVO<\/a><\/span><br \/>\n<span style=\"color: #0000ff;\"><a style=\"color: #0000ff;\" href=\"http:\/\/portal.compraspublicas.gob.ec\/sercop\/wp-content\/uploads\/2016\/10\/FICHA_TECNICA_BASURERO_AULAS_Y_LABORATORIO.pdf\"> 2. BASURERO INDIVIDUAL PARA AULAS Y LABORATORIO<\/a><\/span><br \/>\n<span style=\"color: #0000ff;\"><a style=\"color: #0000ff;\" href=\"http:\/\/portal.compraspublicas.gob.ec\/sercop\/wp-content\/uploads\/2016\/10\/FICHA_TECNICA_BASURERO_BANOS.pdf\"> 3. BASURERO INDIVIDUAL PARA BA\u00d1OS<\/a><\/span><br \/>\n<span style=\"color: #0000ff;\"><a style=\"color: #0000ff;\" href=\"http:\/\/portal.compraspublicas.gob.ec\/sercop\/wp-content\/uploads\/2016\/10\/FICHA_TECNICA_CABALLETE.pdf\"> 4. CABALLETE<\/a><\/span><br \/>\n<span style=\"color: #0000ff;\"><a style=\"color: #0000ff;\" href=\"http:\/\/portal.compraspublicas.gob.ec\/sercop\/wp-content\/uploads\/2016\/10\/FICHA_TECNICA_CAMA_DIDACTICA.pdf\"> 5. CAMA DID\u00c1CTICA<\/a><\/span><br \/>\n<span style=\"color: #0000ff;\"><a style=\"color: #0000ff;\" href=\"http:\/\/portal.compraspublicas.gob.ec\/sercop\/wp-content\/uploads\/2016\/10\/FICHA_TECNICA_CASILLERO_PARA_ESTUDIANTE_MADERA.pdf\"> 6. CASILLERO PARA ESTUDIANTE \u2013 MADERA<\/a><\/span><br \/>\n<span style=\"color: #0000ff;\"><a style=\"color: #0000ff;\" href=\"http:\/\/portal.compraspublicas.gob.ec\/sercop\/wp-content\/uploads\/2016\/10\/FICHA_TECNICA_CASILLEROS_METALICOS.pdf\"> 7. CASILLERO MET\u00c1LICO<\/a><\/span><br \/>\n<span style=\"color: #0000ff;\"><a style=\"color: #0000ff;\" href=\"http:\/\/portal.compraspublicas.gob.ec\/sercop\/wp-content\/uploads\/2016\/10\/FICHA_TECNICA_COCINA_DIDACTICA.pdf\"> 8. COCINA DID\u00c1CTICA<\/a><\/span><br \/>\n<span style=\"color: #0000ff;\"><a style=\"color: #0000ff;\" href=\"http:\/\/portal.compraspublicas.gob.ec\/sercop\/wp-content\/uploads\/2016\/10\/FICHA_TECNICA_MICROONDAS_DIDACTICO.pdf\"> 9. MICROONDAS DID\u00c1CTICO<\/a><\/span><br \/>\n<span style=\"color: #0000ff;\"><a style=\"color: #0000ff;\" href=\"http:\/\/portal.compraspublicas.gob.ec\/sercop\/wp-content\/uploads\/2016\/10\/FICHA_TECNICA_REFRIGERADORA.pdf\"> 10. REFRIGERADORA DID\u00c1CTICA<\/a><\/span><br \/>\n<span style=\"color: #0000ff;\"><a style=\"color: #0000ff;\" href=\"http:\/\/portal.compraspublicas.gob.ec\/sercop\/wp-content\/uploads\/2016\/10\/FICHA_TECNICA_REPISA_DOBLE_CARA.pdf\"> 11. REPISA DOBLE CARA<\/a><\/span><br \/>\n<span style=\"color: #0000ff;\"><a style=\"color: #0000ff;\" href=\"http:\/\/portal.compraspublicas.gob.ec\/sercop\/wp-content\/uploads\/2016\/10\/FICHA_TECNICA_REPISA_UNA_CARA.pdf\"> 12. REPISA UNA CARA<\/a><\/span><br \/>\n<span style=\"color: #0000ff;\"><a style=\"color: #0000ff;\" href=\"http:\/\/portal.compraspublicas.gob.ec\/sercop\/wp-content\/uploads\/2016\/10\/FICHA_TECNICA_SILLA_PARA_DOCENTE.pdf\"> 13. SILLA PARA DOCENTE<\/a><\/span><br \/>\n<span style=\"color: #0000ff;\"><a style=\"color: #0000ff;\" href=\"http:\/\/portal.compraspublicas.gob.ec\/sercop\/wp-content\/uploads\/2016\/10\/FICHA_TECNICA_SOPORTE_PARA_FRUTERO_DIDACTICO.pdf\"> 14. SOPORTE PARA FRUTERO DID\u00c1CTICO<\/a><\/span><br \/>\n<span style=\"color: #0000ff;\"><a style=\"color: #0000ff;\" href=\"http:\/\/portal.compraspublicas.gob.ec\/sercop\/wp-content\/uploads\/2016\/10\/FICHA_TECNICA_TABLERO_DE_CORCHO.pdf\"> 15. TABLERO DE CORCHO<\/a><\/span><br \/>\n<span style=\"color: #0000ff;\"><a style=\"color: #0000ff;\" href=\"http:\/\/portal.compraspublicas.gob.ec\/sercop\/wp-content\/uploads\/2016\/10\/FICHA_TECNICA_TABURETE_PARA_ALUMNO.pdf\"> 16. TABURETE PARA ALUMNO<\/a><\/span><\/p>\n<p style=\"text-align: justify;\">Los proveedores catalogados al procedimiento CDI-SERCOP-005-2015, deben presentar:<\/p>\n<p style=\"text-align: justify;\">1. <span style=\"color: #0000ff;\"><a style=\"color: #0000ff;\" href=\"http:\/\/portal.compraspublicas.gob.ec\/sercop\/wp-content\/uploads\/2016\/10\/manifestaci\u00f3n_de_interes_mobiliario_escolar.doc\">Manifestaci\u00f3n de Inter\u00e9s<\/a><\/span>\u00a0 en la cual se anexa el formulario de maquinar\u00eda m\u00ednima y el listado de empleados o socios, los cuales deben ser presentados de acuerdo a lo requerido en las fichas.<\/p>\n<p style=\"text-align: justify;\"><strong>INCORPORACI\u00d3N NUEVOS PROVEEDORES<\/strong><\/p>\n<ol style=\"text-align: justify;\">\n<li>Lee y analiza el <span style=\"color: #0000ff;\"><em><a style=\"color: #0000ff;\" href=\"http:\/\/portal.compraspublicas.gob.ec\/sercop\/wp-content\/uploads\/2016\/10\/PLIEGO-CATALOGO-METALMECANICA.doc\">pliego<\/a><\/em><\/span> detenidamente para que conozcas acerca del proceso de catalogaci\u00f3n en el Servicio de Metalmec\u00e1nica.<\/li>\n<li>Llena los formularios y requisitos que se solicitan en los pliegos. Recuerda que los formularios y los requisitos deben estar sumillados y numerados.<\/li>\n<li>\u00a0Elabora un oficio dirigido al Econ. Santiago V\u00e1squez, Director General del SERCOP, solicitando tu incorporaci\u00f3n al Cat\u00e1logo Din\u00e1mico Inclusivo <em>(<span style=\"color: #0000ff;\"><a style=\"color: #0000ff;\" href=\"http:\/\/portal.compraspublicas.gob.ec\/sercop\/wp-content\/uploads\/2016\/10\/modelo_de_oficio.docx\">Descarga modelo de oficio<\/a><\/span>)<\/em>.<\/li>\n<\/ol>\n<p style=\"text-align: justify;\">Entrega los documentos en un sobre cerrado en la ventanilla del SERCOP m\u00e1s cercana. <span style=\"color: #0000ff;\"><a style=\"color: #0000ff;\" href=\"http:\/\/portal.compraspublicas.gob.ec\/sercop\/contacto\/\"><em>Conoce d\u00f3nde estamos ubicados<\/em><\/a><\/span><\/p>\n<p>&#8212;&#8212;&#8212;&#8212;&#8212;&#8212;&#8212;&#8212;&#8212;&#8212;&#8212;&#8212;&#8212;&#8212;&#8212;&#8212;&#8212;&#8212;&#8212;&#8212;&#8212;&#8212;&#8212;&#8212;&#8212;&#8212;&#8212;&#8212;&#8212;&#8212;&#8212;&#8212;&#8212;&#8212;&#8212;&#8212;&#8212;&#8212;&#8212;&#8212;&#8212;&#8212;&#8212;&#8212;&#8212;&#8212;&#8212;-<\/p>\n<p>Con el objetivo de adquirir los \u201cServicios de Metalmec\u00e1nica\u201d a los actores de la econom\u00eda popular y solidaria y artesanos, se desarroll\u00f3 el Cat\u00e1logo Inclusivo que agrupa este tipo de servicio.<\/p>\n<p>Si te interesa participar en el Cat\u00e1logo Inclusivo \u201c<em><span style=\"color: #0000ff;\"><a style=\"color: #0000ff;\" href=\"http:\/\/portal.compraspublicas.gob.ec\/sercop\/wp-content\/uploads\/2016\/04\/Oficio_circular_Mobiliario_Escolar.pdf\">FABRICACI\u00d3N DE MOBILIARIO ESCOLAR EN MADERA Y METAL<\/a><\/span><\/em>\u201d, debes catalogarte en el procedimiento <em><span style=\"color: #0000ff;\"><a style=\"color: #0000ff;\" href=\"https:\/\/www.compraspublicas.gob.ec\/ProcesoContratacion\/app\/webroot\/compras\/CR\/mostrarferia.cpe?idSoliCompra=kok2WA9O3MVrXPJZklIb9ABqHyXZvQubjP_vC6eZUgg,\">CDI-SERCOP-005-2015<\/a><\/span><\/em>, por favor revisa la fichas t\u00e9cnicas de los siguientes productos:<\/p>\n<p><em><span style=\"color: #0000ff;\"> <a style=\"color: #0000ff;\" href=\"http:\/\/portal.compraspublicas.gob.ec\/sercop\/wp-content\/uploads\/2016\/04\/FICHA-T\u00c9CNICA-SILLA_1ERO-DE-EGB.pdf\">&#8211; Silla Alumno de 1ero EGB<\/a><\/span><\/em><br \/>\n<em><span style=\"color: #0000ff;\"> <a style=\"color: #0000ff;\" href=\"http:\/\/portal.compraspublicas.gob.ec\/sercop\/wp-content\/uploads\/2016\/04\/FICHA-T\u00c9CNICA-SILLA_ESTUDIANTE.pdf\">&#8211; Silla Estudiante<\/a><\/span><\/em><br \/>\n<span style=\"color: #0000ff;\"><em> <a style=\"color: #0000ff;\" href=\"http:\/\/portal.compraspublicas.gob.ec\/sercop\/wp-content\/uploads\/2016\/04\/FICHA-T\u00c9CNICA-PIZARRON-INCLUYE-INSTALACI\u00d3N.pdf\">&#8211; Pizarra Estudiantil (con instalaci\u00f3n)<\/a><\/em><\/span><br \/>\n<em><span style=\"color: #0000ff;\"><a style=\"color: #0000ff;\" href=\"http:\/\/portal.compraspublicas.gob.ec\/sercop\/wp-content\/uploads\/2016\/04\/FICHA-T\u00c9CNICA-MESA_DE_COMPUTADORA.pdf\"> &#8211; Mesa para computadores<\/a><\/span><\/em><\/p>\n<p>\u2022 INCORPORACI\u00d3N NUEVOS PROVEEDORES<br \/>\n1. Lee y analiza el <em><span style=\"color: #0000ff;\"><a style=\"color: #0000ff; text-decoration: underline;\" href=\"https:\/\/www.compraspublicas.gob.ec\/ProcesoContratacion\/app\/webroot\/compras\/CR\/mostrarferia.cpe?idSoliCompra=kok2WA9O3MVrXPJZklIb9ABqHyXZvQubjP_vC6eZUgg,\">pliego<\/a><\/span><\/em> detenidamente para que conozcas qu\u00e9 producto o servicio se requiere en cada categor\u00eda<br \/>\n2. Llena los formularios y requisitos que se solicitan en los pliegos. Se adjunta un formato de <span style=\"color: #0000ff;\"><em><a style=\"color: #0000ff;\" href=\"http:\/\/portal.compraspublicas.gob.ec\/sercop\/wp-content\/uploads\/2016\/04\/Manifestaci\u00f3n_Inter\u00e9s_-Mesa-computadora_sillas-y-pizarra.docx\">manifestaci\u00f3n de inter\u00e9s<\/a><\/em><\/span>. Recuerda que los formularios y los requisitos deben estar sumillados y numerados.<br \/>\n3. Elabora un oficio dirigido al Econ. Santiago V\u00e1squez, Director General del SERCOP, solicitando tu incorporaci\u00f3n al Cat\u00e1logo Din\u00e1mico Inclusivo (<em><span style=\"color: #0000ff;\"><a style=\"color: #0000ff;\" href=\"http:\/\/portal.compraspublicas.gob.ec\/sercop\/wp-content\/uploads\/2016\/04\/Oficio_circular_Mobiliario_Escolar.pdf\">Descarga modelo de oficio<\/a><\/span><\/em>).<br \/>\nEntrega los documentos en un sobre cerrado en la ventanilla del SERCOP m\u00e1s cercana. <em><span style=\"color: #0000ff;\"><a style=\"color: #0000ff;\" href=\"http:\/\/portal.compraspublicas.gob.ec\/sercop\/contacto\/\">Conoce d\u00f3nde estamos ubicados<\/a><\/span><\/em><\/p>\n<p><span style=\"color: #0000ff;\"><a style=\"color: #0000ff;\" href=\"http:\/\/portal.compraspublicas.gob.ec\/sercop\/wp-content\/uploads\/2016\/06\/OFICIO_CIRCULAR_NO_CDI-2016-0034.pdf\">OFICIO DE ACLARACI\u00d3N A PRODUCTOS DE MOBILIARIO ESCOLAR SERCOP-CDI-2016-0034<\/a><\/span><\/p>\n<p><strong>OFICIOS ACLARATORIOS<\/strong><\/p>\n<p><span style=\"color: #0000ff;\"><a style=\"color: #0000ff;\" href=\"http:\/\/portal.compraspublicas.gob.ec\/sercop\/wp-content\/uploads\/2016\/09\/Oficio-circular-0076-Actualizaci\u00f3n-Fichas-T\u00e9cnicas.pdf\">&#8211; Oficio Circular No. SERCOP-CDI-2016-0076<\/a><\/span><\/p>\n","protected":false},"excerpt":{"rendered":"<p class=\"excerpt\">Con el objetivo de adquirir los bienes de \u201cFABRICACI\u00d3N DE MOBILIARIO ESCOLAR EN MADERA Y METAL\u201d a los actores de la econom\u00eda popular y solidaria y artesanos, se desarroll\u00f3 el Cat\u00e1logo Inclusivo que agrupa este tipo de servicio, con este antecedente se presenta la incorporaci\u00f3n de nuevos productos al presente cat\u00e1logo. Si\u00a0 te interesa participar en el Cat\u00e1logo Inclusivo \u201cSERVICIO&hellip; <a href=\"https:\/\/portal.compraspublicas.gob.ec\/sercop\/fabricacion-de-mobiliario-escolar-en-madera-y-metal-2\/\">Read more &rarr;<\/a><\/p>\n","protected":false},"author":1,"featured_media":0,"parent":0,"menu_order":0,"comment_status":"closed","ping_status":"closed","template":"catalogo.php","meta":[],"_links":{"self":[{"href":"https:\/\/portal.compraspublicas.gob.ec\/sercop\/wp-json\/wp\/v2\/pages\/12673"}],"collection":[{"href":"https:\/\/portal.compraspublicas.gob.ec\/sercop\/wp-json\/wp\/v2\/pages"}],"about":[{"href":"https:\/\/portal.compraspublicas.gob.ec\/sercop\/wp-json\/wp\/v2\/types\/page"}],"author":[{"embeddable":true,"href":"https:\/\/portal.compraspublicas.gob.ec\/sercop\/wp-json\/wp\/v2\/users\/1"}],"replies":[{"embeddable":true,"href":"https:\/\/portal.compraspublicas.gob.ec\/sercop\/wp-json\/wp\/v2\/comments?post=12673"}],"version-history":[{"count":0,"href":"https:\/\/portal.compraspublicas.gob.ec\/sercop\/wp-json\/wp\/v2\/pages\/12673\/revisions"}],"wp:attachment":[{"href":"https:\/\/portal.compraspublicas.gob.ec\/sercop\/wp-json\/wp\/v2\/media?parent=12673"}],"curies":[{"name":"wp","href":"https:\/\/api.w.org\/{rel}","templated":true}]}}