{"id":12768,"date":"2016-04-14T12:15:58","date_gmt":"2016-04-14T17:15:58","guid":{"rendered":"http:\/\/portal.compraspublicas.gob.ec\/sercop\/?page_id=12768"},"modified":"2017-03-07T15:39:57","modified_gmt":"2017-03-07T20:39:57","slug":"cuadernos-de-trabajo","status":"publish","type":"page","link":"https:\/\/portal.compraspublicas.gob.ec\/sercop\/cuadernos-de-trabajo\/","title":{"rendered":"Cuadernos de trabajo"},"content":{"rendered":"<p><img loading=\"lazy\" class=\" aligncenter\" src=\"http:\/\/portal.compraspublicas.gob.ec\/sercop\/wp-content\/uploads\/2017\/02\/banner_cuadernode-trabajo.jpg\" alt=\"\" width=\"588\" height=\"119\" \/><\/p>\n<div>\n<p style=\"text-align: center;\">El Servicio Nacional de Contrataci\u00f3n P\u00fablica pone a disposici\u00f3n de la ciudadan\u00eda y la academia los cuadernos de trabajo de la contrataci\u00f3n p\u00fablica.<\/p>\n<p style=\"text-align: center;\">Material acad\u00e9mico e investigativo orientado a transparentar la informaci\u00f3n a la ciudadan\u00eda y compilar los estudios relacionados a la compra p\u00fablica y a la econom\u00eda nacional.<\/p>\n<\/div>\n<p><a href=\"http:\/\/portal.compraspublicas.gob.ec\/sercop\/wp-content\/uploads\/2016\/04\/america_latina_y_el_caribe_integran_sus_sistemas_de_compras_publicas.pdf\"><img loading=\"lazy\" class=\"aligncenter size-full wp-image-13577\" src=\"http:\/\/portal.compraspublicas.gob.ec\/sercop\/wp-content\/uploads\/2016\/04\/cuaderno-1ok1.jpg\" alt=\"Imprimir\" width=\"591\" height=\"47\" srcset=\"https:\/\/portal.compraspublicas.gob.ec\/sercop\/wp-content\/uploads\/2016\/04\/cuaderno-1ok1.jpg 591w, https:\/\/portal.compraspublicas.gob.ec\/sercop\/wp-content\/uploads\/2016\/04\/cuaderno-1ok1-300x24.jpg 300w\" sizes=\"(max-width: 591px) 100vw, 591px\" \/><\/a><\/p>\n<p><a href=\"http:\/\/portal.compraspublicas.gob.ec\/sercop\/wp-content\/uploads\/2016\/04\/metodologia_productos_potencial_IPP_tecnologico.pdf\"><img loading=\"lazy\" class=\"aligncenter size-full wp-image-13498\" src=\"http:\/\/portal.compraspublicas.gob.ec\/sercop\/wp-content\/uploads\/2016\/04\/cuaderno-2ok.jpg\" alt=\"Imprimir\" width=\"591\" height=\"47\" srcset=\"https:\/\/portal.compraspublicas.gob.ec\/sercop\/wp-content\/uploads\/2016\/04\/cuaderno-2ok.jpg 591w, https:\/\/portal.compraspublicas.gob.ec\/sercop\/wp-content\/uploads\/2016\/04\/cuaderno-2ok-300x24.jpg 300w\" sizes=\"(max-width: 591px) 100vw, 591px\" \/><\/a><\/p>\n<p><a href=\"http:\/\/portal.compraspublicas.gob.ec\/sercop\/wp-content\/uploads\/2016\/04\/metodologia_VAE_contrataci%C3%B3n_publica_de_bienes.pdf\"><img loading=\"lazy\" class=\"aligncenter size-full wp-image-13499\" src=\"http:\/\/portal.compraspublicas.gob.ec\/sercop\/wp-content\/uploads\/2016\/04\/cuaderno-3ok.jpg\" alt=\"Imprimir\" width=\"591\" height=\"47\" srcset=\"https:\/\/portal.compraspublicas.gob.ec\/sercop\/wp-content\/uploads\/2016\/04\/cuaderno-3ok.jpg 591w, https:\/\/portal.compraspublicas.gob.ec\/sercop\/wp-content\/uploads\/2016\/04\/cuaderno-3ok-300x24.jpg 300w\" sizes=\"(max-width: 591px) 100vw, 591px\" \/><\/a><\/p>\n<p><a href=\"http:\/\/portal.compraspublicas.gob.ec\/sercop\/wp-content\/uploads\/2016\/05\/participacion_EPS_microempresas_2015.pdf\"><img loading=\"lazy\" class=\"aligncenter size-full wp-image-13500\" src=\"http:\/\/portal.compraspublicas.gob.ec\/sercop\/wp-content\/uploads\/2016\/04\/cuaderno-4ok.jpg\" alt=\"Imprimir\" width=\"591\" height=\"47\" srcset=\"https:\/\/portal.compraspublicas.gob.ec\/sercop\/wp-content\/uploads\/2016\/04\/cuaderno-4ok.jpg 591w, https:\/\/portal.compraspublicas.gob.ec\/sercop\/wp-content\/uploads\/2016\/04\/cuaderno-4ok-300x24.jpg 300w\" sizes=\"(max-width: 591px) 100vw, 591px\" \/><\/a><\/p>\n<p><a href=\"http:\/\/portal.compraspublicas.gob.ec\/sercop\/wp-content\/uploads\/2016\/05\/Analisis_procesos_Subasta_Inversa_Electronica_por_Negociacion_2015.pdf\"><img loading=\"lazy\" class=\"aligncenter size-full wp-image-13501\" src=\"http:\/\/portal.compraspublicas.gob.ec\/sercop\/wp-content\/uploads\/2016\/04\/cuaderno-5ok.jpg\" alt=\"Imprimir\" width=\"591\" height=\"47\" srcset=\"https:\/\/portal.compraspublicas.gob.ec\/sercop\/wp-content\/uploads\/2016\/04\/cuaderno-5ok.jpg 591w, https:\/\/portal.compraspublicas.gob.ec\/sercop\/wp-content\/uploads\/2016\/04\/cuaderno-5ok-300x24.jpg 300w\" sizes=\"(max-width: 591px) 100vw, 591px\" \/><\/a><\/p>\n<p><a href=\"http:\/\/portal.compraspublicas.gob.ec\/sercop\/wp-content\/uploads\/2016\/05\/estudios-cuaderno-de-trabajo6.pdf\"><img loading=\"lazy\" class=\"aligncenter size-full wp-image-13789\" src=\"http:\/\/portal.compraspublicas.gob.ec\/sercop\/wp-content\/uploads\/2016\/04\/banner-cuaderno-6.jpg\" alt=\"Imprimir\" width=\"591\" height=\"47\" srcset=\"https:\/\/portal.compraspublicas.gob.ec\/sercop\/wp-content\/uploads\/2016\/04\/banner-cuaderno-6.jpg 591w, https:\/\/portal.compraspublicas.gob.ec\/sercop\/wp-content\/uploads\/2016\/04\/banner-cuaderno-6-300x24.jpg 300w\" sizes=\"(max-width: 591px) 100vw, 591px\" \/><\/a><\/p>\n<p><a href=\"http:\/\/portal.compraspublicas.gob.ec\/sercop\/wp-content\/uploads\/2016\/05\/estudios-cuaderno-de-trabajo7.pdf\"><img loading=\"lazy\" class=\"aligncenter size-full wp-image-13787\" src=\"http:\/\/portal.compraspublicas.gob.ec\/sercop\/wp-content\/uploads\/2016\/04\/banner-cuaderno-7.jpg\" alt=\"Imprimir\" width=\"591\" height=\"47\" srcset=\"https:\/\/portal.compraspublicas.gob.ec\/sercop\/wp-content\/uploads\/2016\/04\/banner-cuaderno-7.jpg 591w, https:\/\/portal.compraspublicas.gob.ec\/sercop\/wp-content\/uploads\/2016\/04\/banner-cuaderno-7-300x24.jpg 300w\" sizes=\"(max-width: 591px) 100vw, 591px\" \/><\/a><\/p>\n<p><a href=\"http:\/\/portal.compraspublicas.gob.ec\/sercop\/wp-content\/uploads\/2016\/05\/estudios-cuaderno-de-trabajo8.pdf\"><img loading=\"lazy\" class=\"aligncenter size-full wp-image-13788\" src=\"http:\/\/portal.compraspublicas.gob.ec\/sercop\/wp-content\/uploads\/2016\/04\/banner-cuaderno-8.jpg\" alt=\"Imprimir\" width=\"591\" height=\"47\" srcset=\"https:\/\/portal.compraspublicas.gob.ec\/sercop\/wp-content\/uploads\/2016\/04\/banner-cuaderno-8.jpg 591w, https:\/\/portal.compraspublicas.gob.ec\/sercop\/wp-content\/uploads\/2016\/04\/banner-cuaderno-8-300x24.jpg 300w\" sizes=\"(max-width: 591px) 100vw, 591px\" \/><\/a><\/p>\n<p><a href=\"http:\/\/portal.compraspublicas.gob.ec\/sercop\/wp-content\/uploads\/2016\/08\/estudios-cuaderno-de-trabajo9ok.pdf\"><img loading=\"lazy\" class=\" aligncenter\" src=\"http:\/\/portal.compraspublicas.gob.ec\/sercop\/wp-content\/uploads\/2016\/08\/banner-cuaderno-9.jpg\" alt=\"\" width=\"591\" height=\"47\" \/><\/a><\/p>\n<p><a href=\"http:\/\/portal.compraspublicas.gob.ec\/sercop\/wp-content\/uploads\/2017\/02\/x_mecanismos_liquidez_proveedores.pdf\"><img loading=\"lazy\" class=\"aligncenter size-full wp-image-20426\" src=\"http:\/\/portal.compraspublicas.gob.ec\/sercop\/wp-content\/uploads\/2016\/04\/banner_x.jpg\" alt=\"banner_x\" width=\"591\" height=\"47\" srcset=\"https:\/\/portal.compraspublicas.gob.ec\/sercop\/wp-content\/uploads\/2016\/04\/banner_x.jpg 591w, https:\/\/portal.compraspublicas.gob.ec\/sercop\/wp-content\/uploads\/2016\/04\/banner_x-300x24.jpg 300w\" sizes=\"(max-width: 591px) 100vw, 591px\" \/><\/a><\/p>\n<p><a href=\"http:\/\/portal.compraspublicas.gob.ec\/sercop\/wp-content\/uploads\/2017\/02\/xi_metodologia_de_calificacion_ingeniatec.pdf\"><img loading=\"lazy\" class=\" size-full wp-image-20427 aligncenter\" src=\"http:\/\/portal.compraspublicas.gob.ec\/sercop\/wp-content\/uploads\/2016\/04\/banner_xi.jpg\" alt=\"banner_xi\" width=\"591\" height=\"47\" srcset=\"https:\/\/portal.compraspublicas.gob.ec\/sercop\/wp-content\/uploads\/2016\/04\/banner_xi.jpg 591w, https:\/\/portal.compraspublicas.gob.ec\/sercop\/wp-content\/uploads\/2016\/04\/banner_xi-300x24.jpg 300w\" sizes=\"(max-width: 591px) 100vw, 591px\" \/><\/a><\/p>\n<p><a href=\"http:\/\/portal.compraspublicas.gob.ec\/sercop\/wp-content\/uploads\/2017\/02\/xii_metodologia_desagregacion_tecnologica_bienes_importados_adquiridos_contratacion_publica.pdf\"><img loading=\"lazy\" class=\"aligncenter size-full wp-image-20428\" src=\"http:\/\/portal.compraspublicas.gob.ec\/sercop\/wp-content\/uploads\/2016\/04\/banner_xii.jpg\" alt=\"banner_xii\" width=\"591\" height=\"47\" srcset=\"https:\/\/portal.compraspublicas.gob.ec\/sercop\/wp-content\/uploads\/2016\/04\/banner_xii.jpg 591w, https:\/\/portal.compraspublicas.gob.ec\/sercop\/wp-content\/uploads\/2016\/04\/banner_xii-300x24.jpg 300w\" sizes=\"(max-width: 591px) 100vw, 591px\" \/><\/a><\/p>\n<p><a href=\"http:\/\/portal.compraspublicas.gob.ec\/sercop\/wp-content\/uploads\/2017\/02\/xiii_asignacion_ordenes_compra_proveedores_catalogados_adquisicion_bienes_servicios_normalizados_catalogo_electronico.pdf\"><img loading=\"lazy\" class=\"aligncenter size-full wp-image-20429\" src=\"http:\/\/portal.compraspublicas.gob.ec\/sercop\/wp-content\/uploads\/2016\/04\/banner_xiii.jpg\" alt=\"banner_xiii\" width=\"591\" height=\"47\" srcset=\"https:\/\/portal.compraspublicas.gob.ec\/sercop\/wp-content\/uploads\/2016\/04\/banner_xiii.jpg 591w, https:\/\/portal.compraspublicas.gob.ec\/sercop\/wp-content\/uploads\/2016\/04\/banner_xiii-300x24.jpg 300w\" sizes=\"(max-width: 591px) 100vw, 591px\" \/><\/a><\/p>\n<p><a href=\"http:\/\/portal.compraspublicas.gob.ec\/sercop\/wp-content\/uploads\/2017\/02\/xiv_requerimientos_transferencia_tecnologi%CC%81a_bienes_importados_adquiridos_contratacion_publica.pdf\" target=\"_blank\"><img loading=\"lazy\" class=\"aligncenter size-full wp-image-20430\" src=\"http:\/\/portal.compraspublicas.gob.ec\/sercop\/wp-content\/uploads\/2016\/04\/banner_xiv.jpg\" alt=\"banner_xiv\" width=\"591\" height=\"47\" srcset=\"https:\/\/portal.compraspublicas.gob.ec\/sercop\/wp-content\/uploads\/2016\/04\/banner_xiv.jpg 591w, https:\/\/portal.compraspublicas.gob.ec\/sercop\/wp-content\/uploads\/2016\/04\/banner_xiv-300x24.jpg 300w\" sizes=\"(max-width: 591px) 100vw, 591px\" \/><\/a><\/p>\n<p><a href=\"http:\/\/portal.compraspublicas.gob.ec\/sercop\/wp-content\/uploads\/2017\/02\/xv_manual_elaboracio\u0301n_fichas_tecnicas-para_normalizacion_bienes_servicios.pdf\"><img loading=\"lazy\" class=\"alignnone size-full wp-image-20438 aligncenter\" src=\"http:\/\/portal.compraspublicas.gob.ec\/sercop\/wp-content\/uploads\/2016\/04\/banner_xv.jpg\" alt=\"banner_xv\" width=\"591\" height=\"47\" srcset=\"https:\/\/portal.compraspublicas.gob.ec\/sercop\/wp-content\/uploads\/2016\/04\/banner_xv.jpg 591w, https:\/\/portal.compraspublicas.gob.ec\/sercop\/wp-content\/uploads\/2016\/04\/banner_xv-300x24.jpg 300w\" sizes=\"(max-width: 591px) 100vw, 591px\" \/><\/a><\/p>\n<p><a href=\"http:\/\/portal.compraspublicas.gob.ec\/sercop\/wp-content\/uploads\/2017\/02\/xvi_manual_operativo_para_ejecucio\u0301n_interna_procesos_catalogo_dinamico_inclusivo_modificacio\u0301n_capacidad_productiva_proveedores_catalogados..pdf\"><img loading=\"lazy\" class=\"alignnone size-full wp-image-20439 aligncenter\" src=\"http:\/\/portal.compraspublicas.gob.ec\/sercop\/wp-content\/uploads\/2016\/04\/banner_xvi.jpg\" alt=\"banner_xvi\" width=\"591\" height=\"47\" srcset=\"https:\/\/portal.compraspublicas.gob.ec\/sercop\/wp-content\/uploads\/2016\/04\/banner_xvi.jpg 591w, https:\/\/portal.compraspublicas.gob.ec\/sercop\/wp-content\/uploads\/2016\/04\/banner_xvi-300x24.jpg 300w\" sizes=\"(max-width: 591px) 100vw, 591px\" \/><\/a><\/p>\n<p><a href=\"http:\/\/portal.compraspublicas.gob.ec\/sercop\/wp-content\/uploads\/2017\/03\/xvii_metodologia_determinacion_precios_adhesion_referencia_normalizacion.pdf\"><img loading=\"lazy\" class=\" size-full wp-image-20440 aligncenter\" src=\"http:\/\/portal.compraspublicas.gob.ec\/sercop\/wp-content\/uploads\/2016\/04\/banner_xvii.jpg\" alt=\"banner_xvii\" width=\"591\" height=\"47\" srcset=\"https:\/\/portal.compraspublicas.gob.ec\/sercop\/wp-content\/uploads\/2016\/04\/banner_xvii.jpg 591w, https:\/\/portal.compraspublicas.gob.ec\/sercop\/wp-content\/uploads\/2016\/04\/banner_xvii-300x24.jpg 300w\" sizes=\"(max-width: 591px) 100vw, 591px\" \/><\/a><\/p>\n<p><a href=\"http:\/\/portal.compraspublicas.gob.ec\/sercop\/wp-content\/uploads\/2017\/03\/xviii_vinculacion_proveedores_modelos_riesgos_contratacion_publica_version1.0.pdf\" target=\"_blank\"><img loading=\"lazy\" class=\" size-full wp-image-20679 aligncenter\" src=\"http:\/\/portal.compraspublicas.gob.ec\/sercop\/wp-content\/uploads\/2016\/04\/banner_xiii1.jpg\" alt=\"banner_xiii\" width=\"591\" height=\"47\" srcset=\"https:\/\/portal.compraspublicas.gob.ec\/sercop\/wp-content\/uploads\/2016\/04\/banner_xiii1.jpg 591w, https:\/\/portal.compraspublicas.gob.ec\/sercop\/wp-content\/uploads\/2016\/04\/banner_xiii1-300x24.jpg 300w\" sizes=\"(max-width: 591px) 100vw, 591px\" \/><\/a><\/p>\n","protected":false},"excerpt":{"rendered":"<p class=\"excerpt\">El Servicio Nacional de Contrataci\u00f3n P\u00fablica pone a disposici\u00f3n de la ciudadan\u00eda y la academia los cuadernos de trabajo de la contrataci\u00f3n p\u00fablica. Material acad\u00e9mico e investigativo orientado a transparentar la informaci\u00f3n a la ciudadan\u00eda y compilar los estudios relacionados a la compra p\u00fablica y a la econom\u00eda nacional. <a href=\"https:\/\/portal.compraspublicas.gob.ec\/sercop\/cuadernos-de-trabajo\/\">Read more &rarr;<\/a><\/p>\n","protected":false},"author":1,"featured_media":0,"parent":0,"menu_order":0,"comment_status":"closed","ping_status":"closed","template":"transformacion_cp.php","meta":[],"_links":{"self":[{"href":"https:\/\/portal.compraspublicas.gob.ec\/sercop\/wp-json\/wp\/v2\/pages\/12768"}],"collection":[{"href":"https:\/\/portal.compraspublicas.gob.ec\/sercop\/wp-json\/wp\/v2\/pages"}],"about":[{"href":"https:\/\/portal.compraspublicas.gob.ec\/sercop\/wp-json\/wp\/v2\/types\/page"}],"author":[{"embeddable":true,"href":"https:\/\/portal.compraspublicas.gob.ec\/sercop\/wp-json\/wp\/v2\/users\/1"}],"replies":[{"embeddable":true,"href":"https:\/\/portal.compraspublicas.gob.ec\/sercop\/wp-json\/wp\/v2\/comments?post=12768"}],"version-history":[{"count":0,"href":"https:\/\/portal.compraspublicas.gob.ec\/sercop\/wp-json\/wp\/v2\/pages\/12768\/revisions"}],"wp:attachment":[{"href":"https:\/\/portal.compraspublicas.gob.ec\/sercop\/wp-json\/wp\/v2\/media?parent=12768"}],"curies":[{"name":"wp","href":"https:\/\/api.w.org\/{rel}","templated":true}]}}