{"id":12835,"date":"2016-04-18T11:46:14","date_gmt":"2016-04-18T16:46:14","guid":{"rendered":"http:\/\/portal.compraspublicas.gob.ec\/sercop\/?page_id=12835"},"modified":"2016-05-06T15:00:40","modified_gmt":"2016-05-06T20:00:40","slug":"servicio-de-limpieza-de-espacios-culturales","status":"publish","type":"page","link":"https:\/\/portal.compraspublicas.gob.ec\/sercop\/servicio-de-limpieza-de-espacios-culturales\/","title":{"rendered":"Servicio de limpieza de espacios culturales"},"content":{"rendered":"<p><a href=\"http:\/\/portal.compraspublicas.gob.ec\/sercop\/wp-content\/uploads\/2016\/04\/comunidad2.png\"><img loading=\"lazy\" class=\"aligncenter  wp-image-12850\" src=\"http:\/\/portal.compraspublicas.gob.ec\/sercop\/wp-content\/uploads\/2016\/04\/comunidad2.png\" alt=\"comunidad2\" width=\"993\" height=\"289\" srcset=\"https:\/\/portal.compraspublicas.gob.ec\/sercop\/wp-content\/uploads\/2016\/04\/comunidad2.png 594w, https:\/\/portal.compraspublicas.gob.ec\/sercop\/wp-content\/uploads\/2016\/04\/comunidad2-300x87.png 300w\" sizes=\"(max-width: 993px) 100vw, 993px\" \/><\/a>Con el objetivo de adquirir el \u201cSERVICIO DE LIMPIEZA\u201d a los actores de la econom\u00eda popular y solidaria y artesanos, se desarroll\u00f3 el Cat\u00e1logo Inclusivo que agrupa este tipo de servicio.<\/p>\n<p>Si\u00a0 te interesa participar en el Cat\u00e1logo Inclusivo \u201cSERVICIO DE LIMPIEZA DE ESPACIOS CULTURALES\u201d, publicado mediante <span style=\"color: #0000ff;\"><a style=\"color: #0000ff;\" href=\"http:\/\/portal.compraspublicas.gob.ec\/sercop\/wp-content\/uploads\/2016\/04\/Oficio-Circular1.pdf\">Oficio Circular <\/a><\/span>de incorporaci\u00f3n de producto, debes catalogarte en el procedimiento <span style=\"color: #0000ff;\"><a style=\"color: #0000ff;\" href=\"https:\/\/www.compraspublicas.gob.ec\/ProcesoContratacion\/app\/webroot\/compras\/CR\/mostrarferia.cpe?idSoliCompra=VS1DLhFgCS97I223egFBMAtw95MaintpVFrGgAoQAs0,\"><em>CDI-SERCOP-006-201<\/em><\/a><\/span><em><span style=\"color: #0000ff;\"><a style=\"color: #0000ff;\" href=\"https:\/\/www.compraspublicas.gob.ec\/ProcesoContratacion\/app\/webroot\/compras\/CR\/mostrarferia.cpe?idSoliCompra=VS1DLhFgCS97I223egFBMAtw95MaintpVFrGgAoQAs0,\">6<\/a><\/span>,<\/em> por favor revisa la <span style=\"color: #0000ff;\"><a style=\"color: #0000ff;\" href=\"http:\/\/portal.compraspublicas.gob.ec\/sercop\/wp-content\/uploads\/2016\/04\/Ficha-Tecnica.pdf\"><em>ficha t\u00e9cnica SERVICIO DE LIMPIEZA DE ESPACIOS CULTURALES<\/em><\/a><\/span> donde se encuentran los requisitos m\u00ednimos de participaci\u00f3n.<\/p>\n<ul>\n<li><strong>INCORPORACI\u00d3N NUEVOS PROVEEDORES<\/strong><\/li>\n<\/ul>\n<ol>\n<li>Lee y analiza el<span style=\"color: #0000ff;\"><a style=\"color: #0000ff;\" href=\"http:\/\/portal.compraspublicas.gob.ec\/sercop\/wp-content\/uploads\/2016\/04\/Pliego-Proceso-CDI-SERCOP-006-2016.docx\"> <em>pliego<\/em><\/a><\/span> detenidamente para que conozcas qu\u00e9 producto o servicio se requiere en cada categor\u00eda.Recuerda que los formularios y los requisitos deben estar sumillados y numerados , de igual forma presenta la <em><a href=\"http:\/\/portal.compraspublicas.gob.ec\/sercop\/wp-content\/uploads\/2016\/05\/Manifestacion_Interes_-Limpieza_Espacios-culturales1-1.docx\">manifestaci\u00f3n de inter\u00e9s<\/a>.<\/em><\/li>\n<li>Llena los formularios y requisitos que se solicitan en los pliegos. Recuerda que los formularios y los requisitos deben estar sumillados y numerados<\/li>\n<li>Elabora un oficio dirigido al Econ. Santiago V\u00e1squez, Director General del SERCOP, solicitando tu incorporaci\u00f3n al Cat\u00e1logo Din\u00e1mico Inclusivo <em>(<span style=\"color: #0000ff;\"><a style=\"color: #0000ff;\" href=\"http:\/\/portal.compraspublicas.gob.ec\/sercop\/wp-content\/uploads\/2016\/04\/modelo-de-oficio-3.docx\">Descarga modelo de oficio<\/a><\/span>)<\/em>.<\/li>\n<\/ol>\n<p>Entrega los documentos en un sobre cerrado en la ventanilla del SERCOP m\u00e1s cercana. <span style=\"color: #0000ff;\"><a style=\"color: #0000ff;\" href=\"http:\/\/portal.compraspublicas.gob.ec\/sercop\/contacto\/\"><em>Conoce d\u00f3nde estamos ubicados<\/em><\/a><\/span><\/p>\n","protected":false},"excerpt":{"rendered":"<p class=\"excerpt\">Con el objetivo de adquirir el \u201cSERVICIO DE LIMPIEZA\u201d a los actores de la econom\u00eda popular y solidaria y artesanos, se desarroll\u00f3 el Cat\u00e1logo Inclusivo que agrupa este tipo de servicio. Si\u00a0 te interesa participar en el Cat\u00e1logo Inclusivo \u201cSERVICIO DE LIMPIEZA DE ESPACIOS CULTURALES\u201d, publicado mediante Oficio Circular de incorporaci\u00f3n de producto, debes catalogarte en el procedimiento CDI-SERCOP-006-2016, por&hellip; <a href=\"https:\/\/portal.compraspublicas.gob.ec\/sercop\/servicio-de-limpieza-de-espacios-culturales\/\">Read more &rarr;<\/a><\/p>\n","protected":false},"author":1,"featured_media":0,"parent":0,"menu_order":0,"comment_status":"closed","ping_status":"closed","template":"catalogo.php","meta":[],"_links":{"self":[{"href":"https:\/\/portal.compraspublicas.gob.ec\/sercop\/wp-json\/wp\/v2\/pages\/12835"}],"collection":[{"href":"https:\/\/portal.compraspublicas.gob.ec\/sercop\/wp-json\/wp\/v2\/pages"}],"about":[{"href":"https:\/\/portal.compraspublicas.gob.ec\/sercop\/wp-json\/wp\/v2\/types\/page"}],"author":[{"embeddable":true,"href":"https:\/\/portal.compraspublicas.gob.ec\/sercop\/wp-json\/wp\/v2\/users\/1"}],"replies":[{"embeddable":true,"href":"https:\/\/portal.compraspublicas.gob.ec\/sercop\/wp-json\/wp\/v2\/comments?post=12835"}],"version-history":[{"count":0,"href":"https:\/\/portal.compraspublicas.gob.ec\/sercop\/wp-json\/wp\/v2\/pages\/12835\/revisions"}],"wp:attachment":[{"href":"https:\/\/portal.compraspublicas.gob.ec\/sercop\/wp-json\/wp\/v2\/media?parent=12835"}],"curies":[{"name":"wp","href":"https:\/\/api.w.org\/{rel}","templated":true}]}}