{"id":12937,"date":"2016-04-25T12:17:46","date_gmt":"2016-04-25T17:17:46","guid":{"rendered":"http:\/\/portal.compraspublicas.gob.ec\/sercop\/?page_id=12937"},"modified":"2024-11-28T15:15:52","modified_gmt":"2024-11-28T20:15:52","slug":"capacitacion","status":"publish","type":"page","link":"https:\/\/portal.compraspublicas.gob.ec\/sercop\/capacitacion\/","title":{"rendered":"Informaci\u00f3n General y Normativa"},"content":{"rendered":"<p style=\"text-align: justify; display:flex\"><strong><a href=\"https:\/\/portal.compraspublicas.gob.ec\/sercop\/wp-content\/uploads\/2022\/05\/Mesa-de-trabajo-28-copia-3-8.png\"><img loading=\"lazy\" class=\"alignnone size-full wp-image-48002\" src=\"https:\/\/portal.compraspublicas.gob.ec\/sercop\/wp-content\/uploads\/2022\/05\/Mesa-de-trabajo-28-copia-3-8.png\" alt=\"\" width=\"914\" height=\"254\" srcset=\"https:\/\/portal.compraspublicas.gob.ec\/sercop\/wp-content\/uploads\/2022\/05\/Mesa-de-trabajo-28-copia-3-8.png 914w, https:\/\/portal.compraspublicas.gob.ec\/sercop\/wp-content\/uploads\/2022\/05\/Mesa-de-trabajo-28-copia-3-8-300x83.png 300w, https:\/\/portal.compraspublicas.gob.ec\/sercop\/wp-content\/uploads\/2022\/05\/Mesa-de-trabajo-28-copia-3-8-768x213.png 768w\" sizes=\"(max-width: 914px) 100vw, 914px\" \/><\/a><\/strong><\/p>\n<p>&nbsp;<\/p>\n<p style=\"text-align: justify;\"><strong>Informaci\u00f3n General:<\/strong><\/p>\n<p style=\"text-align: justify;\">El Servicio Nacional de Contrataci\u00f3n P\u00fablica \u2013SERCOP-, a trav\u00e9s de su Direcci\u00f3n de Capacitaci\u00f3n y Certificaci\u00f3n, pone a disposici\u00f3n de los entes contratantes, proveedores del Estado y ciudadan\u00eda en general, la oferta de formaci\u00f3n continua que permitir\u00e1 a los participantes contar con los conocimientos necesarios para ejecutar y participar efectivamente en los diversos procedimientos de contrataci\u00f3n p\u00fablica.<\/p>\n<p style=\"text-align: justify;\"><strong>Normativa:<\/strong><\/p>\n<p style=\"text-align: justify;\">El Servicio Nacional de Contrataci\u00f3n P\u00fablica \u2013SERCOP-, ejercer\u00e1 la rector\u00eda del Sistema Nacional de Contrataci\u00f3n P\u00fablica conforme a las siguientes atribuciones:<\/p>\n<p style=\"text-align: justify;\">Capacitar y asesorar en materia de implementaci\u00f3n de instrumentos y herramientas, as\u00ed como en los procedimientos relacionados con contrataci\u00f3n p\u00fablica.<\/p>\n<p style=\"text-align: justify;\">Asesorar a las entidades contratantes y capacitar a los proveedores del Sistema Nacional de Contrataci\u00f3n P\u00fablica sobre la inteligencia o aplicaci\u00f3n de las normas que regulan los procedimientos de contrataci\u00f3n de tal sistema.<\/p>\n<p style=\"text-align: justify;\">El portal deber\u00e1 adem\u00e1s integrar mecanismos para la capacitaci\u00f3n en l\u00ednea de los actores del SNCP.<\/p>\n<p style=\"text-align: justify;\">Fuente: Art\u00edculo 10, numerales 12, 17 y Art\u00edculo 21 de la LOSNCP respectivamente.<\/p>\n","protected":false},"excerpt":{"rendered":"<p class=\"excerpt\">&nbsp; Informaci\u00f3n General: El Servicio Nacional de Contrataci\u00f3n P\u00fablica \u2013SERCOP-, a trav\u00e9s de su Direcci\u00f3n de Capacitaci\u00f3n y Certificaci\u00f3n, pone a disposici\u00f3n de los entes contratantes, proveedores del Estado y ciudadan\u00eda en general, la oferta de formaci\u00f3n continua que permitir\u00e1 a los participantes contar con los conocimientos necesarios para ejecutar y participar efectivamente en los diversos procedimientos de contrataci\u00f3n p\u00fablica.&hellip; <a href=\"https:\/\/portal.compraspublicas.gob.ec\/sercop\/capacitacion\/\">Read more &rarr;<\/a><\/p>\n","protected":false},"author":1,"featured_media":0,"parent":0,"menu_order":0,"comment_status":"closed","ping_status":"closed","template":"menugenerico.php","meta":[],"_links":{"self":[{"href":"https:\/\/portal.compraspublicas.gob.ec\/sercop\/wp-json\/wp\/v2\/pages\/12937"}],"collection":[{"href":"https:\/\/portal.compraspublicas.gob.ec\/sercop\/wp-json\/wp\/v2\/pages"}],"about":[{"href":"https:\/\/portal.compraspublicas.gob.ec\/sercop\/wp-json\/wp\/v2\/types\/page"}],"author":[{"embeddable":true,"href":"https:\/\/portal.compraspublicas.gob.ec\/sercop\/wp-json\/wp\/v2\/users\/1"}],"replies":[{"embeddable":true,"href":"https:\/\/portal.compraspublicas.gob.ec\/sercop\/wp-json\/wp\/v2\/comments?post=12937"}],"version-history":[{"count":44,"href":"https:\/\/portal.compraspublicas.gob.ec\/sercop\/wp-json\/wp\/v2\/pages\/12937\/revisions"}],"predecessor-version":[{"id":60425,"href":"https:\/\/portal.compraspublicas.gob.ec\/sercop\/wp-json\/wp\/v2\/pages\/12937\/revisions\/60425"}],"wp:attachment":[{"href":"https:\/\/portal.compraspublicas.gob.ec\/sercop\/wp-json\/wp\/v2\/media?parent=12937"}],"curies":[{"name":"wp","href":"https:\/\/api.w.org\/{rel}","templated":true}]}}