{"id":12939,"date":"2016-04-25T12:19:59","date_gmt":"2016-04-25T17:19:59","guid":{"rendered":"http:\/\/portal.compraspublicas.gob.ec\/sercop\/?page_id=12939"},"modified":"2024-11-28T16:38:59","modified_gmt":"2024-11-28T21:38:59","slug":"universidades-avaladas","status":"publish","type":"page","link":"https:\/\/portal.compraspublicas.gob.ec\/sercop\/universidades-avaladas\/","title":{"rendered":"Universidades acreditadas"},"content":{"rendered":"<p style=\"text-align: justify;\"><a style=\"display:flex\"><img loading=\"lazy\" class=\"aligncenter size-full wp-image-13267\" src=\"https:\/\/portal.compraspublicas.gob.ec\/sercop\/wp-content\/uploads\/2016\/04\/universidades.png\" alt=\"universidades\" width=\"630\" height=\"158\" srcset=\"https:\/\/portal.compraspublicas.gob.ec\/sercop\/wp-content\/uploads\/2016\/04\/universidades.png 630w, https:\/\/portal.compraspublicas.gob.ec\/sercop\/wp-content\/uploads\/2016\/04\/universidades-300x75.png 300w\" sizes=\"(max-width: 630px) 100vw, 630px\" \/><\/a>En el 2015 el Servicio Nacional de Contrataci\u00f3n P\u00fablica \u2013SERCOP\u2013 inici\u00f3 la articulaci\u00f3n con una red de universidades p\u00fablicas para que contribuyan al desarrollo de la matriz del conocimiento en el pa\u00eds y satisfagan la demanda de capacitaci\u00f3n sobre compra p\u00fablica.<\/p>\n<p style=\"text-align: justify;\">En ese sentido, luego de un profundo trabajo de coordinaci\u00f3n y capacitaci\u00f3n a instructores y docentes, el SERCOP entreg\u00f3 el aval a:<\/p>\n<p style=\"text-align: justify; padding-left: 90px;\"><span style=\"text-decoration: underline; color: #0000ff;\"><em><strong><a style=\"color: #0000ff; text-decoration: underline;\" href=\"http:\/\/educaciononline.uta.edu.ec\/index.php\/oferacade\/listado-de-cursos\">&#8211; <span lang=\"ES-EC\">Escuela Superior Polit\u00e9cnica del Ejercito<\/span> extensi\u00f3n Latacunga<\/a><\/strong><\/em><\/span><\/p>\n<p style=\"padding-left: 90px;\"><em><span style=\"color: #0000ff;\"><strong><span style=\"text-decoration: underline;\"><span lang=\"ES-EC\"><a style=\"color: #0000ff; text-decoration: underline;\" href=\"http:\/\/cec-iaen.edu.ec\/?pagerd_jx0yed\" target=\"_blank\" rel=\"noopener\">&#8211; Centro de Educaci\u00f3n Continua del Instituto de Altos Estudios Nacionales<\/a><\/span><\/span><\/strong><\/span><\/em><\/p>\n<p style=\"padding-left: 90px;\"><strong><span style=\"text-decoration: underline;\"><span lang=\"ES-EC\" style=\"color: #0000ff; text-decoration: underline;\">&#8211; <em><a style=\"color: #0000ff; text-decoration: underline;\" href=\"http:\/\/www.epn.edu.ec\/\" target=\"_blank\" rel=\"noopener\">Escuela Polit\u00e9cnica Nacional<\/a><\/em><\/span><\/span><\/strong><\/p>\n<p style=\"padding-left: 90px;\"><strong><span style=\"text-decoration: underline;\"><span lang=\"ES-EC\" style=\"color: #0000ff; text-decoration: underline;\"><em><a style=\"color: #0000ff; text-decoration: underline;\" href=\"http:\/\/www.uce.edu.ec\/\" target=\"_blank\" rel=\"noopener\">&#8211; Universidad Central del Ecuador<\/a><\/em><\/span><\/span><\/strong><\/p>\n<p style=\"padding-left: 90px;\"><strong><span style=\"text-decoration: underline;\"><span lang=\"ES-EC\" style=\"color: #0000ff; text-decoration: underline;\"><em><a style=\"color: #0000ff; text-decoration: underline;\" href=\"http:\/\/www.espe.edu.ec\/portal\/portal\/main.do;jsessionid=0556F53BB00024B1A57AA2E3A9E5AF3B?sectionCode=118\" target=\"_blank\" rel=\"noopener\">&#8211; Escuela Superior Polit\u00e9cnica del Ejercito<\/a><\/em> <\/span><\/span><\/strong><\/p>\n<p style=\"padding-left: 90px;\"><strong><span style=\"text-decoration: underline;\"><span lang=\"ES-EC\" style=\"color: #0000ff; text-decoration: underline;\"><em><a style=\"color: #0000ff; text-decoration: underline;\" href=\"http:\/\/www.unach.edu.ec\/\" target=\"_blank\" rel=\"noopener\">&#8211; Universidad Nacional de Chimborazo<\/a><\/em><\/span><\/span><\/strong><\/p>\n<p style=\"padding-left: 90px;\"><span style=\"color: #0000ff;\"><a style=\"color: #0000ff;\" href=\"https:\/\/drive.google.com\/file\/d\/0B7eSRsax9xyeU2hKUFU2YTNQTlk\/view\"><strong><span style=\"text-decoration: underline;\"><span lang=\"ES-EC\"><em>&#8211; Universidad T\u00e9cnica de Manab\u00ed<\/em><\/span><\/span><\/strong><\/a><\/span><\/p>\n<p style=\"padding-left: 90px;\"><span style=\"color: #0000ff;\"><strong><span style=\"text-decoration: underline;\"><span lang=\"ES-EC\"><em><a style=\"color: #0000ff; text-decoration: underline;\" href=\"http:\/\/www.unemi.edu.ec\/\" target=\"_blank\" rel=\"noopener\">&#8211; Universidad Estatal de Milagro<\/a><\/em><\/span><\/span><\/strong><\/span><\/p>\n<p style=\"padding-left: 90px;\"><span style=\"color: #0000ff;\"><a style=\"color: #0000ff;\" href=\"http:\/\/www.espol.edu.ec\"><strong><span style=\"text-decoration: underline;\"><span lang=\"ES-EC\">&#8211; Escuela Superior Polit\u00e9cnica del Litoral\u00a0<\/span><\/span><\/strong><\/a><\/span><\/p>\n<p style=\"padding-left: 90px;\"><span style=\"color: #0000ff;\"><strong><span style=\"text-decoration: underline;\"><span lang=\"ES-EC\"> &#8211; <em><a style=\"color: #0000ff; text-decoration: underline;\" href=\"http:\/\/unl.edu.ec\/\" target=\"_blank\" rel=\"noopener\">Universidad Nacional de Loja<\/a><\/em><\/span><\/span><\/strong><\/span><\/p>\n<p style=\"padding-left: 90px;\"><span style=\"color: #0000ff;\"><a style=\"color: #0000ff;\" href=\"http:\/\/educaciononline.uta.edu.ec\/\"><span style=\"text-decoration: underline;\"><em><strong><span lang=\"ES-EC\">&#8211;<\/span> Universidad T\u00e9cnica de Ambato<\/strong><\/em><\/span><\/a><\/span><\/p>\n<p style=\"padding-left: 90px;\"><span style=\"text-decoration: underline; color: #0000ff;\"><em><strong><a style=\"color: #0000ff; text-decoration: underline;\" href=\"http:\/\/www.utn.edu.ec\"><span lang=\"ES-EC\">&#8211;<\/span> Universidad T\u00e9cnica del Norte<\/a><\/strong><\/em><\/span><\/p>\n<p style=\"padding-left: 90px;\"><span style=\"text-decoration: underline;\"><span style=\"color: #0000ff; text-decoration: underline;\"><strong><em><a style=\"color: #0000ff; text-decoration: underline;\" href=\"http:\/\/www.upse.edu.ec\/\">-Universidad Estatal de Santa Elena<\/a><\/em><\/strong><\/span><\/span><\/p>\n<p style=\"padding-left: 90px;\"><span style=\"text-decoration: underline;\"><span style=\"color: #0000ff; text-decoration: underline;\"><strong><em><a style=\"color: #0000ff; text-decoration: underline;\" href=\"http:\/\/www.uteq.edu.ec\/\">-Universidad Estatal de Quevedo<\/a><\/em><\/strong><\/span><\/span><\/p>\n<p style=\"padding-left: 90px;\"><span style=\"text-decoration: underline;\"><span style=\"color: #0000ff; text-decoration: underline;\"><em><strong><a style=\"color: #0000ff; text-decoration: underline;\" href=\"http:\/\/www.utb.edu.ec\/\">-Universidad T\u00e9cnica de Babahoyo<\/a><\/strong><\/em><\/span><\/span><\/p>\n<p style=\"padding-left: 90px;\"><span style=\"text-decoration: underline;\"><span style=\"color: #0000ff; text-decoration: underline;\"><em><strong><a style=\"color: #0000ff; text-decoration: underline;\" href=\"http:\/\/www.utmachala.edu.ec\/portal\/\">-Universidad T\u00e9cnica de Machala<\/a><\/strong><\/em><\/span><\/span><\/p>\n<p style=\"padding-left: 90px;\"><span style=\"text-decoration: underline;\"><span style=\"color: #0000ff; text-decoration: underline;\"><strong><em><a style=\"color: #0000ff; text-decoration: underline;\" href=\"http:\/\/www.upec.edu.ec\/\">-Universidad Polit\u00e9cnica Estatal del Carchi<\/a><\/em><\/strong><\/span><\/span><\/p>\n<p style=\"padding-left: 90px;\"><span style=\"text-decoration: underline;\"><span style=\"color: #0000ff; text-decoration: underline;\"><strong><em>&#8211;<a style=\"color: #0000ff; text-decoration: underline;\" href=\"http:\/\/www.utc.edu.ec\">Universidad T\u00e9cnica de Cotopaxi<\/a><\/em><\/strong><\/span><\/span><\/p>\n<p style=\"padding-left: 90px;\"><span style=\"text-decoration: underline;\"><span style=\"color: #0000ff; text-decoration: underline;\"><em><strong><a style=\"color: #0000ff; text-decoration: underline;\" href=\"https:\/\/www.espoch.edu.ec\/\">-Escuela Polit\u00e9cnica de Chimborazo &#8211; ESPOCH<\/a><\/strong><\/em><\/span><\/span><\/p>\n<p style=\"padding-left: 90px;\"><span style=\"color: #0000ff;\">\u00a0<\/span><\/p>\n","protected":false},"excerpt":{"rendered":"<p class=\"excerpt\">En el 2015 el Servicio Nacional de Contrataci\u00f3n P\u00fablica \u2013SERCOP\u2013 inici\u00f3 la articulaci\u00f3n con una red de universidades p\u00fablicas para que contribuyan al desarrollo de la matriz del conocimiento en el pa\u00eds y satisfagan la demanda de capacitaci\u00f3n sobre compra p\u00fablica. En ese sentido, luego de un profundo trabajo de coordinaci\u00f3n y capacitaci\u00f3n a instructores y docentes, el SERCOP entreg\u00f3&hellip; <a href=\"https:\/\/portal.compraspublicas.gob.ec\/sercop\/universidades-avaladas\/\">Read more &rarr;<\/a><\/p>\n","protected":false},"author":1,"featured_media":0,"parent":0,"menu_order":0,"comment_status":"closed","ping_status":"closed","template":"menugenerico.php","meta":[],"_links":{"self":[{"href":"https:\/\/portal.compraspublicas.gob.ec\/sercop\/wp-json\/wp\/v2\/pages\/12939"}],"collection":[{"href":"https:\/\/portal.compraspublicas.gob.ec\/sercop\/wp-json\/wp\/v2\/pages"}],"about":[{"href":"https:\/\/portal.compraspublicas.gob.ec\/sercop\/wp-json\/wp\/v2\/types\/page"}],"author":[{"embeddable":true,"href":"https:\/\/portal.compraspublicas.gob.ec\/sercop\/wp-json\/wp\/v2\/users\/1"}],"replies":[{"embeddable":true,"href":"https:\/\/portal.compraspublicas.gob.ec\/sercop\/wp-json\/wp\/v2\/comments?post=12939"}],"version-history":[{"count":2,"href":"https:\/\/portal.compraspublicas.gob.ec\/sercop\/wp-json\/wp\/v2\/pages\/12939\/revisions"}],"predecessor-version":[{"id":60526,"href":"https:\/\/portal.compraspublicas.gob.ec\/sercop\/wp-json\/wp\/v2\/pages\/12939\/revisions\/60526"}],"wp:attachment":[{"href":"https:\/\/portal.compraspublicas.gob.ec\/sercop\/wp-json\/wp\/v2\/media?parent=12939"}],"curies":[{"name":"wp","href":"https:\/\/api.w.org\/{rel}","templated":true}]}}