{"id":12981,"date":"2016-04-26T16:15:41","date_gmt":"2016-04-26T21:15:41","guid":{"rendered":"http:\/\/portal.compraspublicas.gob.ec\/sercop\/?page_id=12981"},"modified":"2017-01-23T10:37:44","modified_gmt":"2017-01-23T15:37:44","slug":"instrumentos-musicales-2","status":"publish","type":"page","link":"https:\/\/portal.compraspublicas.gob.ec\/sercop\/instrumentos-musicales-2\/","title":{"rendered":"Instrumentos musicales"},"content":{"rendered":"<p><a href=\"http:\/\/portal.compraspublicas.gob.ec\/sercop\/wp-content\/uploads\/2016\/04\/Afinando_detalle.png\"><img loading=\"lazy\" class=\"aligncenter  wp-image-12993\" src=\"http:\/\/portal.compraspublicas.gob.ec\/sercop\/wp-content\/uploads\/2016\/04\/Afinando_detalle.png\" alt=\"Afinando_detalle\" width=\"990\" height=\"364\" srcset=\"https:\/\/portal.compraspublicas.gob.ec\/sercop\/wp-content\/uploads\/2016\/04\/Afinando_detalle.png 1600w, https:\/\/portal.compraspublicas.gob.ec\/sercop\/wp-content\/uploads\/2016\/04\/Afinando_detalle-300x110.png 300w, https:\/\/portal.compraspublicas.gob.ec\/sercop\/wp-content\/uploads\/2016\/04\/Afinando_detalle-1024x376.png 1024w\" sizes=\"(max-width: 990px) 100vw, 990px\" \/><\/a><\/p>\n<p>Con el objetivo de adquirir el \u201cINSTRUMENTOS MUSICALES\u201d a los actores de la econom\u00eda popular y solidaria y artesanos, se desarroll\u00f3 el Cat\u00e1logo Inclusivo que agrupa este tipo de servicio.<\/p>\n<p>Si\u00a0 te interesa participar en el Cat\u00e1logo Inclusivo \u201cINSTRUMENTOS MUSICALES\u201d, publicado mediante <span style=\"text-decoration: underline;\"><span style=\"color: #0000ff; text-decoration: underline;\"><a style=\"color: #0000ff; text-decoration: underline;\" href=\"http:\/\/portal.compraspublicas.gob.ec\/sercop\/wp-content\/uploads\/2016\/04\/oficio-circular.pdf\">Oficio Circular<\/a><\/span><\/span>, debes catalogarte en el procedimiento <span style=\"color: #0000ff;\"><a style=\"color: #0000ff;\" href=\"https:\/\/www.compraspublicas.gob.ec\/ProcesoContratacion\/app\/webroot\/compras\/CR\/mostrarferia.cpe?idSoliCompra=6Z98PFq8E4EhJWGFcfv3wKUoR3GKqOLx7X4DE8vpTDI,\"><em>CDI-SERCOP-009-201<\/em><\/a><\/span><em><span style=\"color: #0000ff;\"><a style=\"color: #0000ff;\" href=\"https:\/\/www.compraspublicas.gob.ec\/ProcesoContratacion\/app\/webroot\/compras\/CR\/mostrarferia.cpe?idSoliCompra=6Z98PFq8E4EhJWGFcfv3wKUoR3GKqOLx7X4DE8vpTDI,\">5<\/a><\/span>,<\/em> por favor revisa las fichas t\u00e9cnicas de los instrumentos de:<\/p>\n<p><span style=\"text-decoration: underline;\"><span style=\"color: #0000ff; text-decoration: underline;\"><a style=\"color: #0000ff; text-decoration: underline;\" href=\"http:\/\/portal.compraspublicas.gob.ec\/sercop\/wp-content\/uploads\/2016\/05\/INSTRUMENTOS_DE_VIENTO.pdf\">Instrumentos de Viento: Flauta-Quena, Pingullo Ecuatoriano, Rondador<\/a><\/span><\/span><br \/>\n<span style=\"text-decoration: underline;\"><span style=\"color: #0000ff; text-decoration: underline;\"> <a style=\"color: #0000ff; text-decoration: underline;\" href=\"http:\/\/portal.compraspublicas.gob.ec\/sercop\/wp-content\/uploads\/2016\/05\/INSTRUMENTOS_DE_PERCUSION.pdf\">Instrumentos de percusi\u00f3n: Cununo macho tradicional, Cununo hembra tradicional, Bombo<\/a><\/span><\/span><br \/>\n<span style=\"text-decoration: underline;\"><span style=\"color: #0000ff; text-decoration: underline;\"> <a style=\"color: #0000ff; text-decoration: underline;\" href=\"http:\/\/portal.compraspublicas.gob.ec\/sercop\/wp-content\/uploads\/2016\/05\/INSTRUMENTOS_DE_CUERDA.pdf\">Instrumentos de Cuerda: Guitarra Est\u00e1ndar, Charango<\/a><\/span><\/span><br \/>\n<span style=\"text-decoration: underline;\"><span style=\"color: #0000ff; text-decoration: underline;\"><a style=\"color: #0000ff; text-decoration: underline;\" href=\"http:\/\/portal.compraspublicas.gob.ec\/sercop\/wp-content\/uploads\/2016\/04\/final.-MARIMBA-CROM\u00c1TICA-4-OCTAVAS.pdf\">Marimba Crom\u00e1tica de 4 Octavas<\/a><\/span><\/span><br \/>\n<span style=\"text-decoration: underline;\"><span style=\"color: #0000ff; text-decoration: underline;\"><a style=\"color: #0000ff; text-decoration: underline;\" href=\"http:\/\/portal.compraspublicas.gob.ec\/sercop\/wp-content\/uploads\/2016\/04\/final.MARIMBA-CROM\u00c1TICA-2-Y-MEDIA-OCTAVAS.pdf\">Marimba Crom\u00e1tica de 2 y media Octavas<\/a><\/span><\/span><br \/>\n<span style=\"text-decoration: underline;\"><span style=\"color: #0000ff; text-decoration: underline;\"><a style=\"color: #0000ff; text-decoration: underline;\" href=\"http:\/\/portal.compraspublicas.gob.ec\/sercop\/wp-content\/uploads\/2016\/04\/final.MARIMBA-DIAT\u00d3NICA-2-Y-MEDIA-OCTAVAS.pdf\">Marimba Diat\u00f3nica de 2 y media Octavas<\/a><\/span><\/span><br \/>\n<span style=\"text-decoration: underline;\"><span style=\"color: #0000ff; text-decoration: underline;\"><a style=\"color: #0000ff; text-decoration: underline;\" href=\"http:\/\/portal.compraspublicas.gob.ec\/sercop\/wp-content\/uploads\/2016\/04\/final.MARACAS.pdf\">Mar\u00e1cas<\/a><\/span><\/span><br \/>\n<span style=\"text-decoration: underline; color: #0000ff;\"><a style=\"color: #0000ff; text-decoration: underline;\" href=\"http:\/\/portal.compraspublicas.gob.ec\/sercop\/wp-content\/uploads\/2016\/04\/final.GUASA_.pdf\">Guasa<\/a><\/span><br \/>\n<span style=\"text-decoration: underline;\"><span style=\"color: #0000ff; text-decoration: underline;\"><a style=\"color: #0000ff; text-decoration: underline;\" href=\"http:\/\/portal.compraspublicas.gob.ec\/sercop\/wp-content\/uploads\/2016\/04\/final.KIT-DE-INSTRUMENTOS-DE-PERCUSI\u00d3N.pdf\">Kit de Instrumentos Musicales<\/a><\/span><\/span><\/p>\n<p>Donde se encuentran los requisitos m\u00ednimos de participaci\u00f3n.<\/p>\n<p><em>En d<\/em>onde se encuentran los requisitos m\u00ednimos de participaci\u00f3n.<\/p>\n<p>Los proveedores catalogados al procedimiento\u00a0<span style=\"color: #0000ff;\"><a style=\"color: #0000ff;\" href=\"https:\/\/www.compraspublicas.gob.ec\/ProcesoContratacion\/app\/webroot\/compras\/CR\/mostrarferia.cpe?idSoliCompra=6Z98PFq8E4EhJWGFcfv3wKUoR3GKqOLx7X4DE8vpTDI,\">CDI-SERCOP-009-2015<\/a><\/span>,\u00a0deben presentar:<\/p>\n<ol>\n<li><span style=\"color: #0000ff;\"><a style=\"color: #0000ff;\" href=\"http:\/\/portal.compraspublicas.gob.ec\/sercop\/wp-content\/uploads\/2016\/05\/manifestacion-de-interes-1.docx\">Manifestaci\u00f3n de inter\u00e9s<\/a><\/span><\/li>\n<li>Presentar el formulario de Maquinaria de acuerdo a la\u00a0tabla de equipamiento y herramientas.<\/li>\n<li>El formulario de Maquinaria deber\u00e1 ser llenado de acuerdo al <span style=\"color: #0000ff;\"><a style=\"color: #0000ff;\" href=\"http:\/\/portal.compraspublicas.gob.ec\/sercop\/wp-content\/uploads\/2016\/03\/CUADRO-DE-MAQUINARIA-M%C3%8DNIMA-POR-PRODUCTO.docx\">Cuadro de maquinaria por producto<\/a><\/span>.<\/li>\n<\/ol>\n<p>&nbsp;<\/p>\n<ul>\n<li><strong>INCORPORACI\u00d3N NUEVOS PROVEEDORES<\/strong><\/li>\n<\/ul>\n<ol>\n<li>Lee y analiza el <span style=\"color: #0000ff;\"><em><a style=\"color: #0000ff;\" href=\"http:\/\/portal.compraspublicas.gob.ec\/sercop\/wp-content\/uploads\/2016\/04\/pliego.pdf\">pliego<\/a><\/em><\/span> detenidamente para que conozcas qu\u00e9 producto o servicio se requiere en cada categor\u00eda<\/li>\n<li>Llena los formularios y requisitos que se solicitan en los pliegos. Recuerda que los formularios y los requisitos deben estar sumillados y numerados<\/li>\n<li>Elabora un oficio dirigido al Econ. Santiago V\u00e1squez, Director General del SERCOP, solicitando tu incorporaci\u00f3n al Cat\u00e1logo Din\u00e1mico Inclusivo <span style=\"text-decoration: underline;\"><span style=\"color: #0000ff; text-decoration: underline;\"><em><a style=\"color: #0000ff; text-decoration: underline;\" href=\"http:\/\/portal.compraspublicas.gob.ec\/sercop\/wp-content\/uploads\/2016\/04\/oficio-circular.pdf\">(Descarga modelo de oficio)<\/a><\/em><\/span><\/span>.<\/li>\n<\/ol>\n<p>Entrega los documentos en un sobre cerrado en la ventanilla del SERCOP m\u00e1s cercana. <span style=\"text-decoration: underline;\"><span style=\"color: #0000ff; text-decoration: underline;\"><a style=\"color: #0000ff; text-decoration: underline;\" href=\"http:\/\/portal.compraspublicas.gob.ec\/sercop\/contacto\/\"><em>Conoce d\u00f3nde estamos ubicados<\/em><\/a><\/span><\/span><\/p>\n","protected":false},"excerpt":{"rendered":"<p class=\"excerpt\">Con el objetivo de adquirir el \u201cINSTRUMENTOS MUSICALES\u201d a los actores de la econom\u00eda popular y solidaria y artesanos, se desarroll\u00f3 el Cat\u00e1logo Inclusivo que agrupa este tipo de servicio. Si\u00a0 te interesa participar en el Cat\u00e1logo Inclusivo \u201cINSTRUMENTOS MUSICALES\u201d, publicado mediante Oficio Circular, debes catalogarte en el procedimiento CDI-SERCOP-009-2015, por favor revisa las fichas t\u00e9cnicas de los instrumentos de:&hellip; <a href=\"https:\/\/portal.compraspublicas.gob.ec\/sercop\/instrumentos-musicales-2\/\">Read more &rarr;<\/a><\/p>\n","protected":false},"author":1,"featured_media":0,"parent":0,"menu_order":0,"comment_status":"closed","ping_status":"closed","template":"catalogo.php","meta":[],"_links":{"self":[{"href":"https:\/\/portal.compraspublicas.gob.ec\/sercop\/wp-json\/wp\/v2\/pages\/12981"}],"collection":[{"href":"https:\/\/portal.compraspublicas.gob.ec\/sercop\/wp-json\/wp\/v2\/pages"}],"about":[{"href":"https:\/\/portal.compraspublicas.gob.ec\/sercop\/wp-json\/wp\/v2\/types\/page"}],"author":[{"embeddable":true,"href":"https:\/\/portal.compraspublicas.gob.ec\/sercop\/wp-json\/wp\/v2\/users\/1"}],"replies":[{"embeddable":true,"href":"https:\/\/portal.compraspublicas.gob.ec\/sercop\/wp-json\/wp\/v2\/comments?post=12981"}],"version-history":[{"count":0,"href":"https:\/\/portal.compraspublicas.gob.ec\/sercop\/wp-json\/wp\/v2\/pages\/12981\/revisions"}],"wp:attachment":[{"href":"https:\/\/portal.compraspublicas.gob.ec\/sercop\/wp-json\/wp\/v2\/media?parent=12981"}],"curies":[{"name":"wp","href":"https:\/\/api.w.org\/{rel}","templated":true}]}}