{"id":13047,"date":"2016-04-27T09:33:54","date_gmt":"2016-04-27T14:33:54","guid":{"rendered":"http:\/\/portal.compraspublicas.gob.ec\/sercop\/?page_id=13047"},"modified":"2024-11-27T15:47:58","modified_gmt":"2024-11-27T20:47:58","slug":"que-es-el-registro-de-entidades","status":"publish","type":"page","link":"https:\/\/portal.compraspublicas.gob.ec\/sercop\/que-es-el-registro-de-entidades\/","title":{"rendered":"\u00bfQu\u00e9 es el Registro de Entidades?"},"content":{"rendered":"<p style=\"text-align: justify; display: flow-root;\"><img loading=\"lazy\" class=\"alignnone wp-image-57290 size-large\" src=\"https:\/\/portal.compraspublicas.gob.ec\/sercop\/wp-content\/uploads\/2024\/01\/Mesa-de-trabajo-2-copia-2@2x-1024x256.png\" alt=\"\" width=\"750\" height=\"188\" srcset=\"https:\/\/portal.compraspublicas.gob.ec\/sercop\/wp-content\/uploads\/2024\/01\/Mesa-de-trabajo-2-copia-2@2x-1024x256.png 1024w, https:\/\/portal.compraspublicas.gob.ec\/sercop\/wp-content\/uploads\/2024\/01\/Mesa-de-trabajo-2-copia-2@2x-300x75.png 300w, https:\/\/portal.compraspublicas.gob.ec\/sercop\/wp-content\/uploads\/2024\/01\/Mesa-de-trabajo-2-copia-2@2x-768x192.png 768w, https:\/\/portal.compraspublicas.gob.ec\/sercop\/wp-content\/uploads\/2024\/01\/Mesa-de-trabajo-2-copia-2@2x-1536x385.png 1536w, https:\/\/portal.compraspublicas.gob.ec\/sercop\/wp-content\/uploads\/2024\/01\/Mesa-de-trabajo-2-copia-2@2x.png 1825w\" sizes=\"(max-width: 750px) 100vw, 750px\" \/><img loading=\"lazy\" class=\"alignnone wp-image-57291 size-large\" src=\"https:\/\/portal.compraspublicas.gob.ec\/sercop\/wp-content\/uploads\/2024\/01\/Mesa-de-trabajo-2-copia-3@2x-1024x550.png\" alt=\"\" width=\"750\" height=\"403\" srcset=\"https:\/\/portal.compraspublicas.gob.ec\/sercop\/wp-content\/uploads\/2024\/01\/Mesa-de-trabajo-2-copia-3@2x-1024x550.png 1024w, https:\/\/portal.compraspublicas.gob.ec\/sercop\/wp-content\/uploads\/2024\/01\/Mesa-de-trabajo-2-copia-3@2x-300x161.png 300w, https:\/\/portal.compraspublicas.gob.ec\/sercop\/wp-content\/uploads\/2024\/01\/Mesa-de-trabajo-2-copia-3@2x-768x412.png 768w, https:\/\/portal.compraspublicas.gob.ec\/sercop\/wp-content\/uploads\/2024\/01\/Mesa-de-trabajo-2-copia-3@2x-1536x825.png 1536w, https:\/\/portal.compraspublicas.gob.ec\/sercop\/wp-content\/uploads\/2024\/01\/Mesa-de-trabajo-2-copia-3@2x.png 1825w\" sizes=\"(max-width: 750px) 100vw, 750px\" \/><\/p>\n<p style=\"text-align: justify;\">Para utilizar las herramientas del Sistema Nacional de Contrataci\u00f3n P\u00fablica, es indispensable que las instituciones del Estado (Compradores) realicen su registro. Durante el registro cada entidad es responsable de crear el usuario y contrase\u00f1a de la persona que realizar\u00e1 la funci\u00f3n de administrador del Portal, quien ser\u00e1 designado por la m\u00e1xima autoridad, siendo estos responsables por el uso de las herramientas y contrase\u00f1as. Los Compradores podr\u00e1n realizar un solo registro, el cual ser\u00e1 determinado por el n\u00famero de su Registro \u00danico de Contribuyentes-RUC. En caso que existan establecimientos desconcentrados administrativa y financieramente, tales como: sucursales, regionales, agencias, unidades de negocios territorialmente delimitadas, entre otras, podr\u00e1 inscribir a cada uno de dichos establecimientos como unidad de contrataci\u00f3n individual, para lo que ser\u00e1 condici\u00f3n indispensable que \u00e9stos posean un RUC independiente.<\/p>\n<p>&nbsp;<\/p>\n","protected":false},"excerpt":{"rendered":"<p class=\"excerpt\">Para utilizar las herramientas del Sistema Nacional de Contrataci\u00f3n P\u00fablica, es indispensable que las instituciones del Estado (Compradores) realicen su registro. Durante el registro cada entidad es responsable de crear el usuario y contrase\u00f1a de la persona que realizar\u00e1 la funci\u00f3n de administrador del Portal, quien ser\u00e1 designado por la m\u00e1xima autoridad, siendo estos responsables por el uso de las&hellip; <a href=\"https:\/\/portal.compraspublicas.gob.ec\/sercop\/que-es-el-registro-de-entidades\/\">Read more &rarr;<\/a><\/p>\n","protected":false},"author":1,"featured_media":0,"parent":0,"menu_order":0,"comment_status":"closed","ping_status":"closed","template":"menugenerico.php","meta":[],"_links":{"self":[{"href":"https:\/\/portal.compraspublicas.gob.ec\/sercop\/wp-json\/wp\/v2\/pages\/13047"}],"collection":[{"href":"https:\/\/portal.compraspublicas.gob.ec\/sercop\/wp-json\/wp\/v2\/pages"}],"about":[{"href":"https:\/\/portal.compraspublicas.gob.ec\/sercop\/wp-json\/wp\/v2\/types\/page"}],"author":[{"embeddable":true,"href":"https:\/\/portal.compraspublicas.gob.ec\/sercop\/wp-json\/wp\/v2\/users\/1"}],"replies":[{"embeddable":true,"href":"https:\/\/portal.compraspublicas.gob.ec\/sercop\/wp-json\/wp\/v2\/comments?post=13047"}],"version-history":[{"count":12,"href":"https:\/\/portal.compraspublicas.gob.ec\/sercop\/wp-json\/wp\/v2\/pages\/13047\/revisions"}],"predecessor-version":[{"id":60241,"href":"https:\/\/portal.compraspublicas.gob.ec\/sercop\/wp-json\/wp\/v2\/pages\/13047\/revisions\/60241"}],"wp:attachment":[{"href":"https:\/\/portal.compraspublicas.gob.ec\/sercop\/wp-json\/wp\/v2\/media?parent=13047"}],"curies":[{"name":"wp","href":"https:\/\/api.w.org\/{rel}","templated":true}]}}