{"id":13058,"date":"2016-04-27T09:51:35","date_gmt":"2016-04-27T14:51:35","guid":{"rendered":"http:\/\/portal.compraspublicas.gob.ec\/sercop\/?page_id=13058"},"modified":"2024-11-28T15:38:57","modified_gmt":"2024-11-28T20:38:57","slug":"modelo-de-acuerdo-de-responsabilidad-del-uso-del-portal","status":"publish","type":"page","link":"https:\/\/portal.compraspublicas.gob.ec\/sercop\/modelo-de-acuerdo-de-responsabilidad-del-uso-del-portal\/","title":{"rendered":"Modelo de Acuerdo de Responsabilidad del Uso del Portal"},"content":{"rendered":"<div class=\"content\">\n<div class=\"field field-name-body field-type-text-with-summary field-label-hidden\">\n<div class=\"field-items\">\n<p><strong><a style=\"display:flex\"><img loading=\"lazy\" class=\"alignnone size-full wp-image-45971\" src=\"https:\/\/portal.compraspublicas.gob.ec\/sercop\/wp-content\/uploads\/2021\/10\/3_entidades_responsabilidades.png\" alt=\"\" width=\"759\" height=\"224\" srcset=\"https:\/\/portal.compraspublicas.gob.ec\/sercop\/wp-content\/uploads\/2021\/10\/3_entidades_responsabilidades.png 759w, https:\/\/portal.compraspublicas.gob.ec\/sercop\/wp-content\/uploads\/2021\/10\/3_entidades_responsabilidades-300x89.png 300w\" sizes=\"(max-width: 759px) 100vw, 759px\" \/><\/a><\/strong><\/p>\n<p class=\"field-item even\" style=\"text-align: justify;\">Las responsabilidades de las entidades contratantes, entre otras,\u00a0 son:<\/p>\n<p class=\"field-item even\" style=\"text-align: justify;\">\u2022\u00a0\u00a0 \u00a0La m\u00e1xima autoridad de la entidad (Compradora), as\u00ed como los funcionarios o servidores de la misma que hubieren intervenido en cualquiera de las etapas de los procedimientos precontractuales de preparaci\u00f3n, selecci\u00f3n, contrataci\u00f3n as\u00ed como en la ejecuci\u00f3n misma de los contratos ser\u00e1n personal y pecuniariamente responsables por el incumplimiento de las disposiciones de la Ley Org\u00e1nica del Sistema Nacional de Contrataci\u00f3n P\u00fablica.<\/p>\n<p class=\"field-item even\" style=\"text-align: justify;\">\u2022\u00a0\u00a0 \u00a0Ser\u00e1 causal de cesaci\u00f3n de funciones por destituci\u00f3n o desvinculaci\u00f3n sin derecho a indemnizaci\u00f3n alguna, tanto en el r\u00e9gimen com\u00fan como en el especial, el servidor p\u00fablico, empleado u obrero de una empresa p\u00fablica, o quien tenga relaci\u00f3n laboral con el Estado a trav\u00e9s de las entidades contratantes, luego del debido proceso pertinente por el hecho de aceptar invitaciones, viajes de observaci\u00f3n, giras promocionales, atenciones sociales, invitaciones institucionales o promocionales, o cualquier otro tipo de evento solventado por el oferente o contratante, para s\u00ed, para miembros de su familia o terceros a nombre del servidor p\u00fablico, empleado u obrero de una empresa p\u00fablica o quien tenga relaci\u00f3n laboral con el Estado.<\/p>\n<p class=\"field-item even\" style=\"text-align: justify;\">\u2022\u00a0\u00a0 \u00a0Las entidades contratantes (Compradoras) est\u00e1n prohibidas de incluir en el presupuesto referencial y en el precio del contrato los costos de cualquier reuni\u00f3n de trabajo, visita, inspecci\u00f3n, recepci\u00f3n, proceso de capacitaci\u00f3n, transferencia de conocimiento, entre otros. Con excepci\u00f3n de los eventos de transferencia de conocimiento que sea en f\u00e1brica o para eventos de alta especialidad tecnol\u00f3gica o del conocimiento en todo caso los costos de estas actividades los cubrir\u00e1 la entidad contratante mediante la aplicaci\u00f3n de la normativa correspondiente.<\/p>\n<\/div>\n<\/div>\n<\/div>\n","protected":false},"excerpt":{"rendered":"<p class=\"excerpt\">Las responsabilidades de las entidades contratantes, entre otras,\u00a0 son: \u2022\u00a0\u00a0 \u00a0La m\u00e1xima autoridad de la entidad (Compradora), as\u00ed como los funcionarios o servidores de la misma que hubieren intervenido en cualquiera de las etapas de los procedimientos precontractuales de preparaci\u00f3n, selecci\u00f3n, contrataci\u00f3n as\u00ed como en la ejecuci\u00f3n misma de los contratos ser\u00e1n personal y pecuniariamente responsables por el incumplimiento de&hellip; <a href=\"https:\/\/portal.compraspublicas.gob.ec\/sercop\/modelo-de-acuerdo-de-responsabilidad-del-uso-del-portal\/\">Read more &rarr;<\/a><\/p>\n","protected":false},"author":1,"featured_media":0,"parent":0,"menu_order":0,"comment_status":"closed","ping_status":"closed","template":"menugenerico.php","meta":[],"_links":{"self":[{"href":"https:\/\/portal.compraspublicas.gob.ec\/sercop\/wp-json\/wp\/v2\/pages\/13058"}],"collection":[{"href":"https:\/\/portal.compraspublicas.gob.ec\/sercop\/wp-json\/wp\/v2\/pages"}],"about":[{"href":"https:\/\/portal.compraspublicas.gob.ec\/sercop\/wp-json\/wp\/v2\/types\/page"}],"author":[{"embeddable":true,"href":"https:\/\/portal.compraspublicas.gob.ec\/sercop\/wp-json\/wp\/v2\/users\/1"}],"replies":[{"embeddable":true,"href":"https:\/\/portal.compraspublicas.gob.ec\/sercop\/wp-json\/wp\/v2\/comments?post=13058"}],"version-history":[{"count":3,"href":"https:\/\/portal.compraspublicas.gob.ec\/sercop\/wp-json\/wp\/v2\/pages\/13058\/revisions"}],"predecessor-version":[{"id":60451,"href":"https:\/\/portal.compraspublicas.gob.ec\/sercop\/wp-json\/wp\/v2\/pages\/13058\/revisions\/60451"}],"wp:attachment":[{"href":"https:\/\/portal.compraspublicas.gob.ec\/sercop\/wp-json\/wp\/v2\/media?parent=13058"}],"curies":[{"name":"wp","href":"https:\/\/api.w.org\/{rel}","templated":true}]}}