{"id":13071,"date":"2016-04-27T10:02:30","date_gmt":"2016-04-27T15:02:30","guid":{"rendered":"http:\/\/portal.compraspublicas.gob.ec\/sercop\/?page_id=13071"},"modified":"2024-11-27T15:42:52","modified_gmt":"2024-11-27T20:42:52","slug":"que-es-el-clasificador-central-de-productos-cpc","status":"publish","type":"page","link":"https:\/\/portal.compraspublicas.gob.ec\/sercop\/que-es-el-clasificador-central-de-productos-cpc\/","title":{"rendered":"\u00bfQu\u00e9 es el Clasificador Central de Productos &#8211; CPC?"},"content":{"rendered":"<p style=\"text-align: justify; Display:flex;\"><a href=\"https:\/\/portal.compraspublicas.gob.ec\/sercop\/wp-content\/uploads\/2021\/10\/3_proveedores_clasificador_c_p.png\"><img loading=\"lazy\" class=\"alignnone size-full wp-image-45949\" src=\"https:\/\/portal.compraspublicas.gob.ec\/sercop\/wp-content\/uploads\/2021\/10\/3_proveedores_clasificador_c_p.png\" alt=\"\" width=\"759\" height=\"224\" srcset=\"https:\/\/portal.compraspublicas.gob.ec\/sercop\/wp-content\/uploads\/2021\/10\/3_proveedores_clasificador_c_p.png 759w, https:\/\/portal.compraspublicas.gob.ec\/sercop\/wp-content\/uploads\/2021\/10\/3_proveedores_clasificador_c_p-300x89.png 300w\" sizes=\"(max-width: 759px) 100vw, 759px\" \/><\/a><\/p>\n<p style=\"text-align: justify; padding-left: 60px;\">La Clasificaci\u00f3n Central de Productos por sus siglas en ingl\u00e9s -CPC-, constituye una codificaci\u00f3n de productos que cubre bienes y servicios, que sirve de est\u00e1ndar internacional como un sistema de categor\u00edas homog\u00e9neas, exhaustivas y mutuamente excluyentes, el cual est\u00e1 basado en las propiedades f\u00edsicas y las caracter\u00edsticas que distinguen a los productos propiamente dichos. Para registrarse como Proveedor del Estado, toda persona natural o jur\u00eddica debe categorizarse bajo un c\u00f3digo CPC a nivel de 5 d\u00edgitos lo que resultar\u00e1 en su habilitaci\u00f3n dentro de todos los CPC a nivel 9 que se encuentran contenidos bajo este c\u00f3digo CPC. Para identificar los c\u00f3digos bajo los cuales desea proveer al Estado de bienes, servicios, obras y\/o consultor\u00eda siga las siguientes instrucciones:<\/p>\n<p style=\"text-align: justify; padding-left: 60px;\">1. Ingrese al Clasificador Central de Productos dando clic en el siguiente enlace: <span style=\"color: #0000ff;\"><a style=\"color: #0000ff;\" href=\"https:\/\/www.compraspublicas.gob.ec\/ProcesoContratacion\/compras\/CPC\/index.cpe\">Clasificador Central de Productos \u2013 CPC<\/a><\/span><\/p>\n<p style=\"text-align: justify; padding-left: 60px;\">2. Puede revisar los c\u00f3digos disponibles utilizando estas opciones:<\/p>\n<p style=\"text-align: justify; padding-left: 60px;\">a) Buscar en el Clasificador (Palabra Clave o Sin\u00f3nimo):<\/p>\n<p style=\"text-align: justify; padding-left: 60px;\">\u00a0\u00a0\u00a0\u00a0\u00a0\u00a0 1. Ingrese el nombre del bien, producto o servicio que requiere. Ejemplo: Computadora. Tomar en cuenta que puede realizar varios intentos de b\u00fasqueda\u00a0\u00a0 con diferentes palabras hasta encontrar el c\u00f3digo con la descripci\u00f3n que necesite.<\/p>\n<p style=\"text-align: justify; padding-left: 60px;\">\u00a0\u00a0\u00a0\u00a0\u00a0\u00a0 2. De clic en \u201cBuscar\u201d; y se desplegar\u00e1 la informaci\u00f3n de los c\u00f3digos y productos que contiene el Clasificador relacionados a la palabra ingresada.<\/p>\n<p style=\"text-align: justify; padding-left: 60px;\">b) Navegar en el Clasificador:<\/p>\n<p style=\"text-align: justify; padding-left: 60px;\">\u00a0\u00a0\u00a0\u00a0\u00a0\u00a0 1. En esta opci\u00f3n puede buscar su producto a trav\u00e9s de las categor\u00edas y subcategor\u00edas contenidas en el CPC.<\/p>\n<p style=\"text-align: justify; padding-left: 60px;\">\u00a0\u00a0\u00a0\u00a0\u00a0\u00a0 2. Identifique la categor\u00eda general que contiene su producto.<\/p>\n<p style=\"text-align: justify; padding-left: 60px;\">\u00a0\u00a0\u00a0\u00a0\u00a0\u00a0 3. De clic en el signo m\u00e1s \u201c+\u201d junto a cada categor\u00eda hasta ubicar el producto requerido.<\/p>\n<p style=\"text-align: justify; padding-left: 60px;\">c) Bien \/ Servicio:<\/p>\n<p style=\"text-align: justify; padding-left: 60px;\">\u00a0\u00a0\u00a0\u00a0\u00a0 1. Ingrese el nombre del bien, producto o servicio que requiere. Ejemplo: Computadora. Tomar en cuenta que puede realizar varios intentos de b\u00fasqueda con diferentes palabras hasta encontrar el c\u00f3digo con la descripci\u00f3n que necesite.<\/p>\n<p style=\"text-align: justify; padding-left: 60px;\">\u00a0\u00a0\u00a0\u00a0\u00a0 2. De clic en \u201cBuscar\u201d; y se desplegar\u00e1 la informaci\u00f3n de los c\u00f3digos y productos que contiene el Clasificador relacionados a la palabra ingresada.<\/p>\n<p style=\"text-align: justify; padding-left: 60px;\">\u00a0\u00a0\u00a0\u00a0 3. Conforme se\u00f1ala la Circular Nro. SERCOP-SERCOP-2020-0026-C, el \u00fanico canal para la atenci\u00f3n de las solicitudes de inclusi\u00f3n o eliminaci\u00f3n de CPC ser\u00e1 mediante la herramienta de Tr\u00e1mite R\u00e1pido en donde debe incluir de manera clara lo siguiente:<\/p>\n<ul style=\"text-align: justify;\">\n<li style=\"list-style-type: none;\">\n<ul>\n<li style=\"list-style-type: none;\">\n<ul>\n<li>El c\u00f3digo CPC que desea incluir en su RUP.<\/li>\n<li>El c\u00f3digo CIIU de Actividad Econ\u00f3mica Principal registrado en su RUC, el cual debe tener relaci\u00f3n con el CPC que se desea incluir.<\/li>\n<\/ul>\n<\/li>\n<\/ul>\n<\/li>\n<\/ul>\n<p style=\"text-align: justify;\">\u00a0\u00a0\u00a0\u00a0\u00a0\u00a0\u00a0\u00a0\u00a0\u00a0\u00a0\u00a0 C\u00f3digo CPC (Ejemplo: incrementar 53290) C\u00f3digo CIIU de la actividad econ\u00f3mica en el SRI que se relaciona<\/p>\n<p style=\"text-align: justify;\">\u00a0\u00a0\u00a0\u00a0\u00a0\u00a0\u00a0\u00a0\u00a0\u00a0\u00a0\u00a0\u00a0 (Ejemplo: G4669.22 Venta al por mayor de papel y carb\u00f3n)<\/p>\n<p>&nbsp;<\/p>\n<p style=\"text-align: justify;\"><strong>IMPORTANTE<\/strong>: Previo al env\u00edo de la solicitud el proveedor es el responsable de verificar que el c\u00f3digo CPC que desea incluir, tenga relaci\u00f3n con la Actividad Econ\u00f3mica Principal registrada en el RUC.<\/p>\n<p style=\"text-align: justify;\">Con este fin, el Servicio Nacional De Contrataci\u00f3n Publica pone a disposici\u00f3n la herramienta de consulta \u201cCorrelaci\u00f3n CIIU 4.0\u201d, la misma que podr\u00e1 acceder para su descarga en la secci\u00f3n de \u201cEnlaces r\u00e1pidos, a trav\u00e9s del siguiente enlace:<\/p>\n<p style=\"text-align: justify;\"><a href=\"https:\/\/portal.compraspublicas.gob.ec\/sercop\/\"><strong>https:\/\/portal.compraspublicas.gob.ec\/sercop\/<\/strong><\/a><\/p>\n","protected":false},"excerpt":{"rendered":"<p class=\"excerpt\">La Clasificaci\u00f3n Central de Productos por sus siglas en ingl\u00e9s -CPC-, constituye una codificaci\u00f3n de productos que cubre bienes y servicios, que sirve de est\u00e1ndar internacional como un sistema de categor\u00edas homog\u00e9neas, exhaustivas y mutuamente excluyentes, el cual est\u00e1 basado en las propiedades f\u00edsicas y las caracter\u00edsticas que distinguen a los productos propiamente dichos. Para registrarse como Proveedor del Estado,&hellip; <a href=\"https:\/\/portal.compraspublicas.gob.ec\/sercop\/que-es-el-clasificador-central-de-productos-cpc\/\">Read more &rarr;<\/a><\/p>\n","protected":false},"author":1,"featured_media":0,"parent":0,"menu_order":0,"comment_status":"closed","ping_status":"closed","template":"menugenerico.php","meta":[],"_links":{"self":[{"href":"https:\/\/portal.compraspublicas.gob.ec\/sercop\/wp-json\/wp\/v2\/pages\/13071"}],"collection":[{"href":"https:\/\/portal.compraspublicas.gob.ec\/sercop\/wp-json\/wp\/v2\/pages"}],"about":[{"href":"https:\/\/portal.compraspublicas.gob.ec\/sercop\/wp-json\/wp\/v2\/types\/page"}],"author":[{"embeddable":true,"href":"https:\/\/portal.compraspublicas.gob.ec\/sercop\/wp-json\/wp\/v2\/users\/1"}],"replies":[{"embeddable":true,"href":"https:\/\/portal.compraspublicas.gob.ec\/sercop\/wp-json\/wp\/v2\/comments?post=13071"}],"version-history":[{"count":14,"href":"https:\/\/portal.compraspublicas.gob.ec\/sercop\/wp-json\/wp\/v2\/pages\/13071\/revisions"}],"predecessor-version":[{"id":60236,"href":"https:\/\/portal.compraspublicas.gob.ec\/sercop\/wp-json\/wp\/v2\/pages\/13071\/revisions\/60236"}],"wp:attachment":[{"href":"https:\/\/portal.compraspublicas.gob.ec\/sercop\/wp-json\/wp\/v2\/media?parent=13071"}],"curies":[{"name":"wp","href":"https:\/\/api.w.org\/{rel}","templated":true}]}}