{"id":13074,"date":"2016-04-27T10:05:43","date_gmt":"2016-04-27T15:05:43","guid":{"rendered":"http:\/\/portal.compraspublicas.gob.ec\/sercop\/?page_id=13074"},"modified":"2024-11-28T16:18:52","modified_gmt":"2024-11-28T21:18:52","slug":"responsabilidades-del-proveedor","status":"publish","type":"page","link":"https:\/\/portal.compraspublicas.gob.ec\/sercop\/responsabilidades-del-proveedor\/","title":{"rendered":"Responsabilidades del proveedor"},"content":{"rendered":"<p style=\"text-align: justify;\"><a style=\"display:flex\"\"><img loading=\"lazy\" class=\"alignnone size-full wp-image-45951\" src=\"https:\/\/portal.compraspublicas.gob.ec\/sercop\/wp-content\/uploads\/2021\/10\/4_proveedores_responsabilidades.png\" alt=\"\" width=\"759\" height=\"224\" srcset=\"https:\/\/portal.compraspublicas.gob.ec\/sercop\/wp-content\/uploads\/2021\/10\/4_proveedores_responsabilidades.png 759w, https:\/\/portal.compraspublicas.gob.ec\/sercop\/wp-content\/uploads\/2021\/10\/4_proveedores_responsabilidades-300x89.png 300w\" sizes=\"(max-width: 759px) 100vw, 759px\" \/><\/a><\/p>\n<p><strong>Responsabilidad compromiso de asociaci\u00f3n o consorcios.-<\/strong> Los miembros de la asociaci\u00f3n o consorcio ser\u00e1n responsables solidaria e indivisiblemente por el cumplimiento de las obligaciones derivadas de la oferta y del contrato, indistintamente del plazo de duraci\u00f3n de la asociaci\u00f3n<\/p>\n<p><strong>Responsabilidad de los Consultores.- <\/strong>Los consultores nacionales y extranjeros son legal y econ\u00f3micamente responsables de la validez cient\u00edfica y t\u00e9cnica de los servicios contratados y su aplicabilidad, dentro de los t\u00e9rminos contractuales, las condiciones de informaci\u00f3n b\u00e1sica disponible y el conocimiento cient\u00edfico y tecnol\u00f3gico existente a la \u00e9poca de su elaboraci\u00f3n. Esta responsabilidad prescribe en el plazo de cinco a\u00f1os, contados a partir de la recepci\u00f3n definitiva de los estudios.<\/p>\n<p>Si por causa de los estudios elaborados por los consultores, ocurrieren perjuicios t\u00e9cnicos o econ\u00f3micos en la ejecuci\u00f3n de los contratos, establecidos por la v\u00eda judicial o arbitral, la m\u00e1xima autoridad de la Entidad Contratante (comprador) dispondr\u00e1 que el consultor sea suspendido del RUP por el plazo de cinco (5) a\u00f1os, sin perjuicio de las dem\u00e1s sanciones aplicables.<\/p>\n<p>En el caso de ejecuci\u00f3n de obra, ser\u00e1n suspendidos del RUP por el plazo de cinco (5) a\u00f1os, sin perjuicio de su responsabilidad civil, los consultores que elaboraron los estudios definitivos y actualizados si es que el precio de implementaci\u00f3n de los mismos sufriere una variaci\u00f3n sustancial a la prevista, por causas imputables a los estudios, siempre y cuando dicho perjuicio haya sido establecido por la v\u00eda judicial o arbitral.<\/p>\n<p><strong>Responsabilidad celebraci\u00f3n del contrato.- <\/strong>Si el proveedor adjudicado\u00a0 no celebrare el contrato por causas que les sean imputables, la m\u00e1xima autoridad de la entidad, declarar\u00e1 fallido al adjudicatario o a los adjudicatarios y ser\u00e1 inhabilitado del RUP por el plazo de tres (3) a\u00f1os.<\/p>\n<p><strong>Responsabilidad de cumplimiento obligaciones contractuales.-<\/strong> Los contratistas o proveedores que hubieren incumplido sus obligaciones contractuales ser\u00e1n declarados como Contratista Incumplido e\u00a0 inhabilitados en el RUP por 5 a\u00f1os.<\/p>\n<p>&nbsp;<\/p>\n","protected":false},"excerpt":{"rendered":"<p class=\"excerpt\"> <a href=\"https:\/\/portal.compraspublicas.gob.ec\/sercop\/responsabilidades-del-proveedor\/\">Read more &rarr;<\/a><\/p>\n","protected":false},"author":1,"featured_media":0,"parent":0,"menu_order":0,"comment_status":"closed","ping_status":"closed","template":"menugenerico.php","meta":[],"_links":{"self":[{"href":"https:\/\/portal.compraspublicas.gob.ec\/sercop\/wp-json\/wp\/v2\/pages\/13074"}],"collection":[{"href":"https:\/\/portal.compraspublicas.gob.ec\/sercop\/wp-json\/wp\/v2\/pages"}],"about":[{"href":"https:\/\/portal.compraspublicas.gob.ec\/sercop\/wp-json\/wp\/v2\/types\/page"}],"author":[{"embeddable":true,"href":"https:\/\/portal.compraspublicas.gob.ec\/sercop\/wp-json\/wp\/v2\/users\/1"}],"replies":[{"embeddable":true,"href":"https:\/\/portal.compraspublicas.gob.ec\/sercop\/wp-json\/wp\/v2\/comments?post=13074"}],"version-history":[{"count":4,"href":"https:\/\/portal.compraspublicas.gob.ec\/sercop\/wp-json\/wp\/v2\/pages\/13074\/revisions"}],"predecessor-version":[{"id":60504,"href":"https:\/\/portal.compraspublicas.gob.ec\/sercop\/wp-json\/wp\/v2\/pages\/13074\/revisions\/60504"}],"wp:attachment":[{"href":"https:\/\/portal.compraspublicas.gob.ec\/sercop\/wp-json\/wp\/v2\/media?parent=13074"}],"curies":[{"name":"wp","href":"https:\/\/api.w.org\/{rel}","templated":true}]}}