{"id":13077,"date":"2016-04-27T10:08:01","date_gmt":"2016-04-27T15:08:01","guid":{"rendered":"http:\/\/portal.compraspublicas.gob.ec\/sercop\/?page_id=13077"},"modified":"2024-11-27T17:05:11","modified_gmt":"2024-11-27T22:05:11","slug":"beneficios-del-proveedor","status":"publish","type":"page","link":"https:\/\/portal.compraspublicas.gob.ec\/sercop\/beneficios-del-proveedor\/","title":{"rendered":"Beneficios del proveedor"},"content":{"rendered":"<p><a style=\"display:flex\"><img loading=\"lazy\" class=\"alignnone size-full wp-image-45953\" src=\"https:\/\/portal.compraspublicas.gob.ec\/sercop\/wp-content\/uploads\/2021\/10\/5_proveedores_beneficios.png\" alt=\"\" width=\"759\" height=\"224\" srcset=\"https:\/\/portal.compraspublicas.gob.ec\/sercop\/wp-content\/uploads\/2021\/10\/5_proveedores_beneficios.png 759w, https:\/\/portal.compraspublicas.gob.ec\/sercop\/wp-content\/uploads\/2021\/10\/5_proveedores_beneficios-300x89.png 300w\" sizes=\"(max-width: 759px) 100vw, 759px\" \/><\/a><\/p>\n<p style=\"text-align: justify;\">Gracias al <span style=\"text-decoration: underline; color: #0000ff;\"><em><a style=\"color: #0000ff; text-decoration: underline;\" href=\"https:\/\/asesorvirtual.sercop.gob.ec\/webchat\/\" target=\"_blank\" rel=\"noopener noreferrer\">Portal Institucional del SERCOP<\/a><\/em><\/span>, los proveedores pueden acceder a los diferentes procesos de contrataci\u00f3n desde sus lugares de trabajo, domicilio, etc., y realizar todo el procedimiento subiendo la informaci\u00f3n necesaria para cada proceso.<\/p>\n<p style=\"text-align: justify;\">Otro de los beneficios que tienen los proveedores, es acceder a los Modelos de Pliegos Obligatorios de forma gratuita sin tener que cancelar valor alguno a las entidades contratantes. As\u00ed, el SERCOP en su Portal ha publicado los diferentes modelos de Pliegos Obligatorios, los cuales describen en su totalidad las responsabilidades de las entidades contratantes y de los proveedores, facilitando la participaci\u00f3n transparente en procesos de contrataci\u00f3n llevados a cabo por el Estado y las entidades sujetas a la Ley Org\u00e1nica del Sistema Nacional de Contrataci\u00f3n P\u00fablica.<\/p>\n<p style=\"text-align: justify;\">La Ley Org\u00e1nica del Sistema Nacional de Contrataci\u00f3n P\u00fablica da prioridad a los peque\u00f1os empresarios sobre los medianos, y a estos sobre los grandes empresarios, dando as\u00ed igualdad de oportunidades entre los diferentes proveedores para que puedan contratar con el Estado, privilegiando a los productores locales, antes que a los provinciales, y a estos antes que a los nacionales; lo anterior se encuentra regulado a trav\u00e9s de las diferentes herramientas del Portal.<\/p>\n<p style=\"text-align: justify;\">Adicionalmente, si los proveedores sienten que han sido vulnerado sus derechos respecto a su oferta podr\u00e1n hacer sus reclamaciones de conformidad con el art\u00edculo 102 de la Ley Org\u00e1nica del Sistema Nacional de Contrataci\u00f3n P\u00fablica.<\/p>\n<p>&nbsp;<\/p>\n<table style=\"height: 240px;\" width=\"614\">\n<tbody>\n<tr>\n<td style=\"text-align: justify;\" width=\"493\"><strong>1.-<\/strong> Los proveedores pueden acceder al Sistema Oficial de Contrataci\u00f3n del Estado \u2013 SOCE, desde cualquier lugar con acceso a internet para poder consultar informaci\u00f3n acerca de los procedimientos de contrataci\u00f3n y participar en los que consideren pertinente.<\/td>\n<\/tr>\n<tr>\n<td style=\"text-align: justify;\" width=\"493\"><strong>2.- <\/strong>Los proveedores pueden elaborar sus ofertas, para los procedimientos de r\u00e9gimen com\u00fan, utilizando el aplicativo MFC Ofertas sin la necesidad de una conexi\u00f3n a internet.<\/td>\n<\/tr>\n<tr>\n<td style=\"text-align: justify;\" width=\"493\"><strong>3.-<\/strong> La Ley Org\u00e1nica del Sistema Nacional de Contrataci\u00f3n P\u00fablica privilegia la contrataci\u00f3n con micro, peque\u00f1as empresas, artesanos y profesionales, y sectores de la econom\u00eda popular y solidaria de manera individual o asociativa, preferentemente domiciliados en la circunscripci\u00f3n territorial en que se ejecutar\u00e1 el contrato.<\/td>\n<\/tr>\n<tr>\n<td style=\"text-align: justify;\" width=\"493\"><strong>4.- <\/strong>Si los proveedores consideran que se han vulnerado sus derechos respecto a su oferta, podr\u00e1n hacer sus reclamaciones de conformidad con el art\u00edculo 102 de la Ley Org\u00e1nica del Sistema Nacional de Contrataci\u00f3n P\u00fablica.<\/td>\n<\/tr>\n<tr>\n<td style=\"text-align: justify;\" width=\"493\"><strong>5.-<\/strong> Los proveedores cuentan con asesor\u00eda para la participaci\u00f3n en los procedimientos de contrataci\u00f3n a trav\u00e9s de los siguientes canales de atenci\u00f3n: <a href=\"https:\/\/asesorvirtual.sercop.gob.ec\/webchat\/\">Consultas en l\u00ednea<\/a>, tr\u00e1mite r\u00e1pido, call center: 1700- 737267.<\/td>\n<\/tr>\n<\/tbody>\n<\/table>\n","protected":false},"excerpt":{"rendered":"<p class=\"excerpt\">Gracias al Portal Institucional del SERCOP, los proveedores pueden acceder a los diferentes procesos de contrataci\u00f3n desde sus lugares de trabajo, domicilio, etc., y realizar todo el procedimiento subiendo la informaci\u00f3n necesaria para cada proceso. Otro de los beneficios que tienen los proveedores, es acceder a los Modelos de Pliegos Obligatorios de forma gratuita sin tener que cancelar valor alguno&hellip; <a href=\"https:\/\/portal.compraspublicas.gob.ec\/sercop\/beneficios-del-proveedor\/\">Read more &rarr;<\/a><\/p>\n","protected":false},"author":1,"featured_media":0,"parent":0,"menu_order":0,"comment_status":"closed","ping_status":"closed","template":"menugenerico.php","meta":[],"_links":{"self":[{"href":"https:\/\/portal.compraspublicas.gob.ec\/sercop\/wp-json\/wp\/v2\/pages\/13077"}],"collection":[{"href":"https:\/\/portal.compraspublicas.gob.ec\/sercop\/wp-json\/wp\/v2\/pages"}],"about":[{"href":"https:\/\/portal.compraspublicas.gob.ec\/sercop\/wp-json\/wp\/v2\/types\/page"}],"author":[{"embeddable":true,"href":"https:\/\/portal.compraspublicas.gob.ec\/sercop\/wp-json\/wp\/v2\/users\/1"}],"replies":[{"embeddable":true,"href":"https:\/\/portal.compraspublicas.gob.ec\/sercop\/wp-json\/wp\/v2\/comments?post=13077"}],"version-history":[{"count":8,"href":"https:\/\/portal.compraspublicas.gob.ec\/sercop\/wp-json\/wp\/v2\/pages\/13077\/revisions"}],"predecessor-version":[{"id":60270,"href":"https:\/\/portal.compraspublicas.gob.ec\/sercop\/wp-json\/wp\/v2\/pages\/13077\/revisions\/60270"}],"wp:attachment":[{"href":"https:\/\/portal.compraspublicas.gob.ec\/sercop\/wp-json\/wp\/v2\/media?parent=13077"}],"curies":[{"name":"wp","href":"https:\/\/api.w.org\/{rel}","templated":true}]}}