{"id":13083,"date":"2016-04-27T10:14:16","date_gmt":"2016-04-27T15:14:16","guid":{"rendered":"http:\/\/portal.compraspublicas.gob.ec\/sercop\/?page_id=13083"},"modified":"2024-11-28T15:45:32","modified_gmt":"2024-11-28T20:45:32","slug":"personas-naturales","status":"publish","type":"page","link":"https:\/\/portal.compraspublicas.gob.ec\/sercop\/personas-naturales\/","title":{"rendered":"Personas naturales"},"content":{"rendered":"<p><a style=\"display:flex\"><img loading=\"lazy\" class=\"alignnone size-full wp-image-45956\" src=\"https:\/\/portal.compraspublicas.gob.ec\/sercop\/wp-content\/uploads\/2021\/10\/7_proveedores_personas_naturales.png\" alt=\"\" width=\"759\" height=\"224\" srcset=\"https:\/\/portal.compraspublicas.gob.ec\/sercop\/wp-content\/uploads\/2021\/10\/7_proveedores_personas_naturales.png 759w, https:\/\/portal.compraspublicas.gob.ec\/sercop\/wp-content\/uploads\/2021\/10\/7_proveedores_personas_naturales-300x89.png 300w\" sizes=\"(max-width: 759px) 100vw, 759px\" \/><\/a><\/p>\n<table>\n<tbody>\n<tr>\n<td style=\"text-align: center;\"><strong>Ecuatorianos\/Extranjeras domiciliadas<\/strong><\/td>\n<td><span style=\"color: #000000;\">1.- RUC, actualizado y vigente<\/span><br \/>\nEstar al d\u00eda en las obligaciones tributarias administradas por el SRI. La verificaci\u00f3n se realiza a trav\u00e9s del sistema inform\u00e1tico interconectado, no es necesario un certificado.2.- Si su actividad econ\u00f3mica es de Consultor\u00eda debe estar registrado el t\u00edtulo en el SENESCYT.3.- Si Usted es empleador, deber\u00e1 estar al d\u00eda en sus obligaciones patronales con el IESS. La verificaci\u00f3n se realiza a trav\u00e9s del sistema inform\u00e1tico interconectado.<\/td>\n<\/tr>\n<tr>\n<td style=\"text-align: center;\"><strong>Extranjeros no domiciliados<\/strong><\/td>\n<td>&nbsp;<\/p>\n<ol>\n<li style=\"text-align: justify;\">La persona natural extranjera no necesita ning\u00fan tipo de visa ni c\u00e9dula de identidad; sin embargo, debe justificar mediante cualquier documento la acreditaci\u00f3n de su actividad comercial.<\/li>\n<\/ol>\n<\/td>\n<\/tr>\n<\/tbody>\n<\/table>\n<h3 style=\"text-align: center;\"><span style=\"color: #000000;\"><strong>\u00a1NO REQUIERE PRESENTACI\u00d3N DE DOCUMENTOS!<\/strong><\/span><\/h3>\n","protected":false},"excerpt":{"rendered":"<p class=\"excerpt\">Ecuatorianos\/Extranjeras domiciliadas 1.- RUC, actualizado y vigente Estar al d\u00eda en las obligaciones tributarias administradas por el SRI. La verificaci\u00f3n se realiza a trav\u00e9s del sistema inform\u00e1tico interconectado, no es necesario un certificado.2.- Si su actividad econ\u00f3mica es de Consultor\u00eda debe estar registrado el t\u00edtulo en el SENESCYT.3.- Si Usted es empleador, deber\u00e1 estar al d\u00eda en sus obligaciones patronales&hellip; <a href=\"https:\/\/portal.compraspublicas.gob.ec\/sercop\/personas-naturales\/\">Read more &rarr;<\/a><\/p>\n","protected":false},"author":1,"featured_media":0,"parent":0,"menu_order":0,"comment_status":"closed","ping_status":"closed","template":"menugenerico.php","meta":[],"_links":{"self":[{"href":"https:\/\/portal.compraspublicas.gob.ec\/sercop\/wp-json\/wp\/v2\/pages\/13083"}],"collection":[{"href":"https:\/\/portal.compraspublicas.gob.ec\/sercop\/wp-json\/wp\/v2\/pages"}],"about":[{"href":"https:\/\/portal.compraspublicas.gob.ec\/sercop\/wp-json\/wp\/v2\/types\/page"}],"author":[{"embeddable":true,"href":"https:\/\/portal.compraspublicas.gob.ec\/sercop\/wp-json\/wp\/v2\/users\/1"}],"replies":[{"embeddable":true,"href":"https:\/\/portal.compraspublicas.gob.ec\/sercop\/wp-json\/wp\/v2\/comments?post=13083"}],"version-history":[{"count":10,"href":"https:\/\/portal.compraspublicas.gob.ec\/sercop\/wp-json\/wp\/v2\/pages\/13083\/revisions"}],"predecessor-version":[{"id":60463,"href":"https:\/\/portal.compraspublicas.gob.ec\/sercop\/wp-json\/wp\/v2\/pages\/13083\/revisions\/60463"}],"wp:attachment":[{"href":"https:\/\/portal.compraspublicas.gob.ec\/sercop\/wp-json\/wp\/v2\/media?parent=13083"}],"curies":[{"name":"wp","href":"https:\/\/api.w.org\/{rel}","templated":true}]}}