{"id":13084,"date":"2016-04-27T10:13:59","date_gmt":"2016-04-27T15:13:59","guid":{"rendered":"http:\/\/portal.compraspublicas.gob.ec\/sercop\/?page_id=13084"},"modified":"2024-11-28T15:49:01","modified_gmt":"2024-11-28T20:49:01","slug":"preguntas-frecuentes-3","status":"publish","type":"page","link":"https:\/\/portal.compraspublicas.gob.ec\/sercop\/preguntas-frecuentes-3\/","title":{"rendered":"Preguntas frecuentes Entidades"},"content":{"rendered":"<div class=\"content\">\n<div class=\"field field-name-body field-type-text-with-summary field-label-hidden\">\n<div class=\"field-items\">\n<div class=\"field-item even\">\n<p><a style=\"display:flex\"><img loading=\"lazy\" class=\"alignnone wp-image-57288 size-large\" src=\"https:\/\/portal.compraspublicas.gob.ec\/sercop\/wp-content\/uploads\/2024\/01\/Mesa-de-trabajo-2-copia@2x-1024x256.png\" alt=\"\" width=\"750\" height=\"188\" srcset=\"https:\/\/portal.compraspublicas.gob.ec\/sercop\/wp-content\/uploads\/2024\/01\/Mesa-de-trabajo-2-copia@2x-1024x256.png 1024w, https:\/\/portal.compraspublicas.gob.ec\/sercop\/wp-content\/uploads\/2024\/01\/Mesa-de-trabajo-2-copia@2x-300x75.png 300w, https:\/\/portal.compraspublicas.gob.ec\/sercop\/wp-content\/uploads\/2024\/01\/Mesa-de-trabajo-2-copia@2x-768x192.png 768w, https:\/\/portal.compraspublicas.gob.ec\/sercop\/wp-content\/uploads\/2024\/01\/Mesa-de-trabajo-2-copia@2x-1536x385.png 1536w, https:\/\/portal.compraspublicas.gob.ec\/sercop\/wp-content\/uploads\/2024\/01\/Mesa-de-trabajo-2-copia@2x.png 1825w\" sizes=\"(max-width: 750px) 100vw, 750px\" \/><\/a><\/p>\n<h1><span style=\"color: #000080;\"><strong>PREGUNTAS FRECUENTES DE LAS ENTIDADES DEL ESTADO<\/strong><\/span><\/h1>\n<p><strong><span style=\"color: #000080;\"><u>1. \u00bfQu\u00e9 se debe hacer con los procesos cuyos funcionarios responsables ya no laboran en la instituci\u00f3n?<\/u><\/span><\/strong><\/p>\n<p>En la Herramienta se encuentra implementada la funcionalidad denominada <strong>\u201cMigrar Procesos\u201d<\/strong>, que puede ser utilizada por el usuario administrador del portal, para aquellos casos en los cuales por necesidad institucional se requiera asignar un nuevo usuario responsable. El manual respectivo lo encontrar\u00e1 en el siguiente enlace:<\/p>\n<p><a href=\"https:\/\/portal.compraspublicas.gob.ec\/sercop\/wp-\">https:\/\/portal.compraspublicas.gob.ec\/sercop\/wp- content\/uploads\/2017\/02\/Manual_Migracion_de_Procesos.pdf. <\/a><\/p>\n<p>Solo para el caso de procedimientos de emergencia, se podr\u00e1 solicitar la migraci\u00f3n a trav\u00e9s de un oficio suscrito por la m\u00e1xima autoridad, dicho requerimiento podr\u00e1 ser enviado a trav\u00e9s del Sistema de Gesti\u00f3n Documental Quipux, o al correo electr\u00f3nico: <a href=\"mailto:gestiondocumental@sercop.gob.ec\">gestiondocumental@sercop.gob.ec<\/a><\/p>\n<hr \/>\n<p><span style=\"color: #000080;\"><strong><u>2. \u00bfC\u00f3mo puedo actualizar la informaci\u00f3n de mi registro?<\/u><\/strong><\/span><\/p>\n<p>Se puede solicitar la actualizaci\u00f3n de datos, como la direcci\u00f3n, tel\u00e9fonos, etc.;\u00a0 por medio de la herramienta Tr\u00e1mite R\u00e1pido, para ello la informaci\u00f3n deber\u00e1 estar actualizada previamente en el Servicio de Rentas Internas &#8211; SRI.<\/p>\n<hr \/>\n<p><span style=\"color: #000080;\"><strong><u>3. \u00bfC\u00f3mo puedo imprimir el formulario de registro?<\/u><\/strong><\/span><\/p>\n<p>Ingresar al Sistema Oficial de Contrataci\u00f3n P\u00fablica del Ecuador (SOCE) con sus datos de acceso, en el men\u00fa: <strong>\u201cDatos Generales, opci\u00f3n Resumen General\u201d<\/strong>.<\/p>\n<hr \/>\n<p><strong><u><span style=\"color: #000080;\">4. \u00bfQu\u00e9 debo hacer para cambiar el administrador del contrato en un procedimiento de contrataci\u00f3n<\/span>?<\/u><\/strong><\/p>\n<p>En la Herramienta se encuentra implementada la funcionalidad denominada <strong>\u201cCambio Administrador de Contrato\u201d<\/strong>, que puede ser utilizada por el usuario administrador, para aquellos casos en los cuales por necesidad institucional, se requiera asignar un nuevo administrador de contrato responsable.<\/p>\n<p>El manual respectivo lo encontrar\u00e1 en el siguiente enlace:\u00a0 <a href=\"https:\/\/portal.compraspublicas.gob.ec\/sercop\/wp-content\/uploads\/downloads\/2018\/05\/Guia_metodologica_para_finalizar_contratos.pdf\">https:\/\/portal.compraspublicas.gob.ec\/sercop\/wp-content\/uploads\/downloads\/2018\/05\/Guia_metodologica_para_finalizar_contratos.pdf<\/a><\/p>\n<hr \/>\n<p><span style=\"color: #000080;\"><strong><u>5. \u00bfD\u00f3nde se debe presentar la documentaci\u00f3n para habilitarse como entidad contratante?<\/u><\/strong><\/span><\/p>\n<p>En cualquiera de las oficinas del SERCOP a nivel nacional. Para ubicar la oficina m\u00e1s cercana, puede consultar el siguiente enlace:<\/p>\n<p><a href=\"https:\/\/portal.compraspublicas.gob.ec\/sercop\/direcciones\/\">https:\/\/portal.compraspublicas.gob.ec\/sercop\/direcciones\/<\/a>.<\/p>\n<p>Tambi\u00e9n podr\u00e1 remitir al correo electr\u00f3nico:\u00a0 \u00a0<a href=\"mailto:gestiondocumental@sercop.gob.ec\">gestiondocumental@sercop.gob.ec<\/a>.<\/p>\n<hr \/>\n<p><span style=\"color: #000080;\"><strong><u>6. \u00bfQu\u00e9 debo hacer para cambiar el representante legal de mi Instituci\u00f3n?<\/u><\/strong><\/span><\/p>\n<p>La actualizaci\u00f3n del representante legal, es responsabilidad del usuario administrador del sistema en cada entidad, realizando los siguientes pasos:<\/p>\n<ul>\n<li>Ingresar en el men\u00fa, <strong>\u201cAdministraci\u00f3n\u201d<\/strong>, submen\u00fa <strong>\u201cContactos\u201d<\/strong>;<\/li>\n<li>Editar contacto, escogiendo al contacto del representante saliente;<\/li>\n<li>Cambiar el cargo.<\/li>\n<li>Seleccionar estado Inactivo y guardar.<\/li>\n<\/ul>\n<p>&nbsp;<\/p>\n<p><span style=\"color: #000080;\"><strong><em>CREACI\u00d3N DE CONTACTOS:<\/em><\/strong><\/span><\/p>\n<ul>\n<li>Ingresar en el men\u00fa, <strong>\u201cAdministraci\u00f3n\u201d,<\/strong> submen\u00fa <strong>\u201cContactos\u201d<\/strong>;<\/li>\n<li>Agregar Contacto;<\/li>\n<li>Completar la informaci\u00f3n requerida, de manera especial el cargo registrar como: <strong>\u201cRepresentante Legal\u201d<\/strong> y guardar.<\/li>\n<\/ul>\n<p>&nbsp;<\/p>\n<p>Cabe indicar que no se requiere presentar documentaci\u00f3n alguna en el SERCOP.<\/p>\n<hr \/>\n<p><span style=\"color: #000080;\"><strong><u>7. \u00bfQu\u00e9 debo hacer para crear un nuevo usuario en el sistema?<\/u><\/strong><\/span><\/p>\n<p>Para realizar la creaci\u00f3n de un nuevo usuario, el administrador del portal deber\u00e1 seguir los siguientes pasos una vez que ingrese al sistema \u201cSOCE\u201d, con el usuario administrador, con su RUC, usuario y contrase\u00f1a:<\/p>\n<p><span style=\"color: #000080;\"><strong><em>CREACI\u00d3N CONTACTO:<\/em><\/strong><\/span><\/p>\n<ul>\n<li>Ingresar en el men\u00fa, <strong>\u201cAdministraci\u00f3n\u201d, <\/strong>submen\u00fa <strong>\u201cContactos\u201d;<\/strong><\/li>\n<li>Crear un nuevo contacto;<\/li>\n<li>Completar la informaci\u00f3n requerida.<\/li>\n<\/ul>\n<p>&nbsp;<\/p>\n<p><span style=\"color: #000080;\"><em><strong>CREACI\u00d3N DE USUARIOS:<\/strong><\/em><\/span><\/p>\n<p>Ingresar en el men\u00fa <strong>\u201cAdministraci\u00f3n\u201d<\/strong>, submen\u00fa <strong>\u201cUsuarios\u201d<\/strong>;<\/p>\n<ul>\n<li>Crear un usuario;<\/li>\n<li>Clic en el icono de la opci\u00f3n agregar usuario;<\/li>\n<li>Ingresar el nombre de usuario y la contrase\u00f1a respectiva;<\/li>\n<li>Escoger el nombre del contacto correspondiente al usuario en la opci\u00f3n \u201cnombre\u201d y Guardar.<\/li>\n<\/ul>\n<hr \/>\n<p><span style=\"color: #000080;\"><strong><u>8. \u00bfC\u00f3mo puedo cambiar el usuario administrador del sistema en mi Instituci\u00f3n?<\/u><\/strong><\/span><\/p>\n<\/div>\n<\/div>\n<\/div>\n<\/div>\n<p>Primero se debe crear el nuevo usuario en el sistema, para ello deber\u00e1 seguir los pasos detallados en la pregunta n\u00famero 7.<\/p>\n<p>A continuaci\u00f3n, se detallan los pasos que deber\u00e1 realizar el actual usuario administrador del Portal, para ejecutar la transferencia de perfiles al nuevo administrador, una vez que se encuentre creado el nuevo usuario y en estado activo:<\/p>\n<p>Pasos para Transferencia de perfiles de Usuario Administrador del Portal<\/p>\n<p>1.- Ingresar con el usuario administrador del portal actual.<\/p>\n<p>2.- En el campo \u201cAdministraci\u00f3n\u201d seleccionar la opci\u00f3n \u201cUsuarios\u201d.<\/p>\n<p>3.- Escoger \u201cCambio de usuario administrador\u201d.<\/p>\n<p>4.- Asignar un contacto del listado de contactos activos al usuario administrador actual.<\/p>\n<p>5.- Una vez seleccionado un contacto se habilita la opci\u00f3n para la selecci\u00f3n del nuevo usuario administrador.<\/p>\n<p>6.- Se selecciona un nuevo usuario administrador.<\/p>\n<p>7.- En la ventana \u201cIngrese una observaci\u00f3n\u201d presionar \u201cAceptar\u201d.<\/p>\n<p>8.- En la ventana con la confirmaci\u00f3n del usuario presionar clic en \u201cAceptar\u201d.<\/p>\n<p>9.- Subir la resoluci\u00f3n en pdf de la asignaci\u00f3n del nuevo administrador del portal.<\/p>\n<p>10.- Presionar clic en \u201cAceptar\u201d.<\/p>\n<p>Para mayor informaci\u00f3n y explicaci\u00f3n, puede acceder al siguiente enlace: https:\/\/youtu.be\/yaH51rw739U<\/p>\n<p>En caso de presentarse alg\u00fan inconveniente con la herramienta podr\u00e1 solicitar la soluci\u00f3n a trav\u00e9s de la herramienta de \u201cTr\u00e1mite SOCE\u201d y enviar capturas de pantallas al correo de <a href=\"mailto:registro@sercop.gob.ec\">registro@sercop.gob.ec<\/a>, indicando el n\u00famero de la incidencia generada.<\/p>\n<hr \/>\n<div class=\"content\">\n<div class=\"field field-name-body field-type-text-with-summary field-label-hidden\">\n<div class=\"field-items\">\n<div class=\"field-item even\">\n<p><span style=\"color: #000080;\"><strong><u>9. \u00bfTiene alg\u00fan tiempo de vigencia mi registro como entidad contratante?<\/u><\/strong><\/span><\/p>\n<p>El registro de una entidad contratante no tiene tiempo de vigencia.<\/p>\n<hr \/>\n<p><span style=\"color: #000080;\"><strong><u>10. \u00bfQu\u00e9 debo hacer en el sistema cuando mi Instituci\u00f3n por Decreto concluye sus funciones?<\/u><\/strong><\/span><\/p>\n<p>Una vez que una entidad contratante determina la finalizaci\u00f3n de sus actividades debe finalizar todos los procesos de contrataci\u00f3n, ya que es responsabilidad de la m\u00e1xima autoridad de la entidad contratante llevar adelante los procedimientos de contrataci\u00f3n y concluirlos, (<strong>Estado del Proceso \u201cFinalizado\u201d, \u201cCancelado\u201d o \u201cDesierto\u201d),<\/strong> observando lo que indican los Arts. 21, 28 y 97 de la Ley Org\u00e1nica de Sistema Nacional de Contrataci\u00f3n P\u00fablica.<\/p>\n<p>Posteriormente es obligaci\u00f3n de la entidad contratante notificar al SERCOP el particular solicitando el cambio a estado <strong>\u201cPASIVO\u201d<\/strong>.<\/p>\n<hr \/>\n<p><span style=\"color: #000080;\"><strong><u>11. \u00bfC\u00f3mo instalo el \u201cMFC\u201d pliegos?<\/u><\/strong><\/span><\/p>\n<p>Para instalar el aplicativo \u201cMFC\u201d debe seguir los siguientes pasos:<\/p>\n<ul>\n<li>Configurar como navegador predeterminado \u201cMOZILLA\u201d Versi\u00f3n 68 de Firefox o Superior.<\/li>\n<li>Eliminar del navegador previamente cookies, cach\u00e9 e historial. ( Ctrl + Alt + Supr).<\/li>\n<li>Inactivar antivirus y restricciones del equipo durante el proceso.<\/li>\n<li>Ingresar al portal: <a href=\"https:\/\/portal.compraspublicas.gob.ec\/sercop\/herramientas\/\">https:\/\/portal.compraspublicas.gob.ec\/sercop\/herramientas\/<\/a><\/li>\n<\/ul>\n<ul>\n<li>En la cinta de opciones, deber\u00e1 ingresar en la opci\u00f3n <strong>\u201cModulo Facilitador de Contrataci\u00f3n P\u00fablica &#8211; MFC\u201d.<\/strong><\/li>\n<li>Selecciona: <strong>\u201cInstaladores MFC para Entidades Contratantes\u00bb<\/strong>.<\/li>\n<li>Presionar clic en la instalaci\u00f3n de acuerdo al sistema operativo de su equipo (ejemplo Windows).<\/li>\n<\/ul>\n<p>Una vez instalado el aplicativo \u201cMFC\u201d en su equipo, deber\u00e1 completar la informaci\u00f3n correspondiente a los datos generales de la Entidad.<\/p>\n<p>Despu\u00e9s de realizar la descarga de la aplicaci\u00f3n, podr\u00e1 revisar el instructivo de instalaci\u00f3n, que ser\u00e1 de gran utilidad.<\/p>\n<p>&nbsp;<\/p>\n<p>Cabe mencionar que disponemos de un manual del m\u00f3dulo \u201cMFC\u201d y recomendaciones tanto para entidades como para proveedores.<\/p>\n<p>Para acceder al mismo podr\u00e1 ingresar al link recomendaciones: \u00a0<a href=\"https:\/\/portal.compraspublicas.gob.ec\/sercop\/recomendaciones-de-uso-del-modulo-facilitador-de-la-contratacion-publica\/\">https:\/\/portal.compraspublicas.gob.ec\/sercop\/recomendaciones-de-uso-del-modulo-facilitador-de-la-contratacion-publica\/<\/a><\/p>\n<hr \/>\n<p><span style=\"color: #000080;\"><strong><u>12. \u00bfC\u00f3mo reseteo la contrase\u00f1a de un usuario operador del SOCE?<\/u><\/strong><\/span><\/p>\n<p>Para resetear la contrase\u00f1a de un usuario operador del SOCE, es necesario que el usuario administrador del Portal ingrese al SOCE con RUC, usuario y contrase\u00f1a y realice los siguientes pasos:<\/p>\n<ul>\n<li>Ingresar al men\u00fa <strong>\u201cAdministraci\u00f3n\u201d<\/strong> y presione clic en <strong>\u201cUsuarios\u201d<\/strong>.<\/li>\n<li>Escoger la opci\u00f3n <strong>\u201cReasignar contrase\u00f1a\u201d<\/strong> e ingrese el n\u00famero de c\u00e9dula del usuario requerido.<\/li>\n<li>La nueva contrase\u00f1a llegar\u00e1 al correo electr\u00f3nico registrado en el contacto del SOCE.<\/li>\n<\/ul>\n<p>Cabe indicar que el SERCOP no puede realizar este tipo de reseteo, ya que \u00fanicamente el usuario Administrador del Portal de cada entidad lo realiza.<\/p>\n<p>Para el reseteo de contrase\u00f1a del <strong>\u201cusuario administrador\u201d<\/strong> del Portal, deber\u00e1 ingresar al Sistema Oficial de Contrataci\u00f3n P\u00fablica \u2013 SOCE, y escoger la opci\u00f3n <strong>\u201cOlvid\u00f3 su contrase\u00f1a\u201d<\/strong>; llenar la informaci\u00f3n requerida, la misma que debe coincidir con la informaci\u00f3n registrada en el SOCE, y el sistema generar\u00e1 una nueva clave temporal, para que ingrese al portal y registre su nueva contrase\u00f1a. En el caso que no se pueda realizar este paso, la M\u00e1xima autoridad de la Entidad deber\u00e1 suscribir mediante oficio, la solicitud de reseteo de contrase\u00f1a y podr\u00e1 enviar al correo electr\u00f3nico <a href=\"mailto:gestiondocumental@sercop.gob.ec\">gestiondocumental@sercop.gob.ec<\/a>.<\/p>\n<\/div>\n<\/div>\n<\/div>\n<\/div>\n<p><a href=\"https:\/\/portal.compraspublicas.gob.ec\/sercop\/wp-content\/uploads\/2023\/05\/FORMATO-PARA-SOLICITAR-RESETEO-DE-CONTRASEN\u0303A.docx\">Descarga Formato para solicitar reseteo de contrase\u00f1a<\/a><\/p>\n<hr \/>\n<div class=\"content\">\n<div class=\"field field-name-body field-type-text-with-summary field-label-hidden\">\n<div class=\"field-items\">\n<div class=\"field-item even\">\n<p><span style=\"color: #000080;\"><strong><u>13. \u00bf<\/u><u>C\u00f3mo proceder para enviar un reclamo o denuncia?<\/u><\/strong><\/span><\/p>\n<p>Para realizar un reclamo Art\u00edculo 342 o denuncia Art\u00edculo 346 del Reglamento General a la Ley Org\u00e1nica del Sistema Nacional de Contrataci\u00f3n P\u00fablica, nuestra \u00e1rea de Supervisi\u00f3n y Control ha habilitado canales directos para su atenci\u00f3n y gesti\u00f3n. La denuncia o reclamo deber\u00e1 contar con la siguiente informaci\u00f3n:<\/p>\n<ul>\n<li>Antecedentes de la denuncia.<\/li>\n<li>N\u00famero y detalles del procedimiento de contrataci\u00f3n.<\/li>\n<li>Identificaci\u00f3n de los posibles infractores o de ser el caso o detalles de los hechos o inobservancias a la norma.<\/li>\n<\/ul>\n<p>&nbsp;<\/p>\n<p>Los medios para presentar estos tr\u00e1mites son:<\/p>\n<ul>\n<li>Portal: <a href=\"https:\/\/portal.compraspublicas.gob.ec\/sercop\/\">https:\/\/portal.compraspublicas.gob.ec\/sercop\/<\/a>, en la opci\u00f3n <strong>\u201cSistema de Gesti\u00f3n de Denuncias\u201d<\/strong>. Ingresando directamente al link: <a href=\"https:\/\/denuncias.compraspublicas.gob.ec\/denuncias\/registrodenuncia.php\">https:\/\/denuncias.compraspublicas.gob.ec\/\/denuncias\/registrodenuncia.php#<\/a><\/li>\n<li>Portal SOCE: ingresando al portal con sus datos de acceso (RUC, usuario y contrase\u00f1a) en el men\u00fa o pesta\u00f1a <strong>\u201cReclamos\u201d<\/strong> en la opci\u00f3n <strong>\u201cCrear reclamos\u201d<\/strong>.<\/li>\n<li>Correo electr\u00f3nico <a href=\"mailto:denuncias@sercop.gob.ec\">denuncias@sercop.gob.ec<\/a>.<\/li>\n<\/ul>\n<hr \/>\n<p><span style=\"color: #000080;\"><strong><u>14.\u00a0 \u00bfQu\u00e9 sucede si no finalizo mi registro como entidad contratante?<\/u><\/strong><\/span><\/p>\n<p>Si no finaliza el proceso de habilitaci\u00f3n como entidad contratante, el registro no se activa y no podr\u00e1 realizar procesos de contrataci\u00f3n de bienes, servicios u obra incluidos los de consultor\u00eda.<\/p>\n<hr \/>\n<p><span style=\"color: #000080;\"><strong><u>15.\u00a0 \u00bfQu\u00e9 debo hacer para activar mi cuenta como entidad contratante?<\/u><\/strong><\/span><\/p>\n<p>Una vez que realice el registro como entidad contratante en el Sistema Oficial de Contrataci\u00f3n del Estado \u201cSOCE\u201d, deber\u00e1 entregar en cualquiera de las ventanillas de atenci\u00f3n al usuario a nivel nacional, los documentos para la habilitaci\u00f3n de su registro, mismos que se detallan a continuaci\u00f3n:<\/p>\n<ol>\n<li>Documentaci\u00f3n que sustente su creaci\u00f3n, registro oficial, estatutos sociales o escritura de constituci\u00f3n;<\/li>\n<li>Copia del nombramiento de la m\u00e1xima autoridad o documento habilitante.<\/li>\n<\/ol>\n<p>&nbsp;<\/p>\n<p>Para la habilitaci\u00f3n de entidad contratante de derecho privado deber\u00e1 presentar la siguiente documentaci\u00f3n:<\/p>\n<ol>\n<li>Documentaci\u00f3n que sustente su creaci\u00f3n, estatutos sociales o escritura de constituci\u00f3n;<\/li>\n<li>Copia del nombramiento de la m\u00e1xima autoridad o documento habilitante.<\/li>\n<li>Convenio interinstitucional en d\u00f3nde se pueda verificar que el aporte p\u00fablico es del 50 % o m\u00e1s, de existir este;<\/li>\n<li>De no verificarse el aporte p\u00fablico en los estatutos o en el convenio, deber\u00e1 presentar el balance, estados de cuenta o cualquier otro documento a trav\u00e9s del cual se verifique el aporte del Estado.<\/li>\n<\/ol>\n<p>Tambi\u00e9n podr\u00e1 remitir al correo electr\u00f3nico: \u00a0<a href=\"mailto:gestiondocumental@sercop.gob.ec\">gestiondocumental@sercop.gob.ec<\/a><\/p>\n<hr \/>\n<p><span style=\"color: #000080;\"><strong><u>16.\u00a0 \u00bfUna vez que dispongo la autorizaci\u00f3n de que no existe producci\u00f3n nacional que debe hacer la entidad contratante?<\/u><\/strong><\/span><\/p>\n<p>La entidad deber\u00e1 proseguir con el proceso de importaci\u00f3n directa o publicar el proceso de contrataci\u00f3n p\u00fablica seleccionado de acuerdo al bien o servicio a contratar y al monto de contrataci\u00f3n.<\/p>\n<hr \/>\n<p><span style=\"color: #000080;\"><strong><u>17. \u00bfD\u00f3nde puedo acceder a la informaci\u00f3n del Banco de Consultor\u00edas?<\/u><\/strong><\/span><\/p>\n<p>Debe ingresar a la p\u00e1gina del Servicio Nacional de Contrataci\u00f3n P\u00fablica SERCOP, en el men\u00fa <strong>\u201cProgramas y servicios\u201d<\/strong> debe seleccionar la opci\u00f3n <strong>\u201cB\u00fasqueda de Consultor\u00edas\u201d<\/strong>.<\/p>\n<p>El siguiente link se muestra la informaci\u00f3n:<\/p>\n<p><a href=\"https:\/\/app.powerbi.com\/view?r=eyJrIjoiNmU2MWI4MTktMjM1MC00ZGQ0LWExMTEtOTA4OTY3YzJiODU4IiwidCI6ImQ2NDk2NzM4LWY5MTItNGExZS04NDE1LTQwY2E2ZjRhOTRlZCJ9\">https:\/\/app.powerbi.com\/view?r=eyJrIjoiNmU2MWI4MTktMjM1MC00ZGQ0LWExMTEtOTA4OTY3YzJiODU4IiwidCI6ImQ2NDk2NzM4LWY5MTItNGExZS04NDE1LTQwY2E2ZjRhOTRlZCJ9<\/a><\/p>\n<hr \/>\n<p><span style=\"color: #000080;\"><strong><u>18.\u00a0 \u00bfD\u00f3nde puedo acceder a la informaci\u00f3n sobre los montos de contrataci\u00f3n?<\/u><\/strong><\/span><\/p>\n<p>Debe ingresar a la p\u00e1gina del Servicio Nacional de Contrataci\u00f3n P\u00fablica SERCOP, en el men\u00fa <strong>\u201cProgramas y servicios\u201d <\/strong>debe seleccionar la opci\u00f3n <strong>\u201cMontos de Contrataci\u00f3n P\u00fablica\u201d<\/strong>.<\/p>\n<p>El siguiente link se muestra la informaci\u00f3n: <a href=\"https:\/\/portal.compraspublicas.gob.ec\/sercop\/montos-de-contratacion-publica-2023\/\">https:\/\/portal.compraspublicas.gob.ec\/sercop\/montos-de-contratacion-publica-2023\/<\/a><\/p>\n<hr \/>\n<p><span style=\"color: #000080;\"><strong><u>19. \u00bfHasta cu\u00e1ndo se puede publicar el PAC?<\/u><\/strong><\/span><\/p>\n<p>De acuerdo al art\u00edculo 22 de la Ley Org\u00e1nica del Sistema Nacional de Contrataci\u00f3n P\u00fablica &#8211; LOSNCP y al art\u00edculo 43 de su Reglamento, el Plan Anual de Contrataci\u00f3n &#8211; PAC deber\u00e1 ser publicado en el Portal Institucional del SERCOP a trav\u00e9s del M\u00f3dulo Facilitador de la Contrataci\u00f3n P\u00fablica \u00abPlan Anual de Contrataci\u00f3n &#8211; PAC\u00bb dentro de los quince (15) d\u00edas del mes de enero de cada a\u00f1o.<\/p>\n<hr \/>\n<p><span style=\"color: #000080;\"><strong><u>20.\u00a0 \u00bfSe pueden realizar reformas al PAC?<\/u><\/strong><\/span><\/p>\n<p>De acuerdo al art\u00edculo 43 del Reglamento a la Ley Org\u00e1nica del Sistema Nacional de Contrataci\u00f3n P\u00fablica las entidades contratantes podr\u00e1n modificar el PAC, a trav\u00e9s de una resoluci\u00f3n administrativa debidamente motivada, siempre y cuando tales reformas obedezcan a una justificaci\u00f3n t\u00e9cnica y econ\u00f3mica, o por causas de caso fortuito o fuerza mayor debidamente sustentadas.<\/p>\n<hr \/>\n<p><span style=\"color: #000080;\"><strong><u>21.\u00a0 \u00bfCu\u00e1ntas veces se puede modificar el PAC?<\/u><\/strong><\/span><\/p>\n<p>La normativa no establece un n\u00famero determinado que se pueda modificar el PAC, y en la herramienta no existe restricci\u00f3n alguna, por lo que se podr\u00e1 ejecutar las modificaciones que sean necesarias siempre y cuando se cumpla con lo establecido en el art\u00edculo 43 del Reglamento.<\/p>\n<\/div>\n<\/div>\n<\/div>\n<\/div>\n","protected":false},"excerpt":{"rendered":"<p class=\"excerpt\">PREGUNTAS FRECUENTES DE LAS ENTIDADES DEL ESTADO 1. \u00bfQu\u00e9 se debe hacer con los procesos cuyos funcionarios responsables ya no laboran en la instituci\u00f3n? En la Herramienta se encuentra implementada la funcionalidad denominada \u201cMigrar Procesos\u201d, que puede ser utilizada por el usuario administrador del portal, para aquellos casos en los cuales por necesidad institucional se requiera asignar un nuevo usuario&hellip; <a href=\"https:\/\/portal.compraspublicas.gob.ec\/sercop\/preguntas-frecuentes-3\/\">Read more &rarr;<\/a><\/p>\n","protected":false},"author":1,"featured_media":0,"parent":0,"menu_order":0,"comment_status":"closed","ping_status":"closed","template":"menugenerico.php","meta":[],"_links":{"self":[{"href":"https:\/\/portal.compraspublicas.gob.ec\/sercop\/wp-json\/wp\/v2\/pages\/13084"}],"collection":[{"href":"https:\/\/portal.compraspublicas.gob.ec\/sercop\/wp-json\/wp\/v2\/pages"}],"about":[{"href":"https:\/\/portal.compraspublicas.gob.ec\/sercop\/wp-json\/wp\/v2\/types\/page"}],"author":[{"embeddable":true,"href":"https:\/\/portal.compraspublicas.gob.ec\/sercop\/wp-json\/wp\/v2\/users\/1"}],"replies":[{"embeddable":true,"href":"https:\/\/portal.compraspublicas.gob.ec\/sercop\/wp-json\/wp\/v2\/comments?post=13084"}],"version-history":[{"count":27,"href":"https:\/\/portal.compraspublicas.gob.ec\/sercop\/wp-json\/wp\/v2\/pages\/13084\/revisions"}],"predecessor-version":[{"id":60468,"href":"https:\/\/portal.compraspublicas.gob.ec\/sercop\/wp-json\/wp\/v2\/pages\/13084\/revisions\/60468"}],"wp:attachment":[{"href":"https:\/\/portal.compraspublicas.gob.ec\/sercop\/wp-json\/wp\/v2\/media?parent=13084"}],"curies":[{"name":"wp","href":"https:\/\/api.w.org\/{rel}","templated":true}]}}