{"id":13090,"date":"2016-04-27T10:16:33","date_gmt":"2016-04-27T15:16:33","guid":{"rendered":"http:\/\/portal.compraspublicas.gob.ec\/sercop\/?page_id=13090"},"modified":"2016-04-29T00:48:12","modified_gmt":"2016-04-29T05:48:12","slug":"preguntas-frecuentes-entidades","status":"publish","type":"page","link":"https:\/\/portal.compraspublicas.gob.ec\/sercop\/preguntas-frecuentes-entidades\/","title":{"rendered":"Preguntas frecuentes: Cat\u00e1logo Electr\u00f3nico"},"content":{"rendered":"<div class=\"view-content\">\n<div class=\"item-list\">\n<p><a href=\"http:\/\/portal.compraspublicas.gob.ec\/sercop\/wp-content\/uploads\/2016\/04\/preguntas.png\"><img loading=\"lazy\" class=\"aligncenter size-full wp-image-13364\" src=\"http:\/\/portal.compraspublicas.gob.ec\/sercop\/wp-content\/uploads\/2016\/04\/preguntas.png\" alt=\"preguntas\" width=\"630\" height=\"158\" srcset=\"https:\/\/portal.compraspublicas.gob.ec\/sercop\/wp-content\/uploads\/2016\/04\/preguntas.png 630w, https:\/\/portal.compraspublicas.gob.ec\/sercop\/wp-content\/uploads\/2016\/04\/preguntas-300x75.png 300w\" sizes=\"(max-width: 630px) 100vw, 630px\" \/><\/a><\/p>\n<p style=\"text-align: justify;\"><strong><span class=\"field-content\">\u00bfEs necesario gravar con el IVA a los productos en el Cat\u00e1logo Electr\u00f3nico?<\/span><\/strong><\/p>\n<p style=\"text-align: justify;\">Toda entidad contratante, para el caso de los bienes que deben gravarse con este impuesto de acuerdo a la Ley de R\u00e9gimen Tributario, debe considerarlo e incluirlo al momento de realizar la orden de compra dentro del portal institucional, cuando se establece el precio del bien. Al no gravar con el IVA los productos que corresponden se tendr\u00e1 una diferencia entre la orden de compra generada por la Entidad Contratante y la factura emitida por el proveedor, y puede acarrear inconsistencias econ\u00f3micas e incluso una eventual imposici\u00f3n de sanciones por parte de los entes pertinentes.<\/p>\n<div class=\"views-field views-field-title\" style=\"text-align: justify;\"><strong><span class=\"field-content\">\u00bfEs necesario actualizar el carrito de compra?<\/span><\/strong><\/div>\n<div class=\"views-field views-field-body\" style=\"text-align: justify;\">\n<div class=\"field-content\">\n<p>El carrito de compra debe actualizarse siempre que se seleccionan los productos. El funcionario responsable del proceso, deber\u00e1 determinar si procede con la actualizaci\u00f3n despu\u00e9s de seleccionar cada producto, una vez que selecciona un grupo de productos o al finalizar la selecci\u00f3n, dependiendo de la magnitud o naturaleza de la compra.<\/p>\n<\/div>\n<\/div>\n<div class=\"views-field views-field-title\" style=\"text-align: justify;\"><strong><span class=\"field-content\">\u00bfSe puede realizar una Resoluci\u00f3n, donde se contemple por ejemplo suministros de oficina, de limpieza, y la adquisici\u00f3n de un veh\u00edculo?<\/span><\/strong><\/div>\n<div class=\"views-field views-field-body\" style=\"text-align: justify;\">\n<div class=\"field-content\">\n<p>Cada entidad contratante deber\u00e1 realizar sus adquisiciones con sujeci\u00f3n a lo contemplado en su Plan Anual de Contrataci\u00f3n. En caso de que la autoridad competente resolviere, por\u00a0 razones de econom\u00eda procesal emitir en un solo documento, la autorizaci\u00f3n o aprobaci\u00f3n para tramitar m\u00e1s de un procedimiento, bien podr\u00eda hacerlo.<\/p>\n<p>En todo caso, lo deseable y conveniente ser\u00eda \u201cindividualizar\u201d cada uno de los procedimientos en y con resoluciones independientes que faciliten incluso su tr\u00e1mite.<\/p>\n<p>T\u00e9ngase en cuenta que para cualquiera de las opciones, la entidad contratante debe contar previamente con las certificaciones presupuestarias pertinentes.<\/p>\n<\/div>\n<\/div>\n<div class=\"views-field views-field-title\" style=\"text-align: justify;\"><strong><span class=\"field-content\">\u00bfSi los bienes entregados por el proveedor no son de buena calidad, qu\u00e9 se tiene que hacer?<\/span><\/strong><\/div>\n<div class=\"views-field views-field-body\" style=\"text-align: justify;\">\n<div class=\"field-content\">\n<p>Como en todo proceso de compra, el funcionario encargado de la recepci\u00f3n de los bienes, tiene la obligaci\u00f3n de verificar que los productos o insumos que recibe cumplan las condiciones y caracter\u00edsticas t\u00e9cnicas acordadas en los Convenios Marco. En el caso de que los bienes a ser entregados por el proveedor\/contratista no cumplan con las condiciones y caracter\u00edsticas t\u00e9cnicas exigidas, no deben ser recibidos. De haberse recibido los bienes y durante su servicio se estableciere deficiencia o mala calidad, la entidad contratante deber\u00e1 devolver dichos productos al proveedor, para que los cambie por productos que efectivamente presten el servicio o uso requeridos, en aplicaci\u00f3n de la garant\u00eda t\u00e9cnica prevista.<\/p>\n<\/div>\n<\/div>\n<div class=\"views-field views-field-title\" style=\"text-align: justify;\"><strong><span class=\"field-content\">\u00bfQu\u00e9 tiempo se tiene que esperar, para que el proveedor entregue los bienes adquiridos?<\/span><\/strong><\/div>\n<div class=\"views-field views-field-body\" style=\"text-align: justify;\">\n<div class=\"field-content\">\n<p>Los bienes adquiridos por cualquier entidad contratante deben ser entregados dentro de los plazos o t\u00e9rminos y en las condiciones se\u00f1alados en el Convenio Marco que corresponda.<\/p>\n<\/div>\n<\/div>\n<div class=\"views-field views-field-title\" style=\"text-align: justify;\"><strong><span class=\"field-content\">\u00bfSi se estaba realizando un proceso de compra de varios suministros de oficina, y no puls\u00f3 el bot\u00f3n \u201cConfirmar\u201d, qu\u00e9 pasa con ese proceso?<\/span><\/strong><\/div>\n<div class=\"views-field views-field-body\" style=\"text-align: justify;\">\n<div class=\"field-content\">\n<p>Al no pulsar el bot\u00f3n \u201c<strong>Confirmar<\/strong>\u201d no se genera la orden de compra.<\/p>\n<\/div>\n<\/div>\n<div class=\"views-field views-field-title\" style=\"text-align: justify;\"><strong><span class=\"field-content\">\u00bfEl flete, debe pagarse a la empresa proveedora de los bienes adquiridos?<\/span><\/strong><\/div>\n<div class=\"views-field views-field-body\" style=\"text-align: justify;\">\n<div class=\"field-content\">\n<p>Actividades o \u201cservicios\u201d como \u00e9ste, deben ser parte y estar incluidos en el precio de los productos. No deben pagarse como actividades o acciones fuera del contrato.<\/p>\n<\/div>\n<\/div>\n<div class=\"views-field views-field-title\" style=\"text-align: justify;\"><strong><span class=\"field-content\">\u00bfPor la compra de $ 200 d\u00f3lares se tiene que elaborar la Resoluci\u00f3n de compra?<\/span><\/strong><\/div>\n<div class=\"views-field views-field-body\" style=\"text-align: justify;\">\n<div class=\"field-content\">\n<p>S\u00ed. Toda adquisici\u00f3n que se realice a trav\u00e9s de Cat\u00e1logo Electr\u00f3nico debe ampararse en la resoluci\u00f3n correspondiente.<\/p>\n<\/div>\n<\/div>\n<div class=\"views-field views-field-title\" style=\"text-align: justify;\"><strong><span class=\"field-content\">\u00bfSi se requiere comprar un computador cuyas caracter\u00edsticas no cumplen los que se encuentran en cat\u00e1logo, c\u00f3mo se debe proceder para realizar dicha compra?<\/span><\/strong><\/div>\n<div class=\"views-field views-field-body\" style=\"text-align: justify;\">\n<div class=\"field-content\">\n<p>Si se requiriere adquirir cualquier tipo de bien cuyas caracter\u00edsticas no estuvieren previstas en el Cat\u00e1logo, la entidad contratante deber\u00eda adquirir el bien que m\u00e1s se asemeje a aquel cuyas caracter\u00edsticas se requiere. Por otra parte, cabr\u00eda tambi\u00e9n realizar dicha compra a trav\u00e9s del procedimiento correspondiente, siempre considerando el presupuesto referencial, sin usar tal mecanismo como medio de evitar el uso del Cat\u00e1logo Electr\u00f3nico.<\/p>\n<\/div>\n<\/div>\n<div class=\"views-field views-field-title\" style=\"text-align: justify;\"><strong><span class=\"field-content\">\u00bfEn el cat\u00e1logo electr\u00f3nico, cu\u00e1ntas compras se pueden realizar durante un cuatrimestre?<\/span><\/strong><\/div>\n<div class=\"views-field views-field-body\">\n<div class=\"field-content\">\n<p style=\"text-align: justify;\">No existe un l\u00edmite.<\/p>\n<p style=\"text-align: justify;\">La Entidad contratante puede realizar tantas compras como considere necesario, siempre que consten dentro del <strong>Plan Anual de Contrataci\u00f3n<\/strong> institucional y cuenten con presupuesto establecido para ese periodo. En todo caso, debe tener presente principios de oportunidad y eficiencia, a fin de limitar, para ser m\u00e1s eficaces, el n\u00famero de procesos. Por lo mismo, es recomendable consolidar en el menor n\u00famero de actos las \u00d3rdenes de Compra, de tal manera que se pueda acceder a mayores descuentos por volumen de acuerdo a los rangos establecidos para cada producto.<\/p>\n<\/div>\n<\/div>\n<\/div>\n<\/div>\n","protected":false},"excerpt":{"rendered":"<p class=\"excerpt\">\u00bfEs necesario gravar con el IVA a los productos en el Cat\u00e1logo Electr\u00f3nico? Toda entidad contratante, para el caso de los bienes que deben gravarse con este impuesto de acuerdo a la Ley de R\u00e9gimen Tributario, debe considerarlo e incluirlo al momento de realizar la orden de compra dentro del portal institucional, cuando se establece el precio del bien. Al&hellip; <a href=\"https:\/\/portal.compraspublicas.gob.ec\/sercop\/preguntas-frecuentes-entidades\/\">Read more &rarr;<\/a><\/p>\n","protected":false},"author":1,"featured_media":0,"parent":0,"menu_order":0,"comment_status":"closed","ping_status":"closed","template":"entidades.php","meta":[],"_links":{"self":[{"href":"https:\/\/portal.compraspublicas.gob.ec\/sercop\/wp-json\/wp\/v2\/pages\/13090"}],"collection":[{"href":"https:\/\/portal.compraspublicas.gob.ec\/sercop\/wp-json\/wp\/v2\/pages"}],"about":[{"href":"https:\/\/portal.compraspublicas.gob.ec\/sercop\/wp-json\/wp\/v2\/types\/page"}],"author":[{"embeddable":true,"href":"https:\/\/portal.compraspublicas.gob.ec\/sercop\/wp-json\/wp\/v2\/users\/1"}],"replies":[{"embeddable":true,"href":"https:\/\/portal.compraspublicas.gob.ec\/sercop\/wp-json\/wp\/v2\/comments?post=13090"}],"version-history":[{"count":0,"href":"https:\/\/portal.compraspublicas.gob.ec\/sercop\/wp-json\/wp\/v2\/pages\/13090\/revisions"}],"wp:attachment":[{"href":"https:\/\/portal.compraspublicas.gob.ec\/sercop\/wp-json\/wp\/v2\/media?parent=13090"}],"curies":[{"name":"wp","href":"https:\/\/api.w.org\/{rel}","templated":true}]}}