{"id":13095,"date":"2016-04-27T10:20:21","date_gmt":"2016-04-27T15:20:21","guid":{"rendered":"http:\/\/portal.compraspublicas.gob.ec\/sercop\/?page_id=13095"},"modified":"2016-04-28T10:28:50","modified_gmt":"2016-04-28T15:28:50","slug":"preguntas-frecuentes-entidades-2","status":"publish","type":"page","link":"https:\/\/portal.compraspublicas.gob.ec\/sercop\/preguntas-frecuentes-entidades-2\/","title":{"rendered":"Preguntas frecuentes: Subasta Inversa Electr\u00f3nica"},"content":{"rendered":"<div class=\"view-content\">\n<div class=\"item-list\">\n<p><a href=\"http:\/\/portal.compraspublicas.gob.ec\/sercop\/wp-content\/uploads\/2016\/04\/preguntas.png\"><img loading=\"lazy\" class=\"aligncenter size-full wp-image-13364\" src=\"http:\/\/portal.compraspublicas.gob.ec\/sercop\/wp-content\/uploads\/2016\/04\/preguntas.png\" alt=\"preguntas\" width=\"630\" height=\"158\" srcset=\"https:\/\/portal.compraspublicas.gob.ec\/sercop\/wp-content\/uploads\/2016\/04\/preguntas.png 630w, https:\/\/portal.compraspublicas.gob.ec\/sercop\/wp-content\/uploads\/2016\/04\/preguntas-300x75.png 300w\" sizes=\"(max-width: 630px) 100vw, 630px\" \/><\/a><\/p>\n<ul>\n<li class=\"views-row views-row-1 views-row-odd views-row-first\">\n<div class=\"views-field views-field-title\"><strong><span class=\"field-content\">Una vez adjudicado el contrato, \u00bfen cu\u00e1nto tiempo m\u00e1ximo debe el proveedor firmar el contrato?<\/span><\/strong><\/div>\n<div class=\"views-field views-field-body\">\n<div class=\"field-content\">\n<p>Conforme lo manda el art\u00edculo 69 de la LOSNCP, los contratos que por su naturaleza o expreso mandato de la Ley lo requieran se formalizar\u00e1n en escritura p\u00fablica dentro del t\u00e9rmino de quince (15) d\u00edas desde la notificaci\u00f3n de la adjudicaci\u00f3n. Los contratos cuya cuant\u00eda sea igual o superior a la base prevista para la licitaci\u00f3n se protocolizar\u00e1n ante Notario P\u00fablico. Los gastos derivados del otorgamiento del contrato son de cuenta del contratista. Las contrataciones que se realicen por el sistema de cat\u00e1logo se formalizar\u00e1n con la orden de compra y el acta de entrega. Las contrataciones de menor cuant\u00eda se instrumentar\u00e1n con la factura correspondiente, sin perjuicio de que se puedan elaborar documentos que contengan las obligaciones particulares que asuman las partes. Los dem\u00e1s contratos se otorgar\u00e1n por documento suscrito entre las partes sin necesidad de escritura p\u00fablica.<\/p>\n<p>Asimismo, el art\u00edculo 113 del RGLOSNCP prev\u00e9 que una vez adjudicado el contrato, el adjudicatario o su representante debidamente autorizado, deber\u00e1 suscribir el mismo dentro del t\u00e9rmino previsto en el pliego o en la Ley, para lo cual la entidad contratante le notificar\u00e1 se\u00f1alando la fecha para hacerlo, que no podr\u00e1 exceder de quince (15) d\u00edas t\u00e9rmino siguientes a la fecha de adjudicaci\u00f3n, excepci\u00f3n hecha para el caso de que el adjudicatario sea un consorcio o asociaci\u00f3n, en cuyo caso tendr\u00e1 quince d\u00edas adicionales para la formalizaci\u00f3n de dicha asociaci\u00f3n.<\/p>\n<\/div>\n<\/div>\n<\/li>\n<li class=\"views-row views-row-2 views-row-even\">\n<div class=\"views-field views-field-title\"><strong><span class=\"field-content\">\u00bfSi el proceso muestra el estado ADJUDICADO, doy por entendido que ya finaliz\u00f3 el proceso?<\/span><\/strong><\/div>\n<div class=\"views-field views-field-body\">\n<div class=\"field-content\">\n<p>No, para finalizar el proceso deber\u00e1 efectuar el registro de contratos y subir documentos como el acta de entrega recepci\u00f3n y factura,\u00a0 para que el sistema le indique que el proceso est\u00e1 <strong>FINALIZADO<\/strong>.<\/p>\n<\/div>\n<\/div>\n<\/li>\n<li class=\"views-row views-row-3 views-row-odd\">\n<div class=\"views-field views-field-title\"><span class=\"field-content\"><strong>\u00bfSi en los resultados de la puja, el proveedor al que el sistema lo indica como ganador no se presenta hasta el tiempo previsto para la firma del Contrato, puedo Adjudicar al segundo de la lista?<\/strong> <\/span><\/div>\n<div class=\"views-field views-field-body\">\n<div class=\"field-content\">\n<p>Al tenor de lo previsto en el tercer inciso del art\u00edculo 35 de la LOSNCP, con la declaratoria de adjudicatario fallido, la m\u00e1xima autoridad de la entidad contratante o su delegado, adjudicar\u00e1 el contrato al siguiente oferente seg\u00fan un orden de prelaci\u00f3n, de convenir a los intereses nacionales o institucionales.<\/p>\n<p>\u00c9ste, conforme lo se\u00f1ala el art\u00edculo 114 del RGLOSNCP, deber\u00e1 cumplir con los requisitos establecidos para el oferente adjudicatario, incluyendo la obligaci\u00f3n de mantener vigente su oferta hasta que se suscriba el contrato. Si el oferente llamado como segunda opci\u00f3n no suscribe el contrato, la entidad declarar\u00e1 desierto el proceso de selecci\u00f3n, sin perjuicio de la sanci\u00f3n administrativa aplicable al segundo adjudicatario fallido.<\/p>\n<p>Si no es posible adjudicar el contrato al oferente seg\u00fan el orden de prelaci\u00f3n, manda el cuarto inciso del art\u00edculo 35 de la LOSNCP, el procedimiento ser\u00e1 declarado desierto por oferta fallida, debiendo en dicha declaratoria hacer constar de forma motivada los justificativos para la no adjudicaci\u00f3n al segundo lugar.<\/p>\n<\/div>\n<\/div>\n<\/li>\n<li class=\"views-row views-row-4 views-row-even\">\n<div class=\"views-field views-field-title\"><strong><span class=\"field-content\">\u00bfSi una subasta inversa se declara desierta, puedo utilizar los otros procesos que son para bienes y servicios no normalizados?<\/span><\/strong><\/div>\n<div class=\"views-field views-field-body\">\n<div class=\"field-content\">\n<p>Solo si fuera imposible aplicar los procedimientos din\u00e1micos, en los casos contemplados en el numeral 1 de los art\u00edculos 48 y 50 y en el numeral 3 del art\u00edculo 51 de la LOSNCP.<\/p>\n<\/div>\n<\/div>\n<\/li>\n<li class=\"views-row views-row-5 views-row-odd\">\n<div class=\"views-field views-field-title\"><strong><span class=\"field-content\">\u00bfSi una subasta inversa se declara desierta, puedo hacer otra subasta?<\/span><\/strong><\/div>\n<div class=\"views-field views-field-body\">\n<div class=\"field-content\">\n<p>La declaratoria de desierto de un proceso de Subasta Inversa, y su necesidad de realizar otra queda a criterio de la Entidad Contratante.<\/p>\n<\/div>\n<\/div>\n<\/li>\n<li class=\"views-row views-row-6 views-row-even\">\n<div class=\"views-field views-field-title\"><strong><span class=\"field-content\">\u00bfSi olvido suscribir uno de los formularios del pliego, la Entidad Contratante me debe enviar Convalidaci\u00f3n?<\/span><\/strong><\/div>\n<div class=\"views-field views-field-body\">\n<div class=\"field-content\">\n<p>Hasta antes de la emisi\u00f3n de los nuevos modelos y formatos de documentos precontractuales (pliegos), el \u00fanico formulario que no era susceptible de convalidar era el formulario que conten\u00eda la Carta de Presentaci\u00f3n y Compromiso, y que correspond\u00eda la Formulario No. 1.<\/p>\n<p>A partir de la emisi\u00f3n de la Resoluci\u00f3n No. RE-SERCOP-2013-0000001 de 1 de noviembre del 2013, por medio de la cual se expiden los nuevos modelos y formatos de documentos precontractuales, existe un solo formulario que recoge o contiene la informaci\u00f3n que antes estaba prevista en un sinn\u00famero de formularios. En consecuencia, de no encontrarse firmado dicho formulario \u00fanico, no es jur\u00eddicamente factible que una entidad contratante solicite su convalidaci\u00f3n.<\/p>\n<\/div>\n<\/div>\n<\/li>\n<li class=\"views-row views-row-7 views-row-odd\">\n<div class=\"views-field views-field-title\"><span class=\"field-content\"><strong>\u00bfQu\u00e9 es la Convalidaci\u00f3n de Errores?<\/strong> <\/span><\/div>\n<div class=\"views-field views-field-body\">\n<div class=\"field-content\">\n<p>La Convalidaci\u00f3n de Errores es un mecanismo contemplado por el art\u00edculo 23 del RGLOSNCP, por medio del cual la entidad contratante debe requerir a los oferentes la correcci\u00f3n o rectificaci\u00f3n de determinados errores de forma que no implican modificaci\u00f3n alguna al contenido sustancial de la oferta, tales como errores tipogr\u00e1ficos, de foliado, sumilla o certificaci\u00f3n de documentos. Asimismo, los oferentes podr\u00e1n integrar a su oferta \u00fanicamente documentos sobre su capacidad legal, t\u00e9cnica o econ\u00f3mica. Este mecanismo ha sido regulado ampliamente por el SERCOP a trav\u00e9s de la Resoluci\u00f3n INCOP No. RE-2013-0000083 que, como todas las Resoluciones, consta publicada en el portal institucional.<\/p>\n<\/div>\n<\/div>\n<\/li>\n<li class=\"views-row views-row-8 views-row-even\">\n<div class=\"views-field views-field-title\"><strong><span class=\"field-content\">\u00bfLa Entidad Contratante debe evaluar el VAE?<\/span><\/strong><\/div>\n<div class=\"views-field views-field-body\">\n<div class=\"field-content\">\n<p>El porcentaje de Valor Agregado Ecuatoriano se estableci\u00f3 en atenci\u00f3n a lo dispuesto por la Resoluci\u00f3n INCOP No. RE\u00b72013-0000089 de 28 de junio de 2013 y es el valor m\u00ednimo a cumplir para definir si un bien o servicio es de origen ecuatoriano. La aplicaci\u00f3n del VAE, conforme lo manda el art\u00edculo 1 de la Resoluci\u00f3n RE-INCOP-2013-0000096 emitida por el SERCOP, ha sido establecida como uno de los criterios de evaluaci\u00f3n y adjudicaci\u00f3n en todos los procedimientos de contrataci\u00f3n de bienes <em>y <\/em>servicios, incluidos los del r\u00e9gimen especial de giro especifico de negocio, en\u00a0 los t\u00e9rminos y condiciones se\u00f1alados en la antes citada Resoluci\u00f3n 096.<\/p>\n<\/div>\n<\/div>\n<\/li>\n<li class=\"views-row views-row-9 views-row-odd\">\n<div class=\"views-field views-field-title\"><strong><span class=\"field-content\">\u00bfSi no env\u00edo el valor del agregado nacional, que pasar\u00eda?<\/span><\/strong><\/div>\n<div class=\"views-field views-field-body\">\n<div class=\"field-content\">\n<p>Si no se presenta, se descalifica del proceso.<\/p>\n<\/div>\n<\/div>\n<\/li>\n<li class=\"views-row views-row-10 views-row-even views-row-last\">\n<div class=\"views-field views-field-title\"><span class=\"field-content\"><strong>\u00bfPor qu\u00e9 estoy deshabilitado para la puja, si cumpl\u00ed con las especificaciones t\u00e9cnicas?<\/strong> <\/span><\/div>\n<div class=\"views-field views-field-body\">\n<div class=\"field-content\">\n<p>Puede ocurrir, en el caso de BIENES, que si el sistema encuentra ofertas calificadas para participar en la puja y \u00e9stas cumplen con el 40% o m\u00e1s en el agregado nacional, el sistema les da preferencia sobre aquellas que tienen menos del referido 40%. Si existen ofertas con un agregado menos al 40%, el Sistema las califica pero las deshabilita, no por no cumplir con las especificaciones t\u00e9cnicas, sino\u00a0 porque existen ofertas que cumplen o tiene un mayor agregado nacional.<\/p>\n<p>Como parte de las especificaciones t\u00e9cnicas, en el pliego se detalla el Valor Agregado Ecuatoriano, VAE, que deben cumplir los oferentes. En el caso de que un oferente no llegare o cumpliere ese m\u00ednimo, el Sistema los deshabilita, independientemente de que hubieren cumplido con las dem\u00e1s especificaciones t\u00e9cnicas.<\/p>\n<\/div>\n<\/div>\n<\/li>\n<\/ul>\n<\/div>\n<\/div>\n","protected":false},"excerpt":{"rendered":"<p class=\"excerpt\">Una vez adjudicado el contrato, \u00bfen cu\u00e1nto tiempo m\u00e1ximo debe el proveedor firmar el contrato? Conforme lo manda el art\u00edculo 69 de la LOSNCP, los contratos que por su naturaleza o expreso mandato de la Ley lo requieran se formalizar\u00e1n en escritura p\u00fablica dentro del t\u00e9rmino de quince (15) d\u00edas desde la notificaci\u00f3n de la adjudicaci\u00f3n. Los contratos cuya cuant\u00eda&hellip; <a href=\"https:\/\/portal.compraspublicas.gob.ec\/sercop\/preguntas-frecuentes-entidades-2\/\">Read more &rarr;<\/a><\/p>\n","protected":false},"author":1,"featured_media":0,"parent":0,"menu_order":0,"comment_status":"closed","ping_status":"closed","template":"entidades.php","meta":[],"_links":{"self":[{"href":"https:\/\/portal.compraspublicas.gob.ec\/sercop\/wp-json\/wp\/v2\/pages\/13095"}],"collection":[{"href":"https:\/\/portal.compraspublicas.gob.ec\/sercop\/wp-json\/wp\/v2\/pages"}],"about":[{"href":"https:\/\/portal.compraspublicas.gob.ec\/sercop\/wp-json\/wp\/v2\/types\/page"}],"author":[{"embeddable":true,"href":"https:\/\/portal.compraspublicas.gob.ec\/sercop\/wp-json\/wp\/v2\/users\/1"}],"replies":[{"embeddable":true,"href":"https:\/\/portal.compraspublicas.gob.ec\/sercop\/wp-json\/wp\/v2\/comments?post=13095"}],"version-history":[{"count":0,"href":"https:\/\/portal.compraspublicas.gob.ec\/sercop\/wp-json\/wp\/v2\/pages\/13095\/revisions"}],"wp:attachment":[{"href":"https:\/\/portal.compraspublicas.gob.ec\/sercop\/wp-json\/wp\/v2\/media?parent=13095"}],"curies":[{"name":"wp","href":"https:\/\/api.w.org\/{rel}","templated":true}]}}