{"id":13100,"date":"2016-04-27T10:26:46","date_gmt":"2016-04-27T15:26:46","guid":{"rendered":"http:\/\/portal.compraspublicas.gob.ec\/sercop\/?page_id=13100"},"modified":"2025-08-26T15:04:26","modified_gmt":"2025-08-26T20:04:26","slug":"compromiso-de-asociacion-o-consorcio","status":"publish","type":"page","link":"https:\/\/portal.compraspublicas.gob.ec\/sercop\/compromiso-de-asociacion-o-consorcio\/","title":{"rendered":"Compromiso de asociaci\u00f3n o consorcio"},"content":{"rendered":"<p>&nbsp;<\/p>\n<p><a style=\"display: flex;\"><img loading=\"lazy\" class=\"alignnone wp-image-57348 size-large\" src=\"https:\/\/portal.compraspublicas.gob.ec\/sercop\/wp-content\/uploads\/2024\/01\/Mesa-de-trabajo-2-copia-9@2x-1024x256.png\" alt=\"\" width=\"750\" height=\"188\" srcset=\"https:\/\/portal.compraspublicas.gob.ec\/sercop\/wp-content\/uploads\/2024\/01\/Mesa-de-trabajo-2-copia-9@2x-1024x256.png 1024w, https:\/\/portal.compraspublicas.gob.ec\/sercop\/wp-content\/uploads\/2024\/01\/Mesa-de-trabajo-2-copia-9@2x-300x75.png 300w, https:\/\/portal.compraspublicas.gob.ec\/sercop\/wp-content\/uploads\/2024\/01\/Mesa-de-trabajo-2-copia-9@2x-768x192.png 768w, https:\/\/portal.compraspublicas.gob.ec\/sercop\/wp-content\/uploads\/2024\/01\/Mesa-de-trabajo-2-copia-9@2x-1536x385.png 1536w, https:\/\/portal.compraspublicas.gob.ec\/sercop\/wp-content\/uploads\/2024\/01\/Mesa-de-trabajo-2-copia-9@2x.png 1825w\" sizes=\"(max-width: 750px) 100vw, 750px\" \/><\/a><\/p>\n<p>&nbsp;<\/p>\n<p><strong>Requisitos Contrato de Consorcio<\/strong><\/p>\n<p>Para la formalizaci\u00f3n del compromiso de Consorcio en el Registro \u00danico de Proveedores, en el caso de resultar adjudicado en un proceso de contrataci\u00f3n, dentro de un t\u00e9rmino no mayor a 30 d\u00edas desde la notificaci\u00f3n de adjudicaci\u00f3n, quien represente al consorcio deber\u00e1 presentar la siguiente documentaci\u00f3n:<\/p>\n<ol start=\"4\">\n<li>El contrato de asociaci\u00f3n o consorcio, el cual deber\u00e1 constar en instrumento p\u00fablico, en todos los casos; y, deber\u00e1 contener al menos los siguientes requisitos:<\/li>\n<\/ol>\n<p>&nbsp;<\/p>\n<ol type=\"a\">\n<li>Identificaci\u00f3n de los part\u00edcipes, incluido domicilio f\u00edsico y electr\u00f3nico y lugar para recibir las notificaciones, con la verificaci\u00f3n de requisitos de capacidad y representaci\u00f3n de las partes;<\/li>\n<li>Designaci\u00f3n del o los representantes, con poder suficiente conferido en los t\u00e9rminos del C\u00f3digo Civil con capacidad para representar a la asociaci\u00f3n o consorcio, bien sea en la fase precontractual o en la fase contractual, seg\u00fan sea el caso;<\/li>\n<li>Detalle valorado de los aportes de cada uno de los miembros, sea en monetario o en especies, as\u00ed como en aportes intangibles, de as\u00ed acordarse;<\/li>\n<li>Determinaci\u00f3n de los compromisos y obligaciones que asume cada parte en la fase de ejecuci\u00f3n contractual;<\/li>\n<li>Porcentaje de la participaci\u00f3n de cada uno de los asociados;<\/li>\n<li>Identificaci\u00f3n precisa del procedimiento en el cual particip\u00f3 en forma asociada;<\/li>\n<li>Determinaci\u00f3n de la responsabilidad solidaria e indivisible de los asociados para el cumplimiento de todas y cada una de las responsabilidades y obligaciones emanadas del procedimiento contractual, con renuncia a los beneficios de orden y excusi\u00f3n, independientemente de si se disuelve o no la asociaci\u00f3n o consorcio;<\/li>\n<li>La obligaci\u00f3n de no disolver o dar por terminada la asociaci\u00f3n o consorcio por voluntad de los part\u00edcipes, y de no cambiar la conformaci\u00f3n de sus part\u00edcipes hasta que no finalice la etapa contractual, salvo que exista autorizaci\u00f3n expresa de la entidad contratante, para lo cual deber\u00e1 analizar, si quien pretende sustituir a uno de los integrantes o participes de un consorcio asociaci\u00f3n cumple con los requisitos legales, t\u00e9cnicos y econ\u00f3micos previstos en el pliego, y que se observaron para la adjudicaci\u00f3n del contrato;<\/li>\n<li>El objeto social, que ser\u00e1 exclusivo para ejecutar el contrato en el cual result\u00f3 adjudicado; y,<\/li>\n<li>Plazo de duraci\u00f3n, que deber\u00e1 cubrir la totalidad del plazo contractual, m\u00e1s noventa d\u00edas adicionales contados desde la terminaci\u00f3n de la relaci\u00f3n contractual, a menos que la entidad contratante haya definido un plazo mayor en los pliegos.<\/li>\n<\/ol>\n<p>&nbsp;<\/p>\n<p><strong>\u00a0<\/strong><\/p>\n<p><strong>Consideraciones importantes:<\/strong><\/p>\n<p>Se deber\u00e1 suscribir un compromiso de consorcio para cada proceso precontractual en el cual se requiera participar. El contrato de consorcio se habilitar\u00e1 en el RUP solo de ser adjudicado en el proceso en el que se particip\u00f3, por el plazo total estrictamente necesario para el cumplimiento de las obligaciones contractuales. Corresponde a las entidades contratantes verificar el cumplimiento de los requisitos antes se\u00f1alados.<\/p>\n<div style=\"display: none;\">\n<table>\n<tbody>\n<tr>\n<td>\n<p style=\"text-align: center;\"><span style=\"color: #000000;\"><strong>Requisitos Compromiso de Asociaci\u00f3n o Consorcio<\/strong><\/span><\/p>\n<\/td>\n<td>\n<p style=\"text-align: justify;\"><span style=\"color: #000000;\">\u00a0El compromiso de asociaci\u00f3n o consorcio deber\u00e1 suscribirse en instrumento p\u00fablico, siempre que el presupuesto referencial del procedimiento supere el monto resultante de multiplicar el coeficiente 0,000015 por el monto del Presupuesto Inicial del Estado; en los dem\u00e1s casos, bastar\u00e1 con que el compromiso se lo presente en documento privado debidamente suscrito por sus part\u00edcipes.<\/span><\/p>\n<ol>\n<li style=\"text-align: justify;\"><span style=\"color: #000000;\">El contrato de asociaci\u00f3n o consorcio, el cual deber\u00e1 suscribirse en instrumento p\u00fablico, en todos los casos, que deber\u00e1 contener al menos los siguientes requisitos: (por favor haga click en la siguiente barra para revisar los requisitos del contrato de asociaci\u00f3n o consorcio).<\/span><\/li>\n<\/ol>\n<\/td>\n<\/tr>\n<tr>\n<td style=\"text-align: center;\"><span style=\"color: #000000;\"><strong>Requisitos Contrato de Asociaci\u00f3n o Consorcio<\/strong><\/span><\/td>\n<td>\n<p style=\"text-align: justify;\"><span style=\"color: #000000;\">El contrato de asociaci\u00f3n o consorcio deber\u00e1 suscribirse en instrumento p\u00fablico, en todos los casos. Deber\u00e1 contener al menos los siguientes requisitos:<\/span><\/p>\n<ol style=\"text-align: justify;\">\n<li><span style=\"color: #000000;\">Identificaci\u00f3n de los part\u00edcipes, incluido domicilio y lugar para recibir las notificaciones, con la verificaci\u00f3n de requisitos de capacidad y representaci\u00f3n de las partes.<\/span><\/li>\n<li><span style=\"color: #000000;\">Designaci\u00f3n de el o los representantes, con poder suficiente conferido en los t\u00e9rminos del C\u00f3digo Civil con capacidad para representar a la asociaci\u00f3n o consorcio, bien sea en la fase precontractual o en la fase contractual, segun sea el caso.<\/span><\/li>\n<li><span style=\"color: #000000;\">Detalle valorado de los aportes de cada uno de los miembros, sea en monetario o en especies, as\u00ed como en aportes intangibles, de as\u00ed acordarse.<\/span><\/li>\n<li><span style=\"color: #000000;\">Determinaci\u00f3n de los compromisos y obligaciones que asume cada parte en la fase de ejecuci\u00f3n contractual.<\/span><\/li>\n<li><span style=\"color: #000000;\">Identificaci\u00f3n precisa del procedimiento en el cual particip\u00f3 en forma asociada.<\/span><\/li>\n<li><span style=\"color: #000000;\">Determinaci\u00f3n de la responsabilidad solidaria e indivisible de los asociados para el cumplimiento de todas y cada una de las responsabilidades y obligaciones emanadas del procedimiento contractual, con renuncia a los beneficios de orden y excusi\u00f3n, independientemente de si se disuelve o no la asociaci\u00f3n o consorcio.<\/span><\/li>\n<li><span style=\"color: #000000;\">La obligaci\u00f3n de no disolver o dar por terminada la asociaci\u00f3n o consorcio por voluntad de los part\u00edcipes, y de no cambiar la conformaci\u00f3n de sus part\u00edcipes hasta que no finalice la etapa contractual, salvo que exista autorizaci\u00f3n expresa de la entidad contratante, para lo cual deber\u00e1 analizar, si quien pretende sustituir a uno de los integrantes o part\u00edcipes de un consorcio o asociaci\u00f3n cumple con los requisitos legales. T\u00e9cnicos y econ\u00f3micos previstos en el pliego, y que se observaron para la adjudicaci\u00f3n del contrato.<\/span><\/li>\n<li><span style=\"color: #000000;\">El objeto social, que ser\u00e1 exclusivo para ejecutar el contrato en el cual result\u00f3 adjudicado.<\/span><\/li>\n<li><span style=\"color: #000000;\">Plazo de duraci\u00f3n, que deber\u00e1 cubrir la totalidad del plazo contractual, m\u00e1s noventa d\u00edas adicionales contados desde la terminaci\u00f3n de la relaci\u00f3n contractual, a menos que la entidad contratante haya definido un plazo mayor en los pliegos.<\/span><\/li>\n<\/ol>\n<p style=\"text-align: justify;\"><span style=\"color: #000000;\"><strong>Consideraciones importantes:<\/strong><\/span><\/p>\n<p>* Se deber\u00e1 suscribir un compromiso de asociaci\u00f3n para cada proceso precontractual en el cual se requiera participar. El contrato de asociaci\u00f3n o consorcio se habilitar\u00e1 en el RUP solo de ser adjudicado el proceso en el que se particip\u00f3, por el plazo total estrictamente necesario para el cumplimiento de las obligaciones contractuales de acuerdo a sus estipulaciones o las disposiciones de las entidades contratantes como lo expresa el literal i). Corresponde a las entidades contratantes verificar el cumplimiento de estos requisitos.<\/p>\n<p>* Si est\u00e1 clasificado como EPS, subir en el sistema la resoluci\u00f3n o documento habilitante que acredite dicha condici\u00f3n emitido por la Superintendencia de Econom\u00eda Popular y Solidaria.<\/p>\n<p>&nbsp;<\/td>\n<\/tr>\n<\/tbody>\n<\/table>\n<\/div>\n<h3 style=\"text-align: center;\">\u00a0<span style=\"color: #000000;\"><strong>\u00a1NO SE REQUIERE LA PRESENTACI\u00d3N DE DOCUMENTOS F\u00cdSICOS!<\/strong><\/span><\/h3>\n","protected":false},"excerpt":{"rendered":"<p class=\"excerpt\">&nbsp; &nbsp; Requisitos Contrato de Consorcio Para la formalizaci\u00f3n del compromiso de Consorcio en el Registro \u00danico de Proveedores, en el caso de resultar adjudicado en un proceso de contrataci\u00f3n, dentro de un t\u00e9rmino no mayor a 30 d\u00edas desde la notificaci\u00f3n de adjudicaci\u00f3n, quien represente al consorcio deber\u00e1 presentar la siguiente documentaci\u00f3n: El contrato de asociaci\u00f3n o consorcio, el&hellip; <a href=\"https:\/\/portal.compraspublicas.gob.ec\/sercop\/compromiso-de-asociacion-o-consorcio\/\">Read more &rarr;<\/a><\/p>\n","protected":false},"author":1,"featured_media":0,"parent":0,"menu_order":0,"comment_status":"closed","ping_status":"closed","template":"menugenerico.php","meta":[],"_links":{"self":[{"href":"https:\/\/portal.compraspublicas.gob.ec\/sercop\/wp-json\/wp\/v2\/pages\/13100"}],"collection":[{"href":"https:\/\/portal.compraspublicas.gob.ec\/sercop\/wp-json\/wp\/v2\/pages"}],"about":[{"href":"https:\/\/portal.compraspublicas.gob.ec\/sercop\/wp-json\/wp\/v2\/types\/page"}],"author":[{"embeddable":true,"href":"https:\/\/portal.compraspublicas.gob.ec\/sercop\/wp-json\/wp\/v2\/users\/1"}],"replies":[{"embeddable":true,"href":"https:\/\/portal.compraspublicas.gob.ec\/sercop\/wp-json\/wp\/v2\/comments?post=13100"}],"version-history":[{"count":11,"href":"https:\/\/portal.compraspublicas.gob.ec\/sercop\/wp-json\/wp\/v2\/pages\/13100\/revisions"}],"predecessor-version":[{"id":62819,"href":"https:\/\/portal.compraspublicas.gob.ec\/sercop\/wp-json\/wp\/v2\/pages\/13100\/revisions\/62819"}],"wp:attachment":[{"href":"https:\/\/portal.compraspublicas.gob.ec\/sercop\/wp-json\/wp\/v2\/media?parent=13100"}],"curies":[{"name":"wp","href":"https:\/\/api.w.org\/{rel}","templated":true}]}}