{"id":13104,"date":"2016-04-27T10:25:01","date_gmt":"2016-04-27T15:25:01","guid":{"rendered":"http:\/\/portal.compraspublicas.gob.ec\/sercop\/?page_id=13104"},"modified":"2016-04-28T10:27:18","modified_gmt":"2016-04-28T15:27:18","slug":"preguntas-frecuentes-entidades-4","status":"publish","type":"page","link":"https:\/\/portal.compraspublicas.gob.ec\/sercop\/preguntas-frecuentes-entidades-4\/","title":{"rendered":"Preguntas frecuentes: Menor Cuant\u00eda"},"content":{"rendered":"<div class=\"view-content\">\n<div class=\"item-list\">\n<p><a href=\"http:\/\/portal.compraspublicas.gob.ec\/sercop\/wp-content\/uploads\/2016\/04\/preguntas.png\"><img loading=\"lazy\" class=\"aligncenter size-full wp-image-13364\" src=\"http:\/\/portal.compraspublicas.gob.ec\/sercop\/wp-content\/uploads\/2016\/04\/preguntas.png\" alt=\"preguntas\" width=\"630\" height=\"158\" srcset=\"https:\/\/portal.compraspublicas.gob.ec\/sercop\/wp-content\/uploads\/2016\/04\/preguntas.png 630w, https:\/\/portal.compraspublicas.gob.ec\/sercop\/wp-content\/uploads\/2016\/04\/preguntas-300x75.png 300w\" sizes=\"(max-width: 630px) 100vw, 630px\" \/><\/a><\/p>\n<ul>\n<li class=\"views-row views-row-1 views-row-odd views-row-first\">\n<div class=\"views-field views-field-title\"><strong><span class=\"field-content\">\u00bfQu\u00e9 documentos deber\u00eda tener la Entidad Contratante para FINALIZAR el proceso de Contrataci\u00f3n?<\/span><\/strong><\/div>\n<div class=\"views-field views-field-body\">\n<div class=\"field-content\">\n<p>Documentos como Acta de Entrega Recepci\u00f3n Definitiva, Facturas o las obligaciones particulares que asuman las partes, los cuales deben subirse al portal para su Finalizaci\u00f3n.<\/p>\n<\/div>\n<\/div>\n<\/li>\n<li class=\"views-row views-row-2 views-row-even\">\n<div class=\"views-field views-field-title\"><strong><span class=\"field-content\">\u00bfCu\u00e1l es el tiempo m\u00e1ximo para la firma del Contrato una vez adjudicado?<\/span><\/strong><\/div>\n<div class=\"views-field views-field-body\">\n<div class=\"field-content\">\n<p>Conforme lo manda el art\u00edculo 69 de la LOSNCP, los contratos que por su naturaleza o expreso mandato de la Ley lo requieran se formalizar\u00e1n en escritura p\u00fablica dentro del t\u00e9rmino de quince (15) d\u00edas desde la notificaci\u00f3n de la adjudicaci\u00f3n. Los contratos cuya cuant\u00eda sea igual o superior a la base prevista para la licitaci\u00f3n se protocolizar\u00e1n ante Notario P\u00fablico. Los gastos derivados del otorgamiento del contrato son de cuenta del contratista. Las contrataciones que se realicen por el sistema de cat\u00e1logo se formalizar\u00e1n con la orden de compra y el acta de entrega. Las contrataciones de menor cuant\u00eda se instrumentar\u00e1n con la factura correspondiente, sin perjuicio de que se puedan elaborar documentos que contengan las obligaciones particulares que asuman las partes. Los dem\u00e1s contratos se otorgar\u00e1n por documento suscrito entre las partes sin necesidad de escritura p\u00fablica.<\/p>\n<p>Asimismo, el art\u00edculo 113 del RGLOSNCP prev\u00e9 que una vez adjudicado el contrato, el adjudicatario o su representante debidamente autorizado, deber\u00e1 suscribir el mismo dentro del t\u00e9rmino previsto en el pliego o en la Ley, para lo cual la entidad contratante le notificar\u00e1 se\u00f1alando la fecha para hacerlo, que no podr\u00e1 exceder de quince (15) d\u00edas t\u00e9rmino siguientes a la fecha de adjudicaci\u00f3n, excepci\u00f3n hecha para el caso de que el adjudicatario sea un consorcio o asociaci\u00f3n, en cuyo caso tendr\u00e1 quince d\u00edas adicionales para la formalizaci\u00f3n de dicha asociaci\u00f3n.<\/p>\n<\/div>\n<\/div>\n<\/li>\n<li class=\"views-row views-row-3 views-row-odd\">\n<div class=\"views-field views-field-title\"><strong><span class=\"field-content\">Finaliza el proceso de contrataci\u00f3n de la obra con el acta de entrega-recepci\u00f3n provisional?<\/span><\/strong><\/div>\n<div class=\"views-field views-field-body\">\n<div class=\"field-content\">\n<p>No, ya que concluye con el acta de entrega-recepci\u00f3n definitiva, la misma que se suscribe seis meses m\u00e1s tarde de la fecha suscrita el acta de entrega recepci\u00f3n provisional.<\/p>\n<\/div>\n<\/div>\n<\/li>\n<li class=\"views-row views-row-4 views-row-even\">\n<div class=\"views-field views-field-title\"><strong><span class=\"field-content\">\u00bfEn el procedimiento de menor cuant\u00eda, d\u00f3nde se realiza el sorteo y qui\u00e9n lo ejecuta?<\/span><\/strong><\/div>\n<div class=\"views-field views-field-body\">\n<div class=\"field-content\">\n<p>El Sistema realiza el sorteo autom\u00e1ticamente y de forma aleatoria de entre los proveedores que han sido habilitados para el sorteo, de ellos el Sistema escoger\u00e1 de forma aleatoria a un s\u00f3lo proveedor el cual ser\u00e1 el adjudicado.<\/p>\n<\/div>\n<\/div>\n<\/li>\n<li class=\"views-row views-row-5 views-row-odd\">\n<div class=\"views-field views-field-title\"><span class=\"field-content\"><strong>\u00bfQu\u00e9 documento Administrativo debe subir la Entidad Contratante para la constancia de las calificaciones realizadas a los proveedores?<\/strong> <\/span><\/div>\n<div class=\"views-field views-field-body\">\n<div class=\"field-content\">\n<p>El Acta de Calificaci\u00f3n donde detallar\u00e1 la calificaci\u00f3n realizada a los proveedores tanto a los que cumplieron como a los que no.<\/p>\n<\/div>\n<\/div>\n<\/li>\n<li class=\"views-row views-row-6 views-row-even\">\n<div class=\"views-field views-field-title\"><span class=\"field-content\"><strong>\u00bfEn menor cuant\u00eda en obras, la Entidad Contratante debe seleccionar a los proveedores que ingresar\u00e1n al sorteo?<\/strong> <\/span><\/div>\n<div class=\"views-field views-field-body\">\n<div class=\"field-content\">\n<p>S\u00ed, la Entidad Contratante seleccionar\u00e1 solo a los proveedores que han cumplido todos los requerimientos de la calificaci\u00f3n para pasar al sorteo.<\/p>\n<p>&nbsp;<\/p>\n<p>Conforme lo establece el art\u00edculo 59 del RGLOSNCP, en los procesos de contrataci\u00f3n de obras de menor cuant\u00eda, \u00fanicamente los proveedores que cumplan las condiciones establecidas en el art\u00edculo 52 de la LOSNCP ser\u00e1n invitados a trav\u00e9s del Portal a manifestar su inter\u00e9s de participar en el sorteo; los mismos que, en un t\u00e9rmino no menor a tres (3) ni mayor a cinco (5) d\u00edas contados a partir de la fecha de la invitaci\u00f3n, manifestar\u00e1n su inter\u00e9s mediante la presentaci\u00f3n de sus ofertas t\u00e9cnicas y de la carta de aceptaci\u00f3n expresa del presupuesto referencial determinado por la entidad contratante. De entre los proveedores calificados se adjudicar\u00e1 la obra al proveedor escogido por selecci\u00f3n autom\u00e1tica aleatoria del portal institucional.<br \/>\nAquellos proveedores que a la fecha de la publicaci\u00f3n del procedimiento mantuvieran vigentes contratos de construcci\u00f3n de obra p\u00fablica cuyas cuant\u00edas individuales o acumuladas igualaren o superaren el coeficiente establecido en el numeral 2 del art\u00edculo 51 de la Ley Org\u00e1nica del Sistema Nacional de Contrataci\u00f3n P\u00fablica, no podr\u00e1n participar en ning\u00fan procedimiento de menor cuant\u00eda de obras hasta la entrega recepci\u00f3n definitiva de el o los contratos vigentes. Si por efectos de la entrega recepci\u00f3n de uno o varios contratos el monto por ejecutar fuere inferior al coeficiente antes indicado, deber\u00e1 ser invitado y podr\u00e1 participar en los siguientes procedimientos de menor cuant\u00eda de obras.<br \/>\nSi no existieran proveedores que sean profesionales, micro o peque\u00f1as empresas, dentro de la circunscripci\u00f3n territorial en la que deba ejecutarse el contrato, se realizar\u00e1 el sorteo contando con los proveedores de la provincia o del pa\u00eds, en ese orden.<br \/>\nNo podr\u00e1n participar en el sorteo aquellos proveedores que hubieren efectuado un cambio de domicilio exclusivamente para efectos de participar en una contrataci\u00f3n espec\u00edfica de menor cuant\u00eda de obras. De no hacerla la entidad contratante, el SERCOP solicitar\u00e1 la descalificaci\u00f3n del proveedor que hubiere incurrido en esta conducta.<\/p>\n<p>&nbsp;<\/p>\n<\/div>\n<\/div>\n<\/li>\n<li class=\"views-row views-row-7 views-row-odd\">\n<div class=\"views-field views-field-title\"><span class=\"field-content\"><strong>\u00bfEl documento de aceptaci\u00f3n que el proveedor env\u00eda a trav\u00e9s del Sistema tambi\u00e9n debe entregarlo f\u00edsicamente en la oferta t\u00e9cnica?<\/strong> <\/span><\/div>\n<div class=\"views-field views-field-body\">\n<div class=\"field-content\">\n<p>Se recomienda entregar el documento original en la oferta t\u00e9cnica luego de haber subido este documento por el Sistema.<\/p>\n<\/div>\n<\/div>\n<\/li>\n<li class=\"views-row views-row-8 views-row-even\">\n<div class=\"views-field views-field-title\"><span class=\"field-content\"><strong>\u00bfEl documento de aceptaci\u00f3n que el proveedor env\u00eda a trav\u00e9s del Sistema tambi\u00e9n debe entregarlo f\u00edsicamente en la oferta t\u00e9cnica?<\/strong> <\/span><\/div>\n<div class=\"views-field views-field-body\">\n<div class=\"field-content\">\n<p>Se recomienda entregar el documento original en la oferta t\u00e9cnica luego de haber subido este documento por el Sistema.<\/p>\n<\/div>\n<\/div>\n<\/li>\n<li class=\"views-row views-row-9 views-row-odd\">\n<div class=\"views-field views-field-title\"><span class=\"field-content\"><strong>\u00bfEn el procedimiento de menor cuant\u00eda, hasta qu\u00e9 fecha debe recibir la Entidad Contratante la oferta t\u00e9cnica?<\/strong> <\/span><\/div>\n<div class=\"views-field views-field-body\">\n<div class=\"field-content\">\n<p>Hasta antes de la fecha l\u00edmite de entrega de propuestas, establecida en las fechas de control del proceso.<\/p>\n<\/div>\n<\/div>\n<\/li>\n<li class=\"views-row views-row-10 views-row-even views-row-last\">\n<div class=\"views-field views-field-title\"><span class=\"field-content\"><strong>\u00bfEn el procedimiento de menor cuant\u00eda, la oferta t\u00e9cnica debe ser subida por el proveedor al Sistema Transaccional?<\/strong> <\/span><\/div>\n<div class=\"views-field views-field-body\">\n<div class=\"field-content\">\n<p>Es obligatorio para el proveedor entregar la oferta f\u00edsica en la direcci\u00f3n que conste en el pliego del proceso pertinente, la cual generalmente corresponde al de la entidad contratante. El proveedor deber\u00e1 cargar los archivos en el sistema siempre que la entidad contratante lo requiriere, siendo un asunto de car\u00e1cter opcional tanto en el caso de solicitarse como en el deseo de subirlos.<\/p>\n<\/div>\n<\/div>\n<\/li>\n<\/ul>\n<\/div>\n<\/div>\n","protected":false},"excerpt":{"rendered":"<p class=\"excerpt\">\u00bfQu\u00e9 documentos deber\u00eda tener la Entidad Contratante para FINALIZAR el proceso de Contrataci\u00f3n? Documentos como Acta de Entrega Recepci\u00f3n Definitiva, Facturas o las obligaciones particulares que asuman las partes, los cuales deben subirse al portal para su Finalizaci\u00f3n. \u00bfCu\u00e1l es el tiempo m\u00e1ximo para la firma del Contrato una vez adjudicado? Conforme lo manda el art\u00edculo 69 de la LOSNCP,&hellip; <a href=\"https:\/\/portal.compraspublicas.gob.ec\/sercop\/preguntas-frecuentes-entidades-4\/\">Read more &rarr;<\/a><\/p>\n","protected":false},"author":1,"featured_media":0,"parent":0,"menu_order":0,"comment_status":"closed","ping_status":"closed","template":"entidades.php","meta":[],"_links":{"self":[{"href":"https:\/\/portal.compraspublicas.gob.ec\/sercop\/wp-json\/wp\/v2\/pages\/13104"}],"collection":[{"href":"https:\/\/portal.compraspublicas.gob.ec\/sercop\/wp-json\/wp\/v2\/pages"}],"about":[{"href":"https:\/\/portal.compraspublicas.gob.ec\/sercop\/wp-json\/wp\/v2\/types\/page"}],"author":[{"embeddable":true,"href":"https:\/\/portal.compraspublicas.gob.ec\/sercop\/wp-json\/wp\/v2\/users\/1"}],"replies":[{"embeddable":true,"href":"https:\/\/portal.compraspublicas.gob.ec\/sercop\/wp-json\/wp\/v2\/comments?post=13104"}],"version-history":[{"count":0,"href":"https:\/\/portal.compraspublicas.gob.ec\/sercop\/wp-json\/wp\/v2\/pages\/13104\/revisions"}],"wp:attachment":[{"href":"https:\/\/portal.compraspublicas.gob.ec\/sercop\/wp-json\/wp\/v2\/media?parent=13104"}],"curies":[{"name":"wp","href":"https:\/\/api.w.org\/{rel}","templated":true}]}}