{"id":13115,"date":"2016-04-27T10:31:45","date_gmt":"2016-04-27T15:31:45","guid":{"rendered":"http:\/\/portal.compraspublicas.gob.ec\/sercop\/?page_id=13115"},"modified":"2016-04-28T10:30:10","modified_gmt":"2016-04-28T15:30:10","slug":"preguntas-frecuentes-entidades-7","status":"publish","type":"page","link":"https:\/\/portal.compraspublicas.gob.ec\/sercop\/preguntas-frecuentes-entidades-7\/","title":{"rendered":"Preguntas frecuentes:Cotizaci\u00f3n"},"content":{"rendered":"<div id=\"block-system-main\" class=\"block block-system block-odd first last clearfix sin-titulo\">\n<div class=\"block-inner\">\n<div class=\"content\">\n<div class=\"view view-preguntas-frecuentes view-id-preguntas_frecuentes view-display-id-page_1 view-dom-id-6bf787f0a28e33fe248f2049991ca555\">\n<div class=\"view-content\">\n<div class=\"item-list\">\n<p style=\"text-align: justify;\">\u00a0<a href=\"http:\/\/portal.compraspublicas.gob.ec\/sercop\/wp-content\/uploads\/2016\/04\/preguntas.png\"><img loading=\"lazy\" class=\"aligncenter size-full wp-image-13364\" src=\"http:\/\/portal.compraspublicas.gob.ec\/sercop\/wp-content\/uploads\/2016\/04\/preguntas.png\" alt=\"preguntas\" width=\"630\" height=\"158\" srcset=\"https:\/\/portal.compraspublicas.gob.ec\/sercop\/wp-content\/uploads\/2016\/04\/preguntas.png 630w, https:\/\/portal.compraspublicas.gob.ec\/sercop\/wp-content\/uploads\/2016\/04\/preguntas-300x75.png 300w\" sizes=\"(max-width: 630px) 100vw, 630px\" \/><\/a><\/p>\n<div class=\"views-field views-field-title\" style=\"text-align: justify;\"><strong><span class=\"field-content\">En un procedimiento de cotizaci\u00f3n, el sistema invita a cinco proveedores de la localidad, y si un proveedor de otra localidad quiere participar en ese proceso puede hacerlo?<\/span><\/strong><\/div>\n<div class=\"views-field views-field-body\" style=\"text-align: justify;\">\n<div class=\"field-content\">\n<p>En todo proceso de Cotizaci\u00f3n, conforme lo contempla el art\u00edculo 50 de la LOSNCP, la entidad contratante <u>invitar\u00e1 a presentar ofertas a todos los proveedores inscritos en el Registro \u00danico de Proveedores<\/u>.<\/p>\n<p>Si un proveedor de una localidad distinta a aquella en la cual se va a ejecutar o cumplir el objeto contractual quiere participar en ese proceso, puede hacerlo pero, para efectos de evaluaci\u00f3n, se atender\u00e1n los principios y m\u00e1rgenes de preferencia establecidos en la Resoluci\u00f3n No. RE-INCOP-2013-0000098 publicada en el portal institucional.<\/p>\n<p>N\u00f3tese que de acuerdo a lo previsto por el art\u00edculo 52 de la LOSNCP, en las contrataciones de bienes y servicios que se adquieren por cotizaci\u00f3n, excepto los servicios de consultor\u00eda, se privilegiar\u00e1 la contrataci\u00f3n con micro y peque\u00f1as empresas, artesanos o profesionales, y sectores de la econom\u00eda popular y solidaria, de manera individual o asociativa, preferentemente domiciliados en la circunscripci\u00f3n territorial en que se ejecutar\u00e1 el contrato, quienes deber\u00e1n acreditar sus respectivas condiciones de conformidad con la normativa que los regulen.<\/p>\n<p>De igual forma, para la contrataci\u00f3n de obra que se selecciona por cotizaci\u00f3n, se privilegiar\u00e1 la contrataci\u00f3n con profesionales, micro y peque\u00f1as empresas, o sectores de la econom\u00eda popular y solidaria, de manera individual o asociativa que est\u00e9n habilitados en el RUP para ejercer esta actividad, y preferentemente domiciliados en la circunscripci\u00f3n territorial en que se ejecutar\u00e1 el contrato.<\/p>\n<p>Solamente en caso de que no existiera en la circunscripci\u00f3n territorial del correspondiente gobierno, oferta de proveedores que acrediten las condiciones indicadas anteriormente, la m\u00e1xima autoridad de la entidad contratante, mediante acto debidamente motivado, podr\u00e1 contratar con proveedores de otra circunscripci\u00f3n territorial o del pa\u00eds en el mismo procedimiento, de lo cual se informar\u00e1 a trav\u00e9s del portal.<\/p>\n<p>En todo caso, t\u00e9ngase en cuenta que el numeral 22 del art\u00edculo 6 de la LOSNCP prescribe que se entender\u00e1 como participaci\u00f3n local aquel o <u>aquellos participantes habilitados en el Registro \u00danico de Proveedores que tengan su domicilio, al menos seis meses<\/u>, en la parroquia rural, cant\u00f3n, la provincia o la regi\u00f3n donde surte efectos el objeto de la contrataci\u00f3n. Todo cambio de domicilio de los participantes habilitados, deber\u00e1 ser debidamente notificado al Servicio Nacional de Contrataci\u00f3n P\u00fablica SERCOP.<\/p>\n<\/div>\n<\/div>\n<div class=\"views-field views-field-title\" style=\"text-align: justify;\"><strong><span class=\"field-content\">En un procedimiento de cotizaci\u00f3n, en la conformaci\u00f3n de las Comisiones T\u00e9cnicas, podr\u00e1n intervenir el Director financiero y jur\u00eddico con voz pero sin voto?<\/span><\/strong><\/div>\n<div class=\"views-field views-field-body\" style=\"text-align: justify;\">\n<div class=\"field-content\">\n<p>El art\u00edculo 18 del RGLOSNCP prescribe la integraci\u00f3n de toda Comisi\u00f3n T\u00e9cnica. Se\u00f1ala, asimismo, que en la Comisi\u00f3n T\u00e9cnica de <u>Licitaci\u00f3n<\/u> intervendr\u00e1n con voz pero sin voto, el Director Financiero y el Director Jur\u00eddico, o quienes hagan sus veces, o sus respectivos delegados.<\/p>\n<p>Sin embargo, en la Resoluci\u00f3n emitida por la m\u00e1xima autoridad, con la que se conforme la Comisi\u00f3n T\u00e9cnica, bien podr\u00eda se\u00f1alar que si se requiere la intervenci\u00f3n del Director Financiero y del Director Jur\u00eddico en cualquier procedimiento de Cotizaci\u00f3n, para esclarecer una situaci\u00f3n, pueden ser convocados e intervenir con voz pero sin voto.<\/p>\n<\/div>\n<\/div>\n<div class=\"views-field views-field-title\" style=\"text-align: justify;\"><strong><span class=\"field-content\">Los modelos de pliegos propuestos por el SERCOP, para los procesos de cotizaci\u00f3n, pueden ser modificados?<\/span><\/strong><\/div>\n<div class=\"views-field views-field-body\" style=\"text-align: justify;\">\n<div class=\"field-content\">\n<p>A partir de la emisi\u00f3n de la Resoluci\u00f3n No. RE-SERCOP-2013-0000001 de 1 de noviembre del 2013, las entidades contratantes previstas en el art\u00edculo 1 de la\u00a0 LOSNCP aplicar\u00e1n de manera obligatoria los modelos de pliegos que obran con anexos de la referida Resoluci\u00f3n publicada en el portal institucional y que contienen las condiciones de participaci\u00f3n para los procedimientos comunes de contrataci\u00f3n para la ejecuci\u00f3n de obras por Licitaci\u00f3n, Cotizaci\u00f3n y Menor Cuant\u00eda; adquisici\u00f3n de bienes y\/o prestaci\u00f3n de servicios ya sea por subasta inversa electr\u00f3nica, licitaci\u00f3n, cotizaci\u00f3n, y menor cuant\u00eda seg\u00fan corresponda; as\u00ed como los modelos para los procedimientos de contrataci\u00f3n de los servicios de consultor\u00eda por contrataci\u00f3n directa, lista corta y concurso p\u00fablico; pliegos que se conforman por las Condiciones Generales y Particulares; los formularios y las condiciones generales y particulares de los contratos derivados de cada procedimiento.<\/p>\n<p>A cada entidad contratante le compete realizar los \u201cajustes\u201d que correspondan a las Condiciones Particulares, de acuerdo a la naturaleza y fines de cada contrataci\u00f3n, bajo su responsabilidad, siempre que se cumpla con la LOSNCP y su Reglamento General.<\/p>\n<\/div>\n<\/div>\n<div class=\"views-field views-field-title\" style=\"text-align: justify;\"><strong><span class=\"field-content\">Bajo qu\u00e9 criterio o justificaci\u00f3n una Entidad Contratante, puede declarar desierto un procedimiento de cotizaci\u00f3n, si el resultado de la misma no fuese conveniente para los intereses nacionales o institucionales?<\/span><\/strong><\/div>\n<div class=\"views-field views-field-body\" style=\"text-align: justify;\">\n<div class=\"field-content\">\n<p>El art\u00edculo 33 de la LOSNCP manda que la m\u00e1xima autoridad de la entidad contratante o su delegado, declarar\u00e1 desierto el procedimiento de manera total o parcial, en los siguientes casos:<\/p>\n<p>a. Por no haberse presentado oferta alguna;<\/p>\n<p>b. Por haber sido inhabilitadas todas las ofertas o la \u00fanica presentada, de conformidad con la ley;<\/p>\n<p>c. Por considerarse inconvenientes para los intereses nacionales o institucionales todas las ofertas o la \u00fanica presentada. La declaratoria de inconveniencia deber\u00e1 estar sustentada en razones econ\u00f3micas, t\u00e9cnicas o jur\u00eddicas;<\/p>\n<p>d.\u00a0 Si una vez adjudicado el contrato, se encontrare que existe inconsistencia, simulaci\u00f3n o inexactitud en la informaci\u00f3n presentada por el adjudicatario, detectada por la Entidad Contratante, la m\u00e1xima autoridad de \u00e9sta o su delegado, de no existir otras ofertas calificadas que convengan t\u00e9cnica y econ\u00f3micamente a los intereses nacionales o institucionales, declarar\u00e1 desierto el procedimiento sin perjuicio del inicio de las acciones que correspondan en contra del adjudicatario fallido; y,<\/p>\n<p>e. Por no celebrarse el contrato por causas imputables al adjudicatario, siempre que no sea posible adjudicar el contrato a otro oferente.<\/p>\n<p>Una vez declarado desierto el procedimiento, la m\u00e1xima autoridad o su delegado, podr\u00e1 disponer su archivo o su reapertura.<\/p>\n<p>La declaratoria definitiva de desierto cancelar\u00e1 el proceso de contrataci\u00f3n y por consiguiente se archivar\u00e1 el expediente.<\/p>\n<p>Podr\u00e1 declararse el procedimiento desierto parcial, cuando se hubiere convocado a un proceso de contrataci\u00f3n con la posibilidad de adjudicaciones parciales o por \u00edtems.<\/p>\n<p>La declaratoria de desierto o cancelaci\u00f3n no dar\u00e1 lugar a ning\u00fan tipo de reparaci\u00f3n o indemnizaci\u00f3n a los oferentes.<\/p>\n<\/div>\n<\/div>\n<div class=\"views-field views-field-title\" style=\"text-align: justify;\"><strong><span class=\"field-content\">\u00bfEl contrato suscrito por la adquisici\u00f3n de bienes realizadas a trav\u00e9s de un procedimiento de cotizaci\u00f3n, con entrega y pagos inmediatos, pueden sujetarse a reajuste de precios?<\/span><\/strong><\/div>\n<div class=\"views-field views-field-body\" style=\"text-align: justify;\">\n<div class=\"field-content\">\n<p>El art\u00edculo 82 de la LOSNCP prev\u00e9 que los contratos de ejecuci\u00f3n de obras, adquisici\u00f3n de bienes o de prestaci\u00f3n de servicios, a que se refiere dicha Ley, cuya forma de pago corresponda al sistema de precios unitarios, se sujetar\u00e1n al sistema de reajuste de precios de conformidad con lo previsto en el Reglamento a la indicada Ley. Ser\u00e1n tambi\u00e9n reajustables los contratos de consultor\u00eda que se suscribieran bajo cualquier modalidad.<\/p>\n<p>En consecuencia, indica el art\u00edculo 126 del RGLOSNCP, aquellos contratos, cuya forma de pago no corresponda al sistema de precios unitarios no se sujetar\u00e1 al sistema de reajuste de precios.<\/p>\n<\/div>\n<\/div>\n<div class=\"views-field views-field-title\" style=\"text-align: justify;\"><strong><span class=\"field-content\">\u00bfEn un procedimiento de cotizaci\u00f3n, el sistema invita a cinco proveedores de la localidad, y si un proveedor de otra localidad quiere participar en ese proceso puede hacerlo?<\/span><\/strong><\/div>\n<div class=\"views-field views-field-body\" style=\"text-align: justify;\">\n<div class=\"field-content\">\n<p>En el procedimiento de cotizaci\u00f3n, efectivamente el sistema invita a cinco proveedores del cant\u00f3n, sin embargo si otros proveedores del mismo u otro cant\u00f3n desean participar, lo pueden hacer utilizando la opci\u00f3n de Auto Registrarse, por supuesto sin hacerse acreedores de la bonificaci\u00f3n dada por el sorteo en la invitaci\u00f3n.<\/p>\n<\/div>\n<\/div>\n<div class=\"views-field views-field-title\" style=\"text-align: justify;\"><strong><span class=\"field-content\">\u00bfLos modelos de pliegos propuestos por el SERCOP, para los procesos de cotizaci\u00f3n, pueden ser modificados?<\/span><\/strong><\/div>\n<div class=\"views-field views-field-body\" style=\"text-align: justify;\">\n<div class=\"field-content\">\n<p>Los modelos de pliegos son de car\u00e1cter obligatorio, sin embargo si la Entidad contratante desea realizar cambios, puede realizarlos bajo su responsabilidad.<\/p>\n<\/div>\n<\/div>\n<div class=\"views-field views-field-title\" style=\"text-align: justify;\"><strong><span class=\"field-content\">\u00bfEl contrato suscrito por la adquisici\u00f3n de bienes realizadas a trav\u00e9s de un procedimiento de cotizaci\u00f3n, con entrega y pagos inmediatos, pueden sujetarse a reajuste de precios?<\/span><\/strong><\/div>\n<div class=\"views-field views-field-body\">\n<div class=\"field-content\">\n<p style=\"text-align: justify;\">El reajuste de precios est\u00e1 ligado a precios unitarios, lo que implica que si en el contrato suscrito no se estableci\u00f3 el reajuste de precios, no es posible efectuarlo. Adem\u00e1s, en bienes y con pagos inmediatos, no se estila esta opci\u00f3n dentro de los contratos.<\/p>\n<\/div>\n<\/div>\n<\/div>\n<\/div>\n<\/div>\n<\/div>\n<\/div>\n<\/div>\n","protected":false},"excerpt":{"rendered":"<p class=\"excerpt\">\u00a0 En un procedimiento de cotizaci\u00f3n, el sistema invita a cinco proveedores de la localidad, y si un proveedor de otra localidad quiere participar en ese proceso puede hacerlo? En todo proceso de Cotizaci\u00f3n, conforme lo contempla el art\u00edculo 50 de la LOSNCP, la entidad contratante invitar\u00e1 a presentar ofertas a todos los proveedores inscritos en el Registro \u00danico de&hellip; <a href=\"https:\/\/portal.compraspublicas.gob.ec\/sercop\/preguntas-frecuentes-entidades-7\/\">Read more &rarr;<\/a><\/p>\n","protected":false},"author":1,"featured_media":0,"parent":0,"menu_order":0,"comment_status":"closed","ping_status":"closed","template":"entidades.php","meta":[],"_links":{"self":[{"href":"https:\/\/portal.compraspublicas.gob.ec\/sercop\/wp-json\/wp\/v2\/pages\/13115"}],"collection":[{"href":"https:\/\/portal.compraspublicas.gob.ec\/sercop\/wp-json\/wp\/v2\/pages"}],"about":[{"href":"https:\/\/portal.compraspublicas.gob.ec\/sercop\/wp-json\/wp\/v2\/types\/page"}],"author":[{"embeddable":true,"href":"https:\/\/portal.compraspublicas.gob.ec\/sercop\/wp-json\/wp\/v2\/users\/1"}],"replies":[{"embeddable":true,"href":"https:\/\/portal.compraspublicas.gob.ec\/sercop\/wp-json\/wp\/v2\/comments?post=13115"}],"version-history":[{"count":0,"href":"https:\/\/portal.compraspublicas.gob.ec\/sercop\/wp-json\/wp\/v2\/pages\/13115\/revisions"}],"wp:attachment":[{"href":"https:\/\/portal.compraspublicas.gob.ec\/sercop\/wp-json\/wp\/v2\/media?parent=13115"}],"curies":[{"name":"wp","href":"https:\/\/api.w.org\/{rel}","templated":true}]}}