{"id":13120,"date":"2016-04-27T11:35:34","date_gmt":"2016-04-27T16:35:34","guid":{"rendered":"http:\/\/portal.compraspublicas.gob.ec\/sercop\/?page_id=13120"},"modified":"2016-04-28T10:29:15","modified_gmt":"2016-04-28T15:29:15","slug":"preguntas-frecuentes-entidades-8","status":"publish","type":"page","link":"https:\/\/portal.compraspublicas.gob.ec\/sercop\/preguntas-frecuentes-entidades-8\/","title":{"rendered":"Preguntas frecuentes:Consultor\u00eda"},"content":{"rendered":"<p><a href=\"http:\/\/portal.compraspublicas.gob.ec\/sercop\/wp-content\/uploads\/2016\/04\/preguntas.png\"><img loading=\"lazy\" class=\"aligncenter size-full wp-image-13364\" src=\"http:\/\/portal.compraspublicas.gob.ec\/sercop\/wp-content\/uploads\/2016\/04\/preguntas.png\" alt=\"preguntas\" width=\"630\" height=\"158\" srcset=\"https:\/\/portal.compraspublicas.gob.ec\/sercop\/wp-content\/uploads\/2016\/04\/preguntas.png 630w, https:\/\/portal.compraspublicas.gob.ec\/sercop\/wp-content\/uploads\/2016\/04\/preguntas-300x75.png 300w\" sizes=\"(max-width: 630px) 100vw, 630px\" \/><\/a><\/p>\n<p><strong>\u00bfEn cu\u00e1nto tiempo se firmar\u00e1 el contrato luego de que el consultor es adjudicado?<\/strong><\/p>\n<p>En un t\u00e9rmino (d\u00edas h\u00e1biles) m\u00e1ximo de 15 d\u00edas contado a partir de la fecha de notificaci\u00f3n con la Adjudicaci\u00f3n<\/p>\n<p><strong>Si el Consultor sube al Sistema los formularios 1 y 2, entonces la Entidad ya no requiere recibir f\u00edsicamente los formularios en la oferta t\u00e9cnica?<\/strong><\/p>\n<p>Los formularios 1 y 2 son ahora los numerales 1 y 2 del formulario \u00fanico.<\/p>\n<p>El consultor debe entregar f\u00edsicamente a la entidad contratante la informaci\u00f3n referida, sin perjuicio de que \u00e9sta haya sido \u201csubida\u201d al portal.<\/p>\n<p><strong>Se debe subir una Resoluci\u00f3n para la Invitaci\u00f3n del consultor seleccionado?<\/strong><\/p>\n<p>Si, en cualquier proceso de Consultor\u00eda debe la Entidad Contratante subir una Resoluci\u00f3n del consultor invitado.<\/p>\n<p><strong>Para la negociaci\u00f3n la Entidad Contratante debe subir al Sistema alg\u00fan tipo de documento?<\/strong><\/p>\n<p>SI, deber\u00e1 subir el acta de negociaci\u00f3n exitosa en el caso de que se llegue a un acuerdo y en el caso de que no el acta de negociaci\u00f3n fallida.<\/p>\n<p><strong>Si la Entidad no realiza la negociaci\u00f3n en el tiempo establecido en el cronograma que pasar\u00eda, en una contrataci\u00f3n directa?<\/strong><\/p>\n<p>El \u00faltimo inciso del art\u00edculo 36 del RGLOSNCP establece que en el caso de que el consultor invitado no aceptare la invitaci\u00f3n o no llegare a un acuerdo en la negociaci\u00f3n, la m\u00e1xima autoridad o su delegado declarar\u00e1 terminado el procedimiento; y de as\u00ed estimarlo pertinente, resolver\u00e1 el inicio de un nuevo proceso de contrataci\u00f3n directa con un nuevo consultor, o en su defecto optar por otro procedimiento de contrataci\u00f3n.<\/p>\n<p><strong>\u00bfEn qu\u00e9 tiempo se debe realizar la negociaci\u00f3n en consultor\u00eda en contrataci\u00f3n directa?<\/strong><\/p>\n<p>El pen\u00faltimo inciso del art\u00edculo 36 del RGLOSNCP se\u00f1ala que la m\u00e1xima autoridad, o su delegado, realizar\u00e1n la evaluaci\u00f3n, negociaci\u00f3n y adjudicaci\u00f3n, sobre la base de los pliegos en un t\u00e9rmino no mayor a 3 d\u00edas.<\/p>\n<p><strong>\u00bfQu\u00e9 pasar\u00eda si la Entidad Contratante no alcanza a calificar las ofertas a tiempo, en una Contrataci\u00f3n Directa?<\/strong><\/p>\n<p>No se podr\u00e1 continuar con el proceso a trav\u00e9s del sistema por no haberse cumplido con los tiempos establecidos. El sistema bloquear\u00e1 la finalizaci\u00f3n de la calificaci\u00f3n, por lo que la entidad contratante deber\u00eda declarar desierto el proceso.<\/p>\n<p><strong>\u00bfQu\u00e9 criterios de selecci\u00f3n se deben tomar en cuenta en una Consultor\u00eda de Contrataci\u00f3n Directa?<\/strong><\/p>\n<p>Aquellos se\u00f1alados por el art\u00edculo 41 de la LOSNCP, que indica que la calificaci\u00f3n de la calidad de las propuestas de consultor\u00eda, se realizar\u00e1 sobre la base de lo previsto en los pliegos respectivos, debiendo tenerse en cuenta:<\/p>\n<p>Capacidad t\u00e9cnica y administrativa disponible;<\/p>\n<p>Acreditar antecedentes y experiencia en la realizaci\u00f3n de trabajos similares, seg\u00fan la magnitud y complejidad de la contrataci\u00f3n;<\/p>\n<p>Antecedentes y experiencia demostrables del personal que ser\u00e1 asignado a la ejecuci\u00f3n del contrato;<\/p>\n<p>Plan de trabajo, metodolog\u00eda propuesta y conocimiento probado de las condiciones generales, locales y particulares del proyecto materia de la consultor\u00eda;<\/p>\n<p>Disponibilidad de los recursos, instrumentos y equipos necesarios para la realizaci\u00f3n de la consultor\u00eda; y,<\/p>\n<p>Cuando intervengan empresas nacionales en asocio con empresas extranjeras, se tomar\u00e1n en consideraci\u00f3n, adicionalmente, los procedimientos y metodolog\u00edas que ofrezca la consultor\u00eda extranjera para hacer efectiva una adecuada transferencia de tecnolog\u00eda, as\u00ed como la mayor y mejor utilizaci\u00f3n de la capacidad t\u00e9cnica de profesionales ecuatorianos.<\/p>\n<p><strong>\u00bfCu\u00e1nto tiempo tiene la Entidad para ingresar la calificaci\u00f3n de las ofertas?<\/strong><\/p>\n<p>La Entidad podr\u00e1 ingresar la calificaci\u00f3n de las ofertas t\u00e9cnicas desde la fecha y hora de inicio de evaluaci\u00f3n de las ofertas hasta antes de la fecha y hora l\u00edmite de resultados finales.<\/p>\n<p><strong>\u00bfQu\u00e9 pasar\u00eda si el consultor olvid\u00f3 subir la oferta econ\u00f3mica y los formularios 1 y 2 al sistema, en una consultor\u00eda directa?<\/strong><\/p>\n<p>Los formularios 1 y 2 son ahora los numerales 1 y 2 del formulario \u00fanico.<\/p>\n<p>Si un consultor no sube la oferta, no habr\u00e1 qu\u00e9 evaluar y por lo mismo, no existir\u00eda propuesta de quien olvid\u00f3 subirla. La Entidad bien podr\u00eda invitar a otro\u00a0 profesional, sustanciar otro procedimiento o declarar desierto el proceso.<\/p>\n<p><strong>\u00bfQu\u00e9 oferta debe subir el consultor a trav\u00e9s del sistema?<\/strong><\/p>\n<p>La oferta econ\u00f3mica y los numerales 1 y 2 del formulario \u00fanico.<\/p>\n<p><strong>\u00bfCu\u00e1l es la oferta que debe recibir f\u00edsicamente la Entidad contratante?<\/strong><\/p>\n<p>El oferente deber\u00e1 presentar su oferta t\u00e9cnico-econ\u00f3mica en un solo sobre, el cual, conforme lo prev\u00e9 el pliego, ser\u00e1 abierto y evaluado por la entidad contratante.<\/p>\n<p><strong>\u00bfCu\u00e1ntos d\u00edas dura un proceso de Contrataci\u00f3n Directa de Consultor\u00eda?<\/strong><\/p>\n<p>Si de acuerdo a lo previsto en el pen\u00faltimo inciso del art\u00edculo 36 del RGLOSNCP el consultor invitado entregar\u00e1 su oferta t\u00e9cnico-econ\u00f3mica en un t\u00e9rmino no mayor a 6 d\u00edas contado a partir de la fecha en que recibi\u00f3 la invitaci\u00f3n; y, la m\u00e1xima autoridad, o su delegado, realizar\u00e1n la evaluaci\u00f3n, negociaci\u00f3n y adjudicaci\u00f3n, sobre la base de los pliegos en un t\u00e9rmino no mayor a 3 d\u00edas, debemos entender que un proceso de contrataci\u00f3n directa de consultor\u00eda no podr\u00e1 tramitarse en t\u00e9rmino mayor a nueve (9) d\u00edas.<\/p>\n<p><strong>\u00bfCu\u00e1l es el porcentaje m\u00e1ximo de anticipo que se puede entregar en una Consultor\u00eda?<\/strong><\/p>\n<p>En cualquier Consultor\u00eda se puede entregar m\u00e1ximo el 70% de anticipo.<\/p>\n<p><strong>\u00bfA cu\u00e1ntos consultores se invita en una contrataci\u00f3n Directa?<\/strong><\/p>\n<p>Siendo directa se invita a un solo profesional que se encuentre registrado en la categor\u00eda del producto seleccionado por la Entidad Contratante.<\/p>\n<p><strong>\u00bfCu\u00e1l es el monto establecido para realizar una Consultor\u00eda de Contrataci\u00f3n Directa?<\/strong><\/p>\n<p>Presupuestos referenciales menores o iguales al multiplicar el coeficiente 0.000002 del Presupuesto Inicial del Estado que para el a\u00f1o 2014 equivale a montos inferiores o iguales a 68.601,27 d\u00f3lares.<\/p>\n<p><strong>Si la Entidad no realiza la negociaci\u00f3n en el tiempo establecido en el cronograma que pasar\u00eda?<\/strong><\/p>\n<p>El art\u00edculo 40 del RGLOSNCP se\u00f1ala que si en un t\u00e9rmino m\u00e1ximo de hasta cinco d\u00edas no se llegare a un acuerdo en la negociaci\u00f3n esta se dar\u00e1 por terminada y se iniciar\u00e1 una nueva negociaci\u00f3n con el oferente calificado en el siguiente lugar y as\u00ed sucesivamente hasta llegar a un acuerdo final de negociaci\u00f3n o, <u>en su defecto declarar desierto el procedimiento<\/u>, seg\u00fan corresponda.<\/p>\n<p>\u00bfEn qu\u00e9 tiempo se debe realizar la negociaci\u00f3n en consultor\u00eda?<\/p>\n<p>El art\u00edculo 40 del RGLOSNCP se\u00f1ala que si en un t\u00e9rmino m\u00e1ximo de hasta cinco d\u00edas no se llegare a un acuerdo en la negociaci\u00f3n esta se dar\u00e1 por terminada y se iniciar\u00e1 una nueva negociaci\u00f3n con el oferente calificado en el siguiente lugar y as\u00ed sucesivamente hasta llegar a un acuerdo final de negociaci\u00f3n o, en su defecto declarar desierto el procedimiento, seg\u00fan corresponda.<\/p>\n<p><strong>\u00bfQu\u00e9 pasar\u00eda si la Entidad Contratante no alcanza a calificar las ofertas a tiempo?<\/strong><\/p>\n<p>No se podr\u00e1 continuar con el proceso a trav\u00e9s del sistema por no haberse cumplido con los tiempos establecidos. El sistema bloquear\u00e1 la finalizaci\u00f3n de la calificaci\u00f3n, por lo que la entidad contratante deber\u00eda declarar desierto el proceso.<\/p>\n<p><strong>\u00bfQu\u00e9 criterios de selecci\u00f3n se deben tomar en cuenta en una Consultor\u00eda?<\/strong><\/p>\n<p>Aquellos se\u00f1alados por el art\u00edculo 41 de la LOSNCP, que indica que la calificaci\u00f3n de la calidad de las propuestas de consultor\u00eda, se realizar\u00e1 sobre la base de lo previsto en los pliegos respectivos, debiendo tenerse en cuenta:<\/p>\n<p>Capacidad t\u00e9cnica y administrativa disponible;<\/p>\n<p>Acreditar antecedentes y experiencia en la realizaci\u00f3n de trabajos similares, seg\u00fan la magnitud y complejidad de la contrataci\u00f3n;<\/p>\n<p>Antecedentes y experiencia demostrables del personal que ser\u00e1 asignado a la ejecuci\u00f3n del contrato;<\/p>\n<p>Plan de trabajo, metodolog\u00eda propuesta y conocimiento probado de las condiciones generales, locales y particulares del proyecto materia de la consultor\u00eda;<\/p>\n<p>Disponibilidad de los recursos, instrumentos y equipos necesarios para la realizaci\u00f3n de la consultor\u00eda; y,<\/p>\n<p>Cuando intervengan empresas nacionales en asocio con empresas extranjeras, se tomar\u00e1n en consideraci\u00f3n, adicionalmente, los procedimientos y metodolog\u00edas que ofrezca la consultor\u00eda extranjera para hacer efectiva una adecuada transferencia de tecnolog\u00eda, as\u00ed como la mayor y mejor utilizaci\u00f3n de la capacidad t\u00e9cnica de profesionales ecuatorianos.<\/p>\n<p><strong>\u00bfCu\u00e1nto tiempo tiene la Entidad para ingresar la calificaci\u00f3n de las ofertas?<\/strong><\/p>\n<p>La Entidad podr\u00e1 ingresar la calificaci\u00f3n de las ofertas t\u00e9cnicas desde la fecha y hora de inicio de evaluaci\u00f3n de las ofertas hasta antes de la fecha y hora l\u00edmite de resultados finales.<\/p>\n<p><strong>\u00bfQu\u00e9 pasar\u00eda si el consultor olvid\u00f3 subir la oferta econ\u00f3mica y los formularios 1 y 2 al sistema?<\/strong><\/p>\n<p>Los formularios 1 y 2 son ahora los numerales 1 y 2 del formulario \u00fanico.<\/p>\n<p>Si un consultor no sube la oferta, no habr\u00e1 qu\u00e9 evaluar y por lo mismo, no existir\u00eda propuesta de quien olvid\u00f3 subirla. La Entidad bien podr\u00eda continuar el proceso con las otras ofertas presentadas; o, en caso de no existir ofertas, declarar desierto el proceso.<\/p>\n<p><strong>\u00bfQu\u00e9 oferta debe subir el consultor a trav\u00e9s del sistema?<\/strong><\/p>\n<p>La oferta econ\u00f3mica y los numerales 1 y 2 del formulario \u00fanico.<\/p>\n<p><strong>\u00bfCu\u00e1l es la oferta que debe recibir f\u00edsicamente la Entidad?<\/strong><\/p>\n<p>Sin perjuicio de que la oferta econ\u00f3mica haya sido registrada en el portal institucional, la misma debe ser impresa y remitida en forma f\u00edsica, en sobre distinto al contentivo de la oferta t\u00e9cnica, pero enviarse ambos en otro sobre que pueda contenerlos a los dos, conforme lo previsto por el primer p\u00e1rrafo del art\u00edculo 41 de la LOSNCP.<\/p>\n<p><strong>\u00bfCu\u00e1l es el porcentaje m\u00e1ximo de anticipo que se puede entregar en una Consultor\u00eda?<\/strong><\/p>\n<p>En cualquier Consultor\u00eda, el anticipo no podr\u00e1 ser mayor al 70%.<\/p>\n<p><strong>\u00bfCu\u00e1l es el puntaje m\u00ednimo que debe cumplir la calificaci\u00f3n de la oferta t\u00e9cnica?<\/strong><\/p>\n<p>Seg\u00fan la Resoluci\u00f3n INCOP No. 066-2012 de 1 de agosto del 2012, para que se pueda calificar la oferta econ\u00f3mica y determinar el orden de prelaci\u00f3n, el puntaje m\u00ednimo es de 70 puntos sobre 100 puntos.<\/p>\n<p><strong>\u00bfCu\u00e1l es el puntaje m\u00ednimo que debe cumplir la calificaci\u00f3n de la oferta t\u00e9cnica?<\/strong><\/p>\n<p>Seg\u00fan la Resoluci\u00f3n INCOP No. 066-2012 de 1 de agosto del 2012, para que se pueda calificar la oferta econ\u00f3mica y determinar el orden de prelaci\u00f3n, el puntaje m\u00ednimo es de 70 puntos sobre 100 puntos.<\/p>\n<p><strong>\u00bfPor qu\u00e9 raz\u00f3n se debe ingresar el peso de las ofertas t\u00e9cnicas y econ\u00f3micas en la calificaci\u00f3n?<\/strong><\/p>\n<p>El numeral 19 del art\u00edculo 6 de la LOSNCP indica que el \u201cMejor Costo en Consultor\u00eda\u201d ser\u00e1 el criterio de \u00abCalidad y Costo\u00bb con el que se adjudicar\u00e1n los contratos, en raz\u00f3n de la ponderaci\u00f3n que para el efecto se determine en el pliego correspondiente, y sin que en ning\u00fan caso el costo tenga un porcentaje de incidencia superior al veinte (20%) por ciento. Por su parte, el art\u00edculo 41 ib\u00eddem indica adem\u00e1s que una vez calificadas las ofertas t\u00e9cnicas, se proceder\u00e1 a la apertura de las ofertas econ\u00f3micas, las cuales ser\u00e1n asimismo objeto de revisi\u00f3n y calificaci\u00f3n seg\u00fan el procedimiento que se determine en el Reglamento y sin que en ning\u00fan caso el costo tenga un porcentaje de incidencia superior al veinte (20%) por ciento, con relaci\u00f3n al total de la calificaci\u00f3n de la oferta.<\/p>\n<p>Con el proponente que obtenga el mayor puntaje ponderado de la oferta t\u00e9cnica y econ\u00f3mica, se proceder\u00e1 a la negociaci\u00f3n de los t\u00e9rminos t\u00e9cnicos y contractuales y a los ajustes econ\u00f3micos que se deriven de tal negociaci\u00f3n.<\/p>\n<p>Si no se llegare a un acuerdo, las negociaciones se dar\u00e1n por terminadas y comenzar\u00e1n con el consultor calificado en el siguiente lugar, continu\u00e1ndose con el mismo procedimiento descrito en los incisos anteriores.<\/p>\n<p>El\u00a0 peso de las ofertas es uno de los valores con los que se calcula el orden de prelaci\u00f3n en que saldr\u00e1n los consultores.<\/p>\n<p><strong>\u00bfCu\u00e1l es el tiempo m\u00ednimo que se debe establecer en el cronograma desde la convocatoria hasta la entrega de ofertas en una consultor\u00eda de Lista Corta?<\/strong><\/p>\n<p>Conforme lo contemplado por el tercer inciso del art\u00edculo 37 del RGLOSNCP, las ofertas t\u00e9cnica y econ\u00f3mica deber\u00e1n ser entregadas simult\u00e1neamente, en dos sobres separados, hasta el d\u00eda y hora se\u00f1alados en la convocatoria, tiempo que no ser\u00e1 menor a 10 d\u00edas h\u00e1biles ni superior a 20 d\u00edas h\u00e1biles contados a partir de la fecha de publicaci\u00f3n, a trav\u00e9s del Portal Institucional. Vencido el t\u00e9rmino para la presentaci\u00f3n de ofertas, el sistema cerrar\u00e1, de manera autom\u00e1tica la recepci\u00f3n de las mismas.<\/p>\n<p><strong>\u00bfQu\u00e9 es el orden de prelaci\u00f3n?<\/strong><\/p>\n<p>Es el orden en el que ser\u00e1n ubicados los consultores luego de la evaluaci\u00f3n realizada por la entidad contratante, a trav\u00e9s del Sistema, para fines de negociaci\u00f3n.<\/p>\n<p><strong>\u00bfA cu\u00e1ntos consultores se invita en una consultor\u00eda de Lista Corta?<\/strong><\/p>\n<p>De acuerdo con lo previsto en la parte final del primer inciso del art\u00edculo 37 del RGLOSNCP, la entidad contratante escoger\u00e1 e invitar\u00e1, a trav\u00e9s del Portal Institucional, a un m\u00e1ximo de 6 y un m\u00ednimo de 3 consultores registrados en el RUP que re\u00fanan los requisitos previstos en los pliegos, para que presenten sus ofertas t\u00e9cnicas y econ\u00f3micas.<\/p>\n<p><strong>\u00bfCu\u00e1l es el monto establecido para realizar la Consultor\u00eda por Lista Corta?<\/strong><\/p>\n<p>Presupuestos referenciales superiores al coeficiente 0.000002 del Presupuesto Inicial del Estado e inferiores al coeficiente 0,000015 del Presupuesto Inicial del Estado, montos que para el ejercicio fiscal 2014 se encuentran entre 68.601.27 y 514.509,56.<\/p>\n<p><strong>Si la Entidad no realiza la negociaci\u00f3n en el tiempo establecido en el cronograma que pasar\u00eda?<\/strong><\/p>\n<p>El art\u00edculo 40 del RGLOSNCP se\u00f1ala que si en un t\u00e9rmino m\u00e1ximo de hasta cinco d\u00edas no se llegare a un acuerdo en la negociaci\u00f3n esta se dar\u00e1 por terminada y se iniciar\u00e1 una nueva negociaci\u00f3n con el oferente calificado en el siguiente lugar y as\u00ed sucesivamente hasta llegar a un acuerdo final de negociaci\u00f3n o, <u>en su defecto declarar desierto el procedimiento<\/u>, seg\u00fan corresponda.<\/p>\n<p><strong>\u00bfEn qu\u00e9 tiempo se debe realizar la negociaci\u00f3n en consultor\u00eda?<\/strong><\/p>\n<p>El art\u00edculo 40 del RGLOSNCP se\u00f1ala que si en un t\u00e9rmino m\u00e1ximo de hasta cinco d\u00edas no se llegare a un acuerdo en la negociaci\u00f3n esta se dar\u00e1 por terminada y se iniciar\u00e1 una nueva negociaci\u00f3n con el oferente calificado en el siguiente lugar y as\u00ed sucesivamente hasta llegar a un acuerdo final de negociaci\u00f3n o, en su defecto declarar desierto el procedimiento, seg\u00fan corresponda.<\/p>\n<p><strong>\u00bfQu\u00e9 pasar\u00eda si la Entidad Contratante no alcanza a calificar las ofertas a tiempo?<\/strong><\/p>\n<p>No se podr\u00e1 continuar con el proceso a trav\u00e9s del sistema por no haberse cumplido con los tiempos establecidos. El sistema bloquear\u00e1 la finalizaci\u00f3n de la calificaci\u00f3n, por lo que la entidad contratante deber\u00eda declarar desierto el proceso.<\/p>\n<p><strong>\u00bfQu\u00e9 criterios de selecci\u00f3n se deben tomar en cuenta en una Consultor\u00eda?<\/strong><\/p>\n<p>Aquellos se\u00f1alados por el art\u00edculo 41 de la LOSNCP, que indica que la calificaci\u00f3n de la calidad de las propuestas de consultor\u00eda, se realizar\u00e1 sobre la base de lo previsto en los pliegos respectivos, debiendo tenerse en cuenta:<\/p>\n<p>Capacidad t\u00e9cnica y administrativa disponible;<\/p>\n<p>Acreditar antecedentes y experiencia en la realizaci\u00f3n de trabajos similares, seg\u00fan la magnitud y complejidad de la contrataci\u00f3n;<\/p>\n<p>Antecedentes y experiencia demostrables del personal que ser\u00e1 asignado a la ejecuci\u00f3n del contrato;<\/p>\n<p>Plan de trabajo, metodolog\u00eda propuesta y conocimiento probado de las condiciones generales, locales y particulares del proyecto materia de la consultor\u00eda;<\/p>\n<p>Disponibilidad de los recursos, instrumentos y equipos necesarios para la realizaci\u00f3n de la consultor\u00eda; y,<\/p>\n<p>Cuando intervengan empresas nacionales en asocio con empresas extranjeras, se tomar\u00e1n en consideraci\u00f3n, adicionalmente, los procedimientos y metodolog\u00edas que ofrezca la consultor\u00eda extranjera para hacer efectiva una adecuada transferencia de tecnolog\u00eda, as\u00ed como la mayor y mejor utilizaci\u00f3n de la capacidad t\u00e9cnica de profesionales ecuatorianos.<\/p>\n<p><strong>\u00bfCu\u00e1nto tiempo tiene la Entidad para ingresar la calificaci\u00f3n de las ofertas?<\/strong><\/p>\n<p>La Entidad podr\u00e1 ingresar la calificaci\u00f3n de las ofertas t\u00e9cnicas desde la fecha y hora de inicio de evaluaci\u00f3n de las ofertas hasta antes de la fecha y hora l\u00edmite de resultados finales.<\/p>\n<p><strong>\u00bfQu\u00e9 pasar\u00eda si un consultor olvid\u00f3 subir la oferta econ\u00f3mica y los formularios 1 y 2 al sistema?<\/strong><\/p>\n<p>Los formularios 1 y 2 son ahora los numerales 1 y 2 del formulario \u00fanico.<\/p>\n<p>Si un consultor no sube la oferta, no habr\u00e1 qu\u00e9 evaluar y por lo mismo, no existir\u00eda propuesta de quien olvid\u00f3 subirla. La Entidad bien podr\u00eda continuar el proceso con las otras ofertas presentadas; o, en caso de no existir ofertas, declarar desierto el proceso.<\/p>\n<p><strong>\u00bfQu\u00e9 oferta debe subir el consultor a trav\u00e9s del Sistema?<\/strong><\/p>\n<p>La oferta econ\u00f3mica y los numerales 1 y 2 del formulario \u00fanico.<\/p>\n<p><strong>\u00bfCu\u00e1l es la oferta que debe recibir f\u00edsicamente la Entidad?<\/strong><\/p>\n<p>Sin perjuicio de que la oferta econ\u00f3mica haya sido registrada en el portal institucional, la misma debe ser impresa y remitida en forma f\u00edsica, en sobre distinto al contentivo de la oferta t\u00e9cnica, pero enviarse ambos en otro sobre que pueda contenerlos a los dos, conforme lo previsto por el primer p\u00e1rrafo del art\u00edculo 41 de la LOSNCP.<\/p>\n<p><strong>\u00bfCu\u00e1l es el porcentaje m\u00e1ximo de anticipo que se puede entregar en una Consultor\u00eda?<\/strong><\/p>\n<p>En cualquier Consultor\u00eda se puede entregar m\u00e1ximo el 70% de anticipo.<\/p>\n<p><strong>\u00bfCu\u00e1l es el puntaje m\u00ednimo que debe cumplir la calificaci\u00f3n de la oferta t\u00e9cnica de los consultores, para que puedan seguir participando en el proceso?<\/strong><\/p>\n<p>Seg\u00fan la Resoluci\u00f3n INCOP No. 066-2012 de 1 de agosto del 2012, para que se pueda calificar la oferta econ\u00f3mica y determinar el orden de prelaci\u00f3n, el puntaje m\u00ednimo es de 70 puntos sobre 100 puntos.<\/p>\n<p><strong>\u00bfPor qu\u00e9 raz\u00f3n se debe ingresar el peso de las ofertas t\u00e9cnicas y econ\u00f3micas en la calificaci\u00f3n?<\/strong><\/p>\n<p>El numeral 19 del art\u00edculo 6 de la LOSNCP indica que el \u201cMejor Costo en Consultor\u00eda\u201d ser\u00e1 el criterio de \u00abCalidad y Costo\u00bb con el que se adjudicar\u00e1n los contratos, en raz\u00f3n de la ponderaci\u00f3n que para el efecto se determine en el pliego correspondiente, y sin que en ning\u00fan caso el costo tenga un porcentaje de incidencia superior al veinte (20%) por ciento. Por su parte, el art\u00edculo 41 ib\u00eddem indica adem\u00e1s que una vez calificadas las ofertas t\u00e9cnicas, se proceder\u00e1 a la apertura de las ofertas econ\u00f3micas, las cuales ser\u00e1n asimismo objeto de revisi\u00f3n y calificaci\u00f3n seg\u00fan el procedimiento que se determine en el Reglamento y sin que en ning\u00fan caso el costo tenga un porcentaje de incidencia superior al veinte (20%) por ciento, con relaci\u00f3n al total de la calificaci\u00f3n de la oferta.<\/p>\n<p>Con el proponente que obtenga el mayor puntaje ponderado de la oferta t\u00e9cnica y econ\u00f3mica, se proceder\u00e1 a la negociaci\u00f3n de los t\u00e9rminos t\u00e9cnicos y contractuales y a los ajustes econ\u00f3micos que se deriven de tal negociaci\u00f3n.<\/p>\n<p>Si no se llegare a un acuerdo, las negociaciones se dar\u00e1n por terminadas y comenzar\u00e1n con el consultor calificado en el siguiente lugar, continu\u00e1ndose con el mismo procedimiento descrito en los incisos anteriores.<\/p>\n<p>El\u00a0 peso de las ofertas es uno de los valores con los que se calcula el orden de prelaci\u00f3n en que saldr\u00e1n los consultores.<\/p>\n<p>\u00bfCu\u00e1l es el tiempo m\u00ednimo que se debe establecer en el cronograma desde la convocatoria hasta la entrega de ofertas en una consultor\u00eda de Concurso P\u00fablico?<\/p>\n<p>Conforme lo contemplado por el primer inciso del art\u00edculo 39 del RGLOSNCP, las ofertas t\u00e9cnica y econ\u00f3mica deber\u00e1n ser entregadas simult\u00e1neamente, en dos sobres separados, hasta el d\u00eda y hora se\u00f1alados en la convocatoria, tiempo que no ser\u00e1 menor a 15 d\u00edas h\u00e1biles ni superior a 30 d\u00edas h\u00e1biles contados a partir de la fecha de publicaci\u00f3n, a trav\u00e9s del Portal Institucional. Vencido el t\u00e9rmino para la presentaci\u00f3n de ofertas, el sistema cerrar\u00e1, de manera autom\u00e1tica la recepci\u00f3n de las mismas.<\/p>\n<p><strong>\u00bfQu\u00e9 es el Orden de Prelaci\u00f3n en un procedimiento de consultor\u00eda?<\/strong><\/p>\n<p>El orden en el que ser\u00e1n ubicados los consultores luego de la evaluaci\u00f3n realizada por la entidad contratante, a trav\u00e9s del Sistema, para fines de negociaci\u00f3n.<\/p>\n<p><strong>\u00bfA cu\u00e1ntos consultores se invita en una consultor\u00eda de Concurso P\u00fablico?<\/strong><\/p>\n<p>A todos los Consultores que se encuentren registrados en la categor\u00eda del producto seleccionado por la Entidad Contratante.<\/p>\n<p><strong>\u00bfCu\u00e1l es el monto establecido para realizar la Consultor\u00eda por Concurso P\u00fablico?<\/strong><\/p>\n<p>Presupuesto referencial igual o superior al 0,000015 del Presupuesto Inicial del Estado. Para el ejercicio fiscal 2014 sea igual o superior a 514.509,56 d\u00f3lares.<\/p>\n<p><strong>\u00bfCu\u00e1l es el monto establecido para realizar una Consultor\u00eda de Contrataci\u00f3n Directa?<\/strong><\/p>\n<p>Montos menores o iguales al multiplicar el coeficiente 0.000002 del Presupuesto Inicial del Estado que para este a\u00f1o equivaldr\u00edan a montos inferiores o iguales a 52.218,54 d\u00f3lares.<\/p>\n","protected":false},"excerpt":{"rendered":"<p class=\"excerpt\">\u00bfEn cu\u00e1nto tiempo se firmar\u00e1 el contrato luego de que el consultor es adjudicado? En un t\u00e9rmino (d\u00edas h\u00e1biles) m\u00e1ximo de 15 d\u00edas contado a partir de la fecha de notificaci\u00f3n con la Adjudicaci\u00f3n Si el Consultor sube al Sistema los formularios 1 y 2, entonces la Entidad ya no requiere recibir f\u00edsicamente los formularios en la oferta t\u00e9cnica? Los&hellip; <a href=\"https:\/\/portal.compraspublicas.gob.ec\/sercop\/preguntas-frecuentes-entidades-8\/\">Read more &rarr;<\/a><\/p>\n","protected":false},"author":1,"featured_media":0,"parent":0,"menu_order":0,"comment_status":"closed","ping_status":"closed","template":"entidades.php","meta":[],"_links":{"self":[{"href":"https:\/\/portal.compraspublicas.gob.ec\/sercop\/wp-json\/wp\/v2\/pages\/13120"}],"collection":[{"href":"https:\/\/portal.compraspublicas.gob.ec\/sercop\/wp-json\/wp\/v2\/pages"}],"about":[{"href":"https:\/\/portal.compraspublicas.gob.ec\/sercop\/wp-json\/wp\/v2\/types\/page"}],"author":[{"embeddable":true,"href":"https:\/\/portal.compraspublicas.gob.ec\/sercop\/wp-json\/wp\/v2\/users\/1"}],"replies":[{"embeddable":true,"href":"https:\/\/portal.compraspublicas.gob.ec\/sercop\/wp-json\/wp\/v2\/comments?post=13120"}],"version-history":[{"count":0,"href":"https:\/\/portal.compraspublicas.gob.ec\/sercop\/wp-json\/wp\/v2\/pages\/13120\/revisions"}],"wp:attachment":[{"href":"https:\/\/portal.compraspublicas.gob.ec\/sercop\/wp-json\/wp\/v2\/media?parent=13120"}],"curies":[{"name":"wp","href":"https:\/\/api.w.org\/{rel}","templated":true}]}}