{"id":13126,"date":"2016-04-27T11:42:24","date_gmt":"2016-04-27T16:42:24","guid":{"rendered":"http:\/\/portal.compraspublicas.gob.ec\/sercop\/?page_id=13126"},"modified":"2016-04-28T10:25:17","modified_gmt":"2016-04-28T15:25:17","slug":"preguntas-frecuentes-entidades-10","status":"publish","type":"page","link":"https:\/\/portal.compraspublicas.gob.ec\/sercop\/preguntas-frecuentes-entidades-10\/","title":{"rendered":"Preguntas frecuentes: Aplicaciones Generales"},"content":{"rendered":"<div class=\"view-content\">\n<div class=\"item-list\">\n<p><a href=\"http:\/\/portal.compraspublicas.gob.ec\/sercop\/wp-content\/uploads\/2016\/04\/preguntas.png\"><img loading=\"lazy\" class=\"aligncenter size-full wp-image-13364\" src=\"http:\/\/portal.compraspublicas.gob.ec\/sercop\/wp-content\/uploads\/2016\/04\/preguntas.png\" alt=\"preguntas\" width=\"630\" height=\"158\" srcset=\"https:\/\/portal.compraspublicas.gob.ec\/sercop\/wp-content\/uploads\/2016\/04\/preguntas.png 630w, https:\/\/portal.compraspublicas.gob.ec\/sercop\/wp-content\/uploads\/2016\/04\/preguntas-300x75.png 300w\" sizes=\"(max-width: 630px) 100vw, 630px\" \/><\/a><\/p>\n<ul>\n<li class=\"views-row views-row-1 views-row-odd views-row-first\">\n<div class=\"views-field views-field-title\"><strong><span class=\"field-content\">La Entidad Contratante debe nombrar un Administrador del Contrato?<\/span><\/strong><\/div>\n<div class=\"views-field views-field-body\">\n<div class=\"field-content\">\n<p>Si, para cualquier contrato toda entidad contratante debe nombrar un Administrador.<\/p>\n<\/div>\n<\/div>\n<\/li>\n<li class=\"views-row views-row-2 views-row-even\">\n<div class=\"views-field views-field-title\"><strong><span class=\"field-content\">Cuando finaliza la etapa Precontractual en un Proceso de Contrataci\u00f3n?<\/span><\/strong><\/div>\n<div class=\"views-field views-field-body\">\n<div class=\"field-content\">\n<p>Cuando se suscribe el Acta de Adjudicaci\u00f3n<\/p>\n<\/div>\n<\/div>\n<\/li>\n<li class=\"views-row views-row-3 views-row-odd\">\n<div class=\"views-field views-field-title\"><span class=\"field-content\"><strong>Necesito solicitar la Garant\u00eda de Fiel Cumplimiento si la forma de pago establecida es Contra entrega del Bien o Servicio?<\/strong> <\/span><\/div>\n<div class=\"views-field views-field-body\">\n<div class=\"field-content\">\n<p>No se exigir\u00e1 la presentaci\u00f3n de garant\u00eda de fiel cumplimiento en los casos de adquisici\u00f3n de bienes muebles que se entreguen al momento de efectuarse el pago, en aplicaci\u00f3n de lo contemplado en el cuarto inciso del art\u00edculo 74 de la LOSNCP.<\/p>\n<\/div>\n<\/div>\n<\/li>\n<li class=\"views-row views-row-4 views-row-even\">\n<div class=\"views-field views-field-title\"><strong><span class=\"field-content\">Se requiere presentar garant\u00edas para firmar el contrato?<\/span><\/strong><\/div>\n<div class=\"views-field views-field-body\">\n<div class=\"field-content\">\n<p>S\u00ed.\u00a0 Las garant\u00edas de Fiel Cumplimiento, Anticipo y T\u00e9cnicas establecidas en los art\u00edculos 74,75 y 76 de la LOSNCP.<\/p>\n<p>En todo caso, conforme lo se\u00f1ala el art\u00edculo 73 ib\u00eddem, no se exigir\u00e1 garant\u00edas para los contratos referidos en el n\u00famero 8 del art\u00edculo 2 de la LOSNCP.<\/p>\n<p>Conforme lo prev\u00e9 el art\u00edculo 74 de la precitada Ley, tampoco se exigir\u00e1 la garant\u00eda de fiel cumplimiento en los contratos de compraventa de bienes inmuebles y de adquisici\u00f3n de bienes muebles que se entreguen al momento de efectuarse el pago.<\/p>\n<p>Asimismo, no se exigir\u00e1 esta garant\u00eda de fiel cumplimiento en los contratos cuya cuant\u00eda sea menor a multiplicar el coeficiente 0,000002 por el Presupuesto Inicial del Estado del correspondiente ejercicio econ\u00f3mico.<\/p>\n<\/div>\n<\/div>\n<\/li>\n<li class=\"views-row views-row-5 views-row-odd\">\n<div class=\"views-field views-field-title\"><strong><span class=\"field-content\">\u00bfQui\u00e9nes son los proveedores MYPES?<\/span><\/strong><\/div>\n<div class=\"views-field views-field-body\">\n<div class=\"field-content\">\n<p>El art\u00edculo 53 del C\u00f3digo Org\u00e1nico de la Producci\u00f3n, Comercio e Inversiones define a las MYPES como la Micro, Peque\u00f1a y Mediana empresa, (persona natural o jur\u00eddica) que, como una unidad productiva, ejerce una actividad de producci\u00f3n, comercio y\/o servicios, y que cumple con el n\u00famero de trabajadores y valor bruto de las ventas anuales, se\u00f1alados para cada categor\u00eda.<\/p>\n<p><strong>MYPES: Micro y Peque\u00f1as empresas.<\/strong><\/p>\n<p><strong>Microempresa:<\/strong> aquella organizaci\u00f3n de producci\u00f3n que tenga entre 1 a 9 trabajadores, un valor de ventas o ingresos brutos anuales inferiores a cien mil d\u00f3lares de los Estados Unidos de Am\u00e9rica o un volumen de activos de hasta cien mil d\u00f3lares;<\/p>\n<p><strong>Peque\u00f1a empresa:<\/strong> la organizaci\u00f3n de producci\u00f3n que tenga entre 10 a 49 trabajadores, un valor de ventas o ingresos brutos anuales entre cien mil y un mill\u00f3n de d\u00f3lares de los Estados Unidos de Am\u00e9rica o un volumen de activos entre cien mil uno y setecientos cincuenta mil d\u00f3lares.<\/p>\n<\/div>\n<\/div>\n<\/li>\n<li class=\"views-row views-row-6 views-row-even\">\n<div class=\"views-field views-field-title\"><strong><span class=\"field-content\">\u00bfLos tiempos establecidos para hacer las preguntas y responderlas lo ingresa la Entidad seg\u00fan su criterio?<\/span><\/strong><\/div>\n<div class=\"views-field views-field-body\">\n<div class=\"field-content\">\n<p>NO. La Entidad debe hacerlo siguiendo los tiempos m\u00ednimos y m\u00e1ximos establecidos en la Resoluci\u00f3n vigente para el procedimiento.<\/p>\n<\/div>\n<\/div>\n<\/li>\n<li class=\"views-row views-row-7 views-row-odd\">\n<div class=\"views-field views-field-title\"><strong><span class=\"field-content\">Una vez adjudicado el contrato, \u00bfen cu\u00e1nto tiempo m\u00e1ximo debe el proveedor firmar el contrato?<\/span><\/strong><\/div>\n<div class=\"views-field views-field-body\">\n<div class=\"field-content\">\n<p>Conforme lo manda el art\u00edculo 69 de la LOSNCP, los contratos que por su naturaleza o expreso mandato de la Ley lo requieran se formalizar\u00e1n en escritura p\u00fablica dentro del t\u00e9rmino de quince (15) d\u00edas desde la notificaci\u00f3n de la adjudicaci\u00f3n. Los contratos cuya cuant\u00eda sea igual o superior a la base prevista para la licitaci\u00f3n se protocolizar\u00e1n ante Notario P\u00fablico. Los gastos derivados del otorgamiento del contrato son de cuenta del contratista. Las contrataciones que se realicen por el sistema de cat\u00e1logo se formalizar\u00e1n con la orden de compra y el acta de entrega. Las contrataciones de menor cuant\u00eda se instrumentar\u00e1n con la factura correspondiente, sin perjuicio de que se puedan elaborar documentos que contengan las obligaciones particulares que asuman las partes. Los dem\u00e1s contratos se otorgar\u00e1n por documento suscrito entre las partes sin necesidad de escritura p\u00fablica.<\/p>\n<p>Asimismo, el art\u00edculo 113 del RGLOSNCP prev\u00e9 que una vez adjudicado el contrato, el adjudicatario o su representante debidamente autorizado, deber\u00e1 suscribir el mismo dentro del t\u00e9rmino previsto en el pliego o en la Ley, para lo cual la entidad contratante le notificar\u00e1 se\u00f1alando la fecha para hacerlo, que no podr\u00e1 exceder de quince (15) d\u00edas t\u00e9rmino siguientes a la fecha de adjudicaci\u00f3n, excepci\u00f3n hecha para el caso de que el adjudicatario sea un consorcio o asociaci\u00f3n, en cuyo caso tendr\u00e1 quince d\u00edas adicionales para la formalizaci\u00f3n de dicha asociaci\u00f3n.<\/p>\n<\/div>\n<\/div>\n<\/li>\n<li class=\"views-row views-row-8 views-row-even\">\n<div class=\"views-field views-field-title\"><strong><span class=\"field-content\">\u00bfSi el proceso muestra el estado ADJUDICADO, doy por entendido que ya finaliz\u00f3 el proceso?<\/span><\/strong><\/div>\n<div class=\"views-field views-field-body\">\n<div class=\"field-content\">\n<p>No, para finalizar el proceso deber\u00e1 efectuar el registro de contratos y subir documentos como el acta de entrega recepci\u00f3n y factura,\u00a0 para que el sistema le indique que el proceso est\u00e1 <strong>FINALIZADO<\/strong>.<\/p>\n<\/div>\n<\/div>\n<\/li>\n<li class=\"views-row views-row-9 views-row-odd\">\n<div class=\"views-field views-field-title\"><strong><span class=\"field-content\">\u00bfSi olvido suscribir uno de los formularios del pliego, la Entidad Contratante me debe enviar Convalidaci\u00f3n?<\/span><\/strong><\/div>\n<div class=\"views-field views-field-body\">\n<div class=\"field-content\">\n<p>Hasta antes de la emisi\u00f3n de los nuevos modelos y formatos de documentos precontractuales (pliegos), el \u00fanico formulario que no era susceptible de convalidar era el formulario que conten\u00eda la Carta de Presentaci\u00f3n y Compromiso, y que correspond\u00eda la Formulario No. 1.<\/p>\n<p>A partir de la emisi\u00f3n de la Resoluci\u00f3n No. RE-SERCOP-2013-0000001 de 1 de noviembre del 2013, por medio de la cual se expiden los nuevos modelos y formatos de documentos precontractuales, existe un solo formulario que recoge o contiene la informaci\u00f3n que antes estaba prevista en un sinn\u00famero de formularios. En consecuencia, de no encontrarse firmado dicho formulario \u00fanico, no es jur\u00eddicamente factible que una entidad contratante solicite su convalidaci\u00f3n.<\/p>\n<\/div>\n<\/div>\n<\/li>\n<li class=\"views-row views-row-10 views-row-even views-row-last\">\n<div class=\"views-field views-field-title\"><span class=\"field-content\"><strong>\u00bfQu\u00e9 es la Convalidaci\u00f3n de Errores?<\/strong> <\/span><\/div>\n<div class=\"views-field views-field-body\">\n<div class=\"field-content\">\n<p>La Convalidaci\u00f3n de Errores es un mecanismo contemplado por el art\u00edculo 23 del RGLOSNCP, por medio del cual la entidad contratante debe requerir a los oferentes la correcci\u00f3n o rectificaci\u00f3n de determinados errores de forma que no implican modificaci\u00f3n alguna al contenido sustancial de la oferta, tales como errores tipogr\u00e1ficos, de foliado, sumilla o certificaci\u00f3n de documentos. Asimismo, los oferentes podr\u00e1n integrar a su oferta \u00fanicamente documentos sobre su capacidad legal, t\u00e9cnica o econ\u00f3mica. Este mecanismo ha sido regulado ampliamente por el SERCOP a trav\u00e9s de la Resoluci\u00f3n INCOP No. RE-2013-0000083 que, como todas las Resoluciones, consta publicada en el portal institucional.<\/p>\n<\/div>\n<\/div>\n<\/li>\n<\/ul>\n<\/div>\n<\/div>\n","protected":false},"excerpt":{"rendered":"<p class=\"excerpt\">La Entidad Contratante debe nombrar un Administrador del Contrato? Si, para cualquier contrato toda entidad contratante debe nombrar un Administrador. Cuando finaliza la etapa Precontractual en un Proceso de Contrataci\u00f3n? Cuando se suscribe el Acta de Adjudicaci\u00f3n Necesito solicitar la Garant\u00eda de Fiel Cumplimiento si la forma de pago establecida es Contra entrega del Bien o Servicio? No se exigir\u00e1&hellip; <a href=\"https:\/\/portal.compraspublicas.gob.ec\/sercop\/preguntas-frecuentes-entidades-10\/\">Read more &rarr;<\/a><\/p>\n","protected":false},"author":1,"featured_media":0,"parent":0,"menu_order":0,"comment_status":"closed","ping_status":"closed","template":"entidades.php","meta":[],"_links":{"self":[{"href":"https:\/\/portal.compraspublicas.gob.ec\/sercop\/wp-json\/wp\/v2\/pages\/13126"}],"collection":[{"href":"https:\/\/portal.compraspublicas.gob.ec\/sercop\/wp-json\/wp\/v2\/pages"}],"about":[{"href":"https:\/\/portal.compraspublicas.gob.ec\/sercop\/wp-json\/wp\/v2\/types\/page"}],"author":[{"embeddable":true,"href":"https:\/\/portal.compraspublicas.gob.ec\/sercop\/wp-json\/wp\/v2\/users\/1"}],"replies":[{"embeddable":true,"href":"https:\/\/portal.compraspublicas.gob.ec\/sercop\/wp-json\/wp\/v2\/comments?post=13126"}],"version-history":[{"count":0,"href":"https:\/\/portal.compraspublicas.gob.ec\/sercop\/wp-json\/wp\/v2\/pages\/13126\/revisions"}],"wp:attachment":[{"href":"https:\/\/portal.compraspublicas.gob.ec\/sercop\/wp-json\/wp\/v2\/media?parent=13126"}],"curies":[{"name":"wp","href":"https:\/\/api.w.org\/{rel}","templated":true}]}}