{"id":13129,"date":"2016-04-27T11:49:38","date_gmt":"2016-04-27T16:49:38","guid":{"rendered":"http:\/\/portal.compraspublicas.gob.ec\/sercop\/?page_id=13129"},"modified":"2016-04-28T10:23:23","modified_gmt":"2016-04-28T15:23:23","slug":"preguntas-frecuentes-catalogo-electronico","status":"publish","type":"page","link":"https:\/\/portal.compraspublicas.gob.ec\/sercop\/preguntas-frecuentes-catalogo-electronico\/","title":{"rendered":"Preguntas frecuentes: Cat\u00e1logo Electr\u00f3nico"},"content":{"rendered":"<p style=\"text-align: justify;\"><a href=\"http:\/\/portal.compraspublicas.gob.ec\/sercop\/wp-content\/uploads\/2016\/04\/preguntas.png\"><img loading=\"lazy\" class=\"aligncenter size-full wp-image-13364\" src=\"http:\/\/portal.compraspublicas.gob.ec\/sercop\/wp-content\/uploads\/2016\/04\/preguntas.png\" alt=\"preguntas\" width=\"630\" height=\"158\" srcset=\"https:\/\/portal.compraspublicas.gob.ec\/sercop\/wp-content\/uploads\/2016\/04\/preguntas.png 630w, https:\/\/portal.compraspublicas.gob.ec\/sercop\/wp-content\/uploads\/2016\/04\/preguntas-300x75.png 300w\" sizes=\"(max-width: 630px) 100vw, 630px\" \/><\/a><\/p>\n<p style=\"text-align: justify;\"><strong><span style=\"color: #000000;\">\u00bfPuedo ampliar mi cobertura durante la vigencia del Convenio Marco?<\/span><\/strong><\/p>\n<p style=\"text-align: justify;\"><span style=\"color: #000000;\">Un\u00a0 suscriptor de Convenio Marco \u00fanicamente est\u00e1 facultado para proveer los productos o bienes que le hayan sido adjudicados y que consten en el Convenio Marco. No puede \u201cincrementar\u201d su oferta en forma unilateral ni vender, a trav\u00e9s del aludido instrumento, bien adicional alguno. Toda entidad se\u00f1alada\u00a0 en el art\u00edculo 1 de la LOSNCP tiene la obligaci\u00f3n de adquirir los bienes que se encuentren catalogados por el SERCOP, a trav\u00e9s del Cat\u00e1logo Electr\u00f3nico.<\/span><\/p>\n<p style=\"text-align: justify;\"><strong><span class=\"field-content\" style=\"color: #000000;\">\u00bfUn proveedor puede alegar falta de stock de uno o m\u00e1s productos?<\/span><\/strong><\/p>\n<div class=\"views-field views-field-body\" style=\"text-align: justify;\">\n<div class=\"field-content\">\n<p><span style=\"color: #000000;\">S\u00f3lo para el caso de productos que tienen relaci\u00f3n con tecnolog\u00eda (computadores e impresoras) podr\u00eda se\u00f1alarse que no se dispone de un bien determinado. En tal caso, el suscriptor de Convenio Marco de que se trate deber\u00e1 notificar al SERCOP, respecto del \u00edtem o producto que ha dejado de producirse o fabricarse y que deber\u00eda ser reemplazado en el Cat\u00e1logo Electr\u00f3nico, se\u00f1alando y describiendo las condiciones del nuevo producto, sus caracter\u00edsticas t\u00e9cnicas y mejoras y adjuntar\u00e1 la certificaci\u00f3n del fabricante en la que se indique que el \u00edtem o producto qued\u00f3 fuera de producci\u00f3n.<\/span><\/p>\n<p><span style=\"color: #000000;\">En los dem\u00e1s casos, salvo fuerza mayor o caso fortuito debidamente comprobado por el proveedor\/contratista y aceptado por la entidad emisora de la orden de compra, el suscriptor del Convenio Marco deber\u00e1 cuidar el disponer de los productos catalogados y sus respectivas condiciones comerciales, asegurando que las entidades contratantes dispongan siempre de los mejores precios en el Cat\u00e1logo, de manera que se evite problemas por bienes discontinuados o por falta de stock.<\/span><\/p>\n<p><span class=\"field-content\" style=\"color: #000000;\"><strong>\u00bfC\u00f3mo se realizar\u00edan las actualizaciones de los productos que tienen relaci\u00f3n con tecnolog\u00eda?<\/strong> <\/span><\/p>\n<\/div>\n<\/div>\n<div class=\"views-field views-field-body\" style=\"text-align: justify;\">\n<div class=\"field-content\">\n<p><span style=\"color: #000000;\">Un suscriptor de Convenio Marco deber\u00e1 notificar al SERCOP, respecto del \u00edtem o producto que ha dejado de producirse o fabricarse y que deber\u00eda ser reemplazado en el Cat\u00e1logo Electr\u00f3nico. Asimismo, deber\u00e1 describir las condiciones del nuevo producto, sus caracter\u00edsticas t\u00e9cnicas y mejoras. Al efecto deber\u00e1 tambi\u00e9n adjuntar la certificaci\u00f3n del fabricante en la que se indique que el \u00edtem o producto qued\u00f3 fuera de producci\u00f3n. Finalmente, deber\u00e1 ratificar las condiciones comerciales establecidas en el formulario de la oferta, con las cuales result\u00f3 adjudicatario.<\/span><\/p>\n<p><strong><span class=\"field-content\" style=\"color: #000000;\">\u00bfSe pueden hacer cambios de productos en el Cat\u00e1logo Electr\u00f3nico?<\/span><\/strong><\/p>\n<\/div>\n<\/div>\n<div class=\"views-field views-field-body\" style=\"text-align: justify;\">\n<div class=\"field-content\">\n<p><span style=\"color: #000000;\">\u00danicamente para productos que tienen relaci\u00f3n con tecnolog\u00eda (computadores e impresoras), se puede realizar actualizaciones por cambio (mejora) de tecnolog\u00eda. Tales cambios deber\u00e1n estar debidamente justificados por el fabricante del bien o producto. En todo caso, para poder proceder de la forma se\u00f1alada, previamente el SERCOP deber\u00e1 autorizar dicha actualizaci\u00f3n.<\/span><\/p>\n<p><strong><span class=\"field-content\" style=\"color: #000000;\">\u00bfSe pueden hacer modificaciones de precios durante la vigencia de un Convenio Marco?<\/span><\/strong><\/p>\n<\/div>\n<\/div>\n<div class=\"views-field views-field-body\" style=\"text-align: justify;\">\n<div class=\"field-content\">\n<p><span style=\"color: #000000;\">Los precios se\u00f1alados en el Cat\u00e1logo Electr\u00f3nico son consecuencia de los procedimientos tramitados por el SERCOP para regular la adquisici\u00f3n de productos normalizados. Todo suscriptor de un Convenio Marco puede ofrecer en forma temporal (m\u00ednimo 10 d\u00edas) o definitiva (per\u00edodo de vigencia del CM) mejoras a los precios acordados en tal instrumento. Las modificaciones del precio al alza dentro del Cat\u00e1logo Electr\u00f3nico no se permiten.<\/span><\/p>\n<p><span class=\"field-content\" style=\"color: #000000;\">\u00bfEl flete, debe pagarse a la empresa proveedora de los bienes adquiridos?<\/span><\/p>\n<\/div>\n<\/div>\n<div class=\"views-field views-field-body\" style=\"text-align: justify;\">\n<div class=\"field-content\">\n<p><span style=\"color: #000000;\">Actividades o \u201cservicios\u201d como \u00e9ste, deben ser parte y estar incluidos en el precio de los productos. No deben pagarse como actividades o acciones fuera del contrato.<\/span><\/p>\n<p><strong><span class=\"field-content\" style=\"color: #000000;\">\u00bfHasta qu\u00e9 monto se puede comprar por cat\u00e1logo electr\u00f3nico?<\/span><\/strong><\/p>\n<\/div>\n<\/div>\n<div class=\"views-field views-field-body\">\n<div class=\"field-content\">\n<p style=\"text-align: justify;\"><span style=\"color: #000000;\">Las compras por cat\u00e1logo no tienen montos definidos, ni m\u00ednimos ni m\u00e1ximos.<\/span><\/p>\n<\/div>\n<\/div>\n","protected":false},"excerpt":{"rendered":"<p class=\"excerpt\">\u00bfPuedo ampliar mi cobertura durante la vigencia del Convenio Marco? Un\u00a0 suscriptor de Convenio Marco \u00fanicamente est\u00e1 facultado para proveer los productos o bienes que le hayan sido adjudicados y que consten en el Convenio Marco. No puede \u201cincrementar\u201d su oferta en forma unilateral ni vender, a trav\u00e9s del aludido instrumento, bien adicional alguno. Toda entidad se\u00f1alada\u00a0 en el art\u00edculo&hellip; <a href=\"https:\/\/portal.compraspublicas.gob.ec\/sercop\/preguntas-frecuentes-catalogo-electronico\/\">Read more &rarr;<\/a><\/p>\n","protected":false},"author":1,"featured_media":0,"parent":0,"menu_order":0,"comment_status":"closed","ping_status":"closed","template":"entidades.php","meta":[],"_links":{"self":[{"href":"https:\/\/portal.compraspublicas.gob.ec\/sercop\/wp-json\/wp\/v2\/pages\/13129"}],"collection":[{"href":"https:\/\/portal.compraspublicas.gob.ec\/sercop\/wp-json\/wp\/v2\/pages"}],"about":[{"href":"https:\/\/portal.compraspublicas.gob.ec\/sercop\/wp-json\/wp\/v2\/types\/page"}],"author":[{"embeddable":true,"href":"https:\/\/portal.compraspublicas.gob.ec\/sercop\/wp-json\/wp\/v2\/users\/1"}],"replies":[{"embeddable":true,"href":"https:\/\/portal.compraspublicas.gob.ec\/sercop\/wp-json\/wp\/v2\/comments?post=13129"}],"version-history":[{"count":0,"href":"https:\/\/portal.compraspublicas.gob.ec\/sercop\/wp-json\/wp\/v2\/pages\/13129\/revisions"}],"wp:attachment":[{"href":"https:\/\/portal.compraspublicas.gob.ec\/sercop\/wp-json\/wp\/v2\/media?parent=13129"}],"curies":[{"name":"wp","href":"https:\/\/api.w.org\/{rel}","templated":true}]}}