{"id":13145,"date":"2016-04-27T12:35:30","date_gmt":"2016-04-27T17:35:30","guid":{"rendered":"http:\/\/portal.compraspublicas.gob.ec\/sercop\/?page_id=13145"},"modified":"2016-04-28T10:26:59","modified_gmt":"2016-04-28T15:26:59","slug":"preguntas-frecuentes-infima-cuantia","status":"publish","type":"page","link":"https:\/\/portal.compraspublicas.gob.ec\/sercop\/preguntas-frecuentes-infima-cuantia\/","title":{"rendered":"Preguntas frecuentes: \u00cdnfima cuant\u00eda"},"content":{"rendered":"<p style=\"text-align: justify;\"><a href=\"http:\/\/portal.compraspublicas.gob.ec\/sercop\/wp-content\/uploads\/2016\/04\/preguntas.png\"><img loading=\"lazy\" class=\"aligncenter size-full wp-image-13364\" src=\"http:\/\/portal.compraspublicas.gob.ec\/sercop\/wp-content\/uploads\/2016\/04\/preguntas.png\" alt=\"preguntas\" width=\"630\" height=\"158\" srcset=\"https:\/\/portal.compraspublicas.gob.ec\/sercop\/wp-content\/uploads\/2016\/04\/preguntas.png 630w, https:\/\/portal.compraspublicas.gob.ec\/sercop\/wp-content\/uploads\/2016\/04\/preguntas-300x75.png 300w\" sizes=\"(max-width: 630px) 100vw, 630px\" \/><\/a><\/p>\n<p style=\"text-align: justify;\"><strong><span style=\"color: #000000;\">\u00bfCu\u00e1l es el monto bajo el cual se puede contratar para \u00ednfima cuant\u00eda?<\/span><\/strong><\/p>\n<div class=\"views-field views-field-body\">\n<div class=\"field-content\">\n<p style=\"text-align: justify;\"><span style=\"color: #000000;\">Las contrataciones para la ejecuci\u00f3n de obras, adquisici\u00f3n de bienes o prestaci\u00f3n de servicios, cuya cuant\u00eda sea igual o menor a multiplicar el coeficiente 0,0000002 del Presupuesto Inicial del Estado.<\/span><\/p>\n<\/div>\n<\/div>\n","protected":false},"excerpt":{"rendered":"<p class=\"excerpt\">\u00bfCu\u00e1l es el monto bajo el cual se puede contratar para \u00ednfima cuant\u00eda? Las contrataciones para la ejecuci\u00f3n de obras, adquisici\u00f3n de bienes o prestaci\u00f3n de servicios, cuya cuant\u00eda sea igual o menor a multiplicar el coeficiente 0,0000002 del Presupuesto Inicial del Estado. <a href=\"https:\/\/portal.compraspublicas.gob.ec\/sercop\/preguntas-frecuentes-infima-cuantia\/\">Read more &rarr;<\/a><\/p>\n","protected":false},"author":1,"featured_media":0,"parent":0,"menu_order":0,"comment_status":"closed","ping_status":"closed","template":"proveedores.php","meta":[],"_links":{"self":[{"href":"https:\/\/portal.compraspublicas.gob.ec\/sercop\/wp-json\/wp\/v2\/pages\/13145"}],"collection":[{"href":"https:\/\/portal.compraspublicas.gob.ec\/sercop\/wp-json\/wp\/v2\/pages"}],"about":[{"href":"https:\/\/portal.compraspublicas.gob.ec\/sercop\/wp-json\/wp\/v2\/types\/page"}],"author":[{"embeddable":true,"href":"https:\/\/portal.compraspublicas.gob.ec\/sercop\/wp-json\/wp\/v2\/users\/1"}],"replies":[{"embeddable":true,"href":"https:\/\/portal.compraspublicas.gob.ec\/sercop\/wp-json\/wp\/v2\/comments?post=13145"}],"version-history":[{"count":0,"href":"https:\/\/portal.compraspublicas.gob.ec\/sercop\/wp-json\/wp\/v2\/pages\/13145\/revisions"}],"wp:attachment":[{"href":"https:\/\/portal.compraspublicas.gob.ec\/sercop\/wp-json\/wp\/v2\/media?parent=13145"}],"curies":[{"name":"wp","href":"https:\/\/api.w.org\/{rel}","templated":true}]}}