{"id":13172,"date":"2016-04-27T13:00:57","date_gmt":"2016-04-27T18:00:57","guid":{"rendered":"http:\/\/portal.compraspublicas.gob.ec\/sercop\/?page_id=13172"},"modified":"2016-04-28T10:26:09","modified_gmt":"2016-04-28T15:26:09","slug":"preguntas-frecuentes-cotizacion","status":"publish","type":"page","link":"https:\/\/portal.compraspublicas.gob.ec\/sercop\/preguntas-frecuentes-cotizacion\/","title":{"rendered":"Preguntas frecuentes: Cotizaci\u00f3n"},"content":{"rendered":"<p style=\"text-align: justify;\"><a href=\"http:\/\/portal.compraspublicas.gob.ec\/sercop\/wp-content\/uploads\/2016\/04\/preguntas.png\"><img loading=\"lazy\" class=\"aligncenter size-full wp-image-13364\" src=\"http:\/\/portal.compraspublicas.gob.ec\/sercop\/wp-content\/uploads\/2016\/04\/preguntas.png\" alt=\"preguntas\" width=\"630\" height=\"158\" srcset=\"https:\/\/portal.compraspublicas.gob.ec\/sercop\/wp-content\/uploads\/2016\/04\/preguntas.png 630w, https:\/\/portal.compraspublicas.gob.ec\/sercop\/wp-content\/uploads\/2016\/04\/preguntas-300x75.png 300w\" sizes=\"(max-width: 630px) 100vw, 630px\" \/><\/a><\/p>\n<p style=\"text-align: justify;\"><strong><span style=\"color: #000000;\">\u00bfEl contrato suscrito por la adquisici\u00f3n de bienes realizadas a trav\u00e9s de un procedimiento de cotizaci\u00f3n, con entrega y pagos inmediatos, pueden sujetarse a reajuste de precios?<\/span><\/strong><\/p>\n<div class=\"field-content\">\n<p style=\"text-align: justify;\"><span style=\"color: #000000;\">El art\u00edculo 82 de la LOSNCP prev\u00e9 que los contratos de ejecuci\u00f3n de obras, adquisici\u00f3n de bienes o de prestaci\u00f3n de servicios, a que se refiere dicha Ley, cuya forma de pago corresponda al sistema de precios unitarios, se sujetar\u00e1n al sistema de reajuste de precios de conformidad con lo previsto en el Reglamento a la indicada Ley. Ser\u00e1n tambi\u00e9n reajustables los contratos de consultor\u00eda que se suscribieran bajo cualquier modalidad.<\/span><\/p>\n<p style=\"text-align: justify;\"><span style=\"color: #000000;\">En consecuencia, indica el art\u00edculo 126 del RGLOSNCP, aquellos contratos, cuya forma de pago no corresponda al sistema de precios unitarios no se sujetar\u00e1 al sistema de reajuste de precios.<\/span><\/p>\n<p style=\"text-align: justify;\"><strong><span style=\"color: #000000;\">\u00bfLos modelos de pliegos propuestos por el SERCOP, para los procesos de cotizaci\u00f3n, pueden ser modificados?<\/span><\/strong><\/p>\n<p style=\"text-align: justify;\"><span style=\"color: #000000;\">Los modelos de pliegos son de car\u00e1cter obligatorio, sin embargo si la Entidad contratante desea realizar cambios, puede realizarlos bajo su responsabilidad.<\/span><\/p>\n<\/div>\n","protected":false},"excerpt":{"rendered":"<p class=\"excerpt\">\u00bfEl contrato suscrito por la adquisici\u00f3n de bienes realizadas a trav\u00e9s de un procedimiento de cotizaci\u00f3n, con entrega y pagos inmediatos, pueden sujetarse a reajuste de precios? El art\u00edculo 82 de la LOSNCP prev\u00e9 que los contratos de ejecuci\u00f3n de obras, adquisici\u00f3n de bienes o de prestaci\u00f3n de servicios, a que se refiere dicha Ley, cuya forma de pago corresponda&hellip; <a href=\"https:\/\/portal.compraspublicas.gob.ec\/sercop\/preguntas-frecuentes-cotizacion\/\">Read more &rarr;<\/a><\/p>\n","protected":false},"author":1,"featured_media":0,"parent":0,"menu_order":0,"comment_status":"closed","ping_status":"closed","template":"proveedores.php","meta":[],"_links":{"self":[{"href":"https:\/\/portal.compraspublicas.gob.ec\/sercop\/wp-json\/wp\/v2\/pages\/13172"}],"collection":[{"href":"https:\/\/portal.compraspublicas.gob.ec\/sercop\/wp-json\/wp\/v2\/pages"}],"about":[{"href":"https:\/\/portal.compraspublicas.gob.ec\/sercop\/wp-json\/wp\/v2\/types\/page"}],"author":[{"embeddable":true,"href":"https:\/\/portal.compraspublicas.gob.ec\/sercop\/wp-json\/wp\/v2\/users\/1"}],"replies":[{"embeddable":true,"href":"https:\/\/portal.compraspublicas.gob.ec\/sercop\/wp-json\/wp\/v2\/comments?post=13172"}],"version-history":[{"count":0,"href":"https:\/\/portal.compraspublicas.gob.ec\/sercop\/wp-json\/wp\/v2\/pages\/13172\/revisions"}],"wp:attachment":[{"href":"https:\/\/portal.compraspublicas.gob.ec\/sercop\/wp-json\/wp\/v2\/media?parent=13172"}],"curies":[{"name":"wp","href":"https:\/\/api.w.org\/{rel}","templated":true}]}}