{"id":13191,"date":"2016-04-27T13:22:09","date_gmt":"2016-04-27T18:22:09","guid":{"rendered":"http:\/\/portal.compraspublicas.gob.ec\/sercop\/?page_id=13191"},"modified":"2024-11-27T15:14:34","modified_gmt":"2024-11-27T20:14:34","slug":"que-es-la-certificacion-de-competencias","status":"publish","type":"page","link":"https:\/\/portal.compraspublicas.gob.ec\/sercop\/que-es-la-certificacion-de-competencias\/","title":{"rendered":"\u00bfQu\u00e9 es la Certificaci\u00f3n como Operadores del Sistema Nacional de Contrataci\u00f3n P\u00fablica?"},"content":{"rendered":"<p>&nbsp;<\/p>\n<p><a style=\"Display:flex\"><img loading=\"lazy\" class=\"alignnone wp-image-57340 size-large\" src=\"https:\/\/portal.compraspublicas.gob.ec\/sercop\/wp-content\/uploads\/2024\/01\/Mesa-de-trabajo-2-copia-4@2x-1024x256.png\" alt=\"\" width=\"750\" height=\"188\" srcset=\"https:\/\/portal.compraspublicas.gob.ec\/sercop\/wp-content\/uploads\/2024\/01\/Mesa-de-trabajo-2-copia-4@2x-1024x256.png 1024w, https:\/\/portal.compraspublicas.gob.ec\/sercop\/wp-content\/uploads\/2024\/01\/Mesa-de-trabajo-2-copia-4@2x-300x75.png 300w, https:\/\/portal.compraspublicas.gob.ec\/sercop\/wp-content\/uploads\/2024\/01\/Mesa-de-trabajo-2-copia-4@2x-768x192.png 768w, https:\/\/portal.compraspublicas.gob.ec\/sercop\/wp-content\/uploads\/2024\/01\/Mesa-de-trabajo-2-copia-4@2x-1536x384.png 1536w, https:\/\/portal.compraspublicas.gob.ec\/sercop\/wp-content\/uploads\/2024\/01\/Mesa-de-trabajo-2-copia-4@2x.png 1825w\" sizes=\"(max-width: 750px) 100vw, 750px\" \/><br \/>\n <\/a><\/p>\n<p><!-- Es la acreditaci\u00f3n emitida por el Servicio Nacional de Contrataci\u00f3n P\u00fablica sobre la suficiencia\u00a0\u00a0 de conocimientos respecto a las competencias de un rol determinado para que un servidor p\u00fablico o trabajador de las entidades contratantes previstas en el art\u00edculo 1 de la Ley\u00a0 Org\u00e1nica del Sistema Nacional de Contrataci\u00f3n P\u00fabica se desempe\u00f1e como Operador del\u00a0\u00a0 Sistema Nacional de Contrataci\u00f3n P\u00fablica. -->Es la acreditaci\u00f3n emitida por el Servicio Nacional de Contrataci\u00f3n P\u00fablica sobre la suficiencia de conocimientos en contrataci\u00f3n p\u00fablica, para que un servidor p\u00fablico de las entidades contratantes previstas en el art\u00edculo 1 de la Ley Org\u00e1nica del Sistema Nacional de Contrataci\u00f3n P\u00fablica, o una persona interesada en ingresar al servicio p\u00fablico, se desempe\u00f1e como Operador del Sistema Nacional de Contrataci\u00f3n P\u00fablica.<br \/>\n<!--\n<a href=\"https:\/\/portal.compraspublicas.gob.ec\/sercop\/horarios-examen-de-certificacion-30-noviembre-2019\/\"><img loading=\"lazy\" class=\"size-full wp-image-39243 aligncenter\" src=\"https:\/\/portal.compraspublicas.gob.ec\/sercop\/wp-content\/uploads\/2019\/11\/banner_certificacion_provincias_27_11_2019.png\" alt=\"\" width=\"900\" height=\"398\" srcset=\"https:\/\/portal.compraspublicas.gob.ec\/sercop\/wp-content\/uploads\/2019\/11\/banner_certificacion_provincias_27_11_2019.png 900w, https:\/\/portal.compraspublicas.gob.ec\/sercop\/wp-content\/uploads\/2019\/11\/banner_certificacion_provincias_27_11_2019-300x133.png 300w, https:\/\/portal.compraspublicas.gob.ec\/sercop\/wp-content\/uploads\/2019\/11\/banner_certificacion_provincias_27_11_2019-768x340.png 768w\" sizes=\"(max-width: 900px) 100vw, 900px\" \/><\/a>\n\n<a href=\"https:\/\/portal.compraspublicas.gob.ec\/sercop\/wp-content\/uploads\/2018\/11\/banner_certificacion.jpg\"><img loading=\"lazy\" class=\"size-full wp-image-34863 aligncenter\" src=\"https:\/\/portal.compraspublicas.gob.ec\/sercop\/wp-content\/uploads\/2018\/11\/banner_certificacion.jpg\" alt=\"\" width=\"590\" height=\"285\" srcset=\"https:\/\/portal.compraspublicas.gob.ec\/sercop\/wp-content\/uploads\/2018\/11\/banner_certificacion.jpg 590w, https:\/\/portal.compraspublicas.gob.ec\/sercop\/wp-content\/uploads\/2018\/11\/banner_certificacion-300x145.jpg 300w\" sizes=\"(max-width: 590px) 100vw, 590px\" \/><\/a>--><\/p>\n","protected":false},"excerpt":{"rendered":"<p class=\"excerpt\">&nbsp; Es la acreditaci\u00f3n emitida por el Servicio Nacional de Contrataci\u00f3n P\u00fablica sobre la suficiencia de conocimientos en contrataci\u00f3n p\u00fablica, para que un servidor p\u00fablico de las entidades contratantes previstas en el art\u00edculo 1 de la Ley Org\u00e1nica del Sistema Nacional de Contrataci\u00f3n P\u00fablica, o una persona interesada en ingresar al servicio p\u00fablico, se desempe\u00f1e como Operador del Sistema Nacional&hellip; <a href=\"https:\/\/portal.compraspublicas.gob.ec\/sercop\/que-es-la-certificacion-de-competencias\/\">Read more &rarr;<\/a><\/p>\n","protected":false},"author":1,"featured_media":0,"parent":0,"menu_order":0,"comment_status":"closed","ping_status":"closed","template":"menugenerico.php","meta":[],"_links":{"self":[{"href":"https:\/\/portal.compraspublicas.gob.ec\/sercop\/wp-json\/wp\/v2\/pages\/13191"}],"collection":[{"href":"https:\/\/portal.compraspublicas.gob.ec\/sercop\/wp-json\/wp\/v2\/pages"}],"about":[{"href":"https:\/\/portal.compraspublicas.gob.ec\/sercop\/wp-json\/wp\/v2\/types\/page"}],"author":[{"embeddable":true,"href":"https:\/\/portal.compraspublicas.gob.ec\/sercop\/wp-json\/wp\/v2\/users\/1"}],"replies":[{"embeddable":true,"href":"https:\/\/portal.compraspublicas.gob.ec\/sercop\/wp-json\/wp\/v2\/comments?post=13191"}],"version-history":[{"count":28,"href":"https:\/\/portal.compraspublicas.gob.ec\/sercop\/wp-json\/wp\/v2\/pages\/13191\/revisions"}],"predecessor-version":[{"id":60227,"href":"https:\/\/portal.compraspublicas.gob.ec\/sercop\/wp-json\/wp\/v2\/pages\/13191\/revisions\/60227"}],"wp:attachment":[{"href":"https:\/\/portal.compraspublicas.gob.ec\/sercop\/wp-json\/wp\/v2\/media?parent=13191"}],"curies":[{"name":"wp","href":"https:\/\/api.w.org\/{rel}","templated":true}]}}