{"id":13193,"date":"2016-04-27T13:23:31","date_gmt":"2016-04-27T18:23:31","guid":{"rendered":"http:\/\/portal.compraspublicas.gob.ec\/sercop\/?page_id=13193"},"modified":"2024-11-27T15:51:12","modified_gmt":"2024-11-27T20:51:12","slug":"quienes-deben-certificarse","status":"publish","type":"page","link":"https:\/\/portal.compraspublicas.gob.ec\/sercop\/quienes-deben-certificarse\/","title":{"rendered":"\u00bfQui\u00e9nes deben certificarse?"},"content":{"rendered":"<p><a style=\"display:flex;\"><img loading=\"lazy\" class=\"alignnone size-full wp-image-44980\" src=\"https:\/\/portal.compraspublicas.gob.ec\/sercop\/wp-content\/uploads\/2021\/08\/WhatsApp-Image-2021-08-04-at-11.03.02-AM.jpeg\" alt=\"\" width=\"768\" height=\"192\" srcset=\"https:\/\/portal.compraspublicas.gob.ec\/sercop\/wp-content\/uploads\/2021\/08\/WhatsApp-Image-2021-08-04-at-11.03.02-AM.jpeg 768w, https:\/\/portal.compraspublicas.gob.ec\/sercop\/wp-content\/uploads\/2021\/08\/WhatsApp-Image-2021-08-04-at-11.03.02-AM-300x75.jpeg 300w\" sizes=\"(max-width: 768px) 100vw, 768px\" \/><\/a><\/p>\n<p>&nbsp;<\/p>\n<p>Considerando que el numeral 16 del Art. 10 de la Ley Org\u00e1nica del Sistema Nacional de Contrataci\u00f3n P\u00fablica, estipula como una de las atribuciones del Servicio Nacional de Contrataci\u00f3n P\u00fablica: \u201cCapacitar y certificar, de acuerdo a lo dispuesto en el Reglamento, a los servidores y empleados nombrados por las entidades contratantes, como operadores del Sistema Nacional de Contrataci\u00f3n P\u00fablica\u201d; y;<\/p>\n<p><strong>De conformidad con la disposici\u00f3n reformatoria segunda de la Ley Org\u00e1nica Reformatoria del C\u00f3digo Org\u00e1nico Integral Penal en Materia Anticorrupci\u00f3n<\/strong> que indica: \u201cSustit\u00fayase el numeral 16 por el siguiente: \u201cCertificar a los servidores p\u00fablicos de las entidades contratantes como operadores del Sistema Nacional de Contrataci\u00f3n P\u00fablica, y a las personas interesadas en ingresar al servicio p\u00fablico, a fin de avalar sus conocimientos y habilidades. <strong>Todo servidor p\u00fablico que participa en las fases del procedimiento de contrataci\u00f3n, deber\u00e1 estar certificado conforme este numeral<\/strong>\u201d.<\/p>\n<p>&nbsp;<\/p>\n","protected":false},"excerpt":{"rendered":"<p class=\"excerpt\">&nbsp; Considerando que el numeral 16 del Art. 10 de la Ley Org\u00e1nica del Sistema Nacional de Contrataci\u00f3n P\u00fablica, estipula como una de las atribuciones del Servicio Nacional de Contrataci\u00f3n P\u00fablica: \u201cCapacitar y certificar, de acuerdo a lo dispuesto en el Reglamento, a los servidores y empleados nombrados por las entidades contratantes, como operadores del Sistema Nacional de Contrataci\u00f3n P\u00fablica\u201d;&hellip; <a href=\"https:\/\/portal.compraspublicas.gob.ec\/sercop\/quienes-deben-certificarse\/\">Read more &rarr;<\/a><\/p>\n","protected":false},"author":1,"featured_media":0,"parent":0,"menu_order":0,"comment_status":"closed","ping_status":"closed","template":"menugenerico.php","meta":[],"_links":{"self":[{"href":"https:\/\/portal.compraspublicas.gob.ec\/sercop\/wp-json\/wp\/v2\/pages\/13193"}],"collection":[{"href":"https:\/\/portal.compraspublicas.gob.ec\/sercop\/wp-json\/wp\/v2\/pages"}],"about":[{"href":"https:\/\/portal.compraspublicas.gob.ec\/sercop\/wp-json\/wp\/v2\/types\/page"}],"author":[{"embeddable":true,"href":"https:\/\/portal.compraspublicas.gob.ec\/sercop\/wp-json\/wp\/v2\/users\/1"}],"replies":[{"embeddable":true,"href":"https:\/\/portal.compraspublicas.gob.ec\/sercop\/wp-json\/wp\/v2\/comments?post=13193"}],"version-history":[{"count":8,"href":"https:\/\/portal.compraspublicas.gob.ec\/sercop\/wp-json\/wp\/v2\/pages\/13193\/revisions"}],"predecessor-version":[{"id":60243,"href":"https:\/\/portal.compraspublicas.gob.ec\/sercop\/wp-json\/wp\/v2\/pages\/13193\/revisions\/60243"}],"wp:attachment":[{"href":"https:\/\/portal.compraspublicas.gob.ec\/sercop\/wp-json\/wp\/v2\/media?parent=13193"}],"curies":[{"name":"wp","href":"https:\/\/api.w.org\/{rel}","templated":true}]}}