{"id":13197,"date":"2016-04-27T13:25:53","date_gmt":"2016-04-27T18:25:53","guid":{"rendered":"http:\/\/portal.compraspublicas.gob.ec\/sercop\/?page_id=13197"},"modified":"2024-11-28T12:08:53","modified_gmt":"2024-11-28T17:08:53","slug":"competencia-laboral","status":"publish","type":"page","link":"https:\/\/portal.compraspublicas.gob.ec\/sercop\/competencia-laboral\/","title":{"rendered":"Competencia Laboral"},"content":{"rendered":"<p><P style=\"display:flex\"> <img loading=\"lazy\" class=\"alignnone size-full wp-image-44986\" src=\"https:\/\/portal.compraspublicas.gob.ec\/sercop\/wp-content\/uploads\/2021\/08\/WhatsApp-Image-2021-08-04-at-11.30.12-AM2.jpeg\" alt=\"\" width=\"768\" height=\"192\" srcset=\"https:\/\/portal.compraspublicas.gob.ec\/sercop\/wp-content\/uploads\/2021\/08\/WhatsApp-Image-2021-08-04-at-11.30.12-AM2.jpeg 768w, https:\/\/portal.compraspublicas.gob.ec\/sercop\/wp-content\/uploads\/2021\/08\/WhatsApp-Image-2021-08-04-at-11.30.12-AM2-300x75.jpeg 300w\" sizes=\"(max-width: 768px) 100vw, 768px\" \/> <\/p>\n<p\/>\n<p>Competencia Laboral es la capacidad de una persona para desempe\u00f1ar las actividades que componen una funci\u00f3n laboral, seg\u00fan los est\u00e1ndares y calidad esperados. Incluye los conocimientos, habilidades y actitudes requeridas para lograr los resultados previstos.<\/p>\n<p>&nbsp;<\/p>\n<p>&nbsp;<\/p>\n","protected":false},"excerpt":{"rendered":"<p class=\"excerpt\">Competencia Laboral es la capacidad de una persona para desempe\u00f1ar las actividades que componen una funci\u00f3n laboral, seg\u00fan los est\u00e1ndares y calidad esperados. Incluye los conocimientos, habilidades y actitudes requeridas para lograr los resultados previstos. &nbsp; &nbsp; <a href=\"https:\/\/portal.compraspublicas.gob.ec\/sercop\/competencia-laboral\/\">Read more &rarr;<\/a><\/p>\n","protected":false},"author":1,"featured_media":0,"parent":0,"menu_order":0,"comment_status":"closed","ping_status":"closed","template":"menugenerico.php","meta":[],"_links":{"self":[{"href":"https:\/\/portal.compraspublicas.gob.ec\/sercop\/wp-json\/wp\/v2\/pages\/13197"}],"collection":[{"href":"https:\/\/portal.compraspublicas.gob.ec\/sercop\/wp-json\/wp\/v2\/pages"}],"about":[{"href":"https:\/\/portal.compraspublicas.gob.ec\/sercop\/wp-json\/wp\/v2\/types\/page"}],"author":[{"embeddable":true,"href":"https:\/\/portal.compraspublicas.gob.ec\/sercop\/wp-json\/wp\/v2\/users\/1"}],"replies":[{"embeddable":true,"href":"https:\/\/portal.compraspublicas.gob.ec\/sercop\/wp-json\/wp\/v2\/comments?post=13197"}],"version-history":[{"count":6,"href":"https:\/\/portal.compraspublicas.gob.ec\/sercop\/wp-json\/wp\/v2\/pages\/13197\/revisions"}],"predecessor-version":[{"id":60330,"href":"https:\/\/portal.compraspublicas.gob.ec\/sercop\/wp-json\/wp\/v2\/pages\/13197\/revisions\/60330"}],"wp:attachment":[{"href":"https:\/\/portal.compraspublicas.gob.ec\/sercop\/wp-json\/wp\/v2\/media?parent=13197"}],"curies":[{"name":"wp","href":"https:\/\/api.w.org\/{rel}","templated":true}]}}