{"id":13209,"date":"2016-04-27T13:36:17","date_gmt":"2016-04-27T18:36:17","guid":{"rendered":"http:\/\/portal.compraspublicas.gob.ec\/sercop\/?page_id=13209"},"modified":"2016-04-28T10:26:25","modified_gmt":"2016-04-28T15:26:25","slug":"preguntas-frecuentes-ferias-inclusivas","status":"publish","type":"page","link":"https:\/\/portal.compraspublicas.gob.ec\/sercop\/preguntas-frecuentes-ferias-inclusivas\/","title":{"rendered":"Preguntas frecuentes: Ferias inclusivas"},"content":{"rendered":"<p style=\"text-align: justify;\"><a href=\"http:\/\/portal.compraspublicas.gob.ec\/sercop\/wp-content\/uploads\/2016\/04\/preguntas.png\"><img loading=\"lazy\" class=\"aligncenter size-full wp-image-13364\" src=\"http:\/\/portal.compraspublicas.gob.ec\/sercop\/wp-content\/uploads\/2016\/04\/preguntas.png\" alt=\"preguntas\" width=\"630\" height=\"158\" srcset=\"https:\/\/portal.compraspublicas.gob.ec\/sercop\/wp-content\/uploads\/2016\/04\/preguntas.png 630w, https:\/\/portal.compraspublicas.gob.ec\/sercop\/wp-content\/uploads\/2016\/04\/preguntas-300x75.png 300w\" sizes=\"(max-width: 630px) 100vw, 630px\" \/><\/a><\/p>\n<p style=\"text-align: justify;\"><strong><span style=\"color: #000000;\">\u00bfQui\u00e9nes pueden participar en una feria inclusiva?<\/span><\/strong><\/p>\n<div class=\"views-field views-field-body\">\n<div class=\"field-content\">\n<p style=\"text-align: justify;\"><span style=\"color: #000000;\">En atenci\u00f3n a lo contemplado en el art\u00edculo <strong><em>Art. 59.1 de la LOSNCP<\/em><\/strong> siendo la \u201cFeria Inclusiva\u201d un procedimiento que deben utilizar, preferentemente, las entidades contratantes, con el objeto de adquirir obras, bienes y servicios de producci\u00f3n nacional, catalogados o normalizados, no catalogados o no normalizados, en dicho procedimiento <u>\u00fanicamente<\/u> podr\u00e1n participar, en calidad de proveedores los productores individuales, las organizaciones de la Econom\u00eda Popular y Solidaria, las unidades econ\u00f3micas populares, los artesanos, las micro y peque\u00f1as unidades productivas.<\/span><\/p>\n<\/div>\n<\/div>\n","protected":false},"excerpt":{"rendered":"<p class=\"excerpt\">\u00bfQui\u00e9nes pueden participar en una feria inclusiva? En atenci\u00f3n a lo contemplado en el art\u00edculo Art. 59.1 de la LOSNCP siendo la \u201cFeria Inclusiva\u201d un procedimiento que deben utilizar, preferentemente, las entidades contratantes, con el objeto de adquirir obras, bienes y servicios de producci\u00f3n nacional, catalogados o normalizados, no catalogados o no normalizados, en dicho procedimiento \u00fanicamente podr\u00e1n participar, en&hellip; <a href=\"https:\/\/portal.compraspublicas.gob.ec\/sercop\/preguntas-frecuentes-ferias-inclusivas\/\">Read more &rarr;<\/a><\/p>\n","protected":false},"author":1,"featured_media":0,"parent":0,"menu_order":0,"comment_status":"closed","ping_status":"closed","template":"proveedores.php","meta":[],"_links":{"self":[{"href":"https:\/\/portal.compraspublicas.gob.ec\/sercop\/wp-json\/wp\/v2\/pages\/13209"}],"collection":[{"href":"https:\/\/portal.compraspublicas.gob.ec\/sercop\/wp-json\/wp\/v2\/pages"}],"about":[{"href":"https:\/\/portal.compraspublicas.gob.ec\/sercop\/wp-json\/wp\/v2\/types\/page"}],"author":[{"embeddable":true,"href":"https:\/\/portal.compraspublicas.gob.ec\/sercop\/wp-json\/wp\/v2\/users\/1"}],"replies":[{"embeddable":true,"href":"https:\/\/portal.compraspublicas.gob.ec\/sercop\/wp-json\/wp\/v2\/comments?post=13209"}],"version-history":[{"count":0,"href":"https:\/\/portal.compraspublicas.gob.ec\/sercop\/wp-json\/wp\/v2\/pages\/13209\/revisions"}],"wp:attachment":[{"href":"https:\/\/portal.compraspublicas.gob.ec\/sercop\/wp-json\/wp\/v2\/media?parent=13209"}],"curies":[{"name":"wp","href":"https:\/\/api.w.org\/{rel}","templated":true}]}}