{"id":13762,"date":"2016-05-19T17:54:18","date_gmt":"2016-05-19T22:54:18","guid":{"rendered":"http:\/\/portal.compraspublicas.gob.ec\/sercop\/?page_id=13762"},"modified":"2017-02-01T15:23:08","modified_gmt":"2017-02-01T20:23:08","slug":"uniformes-escolares","status":"publish","type":"page","link":"https:\/\/portal.compraspublicas.gob.ec\/sercop\/uniformes-escolares\/","title":{"rendered":"Uniformes escolares"},"content":{"rendered":"<p><a href=\"http:\/\/portal.compraspublicas.gob.ec\/sercop\/wp-content\/uploads\/2016\/05\/file-15-06-2015-21-07-59-UojKqndd7pg.jpg\"><img loading=\"lazy\" class=\"aligncenter  wp-image-13765\" src=\"http:\/\/portal.compraspublicas.gob.ec\/sercop\/wp-content\/uploads\/2016\/05\/file-15-06-2015-21-07-59-UojKqndd7pg.jpg\" alt=\"file-15-06-2015-21-07-59-UojKqndd7pg\" width=\"841\" height=\"194\" srcset=\"https:\/\/portal.compraspublicas.gob.ec\/sercop\/wp-content\/uploads\/2016\/05\/file-15-06-2015-21-07-59-UojKqndd7pg.jpg 1300w, https:\/\/portal.compraspublicas.gob.ec\/sercop\/wp-content\/uploads\/2016\/05\/file-15-06-2015-21-07-59-UojKqndd7pg-300x69.jpg 300w, https:\/\/portal.compraspublicas.gob.ec\/sercop\/wp-content\/uploads\/2016\/05\/file-15-06-2015-21-07-59-UojKqndd7pg-1024x236.jpg 1024w\" sizes=\"(max-width: 841px) 100vw, 841px\" \/><\/a><\/p>\n<p>Con el objetivo de adquirir el \u201cPRODUCTOS DE CONFECCI\u00d3N TEXTIL\u201d a los actores de la econom\u00eda popular y solidaria y artesanos, se desarroll\u00f3 el Cat\u00e1logo Inclusivo que agrupa este tipo de servicio, con este antecedente se presenta la incorporaci\u00f3n de nuevos productos al presente cat\u00e1logo.<\/p>\n<p>Si\u00a0 te interesa participar en el Cat\u00e1logo Inclusivo \u201cPRODUCTOS DE CONFECCI\u00d3N TEXTIL \u2013 KITS DE UNIFORMES ESCOLARES R\u00c9GIMEN SIERRA Y AMAZON\u00cdA<a href=\"http:\/\/portal.compraspublicas.gob.ec\/sercop\/wp-content\/uploads\/2016\/03\/oficio-limpieza-edificios.pdf\">\u201d<\/a>, publicado mediante <span style=\"color: #0000ff;\"><a href=\"http:\/\/portal.compraspublicas.gob.ec\/sercop\/wp-content\/uploads\/2016\/05\/OFICIO-CIRCULAR-FIRMADO.pdf\">Oficio Circular <\/a><\/span>adjunto, debes catalogarte en el procedimiento <span style=\"color: #0000ff;\"><a style=\"color: #0000ff;\" href=\"https:\/\/www.compraspublicas.gob.ec\/ProcesoContratacion\/app\/webroot\/compras\/CR\/mostrarferia.cpe?idSoliCompra=kvNYwEXten1dbiQGVJFvGcnqe5VWjS_zcQLdV78WEPE,\"><em>CDI-SERCOP-001-201<\/em><\/a><\/span><em><span style=\"color: #0000ff;\"><a style=\"color: #0000ff;\" href=\"https:\/\/www.compraspublicas.gob.ec\/ProcesoContratacion\/app\/webroot\/compras\/CR\/mostrarferia.cpe?idSoliCompra=kvNYwEXten1dbiQGVJFvGcnqe5VWjS_zcQLdV78WEPE,\">6<\/a><\/span>,<\/em> por favor revisa la <span style=\"color: #0000ff;\"><em><a style=\"color: #0000ff;\" href=\"http:\/\/portal.compraspublicas.gob.ec\/sercop\/wp-content\/uploads\/2016\/05\/FICHA-T\u00c9CNICA-UNIFORME-ESCOLAR-R\u00c9GIMEN-SIERRA.pdf\">ficha t\u00e9cnica adjunta<\/a><\/em><\/span>, donde se encuentran los requisitos m\u00ednimos de participaci\u00f3n.<\/p>\n<p>Los proveedores catalogados al procedimiento<span style=\"color: #0000ff;\"><a style=\"color: #0000ff;\" href=\"https:\/\/www.compraspublicas.gob.ec\/ProcesoContratacion\/app\/webroot\/compras\/CR\/mostrarferia.cpe?idSoliCompra=kvNYwEXten1dbiQGVJFvGcnqe5VWjS_zcQLdV78WEPE,\"> CDI-SERCOP-001-2016<\/a><\/span>, deben presentar.<\/p>\n<p><span style=\"color: #0000ff;\"><strong><a style=\"color: #0000ff;\" href=\"http:\/\/portal.compraspublicas.gob.ec\/sercop\/wp-content\/uploads\/2017\/02\/OFICIO-CIRCULAR-No.-SERCOP-CDI-2017-005.pdf\">OFICIO CIRCULAR No. SERCOP-CDI-2017-005<\/a><\/strong><\/span><\/p>\n<div class=\"color\">\n<p><span style=\"color: #0000ff;\"><strong><a style=\"color: #0000ff;\" href=\"http:\/\/portal.compraspublicas.gob.ec\/sercop\/wp-content\/uploads\/2016\/06\/OFICIO-CIRCULAR-No.-CDI-2016-0047.pdf\">Oficio Circular No. SERCOP-CDI-2016-0047<\/a><\/strong><\/span><\/p>\n<\/div>\n<p><span style=\"color: #0000ff;\"><strong><a style=\"color: #0000ff;\" href=\"http:\/\/portal.compraspublicas.gob.ec\/sercop\/wp-content\/uploads\/2016\/05\/Oficio-Circular-No.-SERCOP-CDI-2016-003.pdf\">OFICIO CIRCULAR SERCOP-CDI-2016-0033 ACLARACI\u00d3N EN AREA DE INTERVENCI\u00d3N<\/a><\/strong><\/span><\/p>\n<p><span style=\"color: #0000ff;\"><strong><a style=\"color: #0000ff;\" href=\"http:\/\/portal.compraspublicas.gob.ec\/sercop\/wp-content\/uploads\/2017\/02\/LISTADO_DE_DOMICILILIO_PROVINCIAS_CANTONES.xls\">LISTADO DE DOMICILILIO PROVINCIAS CANTONES<\/a><\/strong><\/span><\/p>\n<ol>\n<li><span style=\"color: #0000ff;\"><a style=\"color: #0000ff;\" href=\"http:\/\/portal.compraspublicas.gob.ec\/sercop\/wp-content\/uploads\/2016\/05\/MANIFESTACI\u00d3N-DE-INTER\u00c9S-UNIFORME-ESCOLAR-R\u00c9GIMEN-SIERRA-Y-AMAZON\u00cdA.docx\">Manifestaci\u00f3n de Inter\u00e9s<\/a><\/span><\/li>\n<li>Presentar el formulario de Maquinaria de acuerdo a la <span style=\"color: #0000ff;\"><a style=\"color: #0000ff;\" href=\"http:\/\/portal.compraspublicas.gob.ec\/sercop\/wp-content\/uploads\/2016\/05\/TABLA-DE-EQUIPAMIENTO-Y-HERRAMIENTAS.docx\">tabla de equipamiento y herramientas<\/a><\/span><\/li>\n<li>El formulario de Maquinaria deber\u00e1 se llenado de acuerdo al \u00a0<span style=\"color: #0000ff;\"><a style=\"color: #0000ff;\" href=\"http:\/\/portal.compraspublicas.gob.ec\/sercop\/wp-content\/uploads\/2016\/05\/CUADRO-DE-MAQUINARIA-M\u00cdNIMA-POR-PRODUCTO-2.docx\">Cuadro de maquinaria por producto<\/a><\/span><\/li>\n<\/ol>\n<p><strong>\u00a0<\/strong><strong>INCORPORACI\u00d3N NUEVOS PROVEEDORES<\/strong><\/p>\n<ol>\n<li>Lee y analiza el <span style=\"color: #0000ff;\"><em><a style=\"color: #0000ff;\" href=\"http:\/\/portal.compraspublicas.gob.ec\/sercop\/wp-content\/uploads\/2016\/05\/PLIEGO-CONFECCION-TEXTIL1.docx\">pliego<\/a><\/em><\/span> detenidamente para que conozcas qu\u00e9 producto o servicio se requiere en cada categor\u00eda.<\/li>\n<li>Llena los <span style=\"color: #0000ff;\"><a style=\"color: #0000ff;\" href=\"http:\/\/portal.compraspublicas.gob.ec\/sercop\/wp-content\/uploads\/2016\/05\/FORMULARIO_KIT_DE-UNIFORMES_SIERRA_2016-1.docx\">formularios <\/a><\/span>y requisitos de <span style=\"color: #0000ff;\"><a style=\"color: #0000ff;\" href=\"http:\/\/portal.compraspublicas.gob.ec\/sercop\/wp-content\/uploads\/2016\/05\/TABLA_DE_EQUIPAMIENTO_Y_HERRAMIENTAS.docx\">equipamiento y herramientas<\/a><\/span>, as\u00ed como el <span style=\"color: #0000ff;\"><a style=\"color: #0000ff;\" href=\"http:\/\/portal.compraspublicas.gob.ec\/sercop\/wp-content\/uploads\/2016\/05\/CUADRO-DE-MAQUINARIA-M\u00cdNIMA-POR-PRODUCTO-2.docx\">cuadro de maquinaria por producto<\/a><\/span> que se solicitan en los pliegos. Recuerda que los formularios y los requisitos deben estar sumillados y numerados.<\/li>\n<li>Elabora un oficio dirigido al Econ. Santiago V\u00e1squez, Director General del SERCOP, solicitando tu incorporaci\u00f3n al Cat\u00e1logo Din\u00e1mico Inclusivo <em>(<span style=\"color: #0000ff;\"><a style=\"color: #0000ff;\" href=\"http:\/\/portal.compraspublicas.gob.ec\/sercop\/wp-content\/uploads\/2016\/05\/modelo-oficio-de-solicitud2.docx\">Descarga modelo de oficio<\/a><\/span>)<\/em>.<\/li>\n<\/ol>\n<p>Se adjunta cronograma para el presente proceso.<\/p>\n<p>Entrega los documentos en un sobre cerrado en la ventanilla del SERCOP m\u00e1s cercana.<span style=\"color: #0000ff;\"> <a style=\"color: #0000ff;\" href=\"http:\/\/portal.compraspublicas.gob.ec\/sercop\/contacto\/\"><em>Conoce d\u00f3nde estamos ubicados<\/em><\/a><\/span><\/p>\n","protected":false},"excerpt":{"rendered":"<p class=\"excerpt\">Con el objetivo de adquirir el \u201cPRODUCTOS DE CONFECCI\u00d3N TEXTIL\u201d a los actores de la econom\u00eda popular y solidaria y artesanos, se desarroll\u00f3 el Cat\u00e1logo Inclusivo que agrupa este tipo de servicio, con este antecedente se presenta la incorporaci\u00f3n de nuevos productos al presente cat\u00e1logo. Si\u00a0 te interesa participar en el Cat\u00e1logo Inclusivo \u201cPRODUCTOS DE CONFECCI\u00d3N TEXTIL \u2013 KITS DE&hellip; <a href=\"https:\/\/portal.compraspublicas.gob.ec\/sercop\/uniformes-escolares\/\">Read more &rarr;<\/a><\/p>\n","protected":false},"author":1,"featured_media":0,"parent":0,"menu_order":0,"comment_status":"closed","ping_status":"closed","template":"catalogo.php","meta":[],"_links":{"self":[{"href":"https:\/\/portal.compraspublicas.gob.ec\/sercop\/wp-json\/wp\/v2\/pages\/13762"}],"collection":[{"href":"https:\/\/portal.compraspublicas.gob.ec\/sercop\/wp-json\/wp\/v2\/pages"}],"about":[{"href":"https:\/\/portal.compraspublicas.gob.ec\/sercop\/wp-json\/wp\/v2\/types\/page"}],"author":[{"embeddable":true,"href":"https:\/\/portal.compraspublicas.gob.ec\/sercop\/wp-json\/wp\/v2\/users\/1"}],"replies":[{"embeddable":true,"href":"https:\/\/portal.compraspublicas.gob.ec\/sercop\/wp-json\/wp\/v2\/comments?post=13762"}],"version-history":[{"count":0,"href":"https:\/\/portal.compraspublicas.gob.ec\/sercop\/wp-json\/wp\/v2\/pages\/13762\/revisions"}],"wp:attachment":[{"href":"https:\/\/portal.compraspublicas.gob.ec\/sercop\/wp-json\/wp\/v2\/media?parent=13762"}],"curies":[{"name":"wp","href":"https:\/\/api.w.org\/{rel}","templated":true}]}}