{"id":13874,"date":"2016-05-26T16:03:47","date_gmt":"2016-05-26T21:03:47","guid":{"rendered":"http:\/\/portal.compraspublicas.gob.ec\/sercop\/?page_id=13874"},"modified":"2016-05-26T16:07:10","modified_gmt":"2016-05-26T21:07:10","slug":"cronograma-evaluaciones-tecnicas-y-psicometricas-6","status":"publish","type":"page","link":"https:\/\/portal.compraspublicas.gob.ec\/sercop\/cronograma-evaluaciones-tecnicas-y-psicometricas-6\/","title":{"rendered":"Cronograma Evaluaci\u00f3nes T\u00e9cnicas y Psicom\u00e9tricas"},"content":{"rendered":"<div id=\"master\">\n<div id=\"content\" class=\"container\">\n<div id=\"content-main\">\n<h3 style=\"text-align: center;\"><a>6ta. Convocatoria<\/a><\/h3>\n<h3 style=\"text-align: center;\">Cronograma Evaluaci\u00f3nes T\u00e9cnicas y Psicom\u00e9tricas<\/h3>\n<p>&nbsp;<\/p>\n<table style=\"height: 221px;\" width=\"519\">\n<tbody>\n<tr>\n<td width=\"243\"><span style=\"color: #0000ff;\"><a style=\"color: #0000ff;\" href=\"http:\/\/portal.compraspublicas.gob.ec\/sercop\/wp-content\/uploads\/2016\/05\/Copia-de-LISTADO_PRUEBAS_C-E-2.pdf\">ASISTENTE DE CAT\u00c1LOGO ELECTR\u00d3NICO<\/a><\/span><\/td>\n<\/tr>\n<tr>\n<td width=\"243\"><span style=\"color: #0000ff;\"><a style=\"color: #0000ff;\" href=\"http:\/\/portal.compraspublicas.gob.ec\/sercop\/wp-content\/uploads\/2016\/05\/Copia-de-LISTADO-A-PRUEBAS-CERTIF.pdf\">ESPECIALISTA DE CERTIFICACI\u00d3N<\/a><\/span><\/td>\n<\/tr>\n<tr>\n<td width=\"243\"><span style=\"color: #0000ff;\"><a style=\"color: #0000ff;\" href=\"http:\/\/portal.compraspublicas.gob.ec\/sercop\/wp-content\/uploads\/2016\/05\/aspirante.pdf\">ANALISTA DE ADMINISTRACI\u00d3N DE RECURSOS HUMANOS 1<\/a><\/span><\/td>\n<\/tr>\n<tr>\n<td width=\"243\"><span style=\"color: #0000ff;\"><a style=\"color: #0000ff;\" href=\"http:\/\/portal.compraspublicas.gob.ec\/sercop\/wp-content\/uploads\/2016\/05\/Copia-de-LISTADO-A-PRUEBAS-E-L-2.pdf\">ANALISTA E-LEARNING<\/a><\/span><\/td>\n<\/tr>\n<\/tbody>\n<\/table>\n<\/div>\n<div class=\"clear\"><\/div>\n<\/div>\n<\/div>\n<div id=\"footer\" class=\"container\"><\/div>\n","protected":false},"excerpt":{"rendered":"<p class=\"excerpt\">6ta. Convocatoria Cronograma Evaluaci\u00f3nes T\u00e9cnicas y Psicom\u00e9tricas &nbsp; ASISTENTE DE CAT\u00c1LOGO ELECTR\u00d3NICO ESPECIALISTA DE CERTIFICACI\u00d3N ANALISTA DE ADMINISTRACI\u00d3N DE RECURSOS HUMANOS 1 ANALISTA E-LEARNING <a href=\"https:\/\/portal.compraspublicas.gob.ec\/sercop\/cronograma-evaluaciones-tecnicas-y-psicometricas-6\/\">Read more &rarr;<\/a><\/p>\n","protected":false},"author":1,"featured_media":0,"parent":0,"menu_order":0,"comment_status":"closed","ping_status":"closed","template":"meritos.php","meta":[],"_links":{"self":[{"href":"https:\/\/portal.compraspublicas.gob.ec\/sercop\/wp-json\/wp\/v2\/pages\/13874"}],"collection":[{"href":"https:\/\/portal.compraspublicas.gob.ec\/sercop\/wp-json\/wp\/v2\/pages"}],"about":[{"href":"https:\/\/portal.compraspublicas.gob.ec\/sercop\/wp-json\/wp\/v2\/types\/page"}],"author":[{"embeddable":true,"href":"https:\/\/portal.compraspublicas.gob.ec\/sercop\/wp-json\/wp\/v2\/users\/1"}],"replies":[{"embeddable":true,"href":"https:\/\/portal.compraspublicas.gob.ec\/sercop\/wp-json\/wp\/v2\/comments?post=13874"}],"version-history":[{"count":0,"href":"https:\/\/portal.compraspublicas.gob.ec\/sercop\/wp-json\/wp\/v2\/pages\/13874\/revisions"}],"wp:attachment":[{"href":"https:\/\/portal.compraspublicas.gob.ec\/sercop\/wp-json\/wp\/v2\/media?parent=13874"}],"curies":[{"name":"wp","href":"https:\/\/api.w.org\/{rel}","templated":true}]}}