{"id":14187,"date":"2016-06-15T10:47:59","date_gmt":"2016-06-15T15:47:59","guid":{"rendered":"http:\/\/portal.compraspublicas.gob.ec\/sercop\/?page_id=14187"},"modified":"2016-06-15T13:07:48","modified_gmt":"2016-06-15T18:07:48","slug":"cronograma-de-entrevistas-5","status":"publish","type":"page","link":"https:\/\/portal.compraspublicas.gob.ec\/sercop\/cronograma-de-entrevistas-5\/","title":{"rendered":"Cronograma de Entrevistas"},"content":{"rendered":"<h3 style=\"text-align: center;\"><a>6ta. Convocatoria<\/a><\/h3>\n<h3 style=\"text-align: center;\">\u00a0Cronograma de Entrevistas<\/h3>\n<p>&nbsp;<\/p>\n<table width=\"608\">\n<tbody>\n<tr>\n<td style=\"text-align: center;\" width=\"359\"><strong>CARGO<\/strong><\/td>\n<\/tr>\n<tr>\n<td style=\"text-align: center;\" width=\"359\"><span style=\"color: #0000ff;\"><a style=\"color: #0000ff;\" href=\"http:\/\/portal.compraspublicas.gob.ec\/sercop\/wp-content\/uploads\/2016\/06\/CRONOGRAMA_ENTREVISTA_ANALISTA_DE_RRHH1.pdf\">Analista de administraci\u00f3n de Recursos Humanos 1<\/a><\/span><\/td>\n<\/tr>\n<tr>\n<td style=\"text-align: center;\" width=\"359\"><span style=\"color: #0000ff;\"><a style=\"color: #0000ff;\" href=\"http:\/\/portal.compraspublicas.gob.ec\/sercop\/wp-content\/uploads\/2016\/06\/CRONOGRAMA_ENTREVISTAS_ESPECIALISTA_CERTIFICACION.pdf\">Especialista de Certificaci\u00f3n<\/a><\/span><\/td>\n<\/tr>\n<tr>\n<td style=\"text-align: center;\" width=\"359\"><span style=\"color: #0000ff;\"><a style=\"color: #0000ff;\" href=\"http:\/\/portal.compraspublicas.gob.ec\/sercop\/wp-content\/uploads\/2016\/06\/CRONOGRAMA_ENTREVISTAS_ANALISTA_E-LEARNING_2.pdf\">Analista de E-Learning<\/a><\/span><\/td>\n<\/tr>\n<tr>\n<td style=\"text-align: center;\" width=\"359\"><span style=\"color: #0000ff;\"><a style=\"color: #0000ff;\" href=\"http:\/\/portal.compraspublicas.gob.ec\/sercop\/wp-content\/uploads\/2016\/06\/CRONOGRAMA_ENTREVISTAS_ASISTENTE-CATALOGO_ELECTRONICO.pdf\">Asistente de Cat\u00e1logo Electr\u00f3nico<\/a><\/span><\/td>\n<\/tr>\n<\/tbody>\n<\/table>\n","protected":false},"excerpt":{"rendered":"<p class=\"excerpt\">6ta. Convocatoria \u00a0Cronograma de Entrevistas &nbsp; CARGO Analista de administraci\u00f3n de Recursos Humanos 1 Especialista de Certificaci\u00f3n Analista de E-Learning Asistente de Cat\u00e1logo Electr\u00f3nico <a href=\"https:\/\/portal.compraspublicas.gob.ec\/sercop\/cronograma-de-entrevistas-5\/\">Read more &rarr;<\/a><\/p>\n","protected":false},"author":1,"featured_media":0,"parent":0,"menu_order":0,"comment_status":"closed","ping_status":"closed","template":"meritos.php","meta":[],"_links":{"self":[{"href":"https:\/\/portal.compraspublicas.gob.ec\/sercop\/wp-json\/wp\/v2\/pages\/14187"}],"collection":[{"href":"https:\/\/portal.compraspublicas.gob.ec\/sercop\/wp-json\/wp\/v2\/pages"}],"about":[{"href":"https:\/\/portal.compraspublicas.gob.ec\/sercop\/wp-json\/wp\/v2\/types\/page"}],"author":[{"embeddable":true,"href":"https:\/\/portal.compraspublicas.gob.ec\/sercop\/wp-json\/wp\/v2\/users\/1"}],"replies":[{"embeddable":true,"href":"https:\/\/portal.compraspublicas.gob.ec\/sercop\/wp-json\/wp\/v2\/comments?post=14187"}],"version-history":[{"count":0,"href":"https:\/\/portal.compraspublicas.gob.ec\/sercop\/wp-json\/wp\/v2\/pages\/14187\/revisions"}],"wp:attachment":[{"href":"https:\/\/portal.compraspublicas.gob.ec\/sercop\/wp-json\/wp\/v2\/media?parent=14187"}],"curies":[{"name":"wp","href":"https:\/\/api.w.org\/{rel}","templated":true}]}}